{"id":1110,"date":"2021-02-02T02:51:19","date_gmt":"2021-02-02T01:51:19","guid":{"rendered":"https:\/\/agora.xtec.cat\/iesnumancia\/?page_id=1110"},"modified":"2021-02-12T18:09:54","modified_gmt":"2021-02-12T17:09:54","slug":"projecte-taps-solidaris","status":"publish","type":"page","link":"https:\/\/agora.xtec.cat\/iesnumancia\/projectes\/projecte-taps-solidaris\/","title":{"rendered":"Taps solidaris."},"content":{"rendered":"<p style=\"text-align: justify;\">Ja fa anys que un alumne de primer d&#8217;ESO D\u00eddac E. ens va proposar poder participar en una iniciativa solid\u00e0ria a Santa Coloma: recollir taps que serveixin per a recaptar fons per la investigaci\u00f3 de malalties. Des d&#8217;aquell moment en el nostre Institut, l&#8217;alumnat de 1r d&#8217; ESO ha treballat a classe la recollida de taps solidaris durant un dels trimestres del curs, com tamb\u00e9 hem aprofitat alguns anys les festes a l&#8217;Institut per a fer difusi\u00f3 i conscienciar a la resta d&#8217;alumnat. En podeu veure una mostra d&#8217;aquestes iniciatives en el v\u00eddeo adjunt i tamb\u00e9 la presentaci\u00f3 del projecte que fem al nostre alumnat que treballa els valors solidaris i la consci\u00e8ncia ecol\u00f2gica.<\/p>\n<p><a href=\"https:\/\/agora.xtec.cat\/iesnumancia\/wp-content\/uploads\/usu2267\/2021\/02\/asdent.png\"><img loading=\"lazy\" decoding=\"async\" class=\"aligncenter wp-image-1493\" src=\"https:\/\/agora.xtec.cat\/iesnumancia\/wp-content\/uploads\/usu2267\/2021\/02\/asdent.png\" alt=\"\" width=\"685\" height=\"446\" srcset=\"https:\/\/agora.xtec.cat\/iesnumancia\/wp-content\/uploads\/usu2267\/2021\/02\/asdent.png 1200w, https:\/\/agora.xtec.cat\/iesnumancia\/wp-content\/uploads\/usu2267\/2021\/02\/asdent-300x195.png 300w, https:\/\/agora.xtec.cat\/iesnumancia\/wp-content\/uploads\/usu2267\/2021\/02\/asdent-768x500.png 768w, https:\/\/agora.xtec.cat\/iesnumancia\/wp-content\/uploads\/usu2267\/2021\/02\/asdent-1024x666.png 1024w\" sizes=\"auto, (max-width: 685px) 100vw, 685px\" \/><\/a><\/p>\n","protected":false},"excerpt":{"rendered":"<p>Ja fa anys que un alumne de primer d&#8217;ESO D\u00eddac E. ens va proposar poder participar en una iniciativa solid\u00e0ria a Santa Coloma: recollir taps que serveixin per a recaptar fons per la investigaci\u00f3 de malalties. Des d&#8217;aquell moment en el nostre Institut, l&#8217;alumnat de&hellip;  <a href=\"https:\/\/agora.xtec.cat\/iesnumancia\/projectes\/projecte-taps-solidaris\/\" title=\"Read Taps solidaris.\">Llegeix m\u00e9s\u00bb<\/a><\/p>\n","protected":false},"author":1,"featured_media":0,"parent":929,"menu_order":6,"comment_status":"closed","ping_status":"closed","template":"page-templates\/side-menu.php","meta":{"_bbp_topic_count":0,"_bbp_reply_count":0,"_bbp_total_topic_count":0,"_bbp_total_reply_count":0,"_bbp_voice_count":0,"_bbp_anonymous_reply_count":0,"_bbp_topic_count_hidden":0,"_bbp_reply_count_hidden":0,"_bbp_forum_subforum_count":0,"footnotes":""},"class_list":["post-1110","page","type-page","status-publish","hentry"],"post_mailing_queue_ids":[],"_links":{"self":[{"href":"https:\/\/agora.xtec.cat\/iesnumancia\/wp-json\/wp\/v2\/pages\/1110","targetHints":{"allow":["GET"]}}],"collection":[{"href":"https:\/\/agora.xtec.cat\/iesnumancia\/wp-json\/wp\/v2\/pages"}],"about":[{"href":"https:\/\/agora.xtec.cat\/iesnumancia\/wp-json\/wp\/v2\/types\/page"}],"author":[{"embeddable":true,"href":"https:\/\/agora.xtec.cat\/iesnumancia\/wp-json\/wp\/v2\/users\/1"}],"replies":[{"embeddable":true,"href":"https:\/\/agora.xtec.cat\/iesnumancia\/wp-json\/wp\/v2\/comments?post=1110"}],"version-history":[{"count":3,"href":"https:\/\/agora.xtec.cat\/iesnumancia\/wp-json\/wp\/v2\/pages\/1110\/revisions"}],"predecessor-version":[{"id":1495,"href":"https:\/\/agora.xtec.cat\/iesnumancia\/wp-json\/wp\/v2\/pages\/1110\/revisions\/1495"}],"up":[{"embeddable":true,"href":"https:\/\/agora.xtec.cat\/iesnumancia\/wp-json\/wp\/v2\/pages\/929"}],"wp:attachment":[{"href":"https:\/\/agora.xtec.cat\/iesnumancia\/wp-json\/wp\/v2\/media?parent=1110"}],"curies":[{"name":"wp","href":"https:\/\/api.w.org\/{rel}","templated":true}]}}