{"id":380,"date":"2016-02-11T19:57:21","date_gmt":"2016-02-11T18:57:21","guid":{"rendered":"http:\/\/agora.xtec.cat\/iesnautica\/?page_id=380"},"modified":"2024-09-10T09:55:21","modified_gmt":"2024-09-10T07:55:21","slug":"cfgs-maquines","status":"publish","type":"page","link":"https:\/\/agora.xtec.cat\/iesnautica\/cfgs-maquines\/","title":{"rendered":"CFGS M\u00e0quines"},"content":{"rendered":"<h3><a href=\"https:\/\/portaldogc.gencat.cat\/utilsEADOP\/PDF\/7350\/1604284.pdf\">CFPS Organitzaci\u00f3 del manteniment de la maquin\u00e0ria de vaixells i embarcacions (LOE)<\/a><\/h3>\n\r\n\t<div class=\"slideshow_container slideshow_container_style-light\" style=\"height: 350px; \" data-slideshow-id=\"532\" data-style-name=\"style-light\" data-style-version=\"2.3.1\" >\r\n\r\n\t\t\t\t\t<div class=\"slideshow_loading_icon\"><\/div>\r\n\t\t\r\n\t\t<div class=\"slideshow_content\" style=\"display: none;\">\r\n\r\n\t\t\t<div class=\"slideshow_view\">\r\n\t\t\t\t<div class=\"slideshow_slide slideshow_slide_image\">\r\n\t\t\t\t\t\t\t\t\t\t\t<img src=\"https:\/\/agora.xtec.cat\/iesnautica\/wp-content\/uploads\/usu775\/2016\/02\/IMG_0401.jpg\" alt=\"IMG_0401\" width=\"2048\" height=\"1536\" \/>\r\n\t\t\t\t\t\t\t\t\t\t<div class=\"slideshow_description_box slideshow_transparent\">\r\n\t\t\t\t\t\t\t\t\t\t\t\t\t\t\t\t\t<\/div>\r\n\t\t\t\t<\/div>\r\n\r\n\t\t\t\t\t\t<div style=\"clear: both;\"><\/div><\/div><div class=\"slideshow_view\">\r\n\t\t\t\t<div class=\"slideshow_slide slideshow_slide_image\">\r\n\t\t\t\t\t\t\t\t\t\t\t<img src=\"https:\/\/agora.xtec.cat\/iesnautica\/wp-content\/uploads\/usu775\/2016\/02\/IMG_0396.jpg\" alt=\"IMG_0396\" width=\"2048\" height=\"1536\" \/>\r\n\t\t\t\t\t\t\t\t\t\t<div class=\"slideshow_description_box slideshow_transparent\">\r\n\t\t\t\t\t\t\t\t\t\t\t\t\t\t\t\t\t<\/div>\r\n\t\t\t\t<\/div>\r\n\r\n\t\t\t\t\t\t<div style=\"clear: both;\"><\/div><\/div><div class=\"slideshow_view\">\r\n\t\t\t\t<div class=\"slideshow_slide slideshow_slide_image\">\r\n\t\t\t\t\t\t\t\t\t\t\t<img src=\"https:\/\/agora.xtec.cat\/iesnautica\/wp-content\/uploads\/usu775\/2016\/02\/IMG_04011.jpg\" alt=\"IMG_0401\" width=\"2048\" height=\"1536\" \/>\r\n\t\t\t\t\t\t\t\t\t\t<div class=\"slideshow_description_box slideshow_transparent\">\r\n\t\t\t\t\t\t\t\t\t\t\t\t\t\t\t\t\t<\/div>\r\n\t\t\t\t<\/div>\r\n\r\n\t\t\t\t\t\t<div style=\"clear: both;\"><\/div><\/div><div class=\"slideshow_view\">\r\n\t\t\t\t<div class=\"slideshow_slide slideshow_slide_image\">\r\n\t\t\t\t\t\t\t\t\t\t\t<img src=\"https:\/\/agora.xtec.cat\/iesnautica\/wp-content\/uploads\/usu775\/2016\/02\/IMG_0403.jpg\" alt=\"IMG_0403\" width=\"1536\" height=\"2048\" \/>\r\n\t\t\t\t\t\t\t\t\t\t<div class=\"slideshow_description_box slideshow_transparent\">\r\n\t\t\t\t\t\t\t\t\t\t\t\t\t\t\t\t\t<\/div>\r\n\t\t\t\t<\/div>\r\n\r\n\t\t\t\t\t\t<div style=\"clear: both;\"><\/div><\/div><div class=\"slideshow_view\">\r\n\t\t\t\t<div class=\"slideshow_slide slideshow_slide_image\">\r\n\t\t\t\t\t\t\t\t\t\t\t<img src=\"https:\/\/agora.xtec.cat\/iesnautica\/wp-content\/uploads\/usu775\/2016\/02\/IMG_0405.jpg\" alt=\"IMG_0405\" width=\"2048\" height=\"1536\" \/>\r\n\t\t\t\t\t\t\t\t\t\t<div class=\"slideshow_description_box slideshow_transparent\">\r\n\t\t\t\t\t\t\t\t\t\t\t\t\t\t\t\t\t<\/div>\r\n\t\t\t\t<\/div>\r\n\r\n\t\t\t\t\t\t<div style=\"clear: both;\"><\/div><\/div><div class=\"slideshow_view\">\r\n\t\t\t\t<div class=\"slideshow_slide slideshow_slide_image\">\r\n\t\t\t\t\t\t\t\t\t\t\t<img src=\"https:\/\/agora.xtec.cat\/iesnautica\/wp-content\/uploads\/usu775\/2016\/02\/IMG_04061.jpg\" alt=\"IMG_0406\" width=\"384\" height=\"512\" \/>\r\n\t\t\t\t\t\t\t\t\t\t<div class=\"slideshow_description_box slideshow_transparent\">\r\n\t\t\t\t\t\t\t\t\t\t\t\t\t\t\t\t\t<\/div>\r\n\t\t\t\t<\/div>\r\n\r\n\t\t\t\t\t\t<div style=\"clear: both;\"><\/div><\/div><div class=\"slideshow_view\">\r\n\t\t\t\t<div class=\"slideshow_slide slideshow_slide_image\">\r\n\t\t\t\t\t\t\t\t\t\t\t<img src=\"https:\/\/agora.xtec.cat\/iesnautica\/wp-content\/uploads\/usu775\/2016\/02\/2013-11-05-15.49.43.jpg\" alt=\"2013-11-05 15.49.43\" width=\"1536\" height=\"2048\" \/>\r\n\t\t\t\t\t\t\t\t\t\t<div class=\"slideshow_description_box slideshow_transparent\">\r\n\t\t\t\t\t\t\t\t\t\t\t\t\t\t\t\t\t<\/div>\r\n\t\t\t\t<\/div>\r\n\r\n\t\t\t\t\t\t<div style=\"clear: both;\"><\/div><\/div><div class=\"slideshow_view\">\r\n\t\t\t\t<div class=\"slideshow_slide slideshow_slide_image\">\r\n\t\t\t\t\t\t\t\t\t\t\t<img src=\"https:\/\/agora.xtec.cat\/iesnautica\/wp-content\/uploads\/usu775\/2016\/02\/2013-11-05-15.59.19.jpg\" alt=\"2013-11-05 15.59.19\" width=\"1536\" height=\"2048\" \/>\r\n\t\t\t\t\t\t\t\t\t\t<div class=\"slideshow_description_box slideshow_transparent\">\r\n\t\t\t\t\t\t\t\t\t\t\t\t\t\t\t\t\t<\/div>\r\n\t\t\t\t<\/div>\r\n\r\n\t\t\t\t\t\t<div style=\"clear: both;\"><\/div><\/div>\r\n\t\t<\/div>\r\n\r\n\t\t<div class=\"slideshow_controlPanel slideshow_transparent\" style=\"display: none;\"><ul><li class=\"slideshow_togglePlay\" data-play-text=\"Visualitza\" data-pause-text=\"Pausa\"><\/li><\/ul><\/div>\r\n\r\n\t\t<div class=\"slideshow_button slideshow_previous slideshow_transparent\" role=\"button\" data-previous-text=\"Anterior\" style=\"display: none;\"><\/div>\r\n\t\t<div class=\"slideshow_button slideshow_next slideshow_transparent\" role=\"button\" data-next-text=\"Seg\u00fcent\" style=\"display: none;\"><\/div>\r\n\r\n\t\t<div class=\"slideshow_pagination\" style=\"display: none;\" data-go-to-text=\"V\u00e9s a la diapositiva\"><div class=\"slideshow_pagination_center\"><\/div><\/div>\r\n\r\n\t\t<!-- WordPress Slideshow Version 2.3.1 -->\r\n\r\n\t\t\t<\/div>\r\n\r\n\n<p>&nbsp;<\/p>\n<p>\ud83d\udcc4 <strong>PDF<\/strong>: <a href=\"https:\/\/www.gencat.cat\/ensenyament\/eac\/pdf\/CFPS____MPC0_CA.pdf\">CFPS_MPC0_Organitzar del manteniment de la maquin\u00e0ria de vaixells i embarcacions.pdf<\/a><\/p>\n<ul>\n<li><strong>\u23f3 Durada de l&#8217;estudi<\/strong>\n<ul>\n<li>2000 hores o 2 cursos acad\u00e8mics complets (temps m\u00ednim).<\/li>\n<\/ul>\n<\/li>\n<\/ul>\n<ul>\n<li><strong>\ud83d\udeaa Requisits d&#8217;acc\u00e9s<\/strong>\n<ul>\n<li>\u2705 Cal complir algun dels seg\u00fcents requisits:\n<ul>\n<li>\ud83c\udf93 Batxiller.<\/li>\n<li>\ud83c\udfeb T\u00e8cnic Superior de Formaci\u00f3 Professional o grau universitari.<\/li>\n<li>\ud83c\udfa8 T\u00e8cnic de Grau Mitj\u00e0 de Formaci\u00f3 Professional o el t\u00edtol de T\u00e8cnic o T\u00e8cnica d&#8217;Arts Pl\u00e0stiques i Disseny.<\/li>\n<li>\ud83d\udcdd Haver superat una oferta formativa de Grau C, un curs de formaci\u00f3 espec\u00edfic preparatori o una prova d&#8217;acc\u00e9s.<\/li>\n<\/ul>\n<\/li>\n<\/ul>\n<\/li>\n<\/ul>\n<p>&nbsp;<\/p>\n<ul>\n<li><strong>\ud83d\udcd6 Qu\u00e8 aprendr\u00e9 i far\u00e9?<\/strong>\n<ul>\n<li>\ud83d\udee0\ufe0f Organitzar i dirigir la preparaci\u00f3 de les instal\u00b7lacions de m\u00e0quines del vaixell, elaborar el pla de manteniment, supervisar i realitzar operacions de manteniment de la planta propulsora i maquin\u00e0ria auxiliar, i m\u00e9s.<\/li>\n<\/ul>\n<\/li>\n<\/ul>\n<p>&nbsp;<\/p>\n<ul>\n<li><strong>\ud83d\udcda Pla de formaci\u00f3<\/strong>\n<ul>\n<li>\ud83d\uddc2\ufe0f M\u00f2duls professionals incloent:\n<ul>\n<li>\ud83d\udd27 Organitzaci\u00f3 del manteniment de planta propulsora i maquin\u00e0ria auxiliar de vaixell.<\/li>\n<li>\ud83d\udee0\ufe0f Programaci\u00f3 i manteniment d&#8217;automatismes hidr\u00e0ulics i pneum\u00e0tics en vaixell i embarcacions.<\/li>\n<li>\ud83d\udca1 Organitzaci\u00f3 del manteniment i muntatge d&#8217;instal\u00b7lacions i sistemes el\u00e8ctrics de vaixell.<\/li>\n<li>\u2744\ufe0f Organitzaci\u00f3 del manteniment i muntatge d&#8217;instal\u00b7lacions frigor\u00edfiques i sistemes de climatitzaci\u00f3.<\/li>\n<li>\ud83d\ude92 Control de les emerg\u00e8ncies.<\/li>\n<li>\ud83c\udfe5 Organitzaci\u00f3 de l&#8217;assist\u00e8ncia sanit\u00e0ria a bord.<\/li>\n<li>\ud83c\uddec\ud83c\udde7 Angl\u00e8s.<\/li>\n<li>\ud83c\udfd7\ufe0f Projecte d&#8217;organitzaci\u00f3 del manteniment de maquin\u00e0ria de vaixells i embarcacions.<\/li>\n<li>\ud83d\udc68\u200d\ud83c\udfeb Formaci\u00f3 i orientaci\u00f3 laboral.<\/li>\n<li>\ud83d\ude80 Empresa i iniciativa emprenedora.<\/li>\n<li>\ud83c\udfe2 Formaci\u00f3 en centres de treball.<\/li>\n<\/ul>\n<\/li>\n<li><strong>\ud83d\udcda <a href=\"https:\/\/docs.google.com\/document\/d\/1-rgTdtAhzPb_zslIUPn-qYiqG_aBFxdZIXjFypISoSw\/edit\">Llibres de text departament de m\u00e0quines.\u00a0<\/a><\/strong><\/li>\n<\/ul>\n<\/li>\n<\/ul>\n<p>&nbsp;<\/p>\n<ul>\n<li><strong>\ud83c\udf93 Al finalitzar els meus estudis, qu\u00e8 puc fer?<\/strong>\n<ul>\n<li><strong>\ud83d\udee0\ufe0f Treballar com a<\/strong>:\n<ul>\n<li>Cap de m\u00e0quines.<\/li>\n<li>Oficial de m\u00e0quines o primer oficial de m\u00e0quines.<\/li>\n<li>Cap d&#8217;equip o de taller.<\/li>\n<li>Perit tassador\/a d&#8217;embarcacions deportives i de recreo.<\/li>\n<li>Inspector\/a en empreses pesqueres.<\/li>\n<\/ul>\n<\/li>\n<li><strong>\ud83d\udcda Seguir estudiant:<\/strong>\n<ul>\n<li>Cursos d&#8217;Especialitzaci\u00f3 en Aeronau pilotades de forma remota-Drons.<\/li>\n<li>Cicle Formatiu de FP o Grau Universitari amb la possibilitat de convalidar m\u00f2duls professionals.<\/li>\n<\/ul>\n<\/li>\n<\/ul>\n<\/li>\n<\/ul>\n<p>&nbsp;<\/p>\n<ul>\n<li><strong>\ud83d\udcbc Quines s\u00f3n les sortides professionals?<\/strong>\n<ul>\n<li>\ud83d\udea2 Aquest professional exerceix la seva activitat com a oficial de m\u00e0quines, primer oficial i cap de m\u00e0quines en vaixell i embarcacions de vaixells civils i de pesca, aix\u00ed com en empreses p\u00fabliques o privades dedicades a la construcci\u00f3, reparaci\u00f3 i manteniment naval.<\/li>\n<\/ul>\n<\/li>\n<\/ul>\n<p>&nbsp;<\/p>\n<ul>\n<li><strong>\u2139\ufe0f M\u00e9s informaci\u00f3<\/strong>\n<ul>\n<li>\ud83d\udcdc Equival\u00e8ncia de t\u00edtols:\n<ul>\n<li>T\u00e8cnic Superior en Supervisi\u00f3 i Control de M\u00e0quines i Instal\u00b7lacions del Vaixell.<\/li>\n<li>T\u00e8cnic Especialista en Mec\u00e0nica Naval, rama Mar\u00edtim Pesquera.<\/li>\n<\/ul>\n<\/li>\n<li>\ud83d\udcda Modalitats de batxillerat per acc\u00e9s preferent: Ci\u00e8ncies i Tecnologia.<\/li>\n<\/ul>\n<\/li>\n<\/ul>\n","protected":false},"excerpt":{"rendered":"<p><a href=\"https:\/\/portaldogc.gencat.cat\/utilsEADOP\/PDF\/7350\/1604284.pdf\">CFPS Organitzaci\u00f3 del manteniment de la maquin\u00e0ria de vaixells i embarcacions (LOE)<\/a><\/p>\n<ul>\n<li class=\"slideshow_togglePlay\" data-play-text=\"Visualitza\" data-pause-text=\"Pausa\"><\/li>\n<\/ul>\n<p>&nbsp;<br \/>\n\ud83d\udcc4 PDF: <a href=\"https:\/\/www.gencat.cat\/ensenyament\/eac\/pdf\/CFPS____MPC0_CA.pdf\">CFPS_MPC0_Organitzar del manteniment de la maquin\u00e0ria de vaixells i embarcacions.pdf<\/a><\/p>\n<ul>\n<li>\u23f3 Durada de l&#8217;estudi\n<ul>\n<li>2000 hores o 2 cursos acad\u00e8mics complets (temps m\u00ednim).<\/li>\n<\/ul>\n<\/li>\n<\/ul>\n<ul>\n<li>\ud83d\udeaa Requisits d&#8217;acc\u00e9s\n<ul>\n<li>\u2705 Cal complir algun dels&hellip;  <a href=\"https:\/\/agora.xtec.cat\/iesnautica\/cfgs-maquines\/\" title=\"Read CFGS M\u00e0quines\">Llegeix m\u00e9s\u00bb<\/a><br \/>\n","protected":false},"author":1,"featured_media":0,"parent":0,"menu_order":0,"comment_status":"closed","ping_status":"closed","template":"page-templates\/side-menu.php","meta":{"_bbp_topic_count":0,"_bbp_reply_count":0,"_bbp_total_topic_count":0,"_bbp_total_reply_count":0,"_bbp_voice_count":0,"_bbp_anonymous_reply_count":0,"_bbp_topic_count_hidden":0,"_bbp_reply_count_hidden":0,"_bbp_forum_subforum_count":0,"footnotes":""},"class_list":["post-380","page","type-page","status-publish","hentry"],"post_mailing_queue_ids":[],"_links":{"self":[{"href":"https:\/\/agora.xtec.cat\/iesnautica\/wp-json\/wp\/v2\/pages\/380","targetHints":{"allow":["GET"]}}],"collection":[{"href":"https:\/\/agora.xtec.cat\/iesnautica\/wp-json\/wp\/v2\/pages"}],"about":[{"href":"https:\/\/agora.xtec.cat\/iesnautica\/wp-json\/wp\/v2\/types\/page"}],"author":[{"embeddable":true,"href":"https:\/\/agora.xtec.cat\/iesnautica\/wp-json\/wp\/v2\/users\/1"}],"replies":[{"embeddable":true,"href":"https:\/\/agora.xtec.cat\/iesnautica\/wp-json\/wp\/v2\/comments?post=380"}],"version-history":[{"count":7,"href":"https:\/\/agora.xtec.cat\/iesnautica\/wp-json\/wp\/v2\/pages\/380\/revisions"}],"predecessor-version":[{"id":3201,"href":"https:\/\/agora.xtec.cat\/iesnautica\/wp-json\/wp\/v2\/pages\/380\/revisions\/3201"}],"wp:attachment":[{"href":"https:\/\/agora.xtec.cat\/iesnautica\/wp-json\/wp\/v2\/media?parent=380"}],"curies":[{"name":"wp","href":"https:\/\/api.w.org\/{rel}","templated":true}]}}