{"id":378,"date":"2016-02-11T19:56:44","date_gmt":"2016-02-11T18:56:44","guid":{"rendered":"http:\/\/agora.xtec.cat\/iesnautica\/?page_id=378"},"modified":"2024-04-09T11:45:45","modified_gmt":"2024-04-09T09:45:45","slug":"cfgs-de-pont","status":"publish","type":"page","link":"https:\/\/agora.xtec.cat\/iesnautica\/cfgs-de-pont\/","title":{"rendered":"CFGS de Pont"},"content":{"rendered":"<h3><a href=\"https:\/\/portaldogc.gencat.cat\/utilsEADOP\/PDF\/7219\/1536147.pdf\">CFPS MPA0 CFPS Transport mar\u00edtim i pesca d&#8217;altura (LOE)<\/a><\/h3>\n<p>\ud83d\udcc4 <strong>PDF<\/strong>:<a href=\"https:\/\/www.gencat.cat\/ensenyament\/eac\/pdf\/CFPS____MPA0_CA.pdf\"> CFPS_MPA0_Transpost mar\u00edtim i pesca d&#8217;altura<\/a><\/p>\n<ul>\n<li><span style=\"text-decoration: underline;\"><strong>\ud83d\udcbc Perfils Professiona<\/strong><strong style=\"font-family: inherit; font-size: 1em;\">ls<\/strong><\/span>\n<ul>\n<li>Es preparen estudiants per a ser l\u00edders en el sector mar\u00edtim i pesquer, incloent c\u00e0rrecs com ara capit\u00e0 de vaixell, gestor de flota, i especialista en seguretat mar\u00edtima.<\/li>\n<\/ul>\n<\/li>\n<\/ul>\n<ul>\n<li><span style=\"text-decoration: underline;\"><strong>\u23f3 Durada de l&#8217;estudi<\/strong><\/span>\n<ul>\n<li>2000 hores o 2 cursos acad\u00e8mics complets (temps m\u00ednim).<\/li>\n<\/ul>\n<\/li>\n<\/ul>\n<ul>\n<li><span style=\"text-decoration: underline;\"><strong>\ud83d\udeaa Requisits d&#8217;acc\u00e9s<\/strong><\/span>\n<ul>\n<li>\u2705 Cal complir algun dels seg\u00fcents requisits:<br \/>\n\ud83c\udf93 Batxiller, T\u00e8cnic Superior o Universitari, T\u00e8cnic de Grau Mitj\u00e0, etc.<br \/>\n\ud83d\udcdd Haver superat una oferta formativa de Grau C, curs de formaci\u00f3 espec\u00edfic, o una prova d&#8217;acc\u00e9s.<\/li>\n<\/ul>\n<\/li>\n<\/ul>\n<ul>\n<li><span style=\"text-decoration: underline;\"><strong>\ud83d\udcd6 Qu\u00e8 aprendr\u00e9 i far\u00e9?<\/strong><\/span>\n<ul>\n<li>\u00a0Des de la programaci\u00f3 de viatges fins a la supervisi\u00f3 de la seguretat del vaixell i les operacions de c\u00e0rrega.<\/li>\n<\/ul>\n<\/li>\n<li><span style=\"text-decoration: underline;\"><strong>\ud83d\udcda Pla de formaci\u00f3<\/strong><\/span>\n<ul>\n<li>\u2693 Maniobra i estiba<br \/>\n\ud83e\udded Navegaci\u00f3, govern i comunicacions del vaixell<br \/>\n\ud83d\ude92 Control de les emerg\u00e8ncies<br \/>\n\ud83c\uddec\ud83c\udde7 Angl\u00e8s<br \/>\n\ud83c\udfe5 Organitzaci\u00f3 de l&#8217;assist\u00e8ncia sanit\u00e0ria a bord<br \/>\n\ud83d\udcca Administraci\u00f3 i gesti\u00f3 del vaixell i de l&#8217;activitat pesquera<br \/>\n\ud83d\udef3\ufe0f Guardia de pont<br \/>\n\ud83d\udc1f Pesca d&#8217;altura i gran altura<br \/>\n\ud83d\udc68\u200d\ud83c\udfeb Formaci\u00f3 i orientaci\u00f3 laboral<br \/>\n\ud83d\ude80 Empresa i iniciativa emprenedora<br \/>\n\ud83d\uddfa\ufe0f Projecte d&#8217;implementaci\u00f3 d&#8217;una ruta de transport mar\u00edtim<br \/>\n\ud83c\udfe2 Formaci\u00f3 en centres de treball<\/li>\n<\/ul>\n<\/li>\n<\/ul>\n<p>&nbsp;<\/p>\n<ul>\n<li><span style=\"text-decoration: underline;\"><strong>\ud83c\udf93 En acabar els meus estudis, qu\u00e8 puc fer?<\/strong><\/span>\n<ul>\n<li><strong>Treballar com a:<\/strong>\n<ul>\n<li>\ud83d\udee5\ufe0f Patr\u00f3 d&#8217;altura<\/li>\n<li>\ud83d\udea2 Capit\u00e0 o Oficial de pont en vaixells de pesca o mercants<\/li>\n<li>\ud83d\udd75\ufe0f\u200d\u2642\ufe0f Inspector de flota<\/li>\n<li>\ud83d\udce6 Agent de Consignat\u00e0ries o d&#8217;assegurances mar\u00edtimes<\/li>\n<\/ul>\n<\/li>\n<\/ul>\n<\/li>\n<\/ul>\n<ul>\n<li style=\"list-style-type: none;\">\n<ul>\n<li style=\"list-style-type: none;\"><\/li>\n<li><strong style=\"font-family: inherit; font-size: 1em;\">Seguir estudiant:<\/strong>\n<ul>\n<li>\ud83c\udfeb<span style=\"font-family: inherit; font-size: 1em;\"> Curs d&#8217;Especialitzaci\u00f3 de FP<\/span><\/li>\n<li>\ud83c\udf93<span style=\"font-family: inherit; font-size: 1em;\"> Cicles Formatius o Grau Universitaris amb convalidacions possibles<\/span><\/li>\n<\/ul>\n<\/li>\n<\/ul>\n<\/li>\n<\/ul>\n<ul>\n<li><span style=\"text-decoration: underline;\"><strong>\ud83d\udcbc Quines s\u00f3n les sortides professionals?<\/strong><\/span>\n<ul>\n<li>\u00a0Activitat professional regulada, amb oportunitats en el transport mar\u00edtim, pesca, inspecci\u00f3 i seguretat, entre d&#8217;altres.<\/li>\n<\/ul>\n<\/li>\n<\/ul>\n<p>&nbsp;<\/p>\n","protected":false},"excerpt":{"rendered":"<p><a href=\"https:\/\/portaldogc.gencat.cat\/utilsEADOP\/PDF\/7219\/1536147.pdf\">CFPS MPA0 CFPS Transport mar\u00edtim i pesca d&#8217;altura (LOE)<\/a><br \/>\n\ud83d\udcc4 PDF:<a href=\"https:\/\/www.gencat.cat\/ensenyament\/eac\/pdf\/CFPS____MPA0_CA.pdf\"> CFPS_MPA0_Transpost mar\u00edtim i pesca d&#8217;altura<\/a><\/p>\n<ul>\n<li>\ud83d\udcbc Perfils Professionals\n<ul>\n<li>Es preparen estudiants per a ser l\u00edders en el sector mar\u00edtim i pesquer, incloent c\u00e0rrecs com ara capit\u00e0 de vaixell, gestor de flota, i especialista en seguretat&hellip;  <a href=\"https:\/\/agora.xtec.cat\/iesnautica\/cfgs-de-pont\/\" title=\"Read CFGS de Pont\">Llegeix m\u00e9s\u00bb<\/a><br \/>\n","protected":false},"author":1,"featured_media":0,"parent":0,"menu_order":0,"comment_status":"closed","ping_status":"closed","template":"page-templates\/side-menu.php","meta":{"_bbp_topic_count":0,"_bbp_reply_count":0,"_bbp_total_topic_count":0,"_bbp_total_reply_count":0,"_bbp_voice_count":0,"_bbp_anonymous_reply_count":0,"_bbp_topic_count_hidden":0,"_bbp_reply_count_hidden":0,"_bbp_forum_subforum_count":0,"footnotes":""},"class_list":["post-378","page","type-page","status-publish","hentry"],"post_mailing_queue_ids":[],"_links":{"self":[{"href":"https:\/\/agora.xtec.cat\/iesnautica\/wp-json\/wp\/v2\/pages\/378","targetHints":{"allow":["GET"]}}],"collection":[{"href":"https:\/\/agora.xtec.cat\/iesnautica\/wp-json\/wp\/v2\/pages"}],"about":[{"href":"https:\/\/agora.xtec.cat\/iesnautica\/wp-json\/wp\/v2\/types\/page"}],"author":[{"embeddable":true,"href":"https:\/\/agora.xtec.cat\/iesnautica\/wp-json\/wp\/v2\/users\/1"}],"replies":[{"embeddable":true,"href":"https:\/\/agora.xtec.cat\/iesnautica\/wp-json\/wp\/v2\/comments?post=378"}],"version-history":[{"count":7,"href":"https:\/\/agora.xtec.cat\/iesnautica\/wp-json\/wp\/v2\/pages\/378\/revisions"}],"predecessor-version":[{"id":2873,"href":"https:\/\/agora.xtec.cat\/iesnautica\/wp-json\/wp\/v2\/pages\/378\/revisions\/2873"}],"wp:attachment":[{"href":"https:\/\/agora.xtec.cat\/iesnautica\/wp-json\/wp\/v2\/media?parent=378"}],"curies":[{"name":"wp","href":"https:\/\/api.w.org\/{rel}","templated":true}]}}