{"id":343,"date":"2016-02-11T17:55:07","date_gmt":"2016-02-11T16:55:07","guid":{"rendered":"http:\/\/agora.xtec.cat\/iesnautica\/?page_id=343"},"modified":"2024-04-09T11:48:02","modified_gmt":"2024-04-09T09:48:02","slug":"cfgm-pont","status":"publish","type":"page","link":"https:\/\/agora.xtec.cat\/iesnautica\/cfgm-pont\/","title":{"rendered":"CFGM Pont"},"content":{"rendered":"<p><a href=\"https:\/\/portaldogc.gencat.cat\/utilsEADOP\/PDF\/7250\/1554642.pdf\"><strong>CFPM MP30\u00a0 CFPM Navegaci\u00f3 i pesca de litoral<\/strong> (LOE)<\/a><\/p>\n<p>\ud83d\udcc4 <strong>PDF:\u00a0<\/strong><a href=\"https:\/\/www.gencat.cat\/ensenyament\/eac\/pdf\/CFPM____MP30_CA.pdf\">CFPM_MP30_Navegaci\u00f3n i pesca de litoral<\/a><\/p>\n<ul>\n<li><span style=\"text-decoration: underline;\"><strong>\u23f3 Durada de l&#8217;estudi<\/strong><\/span>\n<ul>\n<li>2000 hores o 2 cursos acad\u00e8mics complets (temps m\u00ednim).<\/li>\n<\/ul>\n<\/li>\n<\/ul>\n<ul>\n<li><span style=\"text-decoration: underline;\"><strong>\ud83d\udeaa Requisits d&#8217;acc\u00e9s<\/strong><\/span>\n<ul>\n<li>\u00a0Cal complir algun dels seg\u00fcents requisits:\n<ul>\n<li>\ud83c\udfeb T\u00edtol de Graduat\/a en Educaci\u00f3 Secund\u00e0ria Obligat\u00f2ria o d&#8217;un nivell acad\u00e8mic superior.<\/li>\n<li>\ud83d\udcda T\u00edtol Professional B\u00e0sic (Formaci\u00f3 Professional de Grau B\u00e0sic).<\/li>\n<li>\ud83c\udf93 T\u00edtol de T\u00e8cnic\/a o de T\u00e8cnic\/a Auxiliar o equivalent a efectes acad\u00e8mics.<\/li>\n<li>\ud83d\udcd6 Haver superat el 2n curs del BUP o la<a href=\"https:\/\/www.todofp.es\/como-cuando-y-donde-estudiar\/acceso-fp-desde-fp\/ciclos-grado-medio.html\"> prova d&#8217;acc\u00e9s<\/a> a cicles formatius de grau mitj\u00e0 (amb almenys 17 anys) o la prova d&#8217;acc\u00e9s a la Universitat per a majors de 25 anys.<\/li>\n<\/ul>\n<\/li>\n<\/ul>\n<\/li>\n<\/ul>\n<ul>\n<li><span style=\"text-decoration: underline;\"><strong>\ud83d\udcd6 Qu\u00e8 aprendr\u00e9 i far\u00e9?<\/strong><\/span>\n<ul>\n<li>Planificar i preparar el viatge amb efic\u00e0cia i seguretat, maniobrar el vaixell en zones portu\u00e0ries, realitzar la gu\u00e0rdia segons els protocols, mantenir comunicacions en angl\u00e8s mar\u00edtim, i assegurar la distribuci\u00f3 de pesos per una navegaci\u00f3 segura.<\/li>\n<\/ul>\n<\/li>\n<\/ul>\n<ul>\n<li><span style=\"text-decoration: underline;\"><strong>\ud83d\udcda Pla de formaci\u00f3<\/strong><\/span>\n<ul>\n<li><strong>M\u00f2duls incloent:<\/strong>\n<ul>\n<li>\ud83e\udded T\u00e8cniques de navegaci\u00f3 i comunicacions.<\/li>\n<li>\u2693 Procediments de gu\u00e0rdia.<\/li>\n<li>\ud83d\udc1f Pesca de litoral.<\/li>\n<li>\ud83d\udcca Despatx i administraci\u00f3 del vaixell.<\/li>\n<li>\ud83c\uddec\ud83c\udde7 Angl\u00e8s.<\/li>\n<li>\ud83d\ude92 Seguretat mar\u00edtima.<\/li>\n<li>\ud83c\udfe5 Atenci\u00f3 sanit\u00e0ria a bord.<\/li>\n<li>\ud83d\udee0\ufe0f Instal\u00b7lacions i serveis.<\/li>\n<li>\ud83d\udef3\ufe0f T\u00e8cniques de maniobra.<\/li>\n<li>\u2696\ufe0f Estabilitat, trimat i estiba del vaixell.<\/li>\n<li>\ud83d\udc68\u200d\ud83c\udfeb Formaci\u00f3 i orientaci\u00f3 laboral.<\/li>\n<li>\ud83d\ude80 Empresa i iniciativa emprenedora.<\/li>\n<li>\ud83c\udfe2 Formaci\u00f3 en centres de treball.<\/li>\n<\/ul>\n<\/li>\n<\/ul>\n<\/li>\n<\/ul>\n<ul>\n<li><span style=\"text-decoration: underline;\"><strong>\ud83c\udf93 Al finalitzar els meus estudis, qu\u00e8 puc fer?<\/strong><\/span>\n<ul>\n<li><strong>Treballar com a:<\/strong>\n<ul>\n<li>\ud83d\udee5\ufe0f Patr\u00f3 dedicat al transport mar\u00edtim, serveis de practicatge, seguretat, salvament mar\u00edtim, busseig i investigaci\u00f3.<\/li>\n<li>\ud83d\udea2 Patr\u00f3, primer oficial i oficial de pont en vaixells mercants i de passatgers.<\/li>\n<li>\ud83c\udfa3 Patr\u00f3 local de pesca, entre d&#8217;altres professions regulades.<\/li>\n<\/ul>\n<\/li>\n<li>Seguir estudiant cursos d&#8217;especialitzaci\u00f3 professional, un altre cicle de Formaci\u00f3 Professional, o el Batxillerat.<\/li>\n<\/ul>\n<\/li>\n<\/ul>\n<ul>\n<li><span style=\"text-decoration: underline;\"><strong>\ud83d\udcbc Quines s\u00f3n les sortides professionals?<\/strong><\/span>\n<ul>\n<li>\u00a0Activitat professional tant per compte propi com per compte ali\u00e8, en vaixells de pesca i mercants, dins dels l\u00edmits establerts per l&#8217;administraci\u00f3 competent.<\/li>\n<\/ul>\n<\/li>\n<\/ul>\n<ul>\n<li><span style=\"text-decoration: underline;\"><strong>\u2139\ufe0f M\u00e9s informaci\u00f3<\/strong><\/span>\n<ul>\n<li>\ud83d\udcdc Equival\u00e8ncies de t\u00edtols i opcions de continuaci\u00f3 d&#8217;estudis, detalls sobre l&#8217;acc\u00e9s a la funci\u00f3 docent, i nivells segons el Marc Espanyol de Qualificacions per a l&#8217;Aprenentatge Permanent (MECU) i la Classificaci\u00f3 Internacional Normalitzada de l&#8217;Educaci\u00f3 (CINE-11).<\/li>\n<\/ul>\n<\/li>\n<\/ul>\n","protected":false},"excerpt":{"rendered":"<p><a href=\"https:\/\/portaldogc.gencat.cat\/utilsEADOP\/PDF\/7250\/1554642.pdf\">CFPM MP30\u00a0 CFPM Navegaci\u00f3 i pesca de litoral (LOE)<\/a><br \/>\n\ud83d\udcc4 PDF:\u00a0<a href=\"https:\/\/www.gencat.cat\/ensenyament\/eac\/pdf\/CFPM____MP30_CA.pdf\">CFPM_MP30_Navegaci\u00f3n i pesca de litoral<\/a><\/p>\n<ul>\n<li>\u23f3 Durada de l&#8217;estudi\n<ul>\n<li>2000 hores o 2 cursos acad\u00e8mics complets (temps m\u00ednim).<\/li>\n<\/ul>\n<\/li>\n<\/ul>\n<ul>\n<li>\ud83d\udeaa Requisits d&#8217;acc\u00e9s\n<ul>\n<li>\u00a0Cal complir algun dels seg\u00fcents requisits:\n<ul>\n<li>\ud83c\udfeb T\u00edtol de Graduat\/a en Educaci\u00f3 Secund\u00e0ria Obligat\u00f2ria o d&#8217;un nivell acad\u00e8mic&hellip;  <a href=\"https:\/\/agora.xtec.cat\/iesnautica\/cfgm-pont\/\" title=\"Read CFGM Pont\">Llegeix m\u00e9s\u00bb<\/a><br \/>\n","protected":false},"author":1,"featured_media":0,"parent":0,"menu_order":0,"comment_status":"closed","ping_status":"closed","template":"page-templates\/side-menu.php","meta":{"_bbp_topic_count":0,"_bbp_reply_count":0,"_bbp_total_topic_count":0,"_bbp_total_reply_count":0,"_bbp_voice_count":0,"_bbp_anonymous_reply_count":0,"_bbp_topic_count_hidden":0,"_bbp_reply_count_hidden":0,"_bbp_forum_subforum_count":0,"footnotes":""},"class_list":["post-343","page","type-page","status-publish","hentry"],"post_mailing_queue_ids":[],"_links":{"self":[{"href":"https:\/\/agora.xtec.cat\/iesnautica\/wp-json\/wp\/v2\/pages\/343","targetHints":{"allow":["GET"]}}],"collection":[{"href":"https:\/\/agora.xtec.cat\/iesnautica\/wp-json\/wp\/v2\/pages"}],"about":[{"href":"https:\/\/agora.xtec.cat\/iesnautica\/wp-json\/wp\/v2\/types\/page"}],"author":[{"embeddable":true,"href":"https:\/\/agora.xtec.cat\/iesnautica\/wp-json\/wp\/v2\/users\/1"}],"replies":[{"embeddable":true,"href":"https:\/\/agora.xtec.cat\/iesnautica\/wp-json\/wp\/v2\/comments?post=343"}],"version-history":[{"count":6,"href":"https:\/\/agora.xtec.cat\/iesnautica\/wp-json\/wp\/v2\/pages\/343\/revisions"}],"predecessor-version":[{"id":2874,"href":"https:\/\/agora.xtec.cat\/iesnautica\/wp-json\/wp\/v2\/pages\/343\/revisions\/2874"}],"wp:attachment":[{"href":"https:\/\/agora.xtec.cat\/iesnautica\/wp-json\/wp\/v2\/media?parent=343"}],"curies":[{"name":"wp","href":"https:\/\/api.w.org\/{rel}","templated":true}]}}