{"id":27,"date":"2014-09-17T16:24:03","date_gmt":"2014-09-17T16:24:03","guid":{"rendered":"http:\/\/agora.xtec.cat\/iesnautica\/?page_id=27"},"modified":"2021-10-14T21:15:03","modified_gmt":"2021-10-14T19:15:03","slug":"historia","status":"publish","type":"page","link":"https:\/\/agora.xtec.cat\/iesnautica\/linstitut\/historia\/","title":{"rendered":"Context del Centre Educatiu"},"content":{"rendered":"<h5>L&#8217;Escola de Capacitaci\u00f3 Nauticopesquera de Catalunya (ECNPC)<\/h5>\n<p><a href=\"http:\/\/agora.xtec.cat\/iesnautica\/wp-content\/uploads\/usu775\/2014\/09\/IMG_0688.png\"><img loading=\"lazy\" decoding=\"async\" class=\"aligncenter wp-image-295 size-medium\" src=\"http:\/\/agora.xtec.cat\/iesnautica\/wp-content\/uploads\/usu775\/2014\/09\/IMG_0688-225x300.png\" alt=\"IMG_0688\" width=\"225\" height=\"300\" srcset=\"https:\/\/agora.xtec.cat\/iesnautica\/wp-content\/uploads\/usu775\/2014\/09\/IMG_0688-225x300.png 225w, https:\/\/agora.xtec.cat\/iesnautica\/wp-content\/uploads\/usu775\/2014\/09\/IMG_0688-768x1024.png 768w, https:\/\/agora.xtec.cat\/iesnautica\/wp-content\/uploads\/usu775\/2014\/09\/IMG_0688.png 900w\" sizes=\"auto, (max-width: 225px) 100vw, 225px\" \/><\/a><\/p>\n<p><span style=\"font-family: verdana, arial, helvetica, sans-serif;\">Benvinguts a l&#8217;Escola de Capacitaci\u00f3 Nauticopesquera de Catalunya on es d\u00f3na resposta a les necessitats de formaci\u00f3 i titulaci\u00f3 dels professionals del sector nauticopesquer i del busseig, i que gestiona els ensenyaments i les titulacions de la n\u00e0utica i el busseig d&#8217;esbarjo. T\u00e9 tres l\u00ednies de treball: formaci\u00f3, estudi i experimentaci\u00f3, i organitzaci\u00f3 i realitzaci\u00f3 d&#8217;ex\u00e0mens per a l&#8217;obtenci\u00f3 de titulacions.<\/span><\/p>\n<p><span style=\"font-family: verdana, arial, helvetica, sans-serif;\">S&#8217;hi imparteixen els cicles formatius del grup d&#8217;activitats maritimopesqueres i es tutelen els cursos de formaci\u00f3 nauticopesquera que s&#8217;imparteixen a tot el litoral catal\u00e0. Aquests cursos, els organitzen l&#8217;Escola, les confraries de pescadors, l&#8217;Institut Social de la Marina o altres entitats. A m\u00e9s, s&#8217;hi imparteixen cursos d&#8217;actualitzaci\u00f3, de requalificaci\u00f3 i de perfeccionament dels professionals del sector.<\/span><\/p>\n<p><span style=\"font-family: verdana, arial, helvetica, sans-serif;\">L&#8217;Escola t\u00e9 projectat impartir programes educatius adre\u00e7ats a centres d&#8217;ESO i batxillerat, i a navegants, bussejadors i pescadors d&#8217;esbarjo. Actualment, inicia un nou projecte per promoure l&#8217;estudi i l&#8217;experimentaci\u00f3 de noves tecnologies i processos que permetin una millor rendibilitat i minorin l&#8217;impacte ecol\u00f2gic. M\u00e9s de 18.000 persones han obtingut les titulacions professionals nauticopesqueres, i quasi 20.000 han aconseguit els t\u00edtols per a l&#8217;exercici de la n\u00e0utica d&#8217;esbarjo amb els ex\u00e0mens que fa el Departament d&#8217;Agricultura, Alimentaci\u00f3 i Acci\u00f3 Rural.<\/span><\/p>\n<h5><a name=\"_Toc323030405\"><\/a>Ubicaci\u00f3 geogr\u00e0fica del centre escolar.<\/h5>\n<p>L&#8217;Ametlla de Mar t\u00e9 una poblaci\u00f3 de 7300 habitants i \u00e9s el quart municipi m\u00e9s poblat de la comarca amb un municipi que ocupa 66 km<sup>2<\/sup> on predomina una \u00e0mplia franja costanera. La seva economia es basa fonamentalment en la pesca i el turisme.<\/p>\n<p>El poble disposa d&#8217;un gran nombre d&#8217;infraestructures soci-esportives, a part dels centres educatius anteriorment descrits podem destacar:<\/p>\n<ul>\n<li>La biblioteca municipal<\/li>\n<li>El pavell\u00f3 esportiu Municipal, on a part de les activitats pr\u00f2pies tamb\u00e9 es realitzen altres com a concerts, balls\u2026..<\/li>\n<li>Centre C\u00edvic Municipal.<\/li>\n<li>Mercat Municipal<\/li>\n<li>Complex esportiu CEM La Cala. Amb gimn\u00e0s, piscina coberta i camps de futbol i p\u00e1del.<\/li>\n<li>Casal de Jubilat.<\/li>\n<li>Casa del Mar (ISM: Ministeri de Foment)<\/li>\n<li>Centre sanitari d&#8217;atenci\u00f3 prim\u00e0ria.<\/li>\n<\/ul>\n<p>L&#8217;Institut ECNPC aquesta situat al carrer Mediterrani, n<sup>o<\/sup> 2 del municipi de L \u2019Ametlla de Mar, comarca del Baix Ebre , a la zona coneguda com la de les escoles ja que en un radi relativament petit es concentren el centre d&#8217;educaci\u00f3 preescolar Xerinola, el col\u00b7legi p\u00fablic Sant Jordi, l&#8217;Institut Mare de D\u00e9u de la Candelera i el nostre centre.<\/p>\n<p>Dades de Contacte:<\/p>\n<p>Director del Centre: Miguel Sainz d&#8217;Aja Villanueva<\/p>\n<p>Cap d&#8217;Estudis: Enric Arenas Garcia<\/p>\n<p>Secretari: Francesc Perez Ferre<\/p>\n<p>Tel\u00e8fon: 977457777<\/p>\n<p>Email: e3008493@xtec.cat<\/p>\n<p>Pagina web del centre: http:\/\/agora.xtec.cat\/iesnautica\/<\/p>\n<p>L\u2019Ametlla de mar \u00e9s un municipi ben comunicat, per tren amb l\u00ednia de mitja dist\u00e0ncia BCN-Tarragona-Castell\u00f3-Val\u00e8ncia, por carretera amb N-340 i per autopista AP-7.<\/p>\n<p><a href=\"http:\/\/agora.xtec.cat\/iesnautica\/linstitut\/historia\/attachment\/foto1\/\" rel=\"attachment wp-att-819\"><img loading=\"lazy\" decoding=\"async\" class=\"alignnone wp-image-819 size-medium\" src=\"http:\/\/agora.xtec.cat\/iesnautica\/wp-content\/uploads\/usu775\/2014\/09\/Foto1-300x272.png\" alt=\"foto1\" width=\"300\" height=\"272\" srcset=\"https:\/\/agora.xtec.cat\/iesnautica\/wp-content\/uploads\/usu775\/2014\/09\/Foto1-300x272.png 300w, https:\/\/agora.xtec.cat\/iesnautica\/wp-content\/uploads\/usu775\/2014\/09\/Foto1.png 414w\" sizes=\"auto, (max-width: 300px) 100vw, 300px\" \/><\/a> <a href=\"http:\/\/agora.xtec.cat\/iesnautica\/linstitut\/historia\/attachment\/foto2\/\" rel=\"attachment wp-att-820\"><img loading=\"lazy\" decoding=\"async\" class=\"alignnone wp-image-820 size-medium\" src=\"http:\/\/agora.xtec.cat\/iesnautica\/wp-content\/uploads\/usu775\/2014\/09\/foto2-300x249.png\" alt=\"foto2\" width=\"300\" height=\"249\" srcset=\"https:\/\/agora.xtec.cat\/iesnautica\/wp-content\/uploads\/usu775\/2014\/09\/foto2-300x250.png 300w, https:\/\/agora.xtec.cat\/iesnautica\/wp-content\/uploads\/usu775\/2014\/09\/foto2.png 450w\" sizes=\"auto, (max-width: 300px) 100vw, 300px\" \/><\/a><\/p>\n<p>Pl\u00e0nols de situaci\u00f3 de l&#8217;escola i de la zona escolar<\/p>\n<p><a href=\"http:\/\/agora.xtec.cat\/iesnautica\/linstitut\/historia\/attachment\/foto3\/\" rel=\"attachment wp-att-821\"><img loading=\"lazy\" decoding=\"async\" class=\"alignnone wp-image-821 size-medium\" src=\"http:\/\/agora.xtec.cat\/iesnautica\/wp-content\/uploads\/usu775\/2014\/09\/foto3-300x225.png\" alt=\"foto3\" width=\"300\" height=\"225\" srcset=\"https:\/\/agora.xtec.cat\/iesnautica\/wp-content\/uploads\/usu775\/2014\/09\/foto3-300x225.png 300w, https:\/\/agora.xtec.cat\/iesnautica\/wp-content\/uploads\/usu775\/2014\/09\/foto3-200x150.png 200w, https:\/\/agora.xtec.cat\/iesnautica\/wp-content\/uploads\/usu775\/2014\/09\/foto3.png 489w\" sizes=\"auto, (max-width: 300px) 100vw, 300px\" \/><\/a> <a href=\"http:\/\/agora.xtec.cat\/iesnautica\/linstitut\/historia\/attachment\/foto4\/\" rel=\"attachment wp-att-822\"><img loading=\"lazy\" decoding=\"async\" class=\"alignnone wp-image-822 size-medium\" src=\"http:\/\/agora.xtec.cat\/iesnautica\/wp-content\/uploads\/usu775\/2014\/09\/foto4-266x300.png\" alt=\"foto4\" width=\"266\" height=\"300\" srcset=\"https:\/\/agora.xtec.cat\/iesnautica\/wp-content\/uploads\/usu775\/2014\/09\/foto4-266x300.png 266w, https:\/\/agora.xtec.cat\/iesnautica\/wp-content\/uploads\/usu775\/2014\/09\/foto4.png 335w\" sizes=\"auto, (max-width: 266px) 100vw, 266px\" \/><\/a><\/p>\n<p>Imatges del port de L\u2019Ametlla de Mar i de la planta del centre<\/p>\n<h5><a name=\"_Toc323030406\"><\/a>Hist\u00f2ria del centre<\/h5>\n<p>L&#8217;Institut Escola de Capacitaci\u00f3 Nauticopesquera de Catalunya \u00e9s un centre docent p\u00fablic de Formaci\u00f3 Professional. Es crea l&#8217;any 1997 mitjan\u00e7ant el Decret 120\/1997, de 13 de maig, en el qual es regula l&#8217;acord de col\u00b7laboraci\u00f3 entre el Departament d\u2019Ensenyament i el Departament d\u2019Agricultura, Ramaderia i Pesca per a la impartici\u00f3 dels cicles formatius de formaci\u00f3 professional reglada de la fam\u00edlia professional d&#8217;activitats maritimopesqueras.<\/p>\n<p>&nbsp;<\/p>\n<h5><a name=\"_Toc323030407\"><\/a>Descripci\u00f3 de l&#8217;entorn i les seves instal\u00b7lacions (fotografies)<\/h5>\n<p>Com s&#8217;ha dit a l&#8217;apartat anterior l&#8217;escola aquesta situada a la zona escolar on es concentren tots els centres escolars del municipi, tots ells de titularitat p\u00fablica.<\/p>\n<p><a href=\"http:\/\/agora.xtec.cat\/iesnautica\/linstitut\/historia\/attachment\/foto5\/\" rel=\"attachment wp-att-824\"><img loading=\"lazy\" decoding=\"async\" class=\"aligncenter wp-image-824 size-medium\" src=\"http:\/\/agora.xtec.cat\/iesnautica\/wp-content\/uploads\/usu775\/2014\/09\/foto5-300x252.png\" alt=\"foto5\" width=\"300\" height=\"252\" srcset=\"https:\/\/agora.xtec.cat\/iesnautica\/wp-content\/uploads\/usu775\/2014\/09\/foto5-300x252.png 300w, https:\/\/agora.xtec.cat\/iesnautica\/wp-content\/uploads\/usu775\/2014\/09\/foto5.png 562w\" sizes=\"auto, (max-width: 300px) 100vw, 300px\" \/><\/a><\/p>\n<p>Les instal\u00b7lacions del centre es concentren en dos edificis, un de principal format per tres espais, aules i administraci\u00f3 del centre, aules taller i Tallers, i un altre d&#8217;adjacent que acull dues aules ordin\u00e0ries i el magatzem del material de busseig.<\/p>\n<p><a href=\"http:\/\/agora.xtec.cat\/iesnautica\/linstitut\/historia\/attachment\/foto6\/\" rel=\"attachment wp-att-825\"><img loading=\"lazy\" decoding=\"async\" class=\"alignnone wp-image-825 size-medium\" src=\"http:\/\/agora.xtec.cat\/iesnautica\/wp-content\/uploads\/usu775\/2014\/09\/foto6-300x300.png\" alt=\"foto6\" width=\"300\" height=\"300\" srcset=\"https:\/\/agora.xtec.cat\/iesnautica\/wp-content\/uploads\/usu775\/2014\/09\/foto6-300x300.png 300w, https:\/\/agora.xtec.cat\/iesnautica\/wp-content\/uploads\/usu775\/2014\/09\/foto6-150x150.png 150w, https:\/\/agora.xtec.cat\/iesnautica\/wp-content\/uploads\/usu775\/2014\/09\/foto6.png 320w\" sizes=\"auto, (max-width: 300px) 100vw, 300px\" \/><\/a> <a href=\"http:\/\/agora.xtec.cat\/iesnautica\/linstitut\/historia\/attachment\/foto7\/\" rel=\"attachment wp-att-826\"><img loading=\"lazy\" decoding=\"async\" class=\"alignnone wp-image-826 size-medium\" src=\"http:\/\/agora.xtec.cat\/iesnautica\/wp-content\/uploads\/usu775\/2014\/09\/foto7-300x300.png\" alt=\"foto7\" width=\"300\" height=\"300\" srcset=\"https:\/\/agora.xtec.cat\/iesnautica\/wp-content\/uploads\/usu775\/2014\/09\/foto7-300x300.png 300w, https:\/\/agora.xtec.cat\/iesnautica\/wp-content\/uploads\/usu775\/2014\/09\/foto7-150x150.png 150w, https:\/\/agora.xtec.cat\/iesnautica\/wp-content\/uploads\/usu775\/2014\/09\/foto7.png 320w\" sizes=\"auto, (max-width: 300px) 100vw, 300px\" \/><\/a><a name=\"_Toc323030408\"><\/a><\/p>\n<h5>Entorn social i les seves caracter\u00edstica alumnes.<\/h5>\n<p>El poble va ser fundat per pescadors i el sector t\u00e9 gran influ\u00e8ncia tant a nivell econ\u00f2mic com a social. Encara que el turisme durant les \u00faltimes d\u00e8cades ha proporcionat un important desenvolupament del sector terciari.<\/p>\n<p>La poblaci\u00f3 que recull el centre \u00e9s realment variada ja que els alumnes provenen de tota Catalunya, Balears, Comunitat Valenciana, fins i tot d&#8217;altres llocs de la Pen\u00ednsula, presentant apreciables diferencias en el que referencia al nivell socioecon\u00f2mic i cultural. Aix\u00f2 significa que el centre ho conforma un alumnat bastant divers sota tots els punts de vista.<\/p>\n<p>Quant a la poblaci\u00f3 d&#8217;alumnes procedents d&#8217;altres pa\u00efsos aquesta va augmentant de forma lenta per\u00f2 continuada, amb un nivell d&#8217;integraci\u00f3 francament b\u00e9, a causa del treball que es realitza des de les tutories.<\/p>\n<p>No es detecten problemes de conviv\u00e8ncia importants entre les diferents proced\u00e8ncies de l&#8217;alumnat. El centre no aquesta classificat oficialment pel Departament d\u2019Ensenyament sota cap tipus de complexitat.<\/p>\n<p>Els alumnes que acudeixen al centre tenen en un percentatge molt alt molt clar que van a estudiar a l&#8217;escola i que es trobessin all\u00ed. Els estudis que s&#8217;imparteixen al centre s\u00f3n clarament vocacionals, amb el que els alumnes arriben al centre molt motivats. En aquest aspecte l&#8217;alumne ja arriba molt receptiu a l&#8217;escola.<\/p>\n<p>D&#8217;altra banda el perfil de l&#8217;alumnat que arriba al centre \u00e9s molt variat, per\u00f2 especialment quant a l&#8217;edat. Al centre acudeixen des d&#8217;alumnes procedents de l&#8217;ESO amb 16 anys que v\u00e9nen a estudiar els CF de grau Mitj\u00e0 fins a alumnes de 55 anys que despr\u00e9s d&#8217;anys en la mar necessiten treure&#8217;s el t\u00edtol b\u00e9 de GM o de GS per seguir treballant o millorar les seves expectatives.<\/p>\n<h5><a name=\"_Toc323030409\"><\/a>Ideari centre escolar<\/h5>\n<p>Com a Escola P\u00fablica Catalana el perfil del centre es defineix com a inclusiu, laic i respectu\u00f3s amb la pluralitat d&#8217;acord amb els principis de la pluralitat pedag\u00f2gica, d&#8217;adre\u00e7a responsable, de dedicaci\u00f3 i professionalitat docents, d&#8217;avaluaci\u00f3, de rendiment de comptes, d&#8217;implicaci\u00f3 de les fam\u00edlies, de preservaci\u00f3 de l&#8217;equitat, de la cerca de l&#8217;excel\u00b7l\u00e8ncia i de respecte a les idees i les creences dels alumnes i de les seves mares, pares o tutors.<\/p>\n<p>L&#8217;institut ECNPC t\u00e9 com a missi\u00f3:<\/p>\n<ul>\n<li>Educar, formar i orientar a l&#8217;alumnat perqu\u00e8 sigui capa\u00e7 d&#8217;adquirir les capacitats i compet\u00e8ncies professionals corresponents a les qualificacions dels diferents estudis que ofereix el centre.<\/li>\n<li>Oferir una formaci\u00f3 de qualitat i adaptada als canvis tecnol\u00f2gics i als requeriments socials.<\/li>\n<li>Preparar a l&#8217;alumnat per a la incorporaci\u00f3 al m\u00f3n laboral i\/o per continuar altres estudis.<\/li>\n<li>Treballar per a la transmissi\u00f3 i l&#8217;intercanvi de coneixement entre la comunitat educativa.<\/li>\n<\/ul>\n<h6>La visi\u00f3 de l&#8217;Institut ECNPC:<\/h6>\n<p>L&#8217;Institut ECNPC vol ser un centre de formaci\u00f3 professional amb un projecte educatiu propi i singular que sigui referent en l&#8217;\u00e0mbit mar\u00edtim i pesquer, agafant com a refer\u00e8ncia la fam\u00edlia professional de l&#8217;institut (Maritimopesquera). Al mateix temps es vol aconseguir una millora cont\u00ednua en els resultats i en la satisfacci\u00f3 dels grups d&#8217;inter\u00e8s (equip hum\u00e0, alumnat i empreses).<\/p>\n<h5><a name=\"_Toc323030410\"><\/a>Projecte educatiu<\/h5>\n<p>L&#8217;Institut ECNP \u00e9s l&#8217;\u00fanic centre a nivell de Catalunya on s&#8217;imparteixen els cicles formatius de la fam\u00edlia maritimopesquera, destinats a l&#8217;obtenci\u00f3 de l&#8217;els seg\u00fcents t\u00edtols acad\u00e8mics:<\/p>\n<p>CFGM en Navegaci\u00f3 i pesca de litoral (CFPM MP30)<\/p>\n<p>CFGM en Manteniment i control de la maquin\u00e0ria de bucs i embarcacions (CFPM MP40)<\/p>\n<p>CFGM en operacions subaq\u00fc\u00e0tiques i hiperb\u00e1ricas (CFPM MP20)<\/p>\n<p>CFGS en Transport mar\u00edtimo i pesca d&#8217;altura (CFPS MPA0)<\/p>\n<p>CFGS en Organitzaci\u00f3 del manteniment de la maquin\u00e0ria del buc i embarcacions (CFPS MPC0).<\/p>\n<p>Un total de cinc cicles formatius tres de grau mitj\u00e0 i dos de grau superior distribu\u00efts en dos cursos, amb una l\u00ednia per cicle formatiu a excepci\u00f3 del CFGS en Transport mar\u00edtim i pesca d&#8217;altura que consta de dues l\u00ednies per curs.<\/p>\n<p>Com a objectius pedag\u00f2gics que es pretenen, marc del PAC i del PCC, trobem:<\/p>\n<ul>\n<li>Desenvolupar la formaci\u00f3 integral de tots els alumnes i aconseguir uns bons resultats educatius.<\/li>\n<li>Impulsar l&#8217;\u00fas de les TIC com a eina fonamental per a l&#8217;aprenentatge i per a la posterior inserci\u00f3 laboral i social.<\/li>\n<li>Potenciar un entorn de treball adequat per a l&#8217;alumnat.<\/li>\n<li>Organitzar els estudis perqu\u00e8 atenguin a les demandes de les empreses i la societat, que es troben en constant canvi.<\/li>\n<li>Potenciar l&#8217;acci\u00f3 tutorial com a element clau per a l&#8217;orientaci\u00f3, la concreci\u00f3 del curr\u00edculum i la relaci\u00f3 de l&#8217;alumnat i les seves fam\u00edlies amb l&#8217;institut.<\/li>\n<li>Potenciar les activitats fora de l&#8217;horari lectiu, si \u00e9s possible, per completar la formaci\u00f3 ordin\u00e0ria.<\/li>\n<li>Utilitzar l&#8217;autoavaluaci\u00f3 com una eina important de millora.<\/li>\n<li>Promoure la formaci\u00f3 del professorat.<\/li>\n<\/ul>\n<p><span style=\"color: #000000; font-size: 1.125em; font-weight: bold;\">Acreditaci\u00f3 de l&#8217;Institut ECNPC com a centre experimetal del programa Qualifica&#8217;t del Departament d&#8217;Educaci\u00f3.\u00a0<\/span><\/p>\n<div><\/div>\n<div>\n<p>El\u00a0mes de mar\u00e7 de l&#8217;any 2010 el Conseller Ernest Maragall ens va atorgar l&#8217;acreditaci\u00f3 al nostre Institut per formar part de la xarxa de centres experimentals del programa Qualifica&#8217;t del Departament de Educaci\u00f3.<\/p>\n<\/div>\n<h5>24 de febrer de 2010:\u00a0Comen\u00e7a la web de\u00a0 l&#8217;Institut ECNPC<\/h5>\n","protected":false},"excerpt":{"rendered":"<p>L&#8217;Escola de Capacitaci\u00f3 Nauticopesquera de Catalunya (ECNPC)<br \/>\n<a href=\"http:\/\/agora.xtec.cat\/iesnautica\/wp-content\/uploads\/usu775\/2014\/09\/IMG_0688.png\"><\/a><br \/>\nBenvinguts a l&#8217;Escola de Capacitaci\u00f3 Nauticopesquera de Catalunya on es d\u00f3na resposta a les necessitats de formaci\u00f3 i titulaci\u00f3 dels professionals del sector nauticopesquer i del busseig, i que gestiona els ensenyaments i les titulacions de la n\u00e0utica&hellip;  <a href=\"https:\/\/agora.xtec.cat\/iesnautica\/linstitut\/historia\/\" title=\"Read Context del Centre Educatiu\">Llegeix m\u00e9s\u00bb<\/a><\/p>\n","protected":false},"author":1,"featured_media":0,"parent":19,"menu_order":20,"comment_status":"closed","ping_status":"closed","template":"","meta":{"_bbp_topic_count":0,"_bbp_reply_count":0,"_bbp_total_topic_count":0,"_bbp_total_reply_count":0,"_bbp_voice_count":0,"_bbp_anonymous_reply_count":0,"_bbp_topic_count_hidden":0,"_bbp_reply_count_hidden":0,"_bbp_forum_subforum_count":0,"footnotes":""},"class_list":["post-27","page","type-page","status-publish","hentry"],"post_mailing_queue_ids":[],"_links":{"self":[{"href":"https:\/\/agora.xtec.cat\/iesnautica\/wp-json\/wp\/v2\/pages\/27","targetHints":{"allow":["GET"]}}],"collection":[{"href":"https:\/\/agora.xtec.cat\/iesnautica\/wp-json\/wp\/v2\/pages"}],"about":[{"href":"https:\/\/agora.xtec.cat\/iesnautica\/wp-json\/wp\/v2\/types\/page"}],"author":[{"embeddable":true,"href":"https:\/\/agora.xtec.cat\/iesnautica\/wp-json\/wp\/v2\/users\/1"}],"replies":[{"embeddable":true,"href":"https:\/\/agora.xtec.cat\/iesnautica\/wp-json\/wp\/v2\/comments?post=27"}],"version-history":[{"count":4,"href":"https:\/\/agora.xtec.cat\/iesnautica\/wp-json\/wp\/v2\/pages\/27\/revisions"}],"predecessor-version":[{"id":830,"href":"https:\/\/agora.xtec.cat\/iesnautica\/wp-json\/wp\/v2\/pages\/27\/revisions\/830"}],"up":[{"embeddable":true,"href":"https:\/\/agora.xtec.cat\/iesnautica\/wp-json\/wp\/v2\/pages\/19"}],"wp:attachment":[{"href":"https:\/\/agora.xtec.cat\/iesnautica\/wp-json\/wp\/v2\/media?parent=27"}],"curies":[{"name":"wp","href":"https:\/\/api.w.org\/{rel}","templated":true}]}}