{"id":21,"date":"2014-09-17T16:14:14","date_gmt":"2014-09-17T16:14:14","guid":{"rendered":"http:\/\/agora.xtec.cat\/iesnautica\/?page_id=21"},"modified":"2025-03-08T11:23:53","modified_gmt":"2025-03-08T10:23:53","slug":"contacte","status":"publish","type":"page","link":"https:\/\/agora.xtec.cat\/iesnautica\/linstitut\/contacte\/","title":{"rendered":"CONTACTE"},"content":{"rendered":"<h4>Per tel\u00e8fon: 977457775<\/h4>\n<p style=\"padding-left: 40px;\">Horari d&#8217;atenci\u00f3 al p\u00fablic de 10:00 a 13:00 (<span style=\"font-size: 10pt;\">A centraleta explicar el motiu o amb qui es vol parlar<\/span>)<\/p>\n<h4>Mitjan\u00e7ant correu electr\u00f2nic<\/h4>\n<ul>\n<li style=\"list-style-type: none;\">\n<ul>\n<li><span style=\"font-size: medium;\">B\u00fastia General: <\/span><span style=\"color: #008080;\">e3008493@xtec.cat<\/span><\/li>\n<\/ul>\n<\/li>\n<\/ul>\n<p style=\"padding-left: 40px;\">Si es vol adre\u00e7ar als seg\u00fcents c\u00e0rrecs enviar correu a la b\u00fastia general (<span style=\"color: #008080;\">e3008493@xtec.cat)<\/span><span style=\"color: #000000;\"> indicant a l&#8217;Assumpte: C\u00e0rrec i l&#8217;assumpte del correu.<\/span><\/p>\n<p style=\"padding-left: 40px;\"><strong>Relaci\u00f3 de c\u00e0rrecs:<\/strong> director, cap d&#8217;estudis, secretari, coordinador d&#8217;FP (FCT) i PRL (Riscos laborals).<\/p>\n<h4>Cita Pr\u00e8via<\/h4>\n<p style=\"padding-left: 40px;\">Enviant un correu a la b\u00fastia general ( <span style=\"color: #008080;\">e3008493@xtec.cat <\/span>) amb el seg\u00fcent format:<\/p>\n<ul>\n<li style=\"list-style-type: none;\">\n<ul>\n<li style=\"list-style-type: none;\">\n<ul>\n<li style=\"list-style-type: none;\">\n<ul>\n<li>Assumpte: Petici\u00f3 de cita pr\u00e8via Nom i Cognoms<\/li>\n<li>Missatge: Explicar el motiu de la cita pr\u00e8via.<\/li>\n<\/ul>\n<\/li>\n<\/ul>\n<\/li>\n<\/ul>\n<\/li>\n<\/ul>\n<h4><\/h4>\n<h4><a href=\"https:\/\/www.google.com\/maps\/place\/Institut+P\u00fablic+Escola+de+Capacitaci\u00f3+Nauticopesquera+de+Catalunya\/@40.8805289,0.7988253,15z\/data=!4m5!3m4!1s0x0:0xca8cbdcab9b3cecb!8m2!3d40.8805232!4d0.7988344\">El Centre<\/a><\/h4>\n<p style=\"color: #666666;\"><strong>Institut\u00a0Escola de Capacitaci\u00f3 Nauticopesquera de Catalunya<\/strong><br \/>\nC\/ Mediterrani, 2<br \/>\n43860 l&#8217;Ametlla de Mar<\/p>\n<p><a href=\"http:\/\/agora.xtec.cat\/iesnautica\/wp-content\/uploads\/usu775\/2014\/09\/IMG_0688.png\"><img loading=\"lazy\" decoding=\"async\" class=\"wp-image-295 aligncenter\" src=\"http:\/\/agora.xtec.cat\/iesnautica\/wp-content\/uploads\/usu775\/2014\/09\/IMG_0688-768x1024.png\" alt=\"IMG_0688\" width=\"172\" height=\"230\" srcset=\"https:\/\/agora.xtec.cat\/iesnautica\/wp-content\/uploads\/usu775\/2014\/09\/IMG_0688-768x1024.png 768w, https:\/\/agora.xtec.cat\/iesnautica\/wp-content\/uploads\/usu775\/2014\/09\/IMG_0688-225x300.png 225w, https:\/\/agora.xtec.cat\/iesnautica\/wp-content\/uploads\/usu775\/2014\/09\/IMG_0688.png 900w\" sizes=\"auto, (max-width: 172px) 100vw, 172px\" \/><\/a><\/p>\n","protected":false},"excerpt":{"rendered":"<p>Per tel\u00e8fon: 977457775<br \/>\nHorari d&#8217;atenci\u00f3 al p\u00fablic de 10:00 a 13:00 (A centraleta explicar el motiu o amb qui es vol parlar)<br \/>\nMitjan\u00e7ant correu electr\u00f2nic<\/p>\n<ul>\n<li style=\"list-style-type: none;\">\n<ul>\n<li>B\u00fastia General: e3008493@xtec.cat<\/li>\n<\/ul>\n<\/li>\n<\/ul>\n<p>Si es vol adre\u00e7ar als seg\u00fcents c\u00e0rrecs enviar correu a la b\u00fastia general (e3008493@xtec.cat) indicant a l&#8217;Assumpte: C\u00e0rrec i&hellip;  <a href=\"https:\/\/agora.xtec.cat\/iesnautica\/linstitut\/contacte\/\" title=\"Read CONTACTE\">Llegeix m\u00e9s\u00bb<\/a><\/p>\n","protected":false},"author":1,"featured_media":0,"parent":19,"menu_order":10,"comment_status":"closed","ping_status":"closed","template":"","meta":{"_bbp_topic_count":0,"_bbp_reply_count":0,"_bbp_total_topic_count":0,"_bbp_total_reply_count":0,"_bbp_voice_count":0,"_bbp_anonymous_reply_count":0,"_bbp_topic_count_hidden":0,"_bbp_reply_count_hidden":0,"_bbp_forum_subforum_count":0,"footnotes":""},"class_list":["post-21","page","type-page","status-publish","hentry"],"post_mailing_queue_ids":[],"_links":{"self":[{"href":"https:\/\/agora.xtec.cat\/iesnautica\/wp-json\/wp\/v2\/pages\/21","targetHints":{"allow":["GET"]}}],"collection":[{"href":"https:\/\/agora.xtec.cat\/iesnautica\/wp-json\/wp\/v2\/pages"}],"about":[{"href":"https:\/\/agora.xtec.cat\/iesnautica\/wp-json\/wp\/v2\/types\/page"}],"author":[{"embeddable":true,"href":"https:\/\/agora.xtec.cat\/iesnautica\/wp-json\/wp\/v2\/users\/1"}],"replies":[{"embeddable":true,"href":"https:\/\/agora.xtec.cat\/iesnautica\/wp-json\/wp\/v2\/comments?post=21"}],"version-history":[{"count":6,"href":"https:\/\/agora.xtec.cat\/iesnautica\/wp-json\/wp\/v2\/pages\/21\/revisions"}],"predecessor-version":[{"id":3322,"href":"https:\/\/agora.xtec.cat\/iesnautica\/wp-json\/wp\/v2\/pages\/21\/revisions\/3322"}],"up":[{"embeddable":true,"href":"https:\/\/agora.xtec.cat\/iesnautica\/wp-json\/wp\/v2\/pages\/19"}],"wp:attachment":[{"href":"https:\/\/agora.xtec.cat\/iesnautica\/wp-json\/wp\/v2\/media?parent=21"}],"curies":[{"name":"wp","href":"https:\/\/api.w.org\/{rel}","templated":true}]}}