{"id":2065,"date":"2025-10-28T14:52:31","date_gmt":"2025-10-28T13:52:31","guid":{"rendered":"https:\/\/agora.xtec.cat\/iesnautica\/?page_id=2065"},"modified":"2025-10-28T23:01:03","modified_gmt":"2025-10-28T22:01:03","slug":"borsa-de-treball-empresa","status":"publish","type":"page","link":"https:\/\/agora.xtec.cat\/iesnautica\/borsa-de-treball-empresa\/","title":{"rendered":"Borsa de Treball Empresa"},"content":{"rendered":"<p><span style=\"background-color: #ccffff;\"><b>Borsa de Treball<\/b><\/span><\/p>\n<p>Benvinguts\/des a la Borsa de treball de l&#8217;Institut Escola de Capacitaci\u00f3 Nauticopesquera de Catalunya que neix amb l&#8217;afany de posar en contacte aquells alumnes o exalumnes que ho sol\u00b7licitin amb les empreses del sector que necessiten professionals formats a l&#8217;Escola.<\/p>\n<p><span style=\"background-color: #ccffff;\"><b>Funcionament de la Borsa de Treball de l&#8217;Institut ECNPC<\/b><\/span><\/p>\n<p>B\u00e0sicament amb les sol\u00b7licituds d&#8217;acc\u00e9s a la borsa de treball es genera una borsa de demanda de treball. Quan qualsevol empresa genera una oferta, el sistema autom\u00e0ticament selecciona i envia filtrats aquells candidats que s&#8217;adeq\u00fcen al perfil sol\u00b7licitat utilitzant un algoritme que busca la millor coincid\u00e8ncia entre requisits i perfils professionals. Tant les ofertes com les sol\u00b7licituds tenen data de caducitat.<br \/>\nEl sistema realitza una cerca autom\u00e0tica en tres fases: primer busca candidats amb coincid\u00e8ncia exacta (mateix perfil, nivell i comandament) i despr\u00e9s relaxa els criteris de comandament.<br \/>\nEls perfils dels alumnes i exalumnes s&#8217;hauran de renovar anualment. S&#8217;esborraran de la base de dades els perfils que faci ja un any que estan a la borsa.<br \/>\nMantindrem les ofertes de treball durant dos mesos. Durant aquests dos mesos si els candidats rebuts inicialment no cobreixen les vostres expectatives podeu enviar un correu al e3008493@xtec.cat, demanant m\u00e9s candidats. Passats els dos mesos, l&#8217;oferta es traur\u00e0 autom\u00e0ticament de la base de dades de la borsa.<\/p>\n<hr \/>\n<p><a href=\"https:\/\/docs.google.com\/forms\/d\/e\/1FAIpQLSfneioT9GQEGp1m1uyUFzjN-nbOxSZr3qAb2mSH5REIx8KjXg\/viewform?usp=header\"><b>Oferta de Treball<\/b><\/a><\/p>\n<p>Espai destinat a les empreses perqu\u00e8 emplenin el seg\u00fcent <a href=\"https:\/\/docs.google.com\/forms\/d\/e\/1FAIpQLSfneioT9GQEGp1m1uyUFzjN-nbOxSZr3qAb2mSH5REIx8KjXg\/viewform?usp=header\">formulari d&#8217;Oferta de treball<\/a>, que generar\u00e0 una cerca autom\u00e0tica de candidats i l&#8217;enviament immediat dels perfils m\u00e9s adequats.<\/p>\n<p>Si un dels candidats \u00a0ha comen\u00e7at a formar part de la vostra empresa, us agrairem que ens ho feu saber enviant un correu a e3008493@xtec.cat<\/p>\n<hr \/>\n<p><span style=\"background-color: #ccffff;\"><b>Ajuda&#8217;ns a millorar<\/b><\/span><\/p>\n<p>Tenim ganes de millorar, si us plau valora el nostre servei, aqu\u00ed tens un <a href=\"https:\/\/docs.google.com\/forms\/d\/e\/1FAIpQLSfOiwS25apdXoR-RcPLxZNepA46IyMPHPj7E38XJH4ns8_nAw\/viewform?usp=dialog\">q\u00fcestionari \u00a0de valoraci\u00f3 del servei de borsa de treball.<\/a><\/p>\n","protected":false},"excerpt":{"rendered":"<p>Borsa de Treball<br \/>\nBenvinguts\/des a la Borsa de treball de l&#8217;Institut Escola de Capacitaci\u00f3 Nauticopesquera de Catalunya que neix amb l&#8217;afany de posar en contacte aquells alumnes o exalumnes que ho sol\u00b7licitin amb les empreses del sector que necessiten professionals formats a l&#8217;Escola.<br \/>\nFuncionament de la Borsa&hellip;  <a href=\"https:\/\/agora.xtec.cat\/iesnautica\/borsa-de-treball-empresa\/\" title=\"Read Borsa de Treball Empresa\">Llegeix m\u00e9s\u00bb<\/a><\/p>\n","protected":false},"author":1,"featured_media":0,"parent":0,"menu_order":0,"comment_status":"closed","ping_status":"closed","template":"","meta":{"_bbp_topic_count":0,"_bbp_reply_count":0,"_bbp_total_topic_count":0,"_bbp_total_reply_count":0,"_bbp_voice_count":0,"_bbp_anonymous_reply_count":0,"_bbp_topic_count_hidden":0,"_bbp_reply_count_hidden":0,"_bbp_forum_subforum_count":0,"footnotes":""},"class_list":["post-2065","page","type-page","status-publish","hentry"],"post_mailing_queue_ids":[],"_links":{"self":[{"href":"https:\/\/agora.xtec.cat\/iesnautica\/wp-json\/wp\/v2\/pages\/2065","targetHints":{"allow":["GET"]}}],"collection":[{"href":"https:\/\/agora.xtec.cat\/iesnautica\/wp-json\/wp\/v2\/pages"}],"about":[{"href":"https:\/\/agora.xtec.cat\/iesnautica\/wp-json\/wp\/v2\/types\/page"}],"author":[{"embeddable":true,"href":"https:\/\/agora.xtec.cat\/iesnautica\/wp-json\/wp\/v2\/users\/1"}],"replies":[{"embeddable":true,"href":"https:\/\/agora.xtec.cat\/iesnautica\/wp-json\/wp\/v2\/comments?post=2065"}],"version-history":[{"count":6,"href":"https:\/\/agora.xtec.cat\/iesnautica\/wp-json\/wp\/v2\/pages\/2065\/revisions"}],"predecessor-version":[{"id":3501,"href":"https:\/\/agora.xtec.cat\/iesnautica\/wp-json\/wp\/v2\/pages\/2065\/revisions\/3501"}],"wp:attachment":[{"href":"https:\/\/agora.xtec.cat\/iesnautica\/wp-json\/wp\/v2\/media?parent=2065"}],"curies":[{"name":"wp","href":"https:\/\/api.w.org\/{rel}","templated":true}]}}