{"id":1292,"date":"2019-02-18T11:37:43","date_gmt":"2019-02-18T10:37:43","guid":{"rendered":"http:\/\/agora.xtec.cat\/iesnautica\/?page_id=1292"},"modified":"2025-02-07T11:59:49","modified_gmt":"2025-02-07T10:59:49","slug":"certificats-professionals","status":"publish","type":"page","link":"https:\/\/agora.xtec.cat\/iesnautica\/certificats-professionals\/","title":{"rendered":"Certificats Professionals"},"content":{"rendered":"<h3><a href=\"https:\/\/sites.google.com\/xtec.cat\/alumnatiecnpc\/certificats\">Acc\u00e9s a l&#8217;Espai Alumnat Certificats<\/a><\/h3>\n<hr \/>\n<p><a href=\"https:\/\/sites.google.com\/xtec.cat\/alumnatiecnpc\/faqs\"><span style=\"background-color: #99ccff;\">Acc\u00e9s al Espai de l&#8217;Alumnat: fitxes obtenci\u00f3 dels diferents certificats dins de les FAQs<\/span><\/a><\/p>\n<hr \/>\n<p><span style=\"font-size: 14pt;\"><u><strong>Sol\u00b7licitud de certificats professionals i\/o acad\u00e8mics<\/strong><\/u><\/span><\/p>\n<p>Per tal de sol\u00b7licitar la emissi\u00f3 de certificats heu de seguir els passos que es detallen a continuaci\u00f3. En cap cas s&#8217;emetran immediatament, m\u00ednim 1 setmana.<\/p>\n<p>Envieu un correu al e3008493@xtec.cat indicant quin certificat necessiteu.<\/p>\n<p><span class=\"C9DxTc \">Certificats emesos abans dels curs 2018-2019: si no<\/span><span class=\"C9DxTc \"> pots venir a recollir-lo presencialment, quan escriguis el correu ho especifiques i et direm com pots delegar \/autoritzar a qui vulguis. <\/span><\/p>\n<p><span class=\"C9DxTc \">Els certificats de vaixells de passatge es sol\u00b7liciten a la part no reglada de l&#8217;ECNPC (segona planta de l&#8217;edifici).<\/span><\/p>\n<p>&nbsp;<\/p>\n","protected":false},"excerpt":{"rendered":"<p><a href=\"https:\/\/sites.google.com\/xtec.cat\/alumnatiecnpc\/certificats\">Acc\u00e9s a l&#8217;Espai Alumnat Certificats<\/a><\/p>\n<p><a href=\"https:\/\/sites.google.com\/xtec.cat\/alumnatiecnpc\/faqs\">Acc\u00e9s al Espai de l&#8217;Alumnat: fitxes obtenci\u00f3 dels diferents certificats dins de les FAQs<\/a><\/p>\n<p>Sol\u00b7licitud de certificats professionals i\/o acad\u00e8mics<br \/>\nPer tal de sol\u00b7licitar la emissi\u00f3 de certificats heu de seguir els passos que es detallen a continuaci\u00f3. En cap cas&hellip;  <a href=\"https:\/\/agora.xtec.cat\/iesnautica\/certificats-professionals\/\" title=\"Read Certificats Professionals\">Llegeix m\u00e9s\u00bb<\/a><\/p>\n","protected":false},"author":1,"featured_media":0,"parent":0,"menu_order":0,"comment_status":"closed","ping_status":"closed","template":"","meta":{"_bbp_topic_count":0,"_bbp_reply_count":0,"_bbp_total_topic_count":0,"_bbp_total_reply_count":0,"_bbp_voice_count":0,"_bbp_anonymous_reply_count":0,"_bbp_topic_count_hidden":0,"_bbp_reply_count_hidden":0,"_bbp_forum_subforum_count":0,"footnotes":""},"class_list":["post-1292","page","type-page","status-publish","hentry"],"post_mailing_queue_ids":[],"_links":{"self":[{"href":"https:\/\/agora.xtec.cat\/iesnautica\/wp-json\/wp\/v2\/pages\/1292","targetHints":{"allow":["GET"]}}],"collection":[{"href":"https:\/\/agora.xtec.cat\/iesnautica\/wp-json\/wp\/v2\/pages"}],"about":[{"href":"https:\/\/agora.xtec.cat\/iesnautica\/wp-json\/wp\/v2\/types\/page"}],"author":[{"embeddable":true,"href":"https:\/\/agora.xtec.cat\/iesnautica\/wp-json\/wp\/v2\/users\/1"}],"replies":[{"embeddable":true,"href":"https:\/\/agora.xtec.cat\/iesnautica\/wp-json\/wp\/v2\/comments?post=1292"}],"version-history":[{"count":4,"href":"https:\/\/agora.xtec.cat\/iesnautica\/wp-json\/wp\/v2\/pages\/1292\/revisions"}],"predecessor-version":[{"id":3312,"href":"https:\/\/agora.xtec.cat\/iesnautica\/wp-json\/wp\/v2\/pages\/1292\/revisions\/3312"}],"wp:attachment":[{"href":"https:\/\/agora.xtec.cat\/iesnautica\/wp-json\/wp\/v2\/media?parent=1292"}],"curies":[{"name":"wp","href":"https:\/\/api.w.org\/{rel}","templated":true}]}}