{"id":9,"date":"2014-09-12T10:15:01","date_gmt":"2014-09-12T10:15:01","guid":{"rendered":"http:\/\/agora.xtec.cat\/iesnarcisoller\/?page_id=9"},"modified":"2026-04-10T14:06:42","modified_gmt":"2026-04-10T12:06:42","slug":"pagina-dinici-buida","status":"publish","type":"page","link":"https:\/\/agora.xtec.cat\/iesnarcisoller\/","title":{"rendered":""},"content":{"rendered":"\n<h2 class=\"wp-block-heading\">Avaluaci\u00f3 Diagn\u00f2stica 2n d&#8217;ESO<\/h2>\n\n\n\n<figure class=\"wp-block-image size-full\"><a href=\"https:\/\/drive.google.com\/drive\/folders\/1oxWULNzIcIZtEdcvVO4LX1HVAzXrRxC6?usp=sharing\"><img loading=\"lazy\" decoding=\"async\" width=\"48\" height=\"48\" src=\"https:\/\/agora.xtec.cat\/iesnarcisoller\/wp-content\/uploads\/usu162\/2026\/04\/icons8-carpeta-48-2.png\" alt=\"\" class=\"wp-image-13430\"\/><\/a><\/figure>\n\n\n\n<ul class=\"wp-block-list\">\n<li><\/li>\n<\/ul>\n\n\n\n<ul class=\"wp-block-list\">\n<li><\/li>\n<\/ul>\n\n\n\n<h2 class=\"wp-block-heading has-text-align-center has-x-large-font-size\"><strong>***<\/strong><\/h2>\n\n\n\n<p class=\"has-text-align-center has-ast-global-color-1-color has-text-color has-link-color wp-elements-2d8ff5dfd68e45ee252c0f343b2bc20b\" style=\"font-size:27px\"><strong>Guia per a fam\u00edlies<\/strong><br><em>H\u00e0bits d&#8217;estudi efectius per millorar el rendiment acad\u00e8mic<\/em><\/p>\n\n\n\n<figure class=\"wp-block-gallery has-nested-images columns-default is-cropped wp-block-gallery-1 is-layout-flex wp-block-gallery-is-layout-flex\">\n<figure class=\"wp-block-image size-large\"><a href=\"https:\/\/drive.google.com\/file\/d\/1inVOLAy2RKVI8GPgeP8tf58ZCRx3tm7z\/view?usp=sharing\"><img loading=\"lazy\" decoding=\"async\" width=\"725\" height=\"1024\" data-id=\"13147\" src=\"https:\/\/agora.xtec.cat\/iesnarcisoller\/wp-content\/uploads\/usu162\/2025\/12\/\ud83d\udcd8-Guia-per-a-families_-Habits-destudi-efectius-per-millorar-el-rendiment-academic-2_page-0001-2-725x1024.jpg\" alt=\"\" class=\"wp-image-13147\" srcset=\"https:\/\/agora.xtec.cat\/iesnarcisoller\/wp-content\/uploads\/usu162\/2025\/12\/\ud83d\udcd8-Guia-per-a-families_-Habits-destudi-efectius-per-millorar-el-rendiment-academic-2_page-0001-2-725x1024.jpg 725w, https:\/\/agora.xtec.cat\/iesnarcisoller\/wp-content\/uploads\/usu162\/2025\/12\/\ud83d\udcd8-Guia-per-a-families_-Habits-destudi-efectius-per-millorar-el-rendiment-academic-2_page-0001-2-212x300.jpg 212w, https:\/\/agora.xtec.cat\/iesnarcisoller\/wp-content\/uploads\/usu162\/2025\/12\/\ud83d\udcd8-Guia-per-a-families_-Habits-destudi-efectius-per-millorar-el-rendiment-academic-2_page-0001-2-768x1085.jpg 768w, https:\/\/agora.xtec.cat\/iesnarcisoller\/wp-content\/uploads\/usu162\/2025\/12\/\ud83d\udcd8-Guia-per-a-families_-Habits-destudi-efectius-per-millorar-el-rendiment-academic-2_page-0001-2-1087x1536.jpg 1087w, https:\/\/agora.xtec.cat\/iesnarcisoller\/wp-content\/uploads\/usu162\/2025\/12\/\ud83d\udcd8-Guia-per-a-families_-Habits-destudi-efectius-per-millorar-el-rendiment-academic-2_page-0001-2-1449x2048.jpg 1449w, https:\/\/agora.xtec.cat\/iesnarcisoller\/wp-content\/uploads\/usu162\/2025\/12\/\ud83d\udcd8-Guia-per-a-families_-Habits-destudi-efectius-per-millorar-el-rendiment-academic-2_page-0001-2-scaled.jpg 1811w\" sizes=\"auto, (max-width: 725px) 100vw, 725px\" \/><\/a><\/figure>\n\n\n\n<figure class=\"wp-block-image size-large\"><a href=\"https:\/\/agora.xtec.cat\/iesnarcisoller\/wp-content\/uploads\/usu162\/2025\/12\/\ud83d\udcd8-Guia-per-a-families_-Habits-destudi-efectius-per-millorar-el-rendiment-academic-2_page-0002-1-scaled.jpg\"><img loading=\"lazy\" decoding=\"async\" width=\"725\" height=\"1024\" data-id=\"13146\" src=\"https:\/\/agora.xtec.cat\/iesnarcisoller\/wp-content\/uploads\/usu162\/2025\/12\/\ud83d\udcd8-Guia-per-a-families_-Habits-destudi-efectius-per-millorar-el-rendiment-academic-2_page-0002-1-725x1024.jpg\" alt=\"\" class=\"wp-image-13146\" srcset=\"https:\/\/agora.xtec.cat\/iesnarcisoller\/wp-content\/uploads\/usu162\/2025\/12\/\ud83d\udcd8-Guia-per-a-families_-Habits-destudi-efectius-per-millorar-el-rendiment-academic-2_page-0002-1-725x1024.jpg 725w, https:\/\/agora.xtec.cat\/iesnarcisoller\/wp-content\/uploads\/usu162\/2025\/12\/\ud83d\udcd8-Guia-per-a-families_-Habits-destudi-efectius-per-millorar-el-rendiment-academic-2_page-0002-1-212x300.jpg 212w, https:\/\/agora.xtec.cat\/iesnarcisoller\/wp-content\/uploads\/usu162\/2025\/12\/\ud83d\udcd8-Guia-per-a-families_-Habits-destudi-efectius-per-millorar-el-rendiment-academic-2_page-0002-1-768x1085.jpg 768w, https:\/\/agora.xtec.cat\/iesnarcisoller\/wp-content\/uploads\/usu162\/2025\/12\/\ud83d\udcd8-Guia-per-a-families_-Habits-destudi-efectius-per-millorar-el-rendiment-academic-2_page-0002-1-1087x1536.jpg 1087w, https:\/\/agora.xtec.cat\/iesnarcisoller\/wp-content\/uploads\/usu162\/2025\/12\/\ud83d\udcd8-Guia-per-a-families_-Habits-destudi-efectius-per-millorar-el-rendiment-academic-2_page-0002-1-1449x2048.jpg 1449w, https:\/\/agora.xtec.cat\/iesnarcisoller\/wp-content\/uploads\/usu162\/2025\/12\/\ud83d\udcd8-Guia-per-a-families_-Habits-destudi-efectius-per-millorar-el-rendiment-academic-2_page-0002-1-scaled.jpg 1811w\" sizes=\"auto, (max-width: 725px) 100vw, 725px\" \/><\/a><\/figure>\n\n\n\n<figure class=\"wp-block-image size-large\"><a href=\"https:\/\/agora.xtec.cat\/iesnarcisoller\/wp-content\/uploads\/usu162\/2025\/12\/\ud83d\udcd8-Guia-per-a-families_-Habits-destudi-efectius-per-millorar-el-rendiment-academic-2_page-0003-1-scaled.jpg\"><img loading=\"lazy\" decoding=\"async\" width=\"725\" height=\"1024\" data-id=\"13145\" src=\"https:\/\/agora.xtec.cat\/iesnarcisoller\/wp-content\/uploads\/usu162\/2025\/12\/\ud83d\udcd8-Guia-per-a-families_-Habits-destudi-efectius-per-millorar-el-rendiment-academic-2_page-0003-1-725x1024.jpg\" alt=\"\" class=\"wp-image-13145\" srcset=\"https:\/\/agora.xtec.cat\/iesnarcisoller\/wp-content\/uploads\/usu162\/2025\/12\/\ud83d\udcd8-Guia-per-a-families_-Habits-destudi-efectius-per-millorar-el-rendiment-academic-2_page-0003-1-725x1024.jpg 725w, https:\/\/agora.xtec.cat\/iesnarcisoller\/wp-content\/uploads\/usu162\/2025\/12\/\ud83d\udcd8-Guia-per-a-families_-Habits-destudi-efectius-per-millorar-el-rendiment-academic-2_page-0003-1-212x300.jpg 212w, https:\/\/agora.xtec.cat\/iesnarcisoller\/wp-content\/uploads\/usu162\/2025\/12\/\ud83d\udcd8-Guia-per-a-families_-Habits-destudi-efectius-per-millorar-el-rendiment-academic-2_page-0003-1-768x1085.jpg 768w, https:\/\/agora.xtec.cat\/iesnarcisoller\/wp-content\/uploads\/usu162\/2025\/12\/\ud83d\udcd8-Guia-per-a-families_-Habits-destudi-efectius-per-millorar-el-rendiment-academic-2_page-0003-1-1087x1536.jpg 1087w, https:\/\/agora.xtec.cat\/iesnarcisoller\/wp-content\/uploads\/usu162\/2025\/12\/\ud83d\udcd8-Guia-per-a-families_-Habits-destudi-efectius-per-millorar-el-rendiment-academic-2_page-0003-1-1449x2048.jpg 1449w, https:\/\/agora.xtec.cat\/iesnarcisoller\/wp-content\/uploads\/usu162\/2025\/12\/\ud83d\udcd8-Guia-per-a-families_-Habits-destudi-efectius-per-millorar-el-rendiment-academic-2_page-0003-1-scaled.jpg 1811w\" sizes=\"auto, (max-width: 725px) 100vw, 725px\" \/><\/a><\/figure>\n<\/figure>\n\n\n\n<p class=\"has-text-align-center has-large-font-size\">Orientaci\u00f3 per a l&#8217;alumnat que finalitza l&#8217;ESO<\/p>\n\n\n\n<div data-wp-interactive=\"core\/file\" class=\"wp-block-file\"><object data-wp-bind--hidden=\"!state.hasPdfPreview\" hidden class=\"wp-block-file__embed\" data=\"https:\/\/agora.xtec.cat\/iesnarcisoller\/wp-content\/uploads\/usu162\/2026\/04\/Full_de_Ruta_Post-ESO.pptx.pdf\" type=\"application\/pdf\" style=\"width:100%;height:600px\" aria-label=\"Incrustaci\u00f3 del fitxer Full_de_Ruta_Post-ESO.pptx.\"><\/object><a id=\"wp-block-file--media-96f07208-98c9-43f7-87f1-4edb5a37f0cd\" href=\"https:\/\/agora.xtec.cat\/iesnarcisoller\/wp-content\/uploads\/usu162\/2026\/04\/Full_de_Ruta_Post-ESO.pptx.pdf\">Full_de_Ruta_Post-ESO.pptx<\/a><a href=\"https:\/\/agora.xtec.cat\/iesnarcisoller\/wp-content\/uploads\/usu162\/2026\/04\/Full_de_Ruta_Post-ESO.pptx.pdf\" class=\"wp-block-file__button wp-element-button\" download aria-describedby=\"wp-block-file--media-96f07208-98c9-43f7-87f1-4edb5a37f0cd\">Baixa<\/a><\/div>\n\n\n\n<p><\/p>\n\n\n\n<figure class=\"wp-block-image aligncenter size-full wp-duotone-midnight\"><a href=\"https:\/\/educacio.gencat.cat\/ca\/departament\/publicacions\/campanyes\/menys-pantalla-mes-vida\/index.html\"><img loading=\"lazy\" decoding=\"async\" width=\"485\" height=\"230\" src=\"https:\/\/agora.xtec.cat\/iesnarcisoller\/wp-content\/uploads\/usu162\/2025\/09\/Captura-de-pantalla-2025-09-22-a-les-13.50.14.png\" alt=\"\" class=\"wp-image-12985\" srcset=\"https:\/\/agora.xtec.cat\/iesnarcisoller\/wp-content\/uploads\/usu162\/2025\/09\/Captura-de-pantalla-2025-09-22-a-les-13.50.14.png 485w, https:\/\/agora.xtec.cat\/iesnarcisoller\/wp-content\/uploads\/usu162\/2025\/09\/Captura-de-pantalla-2025-09-22-a-les-13.50.14-300x142.png 300w\" sizes=\"auto, (max-width: 485px) 100vw, 485px\" \/><\/a><\/figure>\n\n\n\n<p><\/p>\n\n\n\n<h2 class=\"wp-block-heading has-text-align-center\" style=\"border-style:none;border-width:0px;border-radius:0px\"><figure><img loading=\"lazy\" decoding=\"async\" class=\"aligncenter size-full wp-image-12820\" src=\"https:\/\/agora.xtec.cat\/iesnarcisoller\/wp-content\/uploads\/usu162\/2025\/06\/llibres1.png\" alt=\"\" width=\"100\" height=\"100\"><\/figure><a href=\"https:\/\/agora.xtec.cat\/iesnarcisoller\/categoria\/portada\/ampa\/\">Llistat de llibres de text 2025-26<\/a><\/h2>\n\n\n\n<figure class=\"wp-block-image aligncenter size-full is-resized has-custom-border is-style-default\" style=\"margin-top:var(--wp--preset--spacing--60);margin-bottom:var(--wp--preset--spacing--60)\"><a href=\"https:\/\/agora.xtec.cat\/iesnarcisoller\/serveis\/orientacio-academica\/\" target=\"_blank\"><img loading=\"lazy\" decoding=\"async\" width=\"499\" height=\"448\" src=\"https:\/\/agora.xtec.cat\/iesnarcisoller\/wp-content\/uploads\/usu162\/2025\/07\/Captura-de-pantalla-2025-07-01-a-les-11.49.45.png\" alt=\"\" class=\"wp-image-12891\" style=\"border-width:51px;border-radius:100px;width:446px;height:auto\" srcset=\"https:\/\/agora.xtec.cat\/iesnarcisoller\/wp-content\/uploads\/usu162\/2025\/07\/Captura-de-pantalla-2025-07-01-a-les-11.49.45.png 499w, https:\/\/agora.xtec.cat\/iesnarcisoller\/wp-content\/uploads\/usu162\/2025\/07\/Captura-de-pantalla-2025-07-01-a-les-11.49.45-300x269.png 300w\" sizes=\"auto, (max-width: 499px) 100vw, 499px\" \/><\/a><\/figure>\n","protected":false},"excerpt":{"rendered":"<p>Avaluaci\u00f3 Diagn\u00f2stica 2n d&#8217;ESO *** Guia per a fam\u00edliesH\u00e0bits d&#8217;estudi efectius per millorar el rendiment acad\u00e8mic Orientaci\u00f3 per a l&#8217;alumnat que finalitza l&#8217;ESO Llistat de llibres de text 2025-26<\/p>\n","protected":false},"author":1,"featured_media":0,"parent":7,"menu_order":0,"comment_status":"closed","ping_status":"closed","template":"page-templates\/front-page.php","meta":{"_bbp_topic_count":0,"_bbp_reply_count":0,"_bbp_total_topic_count":0,"_bbp_total_reply_count":0,"_bbp_voice_count":0,"_bbp_anonymous_reply_count":0,"_bbp_topic_count_hidden":0,"_bbp_reply_count_hidden":0,"_bbp_forum_subforum_count":0,"site-sidebar-layout":"default","site-content-layout":"","ast-site-content-layout":"default","site-content-style":"default","site-sidebar-style":"default","ast-global-header-display":"","ast-banner-title-visibility":"","ast-main-header-display":"","ast-hfb-above-header-display":"","ast-hfb-below-header-display":"","ast-hfb-mobile-header-display":"","site-post-title":"","ast-breadcrumbs-content":"","ast-featured-img":"","footer-sml-layout":"","theme-transparent-header-meta":"","adv-header-id-meta":"","stick-header-meta":"","header-above-stick-meta":"","header-main-stick-meta":"","header-below-stick-meta":"","astra-migrate-meta-layouts":"set","ast-page-background-enabled":"default","ast-page-background-meta":{"desktop":{"background-color":"var(--ast-global-color-4)","background-image":"","background-repeat":"repeat","background-position":"center center","background-size":"auto","background-attachment":"scroll","background-type":"","background-media":"","overlay-type":"","overlay-color":"","overlay-opacity":"","overlay-gradient":""},"tablet":{"background-color":"","background-image":"","background-repeat":"repeat","background-position":"center center","background-size":"auto","background-attachment":"scroll","background-type":"","background-media":"","overlay-type":"","overlay-color":"","overlay-opacity":"","overlay-gradient":""},"mobile":{"background-color":"","background-image":"","background-repeat":"repeat","background-position":"center center","background-size":"auto","background-attachment":"scroll","background-type":"","background-media":"","overlay-type":"","overlay-color":"","overlay-opacity":"","overlay-gradient":""}},"ast-content-background-meta":{"desktop":{"background-color":"var(--ast-global-color-5)","background-image":"","background-repeat":"repeat","background-position":"center center","background-size":"auto","background-attachment":"scroll","background-type":"","background-media":"","overlay-type":"","overlay-color":"","overlay-opacity":"","overlay-gradient":""},"tablet":{"background-color":"var(--ast-global-color-5)","background-image":"","background-repeat":"repeat","background-position":"center center","background-size":"auto","background-attachment":"scroll","background-type":"","background-media":"","overlay-type":"","overlay-color":"","overlay-opacity":"","overlay-gradient":""},"mobile":{"background-color":"var(--ast-global-color-5)","background-image":"","background-repeat":"repeat","background-position":"center center","background-size":"auto","background-attachment":"scroll","background-type":"","background-media":"","overlay-type":"","overlay-color":"","overlay-opacity":"","overlay-gradient":""}},"footnotes":""},"class_list":["post-9","page","type-page","status-publish","hentry"],"post_mailing_queue_ids":[],"_links":{"self":[{"href":"https:\/\/agora.xtec.cat\/iesnarcisoller\/wp-json\/wp\/v2\/pages\/9","targetHints":{"allow":["GET"]}}],"collection":[{"href":"https:\/\/agora.xtec.cat\/iesnarcisoller\/wp-json\/wp\/v2\/pages"}],"about":[{"href":"https:\/\/agora.xtec.cat\/iesnarcisoller\/wp-json\/wp\/v2\/types\/page"}],"author":[{"embeddable":true,"href":"https:\/\/agora.xtec.cat\/iesnarcisoller\/wp-json\/wp\/v2\/users\/1"}],"replies":[{"embeddable":true,"href":"https:\/\/agora.xtec.cat\/iesnarcisoller\/wp-json\/wp\/v2\/comments?post=9"}],"version-history":[{"count":6,"href":"https:\/\/agora.xtec.cat\/iesnarcisoller\/wp-json\/wp\/v2\/pages\/9\/revisions"}],"predecessor-version":[{"id":13433,"href":"https:\/\/agora.xtec.cat\/iesnarcisoller\/wp-json\/wp\/v2\/pages\/9\/revisions\/13433"}],"up":[{"embeddable":true,"href":"https:\/\/agora.xtec.cat\/iesnarcisoller\/wp-json\/wp\/v2\/pages\/7"}],"wp:attachment":[{"href":"https:\/\/agora.xtec.cat\/iesnarcisoller\/wp-json\/wp\/v2\/media?parent=9"}],"curies":[{"name":"wp","href":"https:\/\/api.w.org\/{rel}","templated":true}]}}