{"id":8931,"date":"2021-11-03T14:05:41","date_gmt":"2021-11-03T13:05:41","guid":{"rendered":"https:\/\/agora.xtec.cat\/iesnarcisoller\/?page_id=8931"},"modified":"2024-10-22T09:57:55","modified_gmt":"2024-10-22T07:57:55","slug":"global-scholars","status":"publish","type":"page","link":"https:\/\/agora.xtec.cat\/iesnarcisoller\/projectes-dinnovacio-educativa\/global-scholars\/","title":{"rendered":"Global Scholars"},"content":{"rendered":"<p><a href=\"https:\/\/agora.xtec.cat\/iesnarcisoller\/wp-content\/uploads\/usu162\/2021\/11\/globalscholarslogotransparent.png\"><img loading=\"lazy\" decoding=\"async\" class=\"alignnone size-full wp-image-8929\" src=\"https:\/\/agora.xtec.cat\/iesnarcisoller\/wp-content\/uploads\/usu162\/2021\/11\/globalscholarslogotransparent.png\" alt=\"\" width=\"300\" height=\"214\" \/><\/a><\/p>\n<h3><strong>CURS 2023-24 NATURE AND OUR CITIES<\/strong><\/h3>\n<p>&nbsp;<\/p>\n<p><span style=\"text-decoration: underline;\"><strong>UNIIT 1 SAY HELLO\u00a0<\/strong><\/span><\/p>\n<p>VIDEO 2 ESO E<\/p>\n<div class=\"ast-oembed-container \" style=\"height: 100%;\"><iframe loading=\"lazy\" title=\"SAY HELLO 2 ESO E INO NARCIS OLLER 2023\/24\" width=\"500\" height=\"281\" src=\"https:\/\/www.youtube.com\/embed\/2FEsLwQxslw?feature=oembed\" frameborder=\"0\" allow=\"accelerometer; autoplay; clipboard-write; encrypted-media; gyroscope; picture-in-picture; web-share\" referrerpolicy=\"strict-origin-when-cross-origin\" allowfullscreen><\/iframe><\/div>\n<p>VIDEO\u00a0 2 ESO D<\/p>\n<div class=\"ast-oembed-container \" style=\"height: 100%;\"><iframe loading=\"lazy\" title=\"SAY HELLO 2 ESD D  2023\/24   INO NARCIS OLLER\" width=\"500\" height=\"281\" src=\"https:\/\/www.youtube.com\/embed\/evPldeqgJRg?feature=oembed\" frameborder=\"0\" allow=\"accelerometer; autoplay; clipboard-write; encrypted-media; gyroscope; picture-in-picture; web-share\" referrerpolicy=\"strict-origin-when-cross-origin\" allowfullscreen><\/iframe><\/div>\n<p><span style=\"text-decoration: underline;\"><strong>UNIT 2: NOTICE NATURE<\/strong><\/span><\/p>\n<p>2 ESO E PARC BARRAU TOUR<\/p>\n<div class=\"ast-oembed-container \" style=\"height: 100%;\"><iframe loading=\"lazy\" title=\"2 ESO E PARC BARRAU, VALLS\" width=\"500\" height=\"281\" src=\"https:\/\/www.youtube.com\/embed\/RKA6nHI7nA8?feature=oembed\" frameborder=\"0\" allow=\"accelerometer; autoplay; clipboard-write; encrypted-media; gyroscope; picture-in-picture; web-share\" referrerpolicy=\"strict-origin-when-cross-origin\" allowfullscreen><\/iframe><\/div>\n<p><span style=\"text-decoration: underline;\"><strong>UNIT 3 DESIGN A GREENSPACE FOR OUR PLAYGROUND<\/strong><\/span><\/p>\n<p>If you could design a green space for your playground, what would it be like?<\/p>\n<p>Think about features to make it more accessible or sustainable or that benefit public health.<\/p>\n<p>2 ESO D<\/p>\n<p><strong>Group 1:<\/strong> This is our playground, we have improved some items, like solar panels, wooden stairs or rest areas.<\/p>\n<p><a href=\"https:\/\/drive.google.com\/file\/d\/11yTD2AM2GKlioCk50Hrd47SiQdplwKYc\/view?usp=drive_link\">https:\/\/drive.google.com\/file\/d\/11yTD2AM2GKlioCk50Hrd47SiQdplwKYc\/view?usp=drive_link<\/a><\/p>\n<p><a href=\"https:\/\/drive.google.com\/file\/d\/1NAtrSIWryG_TX1uFs2hwdaNaMDFj0hLu\/view?usp=drive_link\">https:\/\/drive.google.com\/file<\/a>\/<a href=\"https:\/\/drive.google.com\/file\/d\/1NAtrSIWryG_TX1uFs2hwdaNaMDFj0hLu\/view?usp=drive_link\">d\/1NAtrSIWryG_TX1uFs2hwdaNaMDFj0hLu\/view?usp=drive_link<\/a><\/p>\n<h3><strong>CURS 2022-23 WATER AND OUR CITIES<\/strong><\/h3>\n<p>&nbsp;<\/p>\n<p><span style=\"font-weight: 400;\">Top headlines from Global Scholars on Water and Our Cities: What is an aqueduct? A talk about the Ebre River&#8230; and an interview with Maria Ximena Alonso, an expert on Water Treatment, who is currently doing her teaching practice at Narcis Oller in the MUFPS programme.\u00a0<\/span><\/p>\n<p><span style=\"font-weight: 400;\">Students of 2n year ESO have created a news story to report their findings on Water and Our Cities. Watch the full video on <\/span><a href=\"https:\/\/youtu.be\/GFMmuW6JKi4\"><span style=\"font-weight: 400;\">https:\/\/youtu.be\/GFMmuW6JKi4<\/span><\/a><span style=\"font-weight: 400;\">.<\/span><\/p>\n<p><a href=\"https:\/\/agora.xtec.cat\/iesnarcisoller\/wp-content\/uploads\/usu162\/2023\/02\/WhatsApp-Image-2023-02-15-at-23.50.47.jpeg\"><img loading=\"lazy\" decoding=\"async\" class=\"alignnone size-large wp-image-10120\" src=\"https:\/\/agora.xtec.cat\/iesnarcisoller\/wp-content\/uploads\/usu162\/2023\/02\/WhatsApp-Image-2023-02-15-at-23.50.47.jpeg\" alt=\"\" width=\"640\" height=\"360\" srcset=\"https:\/\/agora.xtec.cat\/iesnarcisoller\/wp-content\/uploads\/usu162\/2023\/02\/WhatsApp-Image-2023-02-15-at-23.50.47.jpeg 640w, https:\/\/agora.xtec.cat\/iesnarcisoller\/wp-content\/uploads\/usu162\/2023\/02\/WhatsApp-Image-2023-02-15-at-23.50.47-300x169.jpeg 300w\" sizes=\"auto, (max-width: 640px) 100vw, 640px\" \/><\/a><\/p>\n<p><a href=\"https:\/\/agora.xtec.cat\/iesnarcisoller\/wp-content\/uploads\/usu162\/2023\/02\/WhatsApp-Image-2023-02-15-at-23.50.26.jpeg\"><img loading=\"lazy\" decoding=\"async\" class=\"alignnone size-large wp-image-10121\" src=\"https:\/\/agora.xtec.cat\/iesnarcisoller\/wp-content\/uploads\/usu162\/2023\/02\/WhatsApp-Image-2023-02-15-at-23.50.26.jpeg\" alt=\"\" width=\"640\" height=\"360\" srcset=\"https:\/\/agora.xtec.cat\/iesnarcisoller\/wp-content\/uploads\/usu162\/2023\/02\/WhatsApp-Image-2023-02-15-at-23.50.26.jpeg 640w, https:\/\/agora.xtec.cat\/iesnarcisoller\/wp-content\/uploads\/usu162\/2023\/02\/WhatsApp-Image-2023-02-15-at-23.50.26-300x169.jpeg 300w\" sizes=\"auto, (max-width: 640px) 100vw, 640px\" \/><\/a><a href=\"https:\/\/agora.xtec.cat\/iesnarcisoller\/wp-content\/uploads\/usu162\/2023\/02\/WhatsApp-Image-2023-02-15-at-23.37.14.jpeg\"><img loading=\"lazy\" decoding=\"async\" class=\"alignnone size-large wp-image-10119\" src=\"https:\/\/agora.xtec.cat\/iesnarcisoller\/wp-content\/uploads\/usu162\/2023\/02\/WhatsApp-Image-2023-02-15-at-23.37.14.jpeg\" alt=\"\" width=\"640\" height=\"360\" srcset=\"https:\/\/agora.xtec.cat\/iesnarcisoller\/wp-content\/uploads\/usu162\/2023\/02\/WhatsApp-Image-2023-02-15-at-23.37.14.jpeg 640w, https:\/\/agora.xtec.cat\/iesnarcisoller\/wp-content\/uploads\/usu162\/2023\/02\/WhatsApp-Image-2023-02-15-at-23.37.14-300x169.jpeg 300w\" sizes=\"auto, (max-width: 640px) 100vw, 640px\" \/><\/a><\/p>\n<p>&nbsp;<\/p>\n<p><a href=\"https:\/\/agora.xtec.cat\/iesnarcisoller\/wp-content\/uploads\/usu162\/2023\/02\/DSC00903-1.jpg\"><img loading=\"lazy\" decoding=\"async\" class=\"alignnone size-large wp-image-10122\" src=\"https:\/\/agora.xtec.cat\/iesnarcisoller\/wp-content\/uploads\/usu162\/2023\/02\/DSC00903-1-1024x576.jpg\" alt=\"\" width=\"1024\" height=\"576\" srcset=\"https:\/\/agora.xtec.cat\/iesnarcisoller\/wp-content\/uploads\/usu162\/2023\/02\/DSC00903-1-1024x576.jpg 1024w, https:\/\/agora.xtec.cat\/iesnarcisoller\/wp-content\/uploads\/usu162\/2023\/02\/DSC00903-1-300x169.jpg 300w, https:\/\/agora.xtec.cat\/iesnarcisoller\/wp-content\/uploads\/usu162\/2023\/02\/DSC00903-1-768x432.jpg 768w, https:\/\/agora.xtec.cat\/iesnarcisoller\/wp-content\/uploads\/usu162\/2023\/02\/DSC00903-1-1536x864.jpg 1536w, https:\/\/agora.xtec.cat\/iesnarcisoller\/wp-content\/uploads\/usu162\/2023\/02\/DSC00903-1.jpg 1920w\" sizes=\"auto, (max-width: 1024px) 100vw, 1024px\" \/><\/a><\/p>\n<p><span style=\"font-weight: 400;\">#globalscholars #2eso #insnarcisoller #departamentlleng\u00fcesestrangeres #coordrelacionsinternacionals #<\/span><span style=\"font-weight: 400;\"> MUFPS<\/span><\/p>\n<div><b>How much water do you think you waste in a week? Do you use water responsibly?\u00a0<\/b><\/div>\n<div><\/div>\n<div>The Global Scholars students have analysed their individual water footprint in the second unit of the program to understand water use in their daily lives. They realised that they waste much more water than they thought!!<\/div>\n<div><\/div>\n<div>Then, they conducted a field research to complete an audit of the water resources available at our high school and proposed different options to improve access to save water and promote responsible water use.<\/div>\n<div><\/div>\n<div>Do not miss their field research!!<\/div>\n<div><\/div>\n<div><\/div>\n<div><\/div>\n<div>2 ESO A i B:<\/div>\n<div><a href=\"https:\/\/www.canva.com\/design\/DAFU0DYJ0IY\/zFEDta4X5pe5EFSDSShp9w\/view?utm_content=DAFU0DYJ0IY&amp;utm_campaign=designshare&amp;utm_medium=link2&amp;utm_source=sharebutton\" target=\"_blank\" rel=\"noopener\" data-saferedirecturl=\"https:\/\/www.google.com\/url?q=https:\/\/www.canva.com\/design\/DAFU0DYJ0IY\/zFEDta4X5pe5EFSDSShp9w\/view?utm_content%3DDAFU0DYJ0IY%26utm_campaign%3Ddesignshare%26utm_medium%3Dlink2%26utm_source%3Dsharebutton&amp;source=gmail&amp;ust=1675327885741000&amp;usg=AOvVaw0iDACZGJsVMqQp8v5L2znm\">https:\/\/www.canva.com\/design\/<wbr \/>DAFU0DYJ0IY\/<wbr \/>zFEDta4X5pe5EFSDSShp9w\/view?<wbr \/>utm_content=DAFU0DYJ0IY&amp;utm_<wbr \/>campaign=designshare&amp;utm_<wbr \/>medium=link2&amp;utm_source=<wbr \/>sharebutton<\/a><\/div>\n<div><\/div>\n<div><\/div>\n<div><\/div>\n<div>2 ESO C i E:\u00a0<a href=\"https:\/\/sites.google.com\/institutnarcisoller.cat\/globalscholarsunit2\/homepage\" target=\"_blank\" rel=\"noopener\" data-saferedirecturl=\"https:\/\/www.google.com\/url?q=https:\/\/sites.google.com\/institutnarcisoller.cat\/globalscholarsunit2\/homepage&amp;source=gmail&amp;ust=1675327885741000&amp;usg=AOvVaw3vckeOXZE9JJECTnbtAlvF\">https:\/\/sites.google.com\/<wbr \/>institutnarcisoller.cat\/<wbr \/>globalscholarsunit2\/homepage<\/a><\/div>\n<div><\/div>\n<div><\/div>\n<div><\/div>\n<div>2 ESO D:\u00a0\u00a0<a href=\"https:\/\/www.canva.com\/design\/DAFVL_egJrM\/iP-BgLvlnBVIDkuZfd6n1Q\/view\" target=\"_blank\" rel=\"noopener\" data-saferedirecturl=\"https:\/\/www.google.com\/url?q=https:\/\/www.canva.com\/design\/DAFVL_egJrM\/iP-BgLvlnBVIDkuZfd6n1Q\/view&amp;source=gmail&amp;ust=1675327885741000&amp;usg=AOvVaw37HUdQbn77On6ArxIutxWs\">https:\/\/www.canva.com\/<wbr \/>design\/DAFVL_egJrM\/iP-<wbr \/>BgLvlnBVIDkuZfd6n1Q\/view<\/a><\/div>\n<div><\/div>\n<div><\/div>\n<div><a href=\"https:\/\/agora.xtec.cat\/iesnarcisoller\/wp-content\/uploads\/usu162\/2023\/02\/Global-scholars-webpage.png\"><img loading=\"lazy\" decoding=\"async\" class=\"alignnone size-large wp-image-10058\" src=\"https:\/\/agora.xtec.cat\/iesnarcisoller\/wp-content\/uploads\/usu162\/2023\/02\/Global-scholars-webpage-1024x676.png\" alt=\"\" width=\"1024\" height=\"676\" srcset=\"https:\/\/agora.xtec.cat\/iesnarcisoller\/wp-content\/uploads\/usu162\/2023\/02\/Global-scholars-webpage-1024x676.png 1024w, https:\/\/agora.xtec.cat\/iesnarcisoller\/wp-content\/uploads\/usu162\/2023\/02\/Global-scholars-webpage-300x198.png 300w, https:\/\/agora.xtec.cat\/iesnarcisoller\/wp-content\/uploads\/usu162\/2023\/02\/Global-scholars-webpage-768x507.png 768w, https:\/\/agora.xtec.cat\/iesnarcisoller\/wp-content\/uploads\/usu162\/2023\/02\/Global-scholars-webpage.png 1147w\" sizes=\"auto, (max-width: 1024px) 100vw, 1024px\" \/><\/a><\/div>\n<div><\/div>\n<div><\/div>\n<div><\/div>\n<div><\/div>\n<h3><strong>Als Global Scholars ja ens coneixen arreu del m\u00f3n!!<\/strong><\/h3>\n<p>Gr\u00e0cies a l&#8217;alumnat de 2n d&#8217;ESO, els nostres companys i companyes de Houston, Mumbai, Buenos Aires, Kazakhstan, Berlin, Taipei, etc. han descobert el nostre Institut i a m\u00e9s a m\u00e9s, els hem explicat les tres coses que a Valls ens fan mirar al cel.<\/p>\n<p>Sabeu quines s\u00f3n?<\/p>\n<p>No us perdeu el v\u00eddeo\u00a0per descobrir-les!<\/p>\n<h5><iframe loading=\"lazy\" title=\"YouTube video player\" src=\"\/\/www.youtube.com\/embed\/CWGbuItZB2Y\" width=\"560\" height=\"315\" frameborder=\"0\" allowfullscreen=\"allowfullscreen\"><\/iframe><\/h5>\n<p>&nbsp;<\/p>\n<h2><\/h2>\n<h3><strong>CURS 2021-22<\/strong><\/h3>\n<h3 class=\"p1\"><strong>El Narc\u00eds Oller i els castells fan la volta al m\u00f3n<\/strong><\/h3>\n<p class=\"p2\">Toc de gralla. Moment hist\u00f2ric: La Joves, la Vella i els xiquets i xiquetes de 2n d\u2019ESO s\u2019apleguen al pati del Narc\u00eds Oller per a dur a terme una missi\u00f3 que tindr\u00e0 repercussi\u00f3 internacional:<span class=\"Apple-converted-space\">\u00a0 <\/span>explicar a Global Scholars \u201cWhat is a human tower?\u201d tot fent una representaci\u00f3 del m\u00edtic 2 de 8 (sense folre).<\/p>\n<p class=\"p3\">Els alumnes de 2 ESO del Narc\u00eds Oller han comen\u00e7at enguany la seva participaci\u00f3 en un projecte educatiu d\u2019innovaci\u00f3 GLOBAL SCHOLARS. Es tracta d\u2019un programa d\u2019intercanvi internacional virtual per a alumnes de 10-13 anys que t\u00e9 com a objectius compartir idees i perspectives en una e-classroom on hi ha representades les ciutats de Bombai, Jacksonville, Florida, Madrid, Taipei, Liverpool i<span class=\"Apple-converted-space\">\u00a0 <\/span>Paris. Alumnes del Narc\u00eds Oller i de ciutats de tot el m\u00f3n segueixen junts un mateix curr\u00edculum basat en l\u2019apreciaci\u00f3 de la diversitat per a mirar de trobar solucions a problemes globals. Aquest curs el tema \u00e9s \u201cFood security and the global food system\u201d.<br \/>\nA banda de completar en angl\u00e8s un quadern de treball, els alumnes es comuniquen amb els seus companys internacionals per missatges en la e-classroom. Per presentar l\u2019institut i la ciutat de Valls han grabat un v\u00eddeo que mostra els principals racons del centre: aules, pati, cantina, etc., les tres de coses de Valls que et fan mirar al cel: campanar, cal\u00e7ots i castells i aix\u00ed han pogut respondre visualment als companys telem\u00e0tics internacionals que tants missatges preguntant: What is a human tower? els han enviat. Les alumnes Abril Rus, de la Joves, i Mariona Roca, de la Vella, van col.laborar representant les seves respectives colles castelleres.<\/p>\n<p class=\"p3\">El v\u00eddeo ha agradat molt\u00edssim als nois i noies de les altres ciutats i han explicat haver quedat impressionats dels castells.<\/p>\n<p class=\"p5\">FOTOS:<\/p>\n<ul>\n<li class=\"p5\">https:\/\/www.instagram.com\/p\/CVnFPFmIo6I\/<\/li>\n<li class=\"p5\">https:\/\/www.instagram.com\/p\/CVN-19KoEBL\/<\/li>\n<\/ul>\n<p class=\"p5\">VIDEO:<\/p>\n<p><iframe loading=\"lazy\" src=\"\/\/www.youtube.com\/embed\/7TWeqRY17bA\" width=\"560\" height=\"314\" allowfullscreen=\"allowfullscreen\"><\/iframe><\/p>\n<p class=\"p5\">M\u00e9s info:<\/p>\n<p class=\"p5\"><a href=\"https:\/\/elpais.com\/economia\/2020\/12\/09\/actualidad\/1607518408_102444.html\">https:\/\/elpais.com\/economia\/2020\/12\/09\/actualidad\/1607518408_102444.html<\/a><\/p>\n<p>&nbsp;<\/p>\n<div><\/div>\n<div><\/div>\n<div><\/div>\n","protected":false},"excerpt":{"rendered":"<p>CURS 2023-24 NATURE AND OUR CITIES &nbsp; UNIIT 1 SAY HELLO\u00a0 VIDEO 2 ESO E VIDEO\u00a0 2 ESO D UNIT 2: NOTICE NATURE 2 ESO E PARC BARRAU TOUR UNIT 3 DESIGN A GREENSPACE FOR OUR PLAYGROUND If you could design a green space for your playground, what would it be like? Think about features [&hellip;]<\/p>\n","protected":false},"author":1,"featured_media":0,"parent":664,"menu_order":7,"comment_status":"closed","ping_status":"closed","template":"page-templates\/side-menu.php","meta":{"_bbp_topic_count":0,"_bbp_reply_count":0,"_bbp_total_topic_count":0,"_bbp_total_reply_count":0,"_bbp_voice_count":0,"_bbp_anonymous_reply_count":0,"_bbp_topic_count_hidden":0,"_bbp_reply_count_hidden":0,"_bbp_forum_subforum_count":0,"site-sidebar-layout":"default","site-content-layout":"","ast-site-content-layout":"","site-content-style":"default","site-sidebar-style":"default","ast-global-header-display":"","ast-banner-title-visibility":"","ast-main-header-display":"","ast-hfb-above-header-display":"","ast-hfb-below-header-display":"","ast-hfb-mobile-header-display":"","site-post-title":"","ast-breadcrumbs-content":"","ast-featured-img":"","footer-sml-layout":"","theme-transparent-header-meta":"","adv-header-id-meta":"","stick-header-meta":"","header-above-stick-meta":"","header-main-stick-meta":"","header-below-stick-meta":"","astra-migrate-meta-layouts":"default","ast-page-background-enabled":"default","ast-page-background-meta":{"desktop":{"background-color":"var(--ast-global-color-4)","background-image":"","background-repeat":"repeat","background-position":"center center","background-size":"auto","background-attachment":"scroll","background-type":"","background-media":"","overlay-type":"","overlay-color":"","overlay-opacity":"","overlay-gradient":""},"tablet":{"background-color":"","background-image":"","background-repeat":"repeat","background-position":"center center","background-size":"auto","background-attachment":"scroll","background-type":"","background-media":"","overlay-type":"","overlay-color":"","overlay-opacity":"","overlay-gradient":""},"mobile":{"background-color":"","background-image":"","background-repeat":"repeat","background-position":"center center","background-size":"auto","background-attachment":"scroll","background-type":"","background-media":"","overlay-type":"","overlay-color":"","overlay-opacity":"","overlay-gradient":""}},"ast-content-background-meta":{"desktop":{"background-color":"var(--ast-global-color-5)","background-image":"","background-repeat":"repeat","background-position":"center center","background-size":"auto","background-attachment":"scroll","background-type":"","background-media":"","overlay-type":"","overlay-color":"","overlay-opacity":"","overlay-gradient":""},"tablet":{"background-color":"var(--ast-global-color-5)","background-image":"","background-repeat":"repeat","background-position":"center center","background-size":"auto","background-attachment":"scroll","background-type":"","background-media":"","overlay-type":"","overlay-color":"","overlay-opacity":"","overlay-gradient":""},"mobile":{"background-color":"var(--ast-global-color-5)","background-image":"","background-repeat":"repeat","background-position":"center center","background-size":"auto","background-attachment":"scroll","background-type":"","background-media":"","overlay-type":"","overlay-color":"","overlay-opacity":"","overlay-gradient":""}},"footnotes":""},"class_list":["post-8931","page","type-page","status-publish","hentry"],"post_mailing_queue_ids":[],"_links":{"self":[{"href":"https:\/\/agora.xtec.cat\/iesnarcisoller\/wp-json\/wp\/v2\/pages\/8931","targetHints":{"allow":["GET"]}}],"collection":[{"href":"https:\/\/agora.xtec.cat\/iesnarcisoller\/wp-json\/wp\/v2\/pages"}],"about":[{"href":"https:\/\/agora.xtec.cat\/iesnarcisoller\/wp-json\/wp\/v2\/types\/page"}],"author":[{"embeddable":true,"href":"https:\/\/agora.xtec.cat\/iesnarcisoller\/wp-json\/wp\/v2\/users\/1"}],"replies":[{"embeddable":true,"href":"https:\/\/agora.xtec.cat\/iesnarcisoller\/wp-json\/wp\/v2\/comments?post=8931"}],"version-history":[{"count":8,"href":"https:\/\/agora.xtec.cat\/iesnarcisoller\/wp-json\/wp\/v2\/pages\/8931\/revisions"}],"predecessor-version":[{"id":11410,"href":"https:\/\/agora.xtec.cat\/iesnarcisoller\/wp-json\/wp\/v2\/pages\/8931\/revisions\/11410"}],"up":[{"embeddable":true,"href":"https:\/\/agora.xtec.cat\/iesnarcisoller\/wp-json\/wp\/v2\/pages\/664"}],"wp:attachment":[{"href":"https:\/\/agora.xtec.cat\/iesnarcisoller\/wp-json\/wp\/v2\/media?parent=8931"}],"curies":[{"name":"wp","href":"https:\/\/api.w.org\/{rel}","templated":true}]}}