{"id":8394,"date":"2021-04-13T11:37:23","date_gmt":"2021-04-13T09:37:23","guid":{"rendered":"http:\/\/agora.xtec.cat\/iesnarcisoller\/?page_id=8394"},"modified":"2023-04-11T17:21:42","modified_gmt":"2023-04-11T15:21:42","slug":"portes-obertes-batxillerat-cicles-formatius-ife","status":"publish","type":"page","link":"https:\/\/agora.xtec.cat\/iesnarcisoller\/linstitut\/portes-obertes-virtual\/portes-obertes-batxillerat-cicles-formatius-ife\/","title":{"rendered":"Portes Obertes Cicles Formatius &#8211; IFE"},"content":{"rendered":"<h3 style=\"text-align: center;\">V\u00eddeos de Cicles Formatius<\/h3>\n<p style=\"text-align: center;\">CFGM DEPEND\u00c8NCIA<\/p>\n<p style=\"text-align: center;\"><iframe loading=\"lazy\" src=\"\/\/www.youtube.com\/embed\/v111FK0yC3M\" width=\"560\" height=\"314\" allowfullscreen=\"allowfullscreen\"><\/iframe><\/p>\n<p style=\"text-align: center;\">CFGS EDUCACi\u00d3 INFANTIL<\/p>\n<p style=\"text-align: center;\"><iframe loading=\"lazy\" src=\"\/\/www.youtube.com\/embed\/3PZ7LIqIV7Q\" width=\"560\" height=\"314\" allowfullscreen=\"allowfullscreen\"><\/iframe><\/p>\n<p style=\"text-align: center;\">CFGS INTEGRACI\u00d3 SOCIAL<\/p>\n<p style=\"text-align: center;\"><iframe loading=\"lazy\" src=\"\/\/www.youtube.com\/embed\/Ousnkr7OAIQ\" width=\"560\" height=\"314\" allowfullscreen=\"allowfullscreen\"><\/iframe><\/p>\n<p>&nbsp;<\/p>\n<h3 style=\"text-align: center;\">V\u00eddeo IFE &#8211; Auxiliar en Manteniment d&#8217;Instal\u00b7lacions Esportives<\/h3>\n<p style=\"text-align: center;\"><iframe loading=\"lazy\" src=\"\/\/www.youtube.com\/embed\/S78hXdLX-Iw\" width=\"560\" height=\"314\"><\/iframe><\/p>\n<h3 style=\"text-align: center;\">V\u00eddeo general<\/h3>\n<p style=\"text-align: center;\"><iframe loading=\"lazy\" src=\"\/\/www.youtube.com\/embed\/_pEyeg-oPv8\" width=\"560\" height=\"315\" frameborder=\"0\" data-mce-fragment=\"1\"><\/iframe><\/p>\n<h1 style=\"text-align: left;\">Informaci\u00f3 alumnat nou(optativitat, projectes, viatges, etc.):<\/h1>\n<ul>\n<li style=\"list-style-type: none;\">\n<ul>\n<li style=\"text-align: left;\">\n<h4><a href=\"http:\/\/agora.xtec.cat\/iesnarcisoller\/general\/eso-portes-obertes-virtuals\/\">Instal\u00b7lacions i Projectes<\/a><\/h4>\n<\/li>\n<li style=\"text-align: left;\">\n<h4><a href=\"https:\/\/agora.xtec.cat\/iesnarcisoller\/wp-content\/uploads\/usu162\/2022\/03\/CFGM-EATENCIO-A-LES-PERSONES-EN-SITUACIO-DE-DEPENDENCIA-2.pdf\">Cicle Formatiu de Grau Mitj\u00e0 de Depend\u00e8ncia<\/a><\/h4>\n<\/li>\n<li style=\"text-align: left;\">\n<h4><a href=\"https:\/\/agora.xtec.cat\/iesnarcisoller\/wp-content\/uploads\/usu162\/2022\/03\/CFGS-EDUCACIO-INFANTIL.pdf\">Cicle Formatiu de Grau Superior d&#8217;Educaci\u00f3 Infantil<\/a><\/h4>\n<\/li>\n<li style=\"text-align: left;\">\n<h4><a href=\"https:\/\/agora.xtec.cat\/iesnarcisoller\/wp-content\/uploads\/usu162\/2022\/03\/CFGS-INTEGRACIO-SOCIAL.pdf\">Cicle Formatiu de Grau Superior d&#8217;Integraci\u00f3 Social<\/a><\/h4>\n<\/li>\n<li>\n<h4><a href=\"https:\/\/agora.xtec.cat\/iesnarcisoller\/wp-content\/uploads\/usu162\/2022\/03\/IFE.pdf\">Itinerari Formatiu Espec\u00edfic. Auxiliar en manteniment d&#8217;instal\u00b7lacions esportives<\/a><\/h4>\n<\/li>\n<\/ul>\n<\/li>\n<\/ul>\n","protected":false},"excerpt":{"rendered":"<p>V\u00eddeos de Cicles Formatius CFGM DEPEND\u00c8NCIA CFGS EDUCACi\u00d3 INFANTIL CFGS INTEGRACI\u00d3 SOCIAL &nbsp; V\u00eddeo IFE &#8211; Auxiliar en Manteniment d&#8217;Instal\u00b7lacions Esportives V\u00eddeo general Informaci\u00f3 alumnat nou(optativitat, projectes, viatges, etc.): Instal\u00b7lacions i Projectes Cicle Formatiu de Grau Mitj\u00e0 de Depend\u00e8ncia Cicle Formatiu de Grau Superior d&#8217;Educaci\u00f3 Infantil Cicle Formatiu de Grau Superior d&#8217;Integraci\u00f3 Social Itinerari Formatiu [&hellip;]<\/p>\n","protected":false},"author":1,"featured_media":0,"parent":8188,"menu_order":0,"comment_status":"closed","ping_status":"closed","template":"page-templates\/side-menu.php","meta":{"_bbp_topic_count":0,"_bbp_reply_count":0,"_bbp_total_topic_count":0,"_bbp_total_reply_count":0,"_bbp_voice_count":0,"_bbp_anonymous_reply_count":0,"_bbp_topic_count_hidden":0,"_bbp_reply_count_hidden":0,"_bbp_forum_subforum_count":0,"site-sidebar-layout":"default","site-content-layout":"","ast-site-content-layout":"","site-content-style":"default","site-sidebar-style":"default","ast-global-header-display":"","ast-banner-title-visibility":"","ast-main-header-display":"","ast-hfb-above-header-display":"","ast-hfb-below-header-display":"","ast-hfb-mobile-header-display":"","site-post-title":"","ast-breadcrumbs-content":"","ast-featured-img":"","footer-sml-layout":"","theme-transparent-header-meta":"","adv-header-id-meta":"","stick-header-meta":"","header-above-stick-meta":"","header-main-stick-meta":"","header-below-stick-meta":"","astra-migrate-meta-layouts":"default","ast-page-background-enabled":"default","ast-page-background-meta":{"desktop":{"background-color":"var(--ast-global-color-4)","background-image":"","background-repeat":"repeat","background-position":"center center","background-size":"auto","background-attachment":"scroll","background-type":"","background-media":"","overlay-type":"","overlay-color":"","overlay-opacity":"","overlay-gradient":""},"tablet":{"background-color":"","background-image":"","background-repeat":"repeat","background-position":"center center","background-size":"auto","background-attachment":"scroll","background-type":"","background-media":"","overlay-type":"","overlay-color":"","overlay-opacity":"","overlay-gradient":""},"mobile":{"background-color":"","background-image":"","background-repeat":"repeat","background-position":"center center","background-size":"auto","background-attachment":"scroll","background-type":"","background-media":"","overlay-type":"","overlay-color":"","overlay-opacity":"","overlay-gradient":""}},"ast-content-background-meta":{"desktop":{"background-color":"var(--ast-global-color-5)","background-image":"","background-repeat":"repeat","background-position":"center center","background-size":"auto","background-attachment":"scroll","background-type":"","background-media":"","overlay-type":"","overlay-color":"","overlay-opacity":"","overlay-gradient":""},"tablet":{"background-color":"var(--ast-global-color-5)","background-image":"","background-repeat":"repeat","background-position":"center center","background-size":"auto","background-attachment":"scroll","background-type":"","background-media":"","overlay-type":"","overlay-color":"","overlay-opacity":"","overlay-gradient":""},"mobile":{"background-color":"var(--ast-global-color-5)","background-image":"","background-repeat":"repeat","background-position":"center center","background-size":"auto","background-attachment":"scroll","background-type":"","background-media":"","overlay-type":"","overlay-color":"","overlay-opacity":"","overlay-gradient":""}},"footnotes":""},"class_list":["post-8394","page","type-page","status-publish","hentry"],"post_mailing_queue_ids":[],"_links":{"self":[{"href":"https:\/\/agora.xtec.cat\/iesnarcisoller\/wp-json\/wp\/v2\/pages\/8394","targetHints":{"allow":["GET"]}}],"collection":[{"href":"https:\/\/agora.xtec.cat\/iesnarcisoller\/wp-json\/wp\/v2\/pages"}],"about":[{"href":"https:\/\/agora.xtec.cat\/iesnarcisoller\/wp-json\/wp\/v2\/types\/page"}],"author":[{"embeddable":true,"href":"https:\/\/agora.xtec.cat\/iesnarcisoller\/wp-json\/wp\/v2\/users\/1"}],"replies":[{"embeddable":true,"href":"https:\/\/agora.xtec.cat\/iesnarcisoller\/wp-json\/wp\/v2\/comments?post=8394"}],"version-history":[{"count":5,"href":"https:\/\/agora.xtec.cat\/iesnarcisoller\/wp-json\/wp\/v2\/pages\/8394\/revisions"}],"predecessor-version":[{"id":10292,"href":"https:\/\/agora.xtec.cat\/iesnarcisoller\/wp-json\/wp\/v2\/pages\/8394\/revisions\/10292"}],"up":[{"embeddable":true,"href":"https:\/\/agora.xtec.cat\/iesnarcisoller\/wp-json\/wp\/v2\/pages\/8188"}],"wp:attachment":[{"href":"https:\/\/agora.xtec.cat\/iesnarcisoller\/wp-json\/wp\/v2\/media?parent=8394"}],"curies":[{"name":"wp","href":"https:\/\/api.w.org\/{rel}","templated":true}]}}