{"id":8358,"date":"2021-03-12T12:20:45","date_gmt":"2021-03-12T11:20:45","guid":{"rendered":"http:\/\/agora.xtec.cat\/iesnarcisoller\/?page_id=8358"},"modified":"2026-04-08T13:44:17","modified_gmt":"2026-04-08T11:44:17","slug":"preinscripcio-i-matricula-batxillerat","status":"publish","type":"page","link":"https:\/\/agora.xtec.cat\/iesnarcisoller\/secretaria\/preinscripcio-i-matricula-batxillerat\/","title":{"rendered":"Preinscripci\u00f3 i matr\u00edcula Batxillerat"},"content":{"rendered":"<h1><\/h1>\n<h1><a href=\"https:\/\/agora.xtec.cat\/iesnarcisoller\/wp-content\/uploads\/usu162\/2020\/07\/icons8-inscription-96.png\"><img loading=\"lazy\" decoding=\"async\" class=\"alignnone wp-image-8057\" src=\"https:\/\/agora.xtec.cat\/iesnarcisoller\/wp-content\/uploads\/usu162\/2020\/07\/icons8-inscription-96.png\" alt=\"\" width=\"35\" height=\"35\" \/><\/a> Preinscripci\u00f3 batxillerat 2026-27<\/h1>\n<p><strong>Presentaci\u00f3 de sol\u00b7licituds<\/strong>:<\/p>\n<ul>\n<li>Del 9 al 16 d&#8217;abril de 2026: presentaci\u00f3 de sol\u00b7licituds<\/li>\n<li>\n<h3><a href=\"https:\/\/preinscripcio.gencat.cat\/ca\/estudis\/batxillerat\/inici\/\">Acc\u00e9s a la preinscripci\u00f3<\/a><\/h3>\n<\/li>\n<li>\n<h3><a href=\"https:\/\/preinscripcio.gencat.cat\/ca\/estudis\/eso\/ajuda\/pindoles-multimedia\/\">Consulta les p\u00edndoles explicatives<\/a><\/h3>\n<\/li>\n<\/ul>\n<p>Tota la informaci\u00f3 la podeu trobar a: <a href=\"https:\/\/preinscripcio.gencat.cat\/ca\/inici\/\">https:\/\/preinscripcio.gencat.cat\/ca\/inici\/<\/a><\/p>\n<h3><a href=\"https:\/\/agora.xtec.cat\/iesnarcisoller\/wp-content\/uploads\/usu162\/2021\/02\/info.png_2044584825.png\"><img loading=\"lazy\" decoding=\"async\" class=\"alignnone wp-image-8303\" src=\"https:\/\/agora.xtec.cat\/iesnarcisoller\/wp-content\/uploads\/usu162\/2021\/02\/info.png_2044584825.png\" alt=\"\" width=\"36\" height=\"36\" \/> <\/a>La preinscripci\u00f3 al Batxillerat (BAT) &#8211; del 9 al 16 d&#8217;abril de 2026<\/h3>\n<p><strong>Totes les sol\u00b7licituds s\u00f3n en format telem\u00e0tic<\/strong>.<br \/>\nNo cal lliurar cap documentaci\u00f3 presencialment al centre educatiu que indiqueu en primera opci\u00f3.<\/p>\n<p>Hi ha dos tipus de sol\u00b7licitud:<\/p>\n<ul>\n<li><strong>Electr\u00f2nica<\/strong>: amb identificaci\u00f3 digital. Mitjan\u00e7ant certificat digital, com DNI electr\u00f2nic, Cl@ve, idCat, etc. Si no es disposa de cap certificat, us en podeu generar un de forma f\u00e0cil, l\u2019idCat M\u00f2bil <a href=\"https:\/\/agora.xtec.cat\/iesnarcisoller\/wp-content\/uploads\/usu162\/2021\/03\/logo_idCAT.png\"><img loading=\"lazy\" decoding=\"async\" class=\"alignnone wp-image-8333\" src=\"https:\/\/agora.xtec.cat\/iesnarcisoller\/wp-content\/uploads\/usu162\/2021\/03\/logo_idCAT.png\" alt=\"\" width=\"36\" height=\"25\" \/><\/a><a href=\"https:\/\/idcatmobil.seu.cat\/\">https:\/\/idcatmobil.seu.cat\/<\/a><\/li>\n<li><strong>Suport inform\u00e0tic<\/strong>: sense identificaci\u00f3 digital<\/li>\n<\/ul>\n<h4><\/h4>\n<h4><a href=\"https:\/\/agora.xtec.cat\/iesnarcisoller\/wp-content\/uploads\/usu162\/2020\/07\/icons8-inscription-96.png\"><img loading=\"lazy\" decoding=\"async\" class=\"alignnone wp-image-8057\" src=\"https:\/\/agora.xtec.cat\/iesnarcisoller\/wp-content\/uploads\/usu162\/2020\/07\/icons8-inscription-96.png\" alt=\"\" width=\"35\" height=\"35\" \/> <\/a><a href=\"https:\/\/agora.xtec.cat\/iesnarcisoller\/wp-content\/uploads\/usu162\/2026\/04\/INFORME_OFERTA_OME_INFORME_OFERTA-8.pdf\">Informe oferta inicial places 8 d&#8217;abril de 2026<\/a><\/h4>\n<h4><img alt=\"\" \/><a href=\"https:\/\/agora.xtec.cat\/iesnarcisoller\/wp-content\/uploads\/usu162\/2020\/07\/icons8-inscription-96.png\"><img loading=\"lazy\" decoding=\"async\" class=\"alignnone wp-image-8057\" src=\"https:\/\/agora.xtec.cat\/iesnarcisoller\/wp-content\/uploads\/usu162\/2020\/07\/icons8-inscription-96.png\" alt=\"\" width=\"35\" height=\"35\" \/>\u00a0 <\/a>Informe oferta final de places 17 de juny de 2026<\/h4>\n<table style=\"width: 98.8304%; background-color: #f5beb0;\">\n<tbody>\n<tr>\n<td style=\"width: 100%;\">\n<h3><a href=\"https:\/\/agora.xtec.cat\/iesnarcisoller\/secretaria\/preinscripcio-curs-2020-21\/attachment\/icons8-google-mobile-48\/\" rel=\"attachment wp-att-10149\"><img loading=\"lazy\" decoding=\"async\" class=\"alignnone size-full wp-image-10149\" src=\"https:\/\/agora.xtec.cat\/iesnarcisoller\/wp-content\/uploads\/usu162\/2023\/02\/icons8-google-mobile-48.png\" alt=\"\" width=\"48\" height=\"48\" \/><\/a><a href=\"https:\/\/agora.xtec.cat\/iesnarcisoller\/wp-content\/uploads\/usu162\/2021\/03\/trucans-e1615362705355.png\">\u00a0<\/a>Si necessites ajuda en el proc\u00e9s de preinscripci\u00f3 pots trucar-nos: <strong>977601094<\/strong>.<\/h3>\n<div class=\"MaCmD\"><\/div>\n<div class=\"kAvN8e\">\n<h3 class=\"mrWiJ n4zPM\"><strong><a href=\"https:\/\/agora.xtec.cat\/iesnarcisoller\/secretaria\/preinscripcio-curs-2020-21\/attachment\/icons8-email-48\/\" rel=\"attachment wp-att-10147\"><img loading=\"lazy\" decoding=\"async\" class=\"alignnone wp-image-10147\" src=\"https:\/\/agora.xtec.cat\/iesnarcisoller\/wp-content\/uploads\/usu162\/2023\/02\/icons8-email-48.png\" alt=\"\" width=\"41\" height=\"41\" \/><\/a><\/strong><strong> Tamb\u00e9 pots enviar-nos un mail a: <\/strong>e3004608@xtec.cat<\/h3>\n<\/div>\n<\/td>\n<\/tr>\n<\/tbody>\n<\/table>\n<div class=\"bloc-mobil\">\n<div class=\"descripcio\">\n<div><\/div>\n<div><\/div>\n<\/div>\n<\/div>\n<p><!--more--><\/p>\n<p><!--more--><\/p>\n<h3 class=\"header2 pd-15 pd-30\">Sol\u00b7licitud de preinscripci\u00f3 i seguiment<\/h3>\n<h5><\/h5>\n<div class=\"col icon-col\">\n<h5 class=\"icon\"><img decoding=\"async\" src=\"https:\/\/preinscripcio.gencat.cat\/web\/.content\/icones\/sollicitud-on.png_2044584825.png\" alt=\"\" \/> Fes la sol\u00b7licitud de preinscripci\u00f3 i presenta-la. Del 9 al 16 d&#8217;abril de 2026<\/h5>\n<\/div>\n<p><iframe loading=\"lazy\" title=\"Com adjuntar documentaci\u00f3 en la sol\u00b7licitud de preinscripci\u00f3\" src=\"https:\/\/www.youtube.com\/embed\/A6Ru3PwTvPc?start=1&amp;feature=oembed\" width=\"500\" height=\"281\" frameborder=\"0\" allowfullscreen=\"allowfullscreen\"><\/iframe><\/p>\n<h5 class=\"icon\"><img decoding=\"async\" src=\"https:\/\/preinscripcio.gencat.cat\/web\/.content\/icones\/consulta-revisa1-on.png_2044584825.png\" alt=\"\" \/>Fes el seguiment de la teva sol\u00b7licitud<\/h5>\n<div class=\"list-item-wrapper\">\n<div class=\"col icon-col\">\n<h5 class=\"icon\"><img decoding=\"async\" src=\"https:\/\/preinscripcio.gencat.cat\/web\/.content\/icones\/consulta-revisa1-on.png_2044584825.png\" alt=\"\" \/>Publicaci\u00f3 de la llista de sol\u00b7licituds amb la puntuaci\u00f3 provisional 14 de maig de 2026<\/h5>\n<h5 class=\"icon\"><img decoding=\"async\" src=\"https:\/\/preinscripcio.gencat.cat\/web\/.content\/icones\/consulta-revisa1-on.png_2044584825.png\" alt=\"\" \/>Publicaci\u00f3 barem un cop resoltes les reclamacions 26 de maig de 2026<\/h5>\n<\/div>\n<\/div>\n<h5 class=\"icon\"><img decoding=\"async\" src=\"https:\/\/preinscripcio.gencat.cat\/web\/.content\/icones\/consulta-revisa1-on.png_2044584825.png\" alt=\"\" \/>\u00a0N\u00famero de sorteig de desempat 26 de maig de 2026<\/h5>\n<h5 class=\"icon\"><img decoding=\"async\" src=\"https:\/\/preinscripcio.gencat.cat\/web\/.content\/icones\/consulta-revisa1-on.png_2044584825.png\" alt=\"\" \/>Publicaci\u00f3 de la llista de sol\u00b7licituds que han demanat el centre i l\u2019ensenyament en primera petici\u00f3 ordenada<\/h5>\n<h5 class=\"icon\"><img decoding=\"async\" src=\"https:\/\/preinscripcio.gencat.cat\/web\/.content\/icones\/consulta-revisa1-on.png_2044584825.png\" alt=\"\" \/>Publicaci\u00f3 de la llista ordenada 29 de maig de 2026<\/h5>\n<h5 class=\"icon\"><img decoding=\"async\" src=\"https:\/\/preinscripcio.gencat.cat\/web\/.content\/icones\/consulta-revisa1-on.png_2044584825.png\" alt=\"\" \/>Publicaci\u00f3 de la llista d&#8217;admesos 17 de juny de 2026<\/h5>\n<h5 class=\"icon\"><img decoding=\"async\" src=\"https:\/\/preinscripcio.gencat.cat\/web\/.content\/icones\/consulta-revisa1-on.png_2044584825.png\" alt=\"\" \/>Publicaci\u00f3 llista d&#8217;espera 17 de juny de 2026<\/h5>\n<h1><a href=\"https:\/\/agora.xtec.cat\/iesnarcisoller\/wp-content\/uploads\/usu162\/2020\/07\/icons8-inscription-96.png\"><img loading=\"lazy\" decoding=\"async\" class=\"alignnone wp-image-8057\" src=\"https:\/\/agora.xtec.cat\/iesnarcisoller\/wp-content\/uploads\/usu162\/2020\/07\/icons8-inscription-96.png\" alt=\"\" width=\"35\" height=\"35\" \/><\/a> Matr\u00edcula BAT 2026-27<\/h1>\n<h5><\/h5>\n<h5 class=\"icon\"><img decoding=\"async\" src=\"https:\/\/preinscripcio.gencat.cat\/web\/.content\/icones\/matricula-off.png_2044584825.png\" alt=\"\" \/> Formalitza la matr\u00edcula. Del 18 al 30 de juny de 2026<\/h5>\n<h5 class=\"icon\"><\/h5>\n","protected":false},"excerpt":{"rendered":"<p>Preinscripci\u00f3 batxillerat 2026-27 Presentaci\u00f3 de sol\u00b7licituds: Del 9 al 16 d&#8217;abril de 2026: presentaci\u00f3 de sol\u00b7licituds Acc\u00e9s a la preinscripci\u00f3 Consulta les p\u00edndoles explicatives Tota la informaci\u00f3 la podeu trobar a: https:\/\/preinscripcio.gencat.cat\/ca\/inici\/ La preinscripci\u00f3 al Batxillerat (BAT) &#8211; del 9 al 16 d&#8217;abril de 2026 Totes les sol\u00b7licituds s\u00f3n en format telem\u00e0tic. No cal lliurar [&hellip;]<\/p>\n","protected":false},"author":7,"featured_media":0,"parent":81,"menu_order":0,"comment_status":"closed","ping_status":"closed","template":"page-templates\/side-menu.php","meta":{"_bbp_topic_count":0,"_bbp_reply_count":0,"_bbp_total_topic_count":0,"_bbp_total_reply_count":0,"_bbp_voice_count":0,"_bbp_anonymous_reply_count":0,"_bbp_topic_count_hidden":0,"_bbp_reply_count_hidden":0,"_bbp_forum_subforum_count":0,"site-sidebar-layout":"default","site-content-layout":"","ast-site-content-layout":"default","site-content-style":"default","site-sidebar-style":"default","ast-global-header-display":"","ast-banner-title-visibility":"","ast-main-header-display":"","ast-hfb-above-header-display":"","ast-hfb-below-header-display":"","ast-hfb-mobile-header-display":"","site-post-title":"","ast-breadcrumbs-content":"","ast-featured-img":"","footer-sml-layout":"","theme-transparent-header-meta":"","adv-header-id-meta":"","stick-header-meta":"","header-above-stick-meta":"","header-main-stick-meta":"","header-below-stick-meta":"","astra-migrate-meta-layouts":"set","ast-page-background-enabled":"default","ast-page-background-meta":{"desktop":{"background-color":"var(--ast-global-color-4)","background-image":"","background-repeat":"repeat","background-position":"center center","background-size":"auto","background-attachment":"scroll","background-type":"","background-media":"","overlay-type":"","overlay-color":"","overlay-opacity":"","overlay-gradient":""},"tablet":{"background-color":"","background-image":"","background-repeat":"repeat","background-position":"center center","background-size":"auto","background-attachment":"scroll","background-type":"","background-media":"","overlay-type":"","overlay-color":"","overlay-opacity":"","overlay-gradient":""},"mobile":{"background-color":"","background-image":"","background-repeat":"repeat","background-position":"center center","background-size":"auto","background-attachment":"scroll","background-type":"","background-media":"","overlay-type":"","overlay-color":"","overlay-opacity":"","overlay-gradient":""}},"ast-content-background-meta":{"desktop":{"background-color":"var(--ast-global-color-5)","background-image":"","background-repeat":"repeat","background-position":"center center","background-size":"auto","background-attachment":"scroll","background-type":"","background-media":"","overlay-type":"","overlay-color":"","overlay-opacity":"","overlay-gradient":""},"tablet":{"background-color":"var(--ast-global-color-5)","background-image":"","background-repeat":"repeat","background-position":"center center","background-size":"auto","background-attachment":"scroll","background-type":"","background-media":"","overlay-type":"","overlay-color":"","overlay-opacity":"","overlay-gradient":""},"mobile":{"background-color":"var(--ast-global-color-5)","background-image":"","background-repeat":"repeat","background-position":"center center","background-size":"auto","background-attachment":"scroll","background-type":"","background-media":"","overlay-type":"","overlay-color":"","overlay-opacity":"","overlay-gradient":""}},"footnotes":""},"class_list":["post-8358","page","type-page","status-publish","hentry"],"post_mailing_queue_ids":[],"_links":{"self":[{"href":"https:\/\/agora.xtec.cat\/iesnarcisoller\/wp-json\/wp\/v2\/pages\/8358","targetHints":{"allow":["GET"]}}],"collection":[{"href":"https:\/\/agora.xtec.cat\/iesnarcisoller\/wp-json\/wp\/v2\/pages"}],"about":[{"href":"https:\/\/agora.xtec.cat\/iesnarcisoller\/wp-json\/wp\/v2\/types\/page"}],"author":[{"embeddable":true,"href":"https:\/\/agora.xtec.cat\/iesnarcisoller\/wp-json\/wp\/v2\/users\/7"}],"replies":[{"embeddable":true,"href":"https:\/\/agora.xtec.cat\/iesnarcisoller\/wp-json\/wp\/v2\/comments?post=8358"}],"version-history":[{"count":6,"href":"https:\/\/agora.xtec.cat\/iesnarcisoller\/wp-json\/wp\/v2\/pages\/8358\/revisions"}],"predecessor-version":[{"id":13424,"href":"https:\/\/agora.xtec.cat\/iesnarcisoller\/wp-json\/wp\/v2\/pages\/8358\/revisions\/13424"}],"up":[{"embeddable":true,"href":"https:\/\/agora.xtec.cat\/iesnarcisoller\/wp-json\/wp\/v2\/pages\/81"}],"wp:attachment":[{"href":"https:\/\/agora.xtec.cat\/iesnarcisoller\/wp-json\/wp\/v2\/media?parent=8358"}],"curies":[{"name":"wp","href":"https:\/\/api.w.org\/{rel}","templated":true}]}}