{"id":8274,"date":"2021-02-08T14:12:26","date_gmt":"2021-02-08T13:12:26","guid":{"rendered":"http:\/\/agora.xtec.cat\/iesnarcisoller\/?page_id=8274"},"modified":"2024-11-13T10:56:33","modified_gmt":"2024-11-13T09:56:33","slug":"projecte-cat","status":"publish","type":"page","link":"https:\/\/agora.xtec.cat\/iesnarcisoller\/projectes-dinnovacio-educativa\/projecte-cat\/","title":{"rendered":"Projecte CAT"},"content":{"rendered":"<p>La <strong>Comissi\u00f3 CAT (C<\/strong>onviv\u00e8ncia, <strong>A<\/strong>mistat, i <strong>T<\/strong>oler\u00e0ncia), \u00e9s una comissi\u00f3 de professorat del centre formada per una trentena de docents, dedicada a la formaci\u00f3 emocional del professorat i l&#8217;alumnat. La comissi\u00f3 treballa tots els aspectes que tenen a veure amb el treball de les emocions al centre, amb la intenci\u00f3 d&#8217;establir protocols de treball emocional a l&#8217;aula, aix\u00ed com vetllar per la formaci\u00f3 dels professorat del centre en aquesta disciplina.<\/p>\n<p>A continuaci\u00f3 podeu veure un recull de les darrers intervencions al centre:<\/p>\n<div style=\"width: 1920px;\" class=\"wp-video\"><!--[if lt IE 9]><script>document.createElement('video');<\/script><![endif]-->\n<video class=\"wp-video-shortcode\" id=\"video-8274-1\" width=\"1920\" height=\"1080\" preload=\"metadata\" controls=\"controls\"><source type=\"video\/mp4\" src=\"https:\/\/agora.xtec.cat\/iesnarcisoller\/wp-content\/uploads\/usu162\/2024\/03\/Persones-amb-alta-sensibilitat-2.mp4?_=1\" \/><a href=\"https:\/\/agora.xtec.cat\/iesnarcisoller\/wp-content\/uploads\/usu162\/2024\/03\/Persones-amb-alta-sensibilitat-2.mp4\">https:\/\/agora.xtec.cat\/iesnarcisoller\/wp-content\/uploads\/usu162\/2024\/03\/Persones-amb-alta-sensibilitat-2.mp4<\/a><\/video><\/div>\n<div style=\"width: 1920px;\" class=\"wp-video\"><video class=\"wp-video-shortcode\" id=\"video-8274-2\" width=\"1920\" height=\"1080\" preload=\"metadata\" controls=\"controls\"><source type=\"video\/mp4\" src=\"https:\/\/agora.xtec.cat\/iesnarcisoller\/wp-content\/uploads\/usu162\/2024\/03\/Maduracio-del-cervell-i-salut-mental.mp4?_=2\" \/><a href=\"https:\/\/agora.xtec.cat\/iesnarcisoller\/wp-content\/uploads\/usu162\/2024\/03\/Maduracio-del-cervell-i-salut-mental.mp4\">https:\/\/agora.xtec.cat\/iesnarcisoller\/wp-content\/uploads\/usu162\/2024\/03\/Maduracio-del-cervell-i-salut-mental.mp4<\/a><\/video><\/div>\n<p>&nbsp;<\/p>\n<p><iframe loading=\"lazy\" src=\"\/\/www.youtube.com\/embed\/kZrbeM2yekU\" width=\"700\" height=\"393\" allowfullscreen=\"allowfullscreen\"><\/iframe><\/p>\n<p><iframe loading=\"lazy\" src=\"\/\/www.youtube.com\/embed\/Ned3ERIt8y8\" width=\"560\" height=\"314\" allowfullscreen=\"allowfullscreen\"><\/iframe><\/p>\n<ul>\n<li>\n<h5><a href=\"https:\/\/agora.xtec.cat\/iesnarcisoller\/wp-content\/uploads\/usu162\/2024\/03\/Cartell-Maduracio-del-cervell-i-salut-mental.pdf\">CARTELL- Maduracio\u0301 del cervell i salut mental<\/a><\/h5>\n<\/li>\n<li>\n<h5><a href=\"https:\/\/agora.xtec.cat\/iesnarcisoller\/wp-content\/uploads\/usu162\/2024\/03\/Cartell-PAS.-Persones-amb-Alta-Sensibilitat.pdf\">CARTELL- PAS. Persones amb Alta Sensibilitat<\/a><\/h5>\n<\/li>\n<li>\n<h5><a href=\"https:\/\/agora.xtec.cat\/iesnarcisoller\/wp-content\/uploads\/usu162\/2024\/03\/Formacio-Elisabet-Vilella.pdf\">Formacio\u0301 &#8211; Elisabet Vilella<\/a><\/h5>\n<\/li>\n<li>\n<h5><a href=\"https:\/\/agora.xtec.cat\/iesnarcisoller\/wp-content\/uploads\/usu162\/2024\/03\/CARTELL-ansietat-examens-2.pdf\">CARTELL- Ansietat-exa\u0300mens (2)<\/a><\/h5>\n<\/li>\n<li>\n<h5><a href=\"https:\/\/agora.xtec.cat\/iesnarcisoller\/wp-content\/uploads\/usu162\/2024\/03\/CARTELL-ANSIETAT-1.pdf\">CARTELL &#8211; ANSIETAT (1)<\/a><\/h5>\n<\/li>\n<li>\n<h5><a href=\"https:\/\/agora.xtec.cat\/iesnarcisoller\/wp-content\/uploads\/usu162\/2024\/04\/Formacio-Anna-Romeu.pdf\">Formacio\u0301 &#8211; Anna Romeu<\/a><\/h5>\n<\/li>\n<li>\n<h5><a href=\"https:\/\/agora.xtec.cat\/iesnarcisoller\/wp-content\/uploads\/usu162\/2024\/04\/CARTELL-Augmenta-el-teu-nivell-de-benestar.pdf\">CARTELL-Augmenta el teu nivell de benestar<\/a><\/h5>\n<\/li>\n<li>\n<h5><strong><a href=\"https:\/\/agora.xtec.cat\/iesnarcisoller\/wp-content\/uploads\/usu162\/2024\/05\/Formacio-Carles-Porrini.pdf\">Formacio\u0301 &#8211; Carles Porrini<\/a><\/strong><\/h5>\n<\/li>\n<li>\n<h5><a href=\"https:\/\/agora.xtec.cat\/iesnarcisoller\/wp-content\/uploads\/usu162\/2024\/05\/Cartell-un-moment-deixam-sentir.pdf\">CATELL- Un moment, deixa\u2019m sentir<\/a><\/h5>\n<\/li>\n<li>\n<h5><a href=\"https:\/\/agora.xtec.cat\/iesnarcisoller\/wp-content\/uploads\/usu162\/2024\/11\/Sessio-del-28-oct-2024.pdf\">CARTELL- Pr\u00e0ctiques restauratives<\/a><\/h5>\n<\/li>\n<\/ul>\n<p>&nbsp;<\/p>\n","protected":false},"excerpt":{"rendered":"<p>La Comissi\u00f3 CAT (Conviv\u00e8ncia, Amistat, i Toler\u00e0ncia), \u00e9s una comissi\u00f3 de professorat del centre formada per una trentena de docents, dedicada a la formaci\u00f3 emocional del professorat i l&#8217;alumnat. La comissi\u00f3 treballa tots els aspectes que tenen a veure amb el treball de les emocions al centre, amb la intenci\u00f3 d&#8217;establir protocols de treball emocional [&hellip;]<\/p>\n","protected":false},"author":1,"featured_media":0,"parent":664,"menu_order":4,"comment_status":"closed","ping_status":"closed","template":"page-templates\/side-menu.php","meta":{"_bbp_topic_count":0,"_bbp_reply_count":0,"_bbp_total_topic_count":0,"_bbp_total_reply_count":0,"_bbp_voice_count":0,"_bbp_anonymous_reply_count":0,"_bbp_topic_count_hidden":0,"_bbp_reply_count_hidden":0,"_bbp_forum_subforum_count":0,"site-sidebar-layout":"default","site-content-layout":"","ast-site-content-layout":"","site-content-style":"default","site-sidebar-style":"default","ast-global-header-display":"","ast-banner-title-visibility":"","ast-main-header-display":"","ast-hfb-above-header-display":"","ast-hfb-below-header-display":"","ast-hfb-mobile-header-display":"","site-post-title":"","ast-breadcrumbs-content":"","ast-featured-img":"","footer-sml-layout":"","theme-transparent-header-meta":"","adv-header-id-meta":"","stick-header-meta":"","header-above-stick-meta":"","header-main-stick-meta":"","header-below-stick-meta":"","astra-migrate-meta-layouts":"default","ast-page-background-enabled":"default","ast-page-background-meta":{"desktop":{"background-color":"var(--ast-global-color-4)","background-image":"","background-repeat":"repeat","background-position":"center center","background-size":"auto","background-attachment":"scroll","background-type":"","background-media":"","overlay-type":"","overlay-color":"","overlay-opacity":"","overlay-gradient":""},"tablet":{"background-color":"","background-image":"","background-repeat":"repeat","background-position":"center center","background-size":"auto","background-attachment":"scroll","background-type":"","background-media":"","overlay-type":"","overlay-color":"","overlay-opacity":"","overlay-gradient":""},"mobile":{"background-color":"","background-image":"","background-repeat":"repeat","background-position":"center center","background-size":"auto","background-attachment":"scroll","background-type":"","background-media":"","overlay-type":"","overlay-color":"","overlay-opacity":"","overlay-gradient":""}},"ast-content-background-meta":{"desktop":{"background-color":"var(--ast-global-color-5)","background-image":"","background-repeat":"repeat","background-position":"center center","background-size":"auto","background-attachment":"scroll","background-type":"","background-media":"","overlay-type":"","overlay-color":"","overlay-opacity":"","overlay-gradient":""},"tablet":{"background-color":"var(--ast-global-color-5)","background-image":"","background-repeat":"repeat","background-position":"center center","background-size":"auto","background-attachment":"scroll","background-type":"","background-media":"","overlay-type":"","overlay-color":"","overlay-opacity":"","overlay-gradient":""},"mobile":{"background-color":"var(--ast-global-color-5)","background-image":"","background-repeat":"repeat","background-position":"center center","background-size":"auto","background-attachment":"scroll","background-type":"","background-media":"","overlay-type":"","overlay-color":"","overlay-opacity":"","overlay-gradient":""}},"footnotes":""},"class_list":["post-8274","page","type-page","status-publish","hentry"],"post_mailing_queue_ids":[],"_links":{"self":[{"href":"https:\/\/agora.xtec.cat\/iesnarcisoller\/wp-json\/wp\/v2\/pages\/8274","targetHints":{"allow":["GET"]}}],"collection":[{"href":"https:\/\/agora.xtec.cat\/iesnarcisoller\/wp-json\/wp\/v2\/pages"}],"about":[{"href":"https:\/\/agora.xtec.cat\/iesnarcisoller\/wp-json\/wp\/v2\/types\/page"}],"author":[{"embeddable":true,"href":"https:\/\/agora.xtec.cat\/iesnarcisoller\/wp-json\/wp\/v2\/users\/1"}],"replies":[{"embeddable":true,"href":"https:\/\/agora.xtec.cat\/iesnarcisoller\/wp-json\/wp\/v2\/comments?post=8274"}],"version-history":[{"count":7,"href":"https:\/\/agora.xtec.cat\/iesnarcisoller\/wp-json\/wp\/v2\/pages\/8274\/revisions"}],"predecessor-version":[{"id":12384,"href":"https:\/\/agora.xtec.cat\/iesnarcisoller\/wp-json\/wp\/v2\/pages\/8274\/revisions\/12384"}],"up":[{"embeddable":true,"href":"https:\/\/agora.xtec.cat\/iesnarcisoller\/wp-json\/wp\/v2\/pages\/664"}],"wp:attachment":[{"href":"https:\/\/agora.xtec.cat\/iesnarcisoller\/wp-json\/wp\/v2\/media?parent=8274"}],"curies":[{"name":"wp","href":"https:\/\/api.w.org\/{rel}","templated":true}]}}