{"id":8155,"date":"2020-09-17T13:45:25","date_gmt":"2020-09-17T11:45:25","guid":{"rendered":"http:\/\/agora.xtec.cat\/iesnarcisoller\/?page_id=8155"},"modified":"2020-09-17T13:48:49","modified_gmt":"2020-09-17T11:48:49","slug":"orientacio-academica","status":"publish","type":"page","link":"https:\/\/agora.xtec.cat\/iesnarcisoller\/serveis\/orientacio-academica\/","title":{"rendered":"Orientaci\u00f3 acad\u00e8mica"},"content":{"rendered":"<h3 style=\"text-align: center;\"><\/h3>\n<h1 style=\"text-align: center;\"><a href=\"https:\/\/orientacionarcismvs.blogspot.com\"><img loading=\"lazy\" decoding=\"async\" class=\"alignnone wp-image-7105\" src=\"https:\/\/agora.xtec.cat\/iesnarcisoller\/wp-content\/uploads\/usu162\/2019\/09\/Captura-de-Pantalla-2019-09-09-a-les-21.10.46-300x294.png\" alt=\"\" width=\"361\" height=\"354\" srcset=\"https:\/\/agora.xtec.cat\/iesnarcisoller\/wp-content\/uploads\/usu162\/2019\/09\/Captura-de-Pantalla-2019-09-09-a-les-21.10.46-300x294.png 300w, https:\/\/agora.xtec.cat\/iesnarcisoller\/wp-content\/uploads\/usu162\/2019\/09\/Captura-de-Pantalla-2019-09-09-a-les-21.10.46.png 586w\" sizes=\"auto, (max-width: 361px) 100vw, 361px\" \/><\/a><\/h1>\n<h3 style=\"text-align: center;\">ESPAI D&#8217;ORIENTACI\u00d3 ACAD\u00c8MICA<\/h3>\n<p>&nbsp;<\/p>\n<h3 style=\"text-align: center;\">No saps qu\u00e8 estudiar quan acabis l&#8217;ESO? Fes clic <a href=\"https:\/\/orientacionarcismvs.blogspot.com\">aqu\u00ed<\/a><\/h3>\n","protected":false},"excerpt":{"rendered":"<p>ESPAI D&#8217;ORIENTACI\u00d3 ACAD\u00c8MICA &nbsp; No saps qu\u00e8 estudiar quan acabis l&#8217;ESO? Fes clic aqu\u00ed<\/p>\n","protected":false},"author":1,"featured_media":0,"parent":63,"menu_order":0,"comment_status":"closed","ping_status":"closed","template":"","meta":{"_bbp_topic_count":0,"_bbp_reply_count":0,"_bbp_total_topic_count":0,"_bbp_total_reply_count":0,"_bbp_voice_count":0,"_bbp_anonymous_reply_count":0,"_bbp_topic_count_hidden":0,"_bbp_reply_count_hidden":0,"_bbp_forum_subforum_count":0,"site-sidebar-layout":"default","site-content-layout":"","ast-site-content-layout":"","site-content-style":"default","site-sidebar-style":"default","ast-global-header-display":"","ast-banner-title-visibility":"","ast-main-header-display":"","ast-hfb-above-header-display":"","ast-hfb-below-header-display":"","ast-hfb-mobile-header-display":"","site-post-title":"","ast-breadcrumbs-content":"","ast-featured-img":"","footer-sml-layout":"","theme-transparent-header-meta":"","adv-header-id-meta":"","stick-header-meta":"","header-above-stick-meta":"","header-main-stick-meta":"","header-below-stick-meta":"","astra-migrate-meta-layouts":"default","ast-page-background-enabled":"default","ast-page-background-meta":{"desktop":{"background-color":"var(--ast-global-color-4)","background-image":"","background-repeat":"repeat","background-position":"center center","background-size":"auto","background-attachment":"scroll","background-type":"","background-media":"","overlay-type":"","overlay-color":"","overlay-opacity":"","overlay-gradient":""},"tablet":{"background-color":"","background-image":"","background-repeat":"repeat","background-position":"center center","background-size":"auto","background-attachment":"scroll","background-type":"","background-media":"","overlay-type":"","overlay-color":"","overlay-opacity":"","overlay-gradient":""},"mobile":{"background-color":"","background-image":"","background-repeat":"repeat","background-position":"center center","background-size":"auto","background-attachment":"scroll","background-type":"","background-media":"","overlay-type":"","overlay-color":"","overlay-opacity":"","overlay-gradient":""}},"ast-content-background-meta":{"desktop":{"background-color":"var(--ast-global-color-5)","background-image":"","background-repeat":"repeat","background-position":"center center","background-size":"auto","background-attachment":"scroll","background-type":"","background-media":"","overlay-type":"","overlay-color":"","overlay-opacity":"","overlay-gradient":""},"tablet":{"background-color":"var(--ast-global-color-5)","background-image":"","background-repeat":"repeat","background-position":"center center","background-size":"auto","background-attachment":"scroll","background-type":"","background-media":"","overlay-type":"","overlay-color":"","overlay-opacity":"","overlay-gradient":""},"mobile":{"background-color":"var(--ast-global-color-5)","background-image":"","background-repeat":"repeat","background-position":"center center","background-size":"auto","background-attachment":"scroll","background-type":"","background-media":"","overlay-type":"","overlay-color":"","overlay-opacity":"","overlay-gradient":""}},"footnotes":""},"class_list":["post-8155","page","type-page","status-publish","hentry"],"post_mailing_queue_ids":[],"_links":{"self":[{"href":"https:\/\/agora.xtec.cat\/iesnarcisoller\/wp-json\/wp\/v2\/pages\/8155","targetHints":{"allow":["GET"]}}],"collection":[{"href":"https:\/\/agora.xtec.cat\/iesnarcisoller\/wp-json\/wp\/v2\/pages"}],"about":[{"href":"https:\/\/agora.xtec.cat\/iesnarcisoller\/wp-json\/wp\/v2\/types\/page"}],"author":[{"embeddable":true,"href":"https:\/\/agora.xtec.cat\/iesnarcisoller\/wp-json\/wp\/v2\/users\/1"}],"replies":[{"embeddable":true,"href":"https:\/\/agora.xtec.cat\/iesnarcisoller\/wp-json\/wp\/v2\/comments?post=8155"}],"version-history":[{"count":3,"href":"https:\/\/agora.xtec.cat\/iesnarcisoller\/wp-json\/wp\/v2\/pages\/8155\/revisions"}],"predecessor-version":[{"id":8159,"href":"https:\/\/agora.xtec.cat\/iesnarcisoller\/wp-json\/wp\/v2\/pages\/8155\/revisions\/8159"}],"up":[{"embeddable":true,"href":"https:\/\/agora.xtec.cat\/iesnarcisoller\/wp-json\/wp\/v2\/pages\/63"}],"wp:attachment":[{"href":"https:\/\/agora.xtec.cat\/iesnarcisoller\/wp-json\/wp\/v2\/media?parent=8155"}],"curies":[{"name":"wp","href":"https:\/\/api.w.org\/{rel}","templated":true}]}}