{"id":8100,"date":"2020-07-24T10:12:16","date_gmt":"2020-07-24T08:12:16","guid":{"rendered":"http:\/\/agora.xtec.cat\/iesnarcisoller\/?page_id=8100"},"modified":"2023-04-12T20:05:41","modified_gmt":"2023-04-12T18:05:41","slug":"batxillerat","status":"publish","type":"page","link":"https:\/\/agora.xtec.cat\/iesnarcisoller\/batxillerat\/","title":{"rendered":"Batxillerat"},"content":{"rendered":"<ul>\n<li style=\"text-align: left;\">\n<h3><a href=\"http:\/\/agora.xtec.cat\/iesnarcisoller\/general\/batxillerat-cientific-i-tecnologic\/\">Batxillerat Cient\u00edfic i Tecnol\u00f2gic<\/a><\/h3>\n<\/li>\n<li style=\"text-align: left;\">\n<h3><a href=\"http:\/\/agora.xtec.cat\/iesnarcisoller\/general\/batxillerat-humanistic-i-social\/\">Batxillerat Human\u00edstic i Social<\/a><\/h3>\n<\/li>\n<li style=\"text-align: left;\">\n<h3><a href=\"http:\/\/agora.xtec.cat\/iesnarcisoller\/general\/batxillerat-darts-plastiques-imatge-i-disseny\/\">Batxillerat d&#8217;Arts Pl\u00e0stiques, Imatge i Disseny<\/a><\/h3>\n<\/li>\n<li style=\"text-align: left;\">\n<h3><a href=\"http:\/\/agora.xtec.cat\/iesnarcisoller\/general\/batxillerat-darts-esceniques-musica-i-dansa\/\">Batxillerat d&#8217;Arts Esc\u00e8niques, M\u00fasica i Dansa<\/a><\/h3>\n<\/li>\n<\/ul>\n","protected":false},"excerpt":{"rendered":"<p>Batxillerat Cient\u00edfic i Tecnol\u00f2gic Batxillerat Human\u00edstic i Social Batxillerat d&#8217;Arts Pl\u00e0stiques, Imatge i Disseny Batxillerat d&#8217;Arts Esc\u00e8niques, M\u00fasica i Dansa<\/p>\n","protected":false},"author":1,"featured_media":0,"parent":0,"menu_order":0,"comment_status":"closed","ping_status":"closed","template":"","meta":{"_bbp_topic_count":0,"_bbp_reply_count":0,"_bbp_total_topic_count":0,"_bbp_total_reply_count":0,"_bbp_voice_count":0,"_bbp_anonymous_reply_count":0,"_bbp_topic_count_hidden":0,"_bbp_reply_count_hidden":0,"_bbp_forum_subforum_count":0,"site-sidebar-layout":"default","site-content-layout":"","ast-site-content-layout":"","site-content-style":"default","site-sidebar-style":"default","ast-global-header-display":"","ast-banner-title-visibility":"","ast-main-header-display":"","ast-hfb-above-header-display":"","ast-hfb-below-header-display":"","ast-hfb-mobile-header-display":"","site-post-title":"","ast-breadcrumbs-content":"","ast-featured-img":"","footer-sml-layout":"","theme-transparent-header-meta":"","adv-header-id-meta":"","stick-header-meta":"","header-above-stick-meta":"","header-main-stick-meta":"","header-below-stick-meta":"","astra-migrate-meta-layouts":"default","ast-page-background-enabled":"default","ast-page-background-meta":{"desktop":{"background-color":"var(--ast-global-color-4)","background-image":"","background-repeat":"repeat","background-position":"center center","background-size":"auto","background-attachment":"scroll","background-type":"","background-media":"","overlay-type":"","overlay-color":"","overlay-opacity":"","overlay-gradient":""},"tablet":{"background-color":"","background-image":"","background-repeat":"repeat","background-position":"center center","background-size":"auto","background-attachment":"scroll","background-type":"","background-media":"","overlay-type":"","overlay-color":"","overlay-opacity":"","overlay-gradient":""},"mobile":{"background-color":"","background-image":"","background-repeat":"repeat","background-position":"center center","background-size":"auto","background-attachment":"scroll","background-type":"","background-media":"","overlay-type":"","overlay-color":"","overlay-opacity":"","overlay-gradient":""}},"ast-content-background-meta":{"desktop":{"background-color":"var(--ast-global-color-5)","background-image":"","background-repeat":"repeat","background-position":"center center","background-size":"auto","background-attachment":"scroll","background-type":"","background-media":"","overlay-type":"","overlay-color":"","overlay-opacity":"","overlay-gradient":""},"tablet":{"background-color":"var(--ast-global-color-5)","background-image":"","background-repeat":"repeat","background-position":"center center","background-size":"auto","background-attachment":"scroll","background-type":"","background-media":"","overlay-type":"","overlay-color":"","overlay-opacity":"","overlay-gradient":""},"mobile":{"background-color":"var(--ast-global-color-5)","background-image":"","background-repeat":"repeat","background-position":"center center","background-size":"auto","background-attachment":"scroll","background-type":"","background-media":"","overlay-type":"","overlay-color":"","overlay-opacity":"","overlay-gradient":""}},"footnotes":""},"class_list":["post-8100","page","type-page","status-publish","hentry"],"post_mailing_queue_ids":[],"_links":{"self":[{"href":"https:\/\/agora.xtec.cat\/iesnarcisoller\/wp-json\/wp\/v2\/pages\/8100","targetHints":{"allow":["GET"]}}],"collection":[{"href":"https:\/\/agora.xtec.cat\/iesnarcisoller\/wp-json\/wp\/v2\/pages"}],"about":[{"href":"https:\/\/agora.xtec.cat\/iesnarcisoller\/wp-json\/wp\/v2\/types\/page"}],"author":[{"embeddable":true,"href":"https:\/\/agora.xtec.cat\/iesnarcisoller\/wp-json\/wp\/v2\/users\/1"}],"replies":[{"embeddable":true,"href":"https:\/\/agora.xtec.cat\/iesnarcisoller\/wp-json\/wp\/v2\/comments?post=8100"}],"version-history":[{"count":1,"href":"https:\/\/agora.xtec.cat\/iesnarcisoller\/wp-json\/wp\/v2\/pages\/8100\/revisions"}],"predecessor-version":[{"id":8102,"href":"https:\/\/agora.xtec.cat\/iesnarcisoller\/wp-json\/wp\/v2\/pages\/8100\/revisions\/8102"}],"wp:attachment":[{"href":"https:\/\/agora.xtec.cat\/iesnarcisoller\/wp-json\/wp\/v2\/media?parent=8100"}],"curies":[{"name":"wp","href":"https:\/\/api.w.org\/{rel}","templated":true}]}}