{"id":8078,"date":"2020-07-17T13:34:13","date_gmt":"2020-07-17T11:34:13","guid":{"rendered":"http:\/\/agora.xtec.cat\/iesnarcisoller\/?page_id=8078"},"modified":"2025-07-01T11:46:29","modified_gmt":"2025-07-01T09:46:29","slug":"ieduca","status":"publish","type":"page","link":"https:\/\/agora.xtec.cat\/iesnarcisoller\/linstitut\/ieduca\/","title":{"rendered":"iEduca TokApp"},"content":{"rendered":"<p><a href=\"https:\/\/agora.xtec.cat\/iesnarcisoller\/wp-content\/uploads\/usu162\/2020\/07\/logo.png\"><img loading=\"lazy\" decoding=\"async\" class=\"alignnone wp-image-8083\" src=\"https:\/\/agora.xtec.cat\/iesnarcisoller\/wp-content\/uploads\/usu162\/2020\/07\/logo.png\" alt=\"\" width=\"348\" height=\"85\" \/><\/a><a href=\"https:\/\/agora.xtec.cat\/iesnarcisoller\/wp-content\/uploads\/usu162\/2020\/07\/tokkapp.png\"><img loading=\"lazy\" decoding=\"async\" class=\" wp-image-8084 alignright\" src=\"https:\/\/agora.xtec.cat\/iesnarcisoller\/wp-content\/uploads\/usu162\/2020\/07\/tokkapp.png\" alt=\"\" width=\"466\" height=\"89\" srcset=\"https:\/\/agora.xtec.cat\/iesnarcisoller\/wp-content\/uploads\/usu162\/2020\/07\/tokkapp.png 513w, https:\/\/agora.xtec.cat\/iesnarcisoller\/wp-content\/uploads\/usu162\/2020\/07\/tokkapp-300x57.png 300w\" sizes=\"auto, (max-width: 466px) 100vw, 466px\" \/><\/a><\/p>\n<p><a href=\"https:\/\/insnarcisoller.ieduca.com\">Acc\u00e9s directe<\/a><\/p>\n<p><strong>iEduca<\/strong> \u00e9s el gestor de centre de l\u2019Institut Narc\u00eds Oller. \u00c9s una eina de gesti\u00f3 i comunicaci\u00f3 per a centres educatius. Tots els usuaris del centre treballen sobre la mateixa base de dades per poder tenir tota la informaci\u00f3 a m\u00e0 i en temps real. L\u2019objectiu \u00e9s que les fam\u00edlies tinguin a l\u2019abast una eina de seguiment de l\u2019evoluci\u00f3 acad\u00e8mica dels fills\/es. L\u2019eina es pot utilitzar amb suport <a href=\"https:\/\/ieduca.com\/ca\/\">web<\/a>\u00a0 o amb <a href=\"https:\/\/agora.xtec.cat\/iesnarcisoller\/wp-content\/uploads\/usu162\/2020\/07\/Cartell-iEduca-Tokapp-editable-pel-centre.pdf\">suport app<\/a>.<\/p>\n<p>Us facilitem aquests documents que us poden ajudar:<\/p>\n<ul style=\"list-style-type: square;\">\n<li><a href=\"https:\/\/agora.xtec.cat\/iesnarcisoller\/wp-content\/uploads\/usu162\/2020\/07\/Guia-aplicaci\u00f3-iEduca-Tokapp-v.03.pdf\">Guia pas a pas iEduca Tokapp<\/a><\/li>\n<li><a href=\"https:\/\/agora.xtec.cat\/iesnarcisoller\/wp-content\/uploads\/usu162\/2020\/07\/Guia-iEduca-per-les-fam\u00edlies.pdf\">Guia iEduca per a les Fam\u00edlies i\/o Alumnat major d&#8217;edat<\/a><\/li>\n<li><a href=\"https:\/\/agora.xtec.cat\/iesnarcisoller\/wp-content\/uploads\/usu162\/2020\/07\/Enviaments-SPAM.pdf\">Com fer que no ens vagin les notificacions al correu SPAM<\/a><\/li>\n<\/ul>\n<p>Tamb\u00e9 podeu veure els <a href=\"https:\/\/youtube.com\/playlist?list=PLh6RbrqunrkUoTp8TdfsW3wEvQhprV8l-&amp;si=p_l9tuWcGUtWG7_g\" target=\"_blank\" rel=\"noopener\">v\u00eddeotutorials<\/a>:<\/p>\n<p><iframe loading=\"lazy\" title=\"YouTube video player\" src=\"https:\/\/www.youtube.com\/embed\/videoseries?si=9Azk2NEkXevleA7q&amp;list=PLh6RbrqunrkUoTp8TdfsW3wEvQhprV8l-\" width=\"560\" height=\"315\" frameborder=\"0\" allowfullscreen=\"allowfullscreen\"><\/iframe><\/p>\n<div class=\"ast-oembed-container \" style=\"height: 100%;\"><iframe loading=\"lazy\" title=\"PROF - iEDUCA - Com entrar a iEduca\" width=\"500\" height=\"281\" src=\"https:\/\/www.youtube.com\/embed\/c-Z5B5x10us?feature=oembed\" frameborder=\"0\" allow=\"accelerometer; autoplay; clipboard-write; encrypted-media; gyroscope; picture-in-picture; web-share\" referrerpolicy=\"strict-origin-when-cross-origin\" allowfullscreen><\/iframe><\/div>\n<p><iframe loading=\"lazy\" src=\"\/\/www.youtube.com\/embed\/FI2hzoF8w50?t=50s\" width=\"560\" height=\"314\" allowfullscreen=\"allowfullscreen\"><\/iframe><\/p>\n","protected":false},"excerpt":{"rendered":"<p>Acc\u00e9s directe iEduca \u00e9s el gestor de centre de l\u2019Institut Narc\u00eds Oller. \u00c9s una eina de gesti\u00f3 i comunicaci\u00f3 per a centres educatius. Tots els usuaris del centre treballen sobre la mateixa base de dades per poder tenir tota la informaci\u00f3 a m\u00e0 i en temps real. L\u2019objectiu \u00e9s que les fam\u00edlies tinguin a l\u2019abast [&hellip;]<\/p>\n","protected":false},"author":7,"featured_media":0,"parent":19,"menu_order":9,"comment_status":"closed","ping_status":"closed","template":"page-templates\/side-menu.php","meta":{"_bbp_topic_count":0,"_bbp_reply_count":0,"_bbp_total_topic_count":0,"_bbp_total_reply_count":0,"_bbp_voice_count":0,"_bbp_anonymous_reply_count":0,"_bbp_topic_count_hidden":0,"_bbp_reply_count_hidden":0,"_bbp_forum_subforum_count":0,"site-sidebar-layout":"default","site-content-layout":"","ast-site-content-layout":"default","site-content-style":"default","site-sidebar-style":"default","ast-global-header-display":"","ast-banner-title-visibility":"","ast-main-header-display":"","ast-hfb-above-header-display":"","ast-hfb-below-header-display":"","ast-hfb-mobile-header-display":"","site-post-title":"","ast-breadcrumbs-content":"","ast-featured-img":"","footer-sml-layout":"","theme-transparent-header-meta":"","adv-header-id-meta":"","stick-header-meta":"","header-above-stick-meta":"","header-main-stick-meta":"","header-below-stick-meta":"","astra-migrate-meta-layouts":"set","ast-page-background-enabled":"default","ast-page-background-meta":{"desktop":{"background-color":"var(--ast-global-color-4)","background-image":"","background-repeat":"repeat","background-position":"center center","background-size":"auto","background-attachment":"scroll","background-type":"","background-media":"","overlay-type":"","overlay-color":"","overlay-opacity":"","overlay-gradient":""},"tablet":{"background-color":"","background-image":"","background-repeat":"repeat","background-position":"center center","background-size":"auto","background-attachment":"scroll","background-type":"","background-media":"","overlay-type":"","overlay-color":"","overlay-opacity":"","overlay-gradient":""},"mobile":{"background-color":"","background-image":"","background-repeat":"repeat","background-position":"center center","background-size":"auto","background-attachment":"scroll","background-type":"","background-media":"","overlay-type":"","overlay-color":"","overlay-opacity":"","overlay-gradient":""}},"ast-content-background-meta":{"desktop":{"background-color":"var(--ast-global-color-5)","background-image":"","background-repeat":"repeat","background-position":"center center","background-size":"auto","background-attachment":"scroll","background-type":"","background-media":"","overlay-type":"","overlay-color":"","overlay-opacity":"","overlay-gradient":""},"tablet":{"background-color":"var(--ast-global-color-5)","background-image":"","background-repeat":"repeat","background-position":"center center","background-size":"auto","background-attachment":"scroll","background-type":"","background-media":"","overlay-type":"","overlay-color":"","overlay-opacity":"","overlay-gradient":""},"mobile":{"background-color":"var(--ast-global-color-5)","background-image":"","background-repeat":"repeat","background-position":"center center","background-size":"auto","background-attachment":"scroll","background-type":"","background-media":"","overlay-type":"","overlay-color":"","overlay-opacity":"","overlay-gradient":""}},"footnotes":""},"class_list":["post-8078","page","type-page","status-publish","hentry"],"post_mailing_queue_ids":[],"_links":{"self":[{"href":"https:\/\/agora.xtec.cat\/iesnarcisoller\/wp-json\/wp\/v2\/pages\/8078","targetHints":{"allow":["GET"]}}],"collection":[{"href":"https:\/\/agora.xtec.cat\/iesnarcisoller\/wp-json\/wp\/v2\/pages"}],"about":[{"href":"https:\/\/agora.xtec.cat\/iesnarcisoller\/wp-json\/wp\/v2\/types\/page"}],"author":[{"embeddable":true,"href":"https:\/\/agora.xtec.cat\/iesnarcisoller\/wp-json\/wp\/v2\/users\/7"}],"replies":[{"embeddable":true,"href":"https:\/\/agora.xtec.cat\/iesnarcisoller\/wp-json\/wp\/v2\/comments?post=8078"}],"version-history":[{"count":6,"href":"https:\/\/agora.xtec.cat\/iesnarcisoller\/wp-json\/wp\/v2\/pages\/8078\/revisions"}],"predecessor-version":[{"id":12889,"href":"https:\/\/agora.xtec.cat\/iesnarcisoller\/wp-json\/wp\/v2\/pages\/8078\/revisions\/12889"}],"up":[{"embeddable":true,"href":"https:\/\/agora.xtec.cat\/iesnarcisoller\/wp-json\/wp\/v2\/pages\/19"}],"wp:attachment":[{"href":"https:\/\/agora.xtec.cat\/iesnarcisoller\/wp-json\/wp\/v2\/media?parent=8078"}],"curies":[{"name":"wp","href":"https:\/\/api.w.org\/{rel}","templated":true}]}}