{"id":8043,"date":"2020-07-10T13:12:15","date_gmt":"2020-07-10T11:12:15","guid":{"rendered":"http:\/\/agora.xtec.cat\/iesnarcisoller\/?page_id=8043"},"modified":"2025-09-15T10:06:56","modified_gmt":"2025-09-15T08:06:56","slug":"normativa","status":"publish","type":"page","link":"https:\/\/agora.xtec.cat\/iesnarcisoller\/secretaria\/normativa\/","title":{"rendered":"Normativa"},"content":{"rendered":"<h3><\/h3>\n<h3><a href=\"https:\/\/agora.xtec.cat\/iesnarcisoller\/wp-content\/uploads\/usu162\/2020\/07\/icons8-check-all-96.png\"><img loading=\"lazy\" decoding=\"async\" class=\"alignnone size-full wp-image-8051\" src=\"https:\/\/agora.xtec.cat\/iesnarcisoller\/wp-content\/uploads\/usu162\/2020\/07\/icons8-check-all-96.png\" alt=\"\" width=\"96\" height=\"96\" \/><\/a>Convalidacions ESO i Batxillerat<\/h3>\n<p>Podeu consultar la simultane\u00eftat d&#8217;ensenyaments de dansa i m\u00fasica, pr\u00e0ctica intensiva de l&#8217;esport i segona llengua en una EOI en el seg\u00fcent <a href=\"https:\/\/agora.xtec.cat\/iesnarcisoller\/wp-content\/uploads\/usu162\/2025\/07\/Convalidacions_ESO_i_Batxillerat_2025_26.pdf\">Convalidacions_ESO_i_Batxillerat_2025_26<\/a><\/p>\n<h3><a href=\"https:\/\/agora.xtec.cat\/iesnarcisoller\/wp-content\/uploads\/usu162\/2020\/07\/icons8-check-all-96.png\"><img loading=\"lazy\" decoding=\"async\" class=\"alignnone size-full wp-image-8051\" src=\"https:\/\/agora.xtec.cat\/iesnarcisoller\/wp-content\/uploads\/usu162\/2020\/07\/icons8-check-all-96.png\" alt=\"\" width=\"96\" height=\"96\" \/><\/a>Convalidacions Cicles Formatius<\/h3>\n<div dir=\"auto\">\n<p>Podeu consultar el Real Decreto:<\/p>\n<p class=\"documento-tit\"><a href=\"https:\/\/www.boe.es\/buscar\/doc.php?id=BOE-A-2020-17274\">Real Decreto 1085\/2020, de 9 de diciembre, por el que se establecen convalidaciones de m\u00f3dulos profesionales de los t\u00edtulos de Formaci\u00f3n Profesional del sistema educativo espa\u00f1ol y las medidas para su aplicaci\u00f3n, y se modifica el Real Decreto 1147\/2011, de 29 de julio, por el que se establece la ordenaci\u00f3n general de la formaci\u00f3n profesional del sistema educativo.<\/a><\/p>\n<p><strong>Una de les novetats d\u2019aquest decret, \u00e9s que per algunes de les convalidacions directes que facin els centres (d\u2019acord amb el que s\u2019indica a les taules de convalidacions), es traslladar\u00e0 la qualificaci\u00f3 del m\u00f2dul o unitat formativa convalidada i no constaran com a CV (convalidades) sin\u00f3 amb la nota del m\u00f2dul o unitat formativa d\u2019origen que convaliden.<\/strong><\/p>\n<p><a href=\"https:\/\/agora.xtec.cat\/iesnarcisoller\/wp-content\/uploads\/usu162\/2025\/07\/Convalidacions_CF_Pla_nou.pdf\">Convalidacions_CF_Pla_nou<\/a><\/p>\n<\/div>\n<h5><strong>\u00a0<\/strong><\/h5>\n<h3><a href=\"https:\/\/agora.xtec.cat\/iesnarcisoller\/wp-content\/uploads\/usu162\/2020\/07\/icons8-check-all-96-1.png\"><img loading=\"lazy\" decoding=\"async\" class=\"alignnone size-full wp-image-8052\" src=\"https:\/\/agora.xtec.cat\/iesnarcisoller\/wp-content\/uploads\/usu162\/2020\/07\/icons8-check-all-96-1.png\" alt=\"\" width=\"96\" height=\"96\" \/><\/a>Certificats d&#8217;equival\u00e8ncia del catal\u00e0<\/h3>\n<p>Per poder demanar l&#8217;equival\u00e8ncia del nivell de catal\u00e0 cal que comproveu abans si compliu algun dels requisits de la taula seg\u00fcent:<br \/>\n<a href=\"https:\/\/www.vidalibarraquer.net\/images\/arxius\/catala_taulaequiv.pdf\">Taula d&#8217;equival\u00e8ncies del nivell de catal\u00e0<\/a><\/p>\n<p>En cas afirmatiu, cal que ens entregueu la seg\u00fcent documentaci\u00f3:<\/p>\n<ul>\n<li style=\"list-style-type: none;\">\n<ul>\n<li>Sol\u00b7licitud degudament completada o tr\u00e0mit online<\/li>\n<li>Original i fotoc\u00f2pia del DNI, NIE o passaport (l&#8217;alumnat que hagi cursat l&#8217; ESO o el Batxillerat al nostre centre nom\u00e9s ha de portar l&#8217;original)<\/li>\n<li>Documentaci\u00f3 acad\u00e8mica (segons correspongui):<\/li>\n<\/ul>\n<\/li>\n<\/ul>\n<p><strong>Nivell B:<\/strong><\/p>\n<ul>\n<li style=\"list-style-type: none;\">\n<ul>\n<li style=\"list-style-type: none;\">\n<ul>\n<li>Original del llibre d&#8217;escolaritat d&#8217; EGB<\/li>\n<li>Original del llibre d&#8217;escolaritat d&#8217; EGB, del certificat de qualificacions d&#8217;FP1 i del t\u00edtol d&#8217;FP1<\/li>\n<li>Original del llibre d&#8217;escolaritat d&#8217; ESO<\/li>\n<\/ul>\n<\/li>\n<\/ul>\n<\/li>\n<\/ul>\n<p><strong>Nivell C:<\/strong><\/p>\n<ul>\n<li style=\"list-style-type: none;\">\n<ul>\n<li style=\"list-style-type: none;\">\n<ul>\n<li>Original del llibre d&#8217;escolaritat d&#8217; ESO<\/li>\n<li>Original del llibre d&#8217;escolaritat d&#8217; ESO, llibre qualificacions de BUP i llibre de qualificacions de Batxillerat (alumnat que va cursar 1r i 2n de BUP i despr\u00e9s el Batxillerat)<\/li>\n<li>Original del llibre d&#8217;escolaritat d&#8217; EGB i del llibre de qualificacions de BUP<\/li>\n<li>Original del llibre d&#8217;escolaritat d&#8217; EGB, del certificat de qualificacions d&#8217;FP1 i FP2 i del t\u00edtol d&#8217;FP2<\/li>\n<li>Certificats de matr\u00edcula ( del curs actual i de cursos anteriors)<\/li>\n<li>Certificats de qualificacions.<\/li>\n<\/ul>\n<\/li>\n<\/ul>\n<\/li>\n<\/ul>\n<h3><a href=\"https:\/\/agora.xtec.cat\/iesnarcisoller\/wp-content\/uploads\/usu162\/2020\/07\/icons8-check-all-96.png\"><img loading=\"lazy\" decoding=\"async\" class=\"alignnone size-full wp-image-8051\" src=\"https:\/\/agora.xtec.cat\/iesnarcisoller\/wp-content\/uploads\/usu162\/2020\/07\/icons8-check-all-96.png\" alt=\"\" width=\"96\" height=\"96\" \/><\/a>Exempcions FCT 2025-26<\/h3>\n<p>Podeu trobar tota la normativa de la FCT en el seg\u00fcent <a href=\"https:\/\/agora.xtec.cat\/iesnarcisoller\/wp-content\/uploads\/usu162\/2025\/09\/normativa-formacio-centres-treball.pdf\">Normativa Formaci\u00f3 en centres de treball<\/a>.<\/p>\n","protected":false},"excerpt":{"rendered":"<p>Convalidacions ESO i Batxillerat Podeu consultar la simultane\u00eftat d&#8217;ensenyaments de dansa i m\u00fasica, pr\u00e0ctica intensiva de l&#8217;esport i segona llengua en una EOI en el seg\u00fcent Convalidacions_ESO_i_Batxillerat_2025_26 Convalidacions Cicles Formatius Podeu consultar el Real Decreto: Real Decreto 1085\/2020, de 9 de diciembre, por el que se establecen convalidaciones de m\u00f3dulos profesionales de los t\u00edtulos de [&hellip;]<\/p>\n","protected":false},"author":7,"featured_media":0,"parent":81,"menu_order":6,"comment_status":"closed","ping_status":"closed","template":"page-templates\/side-menu.php","meta":{"_bbp_topic_count":0,"_bbp_reply_count":0,"_bbp_total_topic_count":0,"_bbp_total_reply_count":0,"_bbp_voice_count":0,"_bbp_anonymous_reply_count":0,"_bbp_topic_count_hidden":0,"_bbp_reply_count_hidden":0,"_bbp_forum_subforum_count":0,"site-sidebar-layout":"default","site-content-layout":"","ast-site-content-layout":"default","site-content-style":"default","site-sidebar-style":"default","ast-global-header-display":"","ast-banner-title-visibility":"","ast-main-header-display":"","ast-hfb-above-header-display":"","ast-hfb-below-header-display":"","ast-hfb-mobile-header-display":"","site-post-title":"","ast-breadcrumbs-content":"","ast-featured-img":"","footer-sml-layout":"","theme-transparent-header-meta":"","adv-header-id-meta":"","stick-header-meta":"","header-above-stick-meta":"","header-main-stick-meta":"","header-below-stick-meta":"","astra-migrate-meta-layouts":"set","ast-page-background-enabled":"default","ast-page-background-meta":{"desktop":{"background-color":"var(--ast-global-color-4)","background-image":"","background-repeat":"repeat","background-position":"center center","background-size":"auto","background-attachment":"scroll","background-type":"","background-media":"","overlay-type":"","overlay-color":"","overlay-opacity":"","overlay-gradient":""},"tablet":{"background-color":"","background-image":"","background-repeat":"repeat","background-position":"center center","background-size":"auto","background-attachment":"scroll","background-type":"","background-media":"","overlay-type":"","overlay-color":"","overlay-opacity":"","overlay-gradient":""},"mobile":{"background-color":"","background-image":"","background-repeat":"repeat","background-position":"center center","background-size":"auto","background-attachment":"scroll","background-type":"","background-media":"","overlay-type":"","overlay-color":"","overlay-opacity":"","overlay-gradient":""}},"ast-content-background-meta":{"desktop":{"background-color":"var(--ast-global-color-5)","background-image":"","background-repeat":"repeat","background-position":"center center","background-size":"auto","background-attachment":"scroll","background-type":"","background-media":"","overlay-type":"","overlay-color":"","overlay-opacity":"","overlay-gradient":""},"tablet":{"background-color":"var(--ast-global-color-5)","background-image":"","background-repeat":"repeat","background-position":"center center","background-size":"auto","background-attachment":"scroll","background-type":"","background-media":"","overlay-type":"","overlay-color":"","overlay-opacity":"","overlay-gradient":""},"mobile":{"background-color":"var(--ast-global-color-5)","background-image":"","background-repeat":"repeat","background-position":"center center","background-size":"auto","background-attachment":"scroll","background-type":"","background-media":"","overlay-type":"","overlay-color":"","overlay-opacity":"","overlay-gradient":""}},"footnotes":""},"class_list":["post-8043","page","type-page","status-publish","hentry"],"post_mailing_queue_ids":[],"_links":{"self":[{"href":"https:\/\/agora.xtec.cat\/iesnarcisoller\/wp-json\/wp\/v2\/pages\/8043","targetHints":{"allow":["GET"]}}],"collection":[{"href":"https:\/\/agora.xtec.cat\/iesnarcisoller\/wp-json\/wp\/v2\/pages"}],"about":[{"href":"https:\/\/agora.xtec.cat\/iesnarcisoller\/wp-json\/wp\/v2\/types\/page"}],"author":[{"embeddable":true,"href":"https:\/\/agora.xtec.cat\/iesnarcisoller\/wp-json\/wp\/v2\/users\/7"}],"replies":[{"embeddable":true,"href":"https:\/\/agora.xtec.cat\/iesnarcisoller\/wp-json\/wp\/v2\/comments?post=8043"}],"version-history":[{"count":6,"href":"https:\/\/agora.xtec.cat\/iesnarcisoller\/wp-json\/wp\/v2\/pages\/8043\/revisions"}],"predecessor-version":[{"id":12980,"href":"https:\/\/agora.xtec.cat\/iesnarcisoller\/wp-json\/wp\/v2\/pages\/8043\/revisions\/12980"}],"up":[{"embeddable":true,"href":"https:\/\/agora.xtec.cat\/iesnarcisoller\/wp-json\/wp\/v2\/pages\/81"}],"wp:attachment":[{"href":"https:\/\/agora.xtec.cat\/iesnarcisoller\/wp-json\/wp\/v2\/media?parent=8043"}],"curies":[{"name":"wp","href":"https:\/\/api.w.org\/{rel}","templated":true}]}}