{"id":664,"date":"2015-02-20T00:41:21","date_gmt":"2015-02-19T23:41:21","guid":{"rendered":"http:\/\/agora.xtec.cat\/iesnarcisoller\/?page_id=664"},"modified":"2024-10-24T09:07:27","modified_gmt":"2024-10-24T07:07:27","slug":"projectes-dinnovacio-educativa","status":"publish","type":"page","link":"https:\/\/agora.xtec.cat\/iesnarcisoller\/projectes-dinnovacio-educativa\/","title":{"rendered":"Projectes"},"content":{"rendered":"<h1><a href=\"https:\/\/agora.xtec.cat\/iesnarcisoller\/projectes-dinnovacio-educativa\/programa-sensei\/\" target=\"_blank\" rel=\"noopener\"><img loading=\"lazy\" decoding=\"async\" class=\"alignnone wp-image-12309\" src=\"https:\/\/agora.xtec.cat\/iesnarcisoller\/wp-content\/uploads\/usu162\/2024\/09\/Captura-de-pantalla-2024-09-06-a-les-9.40.11-300x113.png\" alt=\"\" width=\"863\" height=\"325\" srcset=\"https:\/\/agora.xtec.cat\/iesnarcisoller\/wp-content\/uploads\/usu162\/2024\/09\/Captura-de-pantalla-2024-09-06-a-les-9.40.11-300x113.png 300w, https:\/\/agora.xtec.cat\/iesnarcisoller\/wp-content\/uploads\/usu162\/2024\/09\/Captura-de-pantalla-2024-09-06-a-les-9.40.11-1024x386.png 1024w, https:\/\/agora.xtec.cat\/iesnarcisoller\/wp-content\/uploads\/usu162\/2024\/09\/Captura-de-pantalla-2024-09-06-a-les-9.40.11-768x289.png 768w, https:\/\/agora.xtec.cat\/iesnarcisoller\/wp-content\/uploads\/usu162\/2024\/09\/Captura-de-pantalla-2024-09-06-a-les-9.40.11-1536x579.png 1536w, https:\/\/agora.xtec.cat\/iesnarcisoller\/wp-content\/uploads\/usu162\/2024\/09\/Captura-de-pantalla-2024-09-06-a-les-9.40.11.png 1900w\" sizes=\"auto, (max-width: 863px) 100vw, 863px\" \/><\/a><\/h1>\n<h1><\/h1>\n<h1><a href=\"https:\/\/agora.xtec.cat\/iesnarcisoller\/centre-formador-master-universitari-de-formacio-del-professorat-de-secundaria-mufps\/\"><img loading=\"lazy\" decoding=\"async\" class=\"alignnone size-medium wp-image-12035\" src=\"https:\/\/agora.xtec.cat\/iesnarcisoller\/wp-content\/uploads\/usu162\/2024\/05\/2798EFD1-6C6D-4EFA-B89D-A0B06D4E0D0E-300x300.jpg\" alt=\"\" width=\"300\" height=\"300\" srcset=\"https:\/\/agora.xtec.cat\/iesnarcisoller\/wp-content\/uploads\/usu162\/2024\/05\/2798EFD1-6C6D-4EFA-B89D-A0B06D4E0D0E-300x300.jpg 300w, https:\/\/agora.xtec.cat\/iesnarcisoller\/wp-content\/uploads\/usu162\/2024\/05\/2798EFD1-6C6D-4EFA-B89D-A0B06D4E0D0E-150x150.jpg 150w, https:\/\/agora.xtec.cat\/iesnarcisoller\/wp-content\/uploads\/usu162\/2024\/05\/2798EFD1-6C6D-4EFA-B89D-A0B06D4E0D0E.jpg 500w\" sizes=\"auto, (max-width: 300px) 100vw, 300px\" \/><\/a> <a href=\"https:\/\/agora.xtec.cat\/iesnarcisoller\/projectes-dinnovacio-educativa\/centre-formador-master-universitari-de-formacio-del-professorat-de-secundaria-mufps\/\" target=\"_blank\" rel=\"noopener\">M\u00e0ster Universitari de Formaci\u00f3 del Professorat de Secund\u00e0ria<\/a><\/h1>\n<p>&nbsp;<\/p>\n<h1><\/h1>\n<h1><a href=\"https:\/\/agora.xtec.cat\/iesnarcisoller\/projectes-dinnovacio-educativa\/global-scholars\/\" target=\"_blank\" rel=\"noopener\"><img loading=\"lazy\" decoding=\"async\" class=\"size-full wp-image-8929 alignnone\" src=\"https:\/\/agora.xtec.cat\/iesnarcisoller\/wp-content\/uploads\/usu162\/2021\/11\/globalscholarslogotransparent.png\" alt=\"\" width=\"300\" height=\"214\" \/><\/a><a href=\"https:\/\/agora.xtec.cat\/iesnarcisoller\/projectes-dinnovacio-educativa\/global-scholars\/\">Projecte Global Scholars<\/a><\/h1>\n<p>&nbsp;<\/p>\n<h1><a href=\"https:\/\/agora.xtec.cat\/iesnarcisoller\/projectes-dinnovacio-educativa\/erasmus\/\" target=\"_blank\" rel=\"noopener\"><img loading=\"lazy\" decoding=\"async\" class=\"size-medium wp-image-7450 alignnone\" src=\"https:\/\/agora.xtec.cat\/iesnarcisoller\/wp-content\/uploads\/usu162\/2020\/01\/Logo-Color-Lets-Jam-287x300.jpg\" alt=\"\" width=\"287\" height=\"300\" data-wp-editing=\"1\" srcset=\"https:\/\/agora.xtec.cat\/iesnarcisoller\/wp-content\/uploads\/usu162\/2020\/01\/Logo-Color-Lets-Jam-287x300.jpg 287w, https:\/\/agora.xtec.cat\/iesnarcisoller\/wp-content\/uploads\/usu162\/2020\/01\/Logo-Color-Lets-Jam.jpg 638w\" sizes=\"auto, (max-width: 287px) 100vw, 287px\" \/>ERASMUS+\u00a0<\/a><a href=\"https:\/\/agora.xtec.cat\/iesnarcisoller\/general\/lets-jamm-erasmus\/\" target=\"_blank\" rel=\"noopener\">Projecte Let&#8217;s Jam<\/a><\/h1>\n<p>&nbsp;<\/p>\n<p><a href=\"https:\/\/agora.xtec.cat\/iesnarcisoller\/projecte-educatiu\/estrategia-digital-de-centre-edc\/\"><img loading=\"lazy\" decoding=\"async\" class=\"alignleft wp-image-10736\" src=\"https:\/\/agora.xtec.cat\/iesnarcisoller\/wp-content\/uploads\/usu162\/2023\/06\/Logo-Espai-Digital-High-Pixel-True-Mockup-vermellos.png\" alt=\"\" width=\"287\" height=\"287\" srcset=\"https:\/\/agora.xtec.cat\/iesnarcisoller\/wp-content\/uploads\/usu162\/2023\/06\/Logo-Espai-Digital-High-Pixel-True-Mockup-vermellos.png 667w, https:\/\/agora.xtec.cat\/iesnarcisoller\/wp-content\/uploads\/usu162\/2023\/06\/Logo-Espai-Digital-High-Pixel-True-Mockup-vermellos-300x300.png 300w, https:\/\/agora.xtec.cat\/iesnarcisoller\/wp-content\/uploads\/usu162\/2023\/06\/Logo-Espai-Digital-High-Pixel-True-Mockup-vermellos-150x150.png 150w\" sizes=\"auto, (max-width: 287px) 100vw, 287px\" \/><\/a><\/p>\n<h1><a href=\"https:\/\/agora.xtec.cat\/iesnarcisoller\/projecte-educatiu\/estrategia-digital-de-centre-edc\/\">Projectes d&#8217;innovaci\u00f3 digital<\/a><\/h1>\n<h1><a href=\"https:\/\/agora.xtec.cat\/iesnarcisoller\/projecte-educatiu\/estrategia-digital-de-centre-edc\/\">Espai Digital i Estrat\u00e8gia digital de Centre<\/a><\/h1>\n<p>&nbsp;<\/p>\n<p>&nbsp;<\/p>\n<p>&nbsp;<\/p>\n<p><iframe loading=\"lazy\" src=\"https:\/\/www.symbaloo.com\/embed\/institutnarcisoller?bgcolor=000000&amp;widget=70\" name=\"_symFrame\" width=\"920px\" height=\"600px\" frameborder=\"0\"><\/iframe><\/p>\n<h3>Programes d&#8217;Innovaci\u00f3 Pedag\u00f2gica<\/h3>\n<p><a href=\"https:\/\/innovacio.xtec.gencat.cat\/#\/centre\/43004608\" target=\"_blank\" rel=\"noopener noreferrer\">Extret del web: Programes d&#8217;Innovaci\u00f3 Pedag\u00f2gica (XTEC)<\/a><\/p>\n<section class=\"seccio centre\">\n<div class=\"MuiPaper-root MuiPaper-elevation1 paper MuiPaper-rounded\">\n<div class=\"logo-nom-seccio\">\n<p><img decoding=\"async\" class=\"seccio-logo alignright\" src=\"https:\/\/clic.xtec.cat\/pub\/logos\/43004608.png\" alt=\"Institut Narc\u00eds Oller\" \/><\/p>\n<div class=\"nom-seccio\">\n<h4 class=\"MuiTypography-root MuiTypography-h4\">Institut Narc\u00eds Oller<\/h4>\n<div id=\"tipus\">Centre\u00a0p\u00fablic<\/div>\n<\/div>\n<\/div>\n<div class=\"adreca\">\n<p>c. Francesc Gum\u00e0 Ferran, 1 &#8211; 43800 Valls<br \/>\nValls (Alt Camp)<br \/>\nTel. 977601094, 977605605<\/p>\n<\/div>\n<div id=\"info\"><a class=\"MuiButtonBase-root MuiButton-root info-btn MuiButton-contained\" tabindex=\"0\" title=\"http:\/\/agora.xtec.cat\/iesnarcisoller\" href=\"http:\/\/agora.xtec.cat\/iesnarcisoller\" target=\"_blank\" rel=\"noopener noreferrer\" aria-disabled=\"false\"><span class=\"MuiButton-label\">WEB<\/span><\/a><\/div>\n<div><\/div>\n<div><a class=\"MuiButtonBase-root MuiButton-root info-btn MuiButton-contained\" tabindex=\"0\" title=\"e3004608@xtec.cat\" href=\"mailto:e3004608@xtec.cat\" target=\"_blank\" rel=\"noopener noreferrer\" aria-disabled=\"false\"><span class=\"MuiButton-label\">CONTACTE<\/span><\/a><\/div>\n<h6><\/h6>\n<h6 class=\"MuiTypography-root MuiTypography-h6\">Estudis<\/h6>\n<ul>\n<li>Educaci\u00f3 secund\u00e0ria obligat\u00f2ria<\/li>\n<li>Batxillerat<\/li>\n<li>Cicles formatius de grau mitj\u00e0<\/li>\n<li>Cicles formatius de grau superior<\/li>\n<li>IFE T\u00e8cnic en manteniment d&#8217;instal\u00b7lacions esportives<\/li>\n<\/ul>\n<h6 class=\"MuiTypography-root MuiTypography-h6\">Zones<\/h6>\n<ul>\n<li><a href=\"https:\/\/innovacio.xtec.gencat.cat\/#\/zona\/TAR\">Serveis Territorials de Tarragona<\/a><\/li>\n<li><a href=\"https:\/\/innovacio.xtec.gencat.cat\/#\/zona\/43870702\">Servei Educatiu de l&#8217;Alt Camp<\/a><\/li>\n<\/ul>\n<h6 class=\"MuiTypography-root MuiTypography-h6\">Programes on participa<\/h6>\n<div class=\"MuiListItemAvatar-root\">\n<div class=\"MuiAvatar-root\"><img decoding=\"async\" class=\"MuiAvatar-img\" src=\"https:\/\/innovacio.xtec.gencat.cat\/logos\/mini\/generic.png\" alt=\"#aquiproubullying\" \/><\/div>\n<\/div>\n<div class=\"MuiListItemText-root MuiListItemText-multiline\">\n<p><span class=\"MuiTypography-root MuiListItemText-primary MuiTypography-body1\">#aquiproubullying<\/span><\/p>\n<\/div>\n<div class=\"MuiListItemAvatar-root\">\n<div class=\"MuiAvatar-root\"><img decoding=\"async\" class=\"MuiAvatar-img\" src=\"https:\/\/innovacio.xtec.gencat.cat\/logos\/mini\/gep.png\" alt=\"Generaci\u00f3 pluriling\u00fce (GEP)\" \/><\/div>\n<\/div>\n<div class=\"MuiListItemText-root MuiListItemText-multiline\">\n<p><span class=\"MuiTypography-root MuiListItemText-primary MuiTypography-body1\">Generaci\u00f3 pluriling\u00fce (GEP)<\/span><\/p>\n<\/div>\n<div class=\"MuiListItemAvatar-root\">\n<div class=\"MuiAvatar-root\"><img decoding=\"async\" class=\"MuiAvatar-img\" src=\"https:\/\/innovacio.xtec.gencat.cat\/logos\/mini\/mobils.png\" alt=\"M\u00f2bils.edu\" \/><\/div>\n<\/div>\n<div class=\"MuiListItemText-root MuiListItemText-multiline\">\n<p><span class=\"MuiTypography-root MuiListItemText-primary MuiTypography-body1\">M\u00f2bils.edu<\/span><\/p>\n<\/div>\n<div class=\"MuiListItemAvatar-root\">\n<div class=\"MuiAvatar-root\"><img decoding=\"async\" class=\"MuiAvatar-img\" src=\"https:\/\/innovacio.xtec.gencat.cat\/logos\/mini\/tda.png\" alt=\"Programa d'innovaci\u00f3 &quot;Tecnologies Digitals per a l'Aprenentatge&quot;\" \/><\/div>\n<\/div>\n<div class=\"MuiListItemText-root MuiListItemText-multiline\">\n<p><span class=\"MuiTypography-root MuiListItemText-primary MuiTypography-body1\">Programa d&#8217;innovaci\u00f3 &#8220;Tecnologies Digitals per a l&#8217;Aprenentatge&#8221;<\/span><\/p>\n<\/div>\n<div class=\"MuiListItemAvatar-root\">\n<div class=\"MuiAvatar-root\"><img decoding=\"async\" class=\"MuiAvatar-img\" src=\"https:\/\/innovacio.xtec.gencat.cat\/logos\/mini\/fpdual.png\" alt=\"Programa de formaci\u00f3 en alternan\u00e7a en els ensenyaments de formaci\u00f3 professional inicial\" \/><\/div>\n<\/div>\n<div class=\"MuiListItemText-root MuiListItemText-multiline\">\n<p><span class=\"MuiTypography-root MuiListItemText-primary MuiTypography-body1\">Programa de formaci\u00f3 en alternan\u00e7a en els ensenyaments de formaci\u00f3 professional inicial<\/span><\/p>\n<\/div>\n<\/div>\n<\/section>\n<section class=\"seccio smapa\">\n<div class=\"MuiPaper-root MuiPaper-elevation1 paper MuiPaper-rounded\">\n<div class=\"mapa-centre leaflet-container leaflet-touch leaflet-fade-anim leaflet-grab leaflet-touch-drag leaflet-touch-zoom\" tabindex=\"0\">\n<div class=\"leaflet-pane leaflet-map-pane\">\n<div class=\"leaflet-pane leaflet-overlay-pane\"><\/div>\n<div class=\"leaflet-pane leaflet-marker-pane\"><a href=\"https:\/\/innovacio.xtec.gencat.cat\/#\/centre\/43004608\"><img loading=\"lazy\" decoding=\"async\" class=\"leaflet-marker-icon leaflet-zoom-animated leaflet-interactive alignnone\" tabindex=\"0\" src=\"https:\/\/innovacio.xtec.gencat.cat\/images\/marker-icon.png\" alt=\"\" width=\"25\" height=\"41\" \/><\/a><\/div>\n<div class=\"leaflet-pane leaflet-tooltip-pane\"><\/div>\n<div class=\"leaflet-pane leaflet-popup-pane\"><\/div>\n<\/div>\n<div class=\"leaflet-control-container\">\n<div class=\"leaflet-bottom leaflet-right\">\n<div class=\"leaflet-control-attribution leaflet-control\"><a title=\"A JS library for interactive maps\" href=\"https:\/\/leafletjs.com\/\">Leaflet<\/a>\u00a0|\u00a0<a href=\"https:\/\/wikimediafoundation.org\/wiki\/Maps_Terms_of_Use\">Wikimedia<\/a><\/div>\n<\/div>\n<\/div>\n<\/div>\n<\/div>\n<\/section>\n<p>&nbsp;<\/p>\n<footer>\n<div class=\"footer-content\">\n<p><a class=\"logo-gencat\" title=\"Generalitat de Catalunya\" href=\"https:\/\/web.gencat.cat\/\" target=\"_top\" rel=\"noopener noreferrer\">gencat.cat<\/a><\/p>\n<p class=\"MuiTypography-root copyright MuiTypography-body2\"><a href=\"https:\/\/innovacio.xtec.cat\/\">Mapa de la innovaci\u00f3 pedag\u00f2gica de Catalunya\u00a0v1.1.7<\/a><br \/>\n<a href=\"http:\/\/www.xtec.cat\/\">\u00a9 2019 Departament d&#8217;Educaci\u00f3 de la Generalitat de Catalunya<\/a><br \/>\n<a href=\"https:\/\/spdx.org\/licenses\/EUPL-1.2.html\">Llic\u00e8ncia P\u00fablica de la Uni\u00f3 Europea\u00a0EUPL-1.2<\/a><br \/>\n<a href=\"https:\/\/github.com\/projectestac\/mapa-innovacio-edu\">https:\/\/github.com\/projectestac\/mapa-innovacio-edu<\/a><\/p>\n<p><a href=\"https:\/\/web.gencat.cat\/ca\/menu-ajuda\/ajuda\/avis_legal\/\"><strong>Av\u00eds legal<\/strong><\/a>: D\u2019acord amb l\u2019article 17.1 de la Llei 19\/2014, la \u00a9Generalitat de Catalunya permet la reutilitzaci\u00f3 dels continguts i de les dades sempre que se&#8217;n citi la font i la data d&#8217;actualitzaci\u00f3 i que no es desnaturalitzi la informaci\u00f3 (article 8 de la Llei 37\/2007) i tamb\u00e9 que no es contradigui amb una llic\u00e8ncia espec\u00edfica.<\/p>\n<\/div>\n<\/footer>\n","protected":false},"excerpt":{"rendered":"<p>M\u00e0ster Universitari de Formaci\u00f3 del Professorat de Secund\u00e0ria &nbsp; Projecte Global Scholars &nbsp; ERASMUS+\u00a0Projecte Let&#8217;s Jam &nbsp; Projectes d&#8217;innovaci\u00f3 digital Espai Digital i Estrat\u00e8gia digital de Centre &nbsp; &nbsp; &nbsp; Programes d&#8217;Innovaci\u00f3 Pedag\u00f2gica Extret del web: Programes d&#8217;Innovaci\u00f3 Pedag\u00f2gica (XTEC) Institut Narc\u00eds Oller Centre\u00a0p\u00fablic c. Francesc Gum\u00e0 Ferran, 1 &#8211; 43800 Valls Valls (Alt Camp) [&hellip;]<\/p>\n","protected":false},"author":1,"featured_media":0,"parent":0,"menu_order":0,"comment_status":"closed","ping_status":"closed","template":"page-templates\/side-menu.php","meta":{"_bbp_topic_count":0,"_bbp_reply_count":0,"_bbp_total_topic_count":0,"_bbp_total_reply_count":0,"_bbp_voice_count":0,"_bbp_anonymous_reply_count":0,"_bbp_topic_count_hidden":0,"_bbp_reply_count_hidden":0,"_bbp_forum_subforum_count":0,"site-sidebar-layout":"default","site-content-layout":"","ast-site-content-layout":"","site-content-style":"default","site-sidebar-style":"default","ast-global-header-display":"","ast-banner-title-visibility":"","ast-main-header-display":"","ast-hfb-above-header-display":"","ast-hfb-below-header-display":"","ast-hfb-mobile-header-display":"","site-post-title":"","ast-breadcrumbs-content":"","ast-featured-img":"","footer-sml-layout":"","theme-transparent-header-meta":"","adv-header-id-meta":"","stick-header-meta":"","header-above-stick-meta":"","header-main-stick-meta":"","header-below-stick-meta":"","astra-migrate-meta-layouts":"default","ast-page-background-enabled":"default","ast-page-background-meta":{"desktop":{"background-color":"var(--ast-global-color-4)","background-image":"","background-repeat":"repeat","background-position":"center center","background-size":"auto","background-attachment":"scroll","background-type":"","background-media":"","overlay-type":"","overlay-color":"","overlay-opacity":"","overlay-gradient":""},"tablet":{"background-color":"","background-image":"","background-repeat":"repeat","background-position":"center center","background-size":"auto","background-attachment":"scroll","background-type":"","background-media":"","overlay-type":"","overlay-color":"","overlay-opacity":"","overlay-gradient":""},"mobile":{"background-color":"","background-image":"","background-repeat":"repeat","background-position":"center center","background-size":"auto","background-attachment":"scroll","background-type":"","background-media":"","overlay-type":"","overlay-color":"","overlay-opacity":"","overlay-gradient":""}},"ast-content-background-meta":{"desktop":{"background-color":"var(--ast-global-color-5)","background-image":"","background-repeat":"repeat","background-position":"center center","background-size":"auto","background-attachment":"scroll","background-type":"","background-media":"","overlay-type":"","overlay-color":"","overlay-opacity":"","overlay-gradient":""},"tablet":{"background-color":"var(--ast-global-color-5)","background-image":"","background-repeat":"repeat","background-position":"center center","background-size":"auto","background-attachment":"scroll","background-type":"","background-media":"","overlay-type":"","overlay-color":"","overlay-opacity":"","overlay-gradient":""},"mobile":{"background-color":"var(--ast-global-color-5)","background-image":"","background-repeat":"repeat","background-position":"center center","background-size":"auto","background-attachment":"scroll","background-type":"","background-media":"","overlay-type":"","overlay-color":"","overlay-opacity":"","overlay-gradient":""}},"footnotes":""},"class_list":["post-664","page","type-page","status-publish","hentry"],"post_mailing_queue_ids":[],"_links":{"self":[{"href":"https:\/\/agora.xtec.cat\/iesnarcisoller\/wp-json\/wp\/v2\/pages\/664","targetHints":{"allow":["GET"]}}],"collection":[{"href":"https:\/\/agora.xtec.cat\/iesnarcisoller\/wp-json\/wp\/v2\/pages"}],"about":[{"href":"https:\/\/agora.xtec.cat\/iesnarcisoller\/wp-json\/wp\/v2\/types\/page"}],"author":[{"embeddable":true,"href":"https:\/\/agora.xtec.cat\/iesnarcisoller\/wp-json\/wp\/v2\/users\/1"}],"replies":[{"embeddable":true,"href":"https:\/\/agora.xtec.cat\/iesnarcisoller\/wp-json\/wp\/v2\/comments?post=664"}],"version-history":[{"count":7,"href":"https:\/\/agora.xtec.cat\/iesnarcisoller\/wp-json\/wp\/v2\/pages\/664\/revisions"}],"predecessor-version":[{"id":12382,"href":"https:\/\/agora.xtec.cat\/iesnarcisoller\/wp-json\/wp\/v2\/pages\/664\/revisions\/12382"}],"wp:attachment":[{"href":"https:\/\/agora.xtec.cat\/iesnarcisoller\/wp-json\/wp\/v2\/media?parent=664"}],"curies":[{"name":"wp","href":"https:\/\/api.w.org\/{rel}","templated":true}]}}