{"id":640,"date":"2015-02-19T22:50:19","date_gmt":"2015-02-19T21:50:19","guid":{"rendered":"http:\/\/agora.xtec.cat\/iesnarcisoller\/?page_id=640"},"modified":"2023-11-18T11:37:47","modified_gmt":"2023-11-18T10:37:47","slug":"benvinguda-del-director","status":"publish","type":"page","link":"https:\/\/agora.xtec.cat\/iesnarcisoller\/linstitut\/benvinguda-del-director\/","title":{"rendered":"Benvinguda del Director"},"content":{"rendered":"<div id=\"id4\" class=\"style_SkipStroke_2 shape-with-text\">\n<div class=\"text-content style_External_983_277\">\n<div class=\"style_1\">\n<p class=\"paragraph_style_1\">\u00a0\u00a0<span class=\"style_2\">Us donem la benvinguda al nostre portal web. Aquest espai virtual \u00e9s un reflex del nostre centre, un institut amb una hist\u00f2ria de m\u00e9s de 70 anys impartint doc\u00e8ncia a l&#8217;alumnat de Valls i l&#8217;Alt Camp. Hi trobareu les activitats que les persones que formem part de la comunitat educativa duem a terme al llarg del curs acad\u00e8mic, tamb\u00e9 hi trobareu totes aquelles informacions que poden ser d&#8217;utilitat a l&#8217;alumnat i a les seves fam\u00edlies.<br \/>\n<\/span><\/p>\n<p class=\"paragraph_style_2\"><span class=\"style_3\">\u00a0 \u00a0\u00a0<\/span> \u00a0 Volem que aquest espai sigui una finestra oberta a l&#8217;exterior, volem que sigui un instrument de participaci\u00f3 de tota la comunitat educativa. Per aix\u00f2 us animem a prendre-hi part a trav\u00e9s dels correus electr\u00f2nics que hi teniu a la vostra disposici\u00f3. Tanmateix, el centre compta amb una eina inform\u00e0tica interactiva, la plataforma iEduca, que ens permet estar comunicats en tot moment. Nom\u00e9s aix\u00ed, amb la contribuci\u00f3 de tots els agents implicats, avan\u00e7arem plegats en aquest objectiu com\u00fa que \u00e9s la formaci\u00f3 dels nostres alumnes.<\/p>\n<p class=\"paragraph_style_3\"><span class=\"style_3\">Andreu Dexeus i Domingo<br \/>\nDirector<\/span><\/p>\n<p style=\"text-align: center;\"><a href=\"https:\/\/agora.xtec.cat\/iesnarcisoller\/wp-content\/uploads\/usu162\/2019\/08\/logo-institut-petit.gif\"><img loading=\"lazy\" decoding=\"async\" class=\"alignnone size-medium wp-image-7060\" src=\"https:\/\/agora.xtec.cat\/iesnarcisoller\/wp-content\/uploads\/usu162\/2019\/08\/logo-institut-petit-300x140.gif\" alt=\"\" width=\"300\" height=\"140\" srcset=\"https:\/\/agora.xtec.cat\/iesnarcisoller\/wp-content\/uploads\/usu162\/2019\/08\/logo-institut-petit-300x140.gif 300w, https:\/\/agora.xtec.cat\/iesnarcisoller\/wp-content\/uploads\/usu162\/2019\/08\/logo-institut-petit-768x358.gif 768w, https:\/\/agora.xtec.cat\/iesnarcisoller\/wp-content\/uploads\/usu162\/2019\/08\/logo-institut-petit-1024x477.gif 1024w\" sizes=\"auto, (max-width: 300px) 100vw, 300px\" \/><\/a><\/p>\n<p>&nbsp;<\/p>\n<p style=\"text-align: center;\"><a href=\"https:\/\/agora.xtec.cat\/iesnarcisoller\/wp-content\/uploads\/usu162\/2019\/08\/Departament-dEducaci\u00f3.gif\"><img loading=\"lazy\" decoding=\"async\" class=\"wp-image-7040 alignright\" src=\"https:\/\/agora.xtec.cat\/iesnarcisoller\/wp-content\/uploads\/usu162\/2019\/08\/Departament-dEducaci\u00f3-300x51.gif\" alt=\"\" width=\"123\" height=\"21\" \/><\/a><\/p>\n<\/div>\n<\/div>\n<\/div>\n<div class=\"spacer\"><\/div>\n","protected":false},"excerpt":{"rendered":"<p>\u00a0\u00a0Us donem la benvinguda al nostre portal web. Aquest espai virtual \u00e9s un reflex del nostre centre, un institut amb una hist\u00f2ria de m\u00e9s de 70 anys impartint doc\u00e8ncia a l&#8217;alumnat de Valls i l&#8217;Alt Camp. Hi trobareu les activitats que les persones que formem part de la comunitat educativa duem a terme al llarg [&hellip;]<\/p>\n","protected":false},"author":1,"featured_media":0,"parent":19,"menu_order":0,"comment_status":"closed","ping_status":"closed","template":"page-templates\/side-menu.php","meta":{"_bbp_topic_count":0,"_bbp_reply_count":0,"_bbp_total_topic_count":0,"_bbp_total_reply_count":0,"_bbp_voice_count":0,"_bbp_anonymous_reply_count":0,"_bbp_topic_count_hidden":0,"_bbp_reply_count_hidden":0,"_bbp_forum_subforum_count":0,"site-sidebar-layout":"default","site-content-layout":"","ast-site-content-layout":"","site-content-style":"default","site-sidebar-style":"default","ast-global-header-display":"","ast-banner-title-visibility":"","ast-main-header-display":"","ast-hfb-above-header-display":"","ast-hfb-below-header-display":"","ast-hfb-mobile-header-display":"","site-post-title":"","ast-breadcrumbs-content":"","ast-featured-img":"","footer-sml-layout":"","theme-transparent-header-meta":"","adv-header-id-meta":"","stick-header-meta":"","header-above-stick-meta":"","header-main-stick-meta":"","header-below-stick-meta":"","astra-migrate-meta-layouts":"default","ast-page-background-enabled":"default","ast-page-background-meta":{"desktop":{"background-color":"var(--ast-global-color-4)","background-image":"","background-repeat":"repeat","background-position":"center center","background-size":"auto","background-attachment":"scroll","background-type":"","background-media":"","overlay-type":"","overlay-color":"","overlay-opacity":"","overlay-gradient":""},"tablet":{"background-color":"","background-image":"","background-repeat":"repeat","background-position":"center center","background-size":"auto","background-attachment":"scroll","background-type":"","background-media":"","overlay-type":"","overlay-color":"","overlay-opacity":"","overlay-gradient":""},"mobile":{"background-color":"","background-image":"","background-repeat":"repeat","background-position":"center center","background-size":"auto","background-attachment":"scroll","background-type":"","background-media":"","overlay-type":"","overlay-color":"","overlay-opacity":"","overlay-gradient":""}},"ast-content-background-meta":{"desktop":{"background-color":"var(--ast-global-color-5)","background-image":"","background-repeat":"repeat","background-position":"center center","background-size":"auto","background-attachment":"scroll","background-type":"","background-media":"","overlay-type":"","overlay-color":"","overlay-opacity":"","overlay-gradient":""},"tablet":{"background-color":"var(--ast-global-color-5)","background-image":"","background-repeat":"repeat","background-position":"center center","background-size":"auto","background-attachment":"scroll","background-type":"","background-media":"","overlay-type":"","overlay-color":"","overlay-opacity":"","overlay-gradient":""},"mobile":{"background-color":"var(--ast-global-color-5)","background-image":"","background-repeat":"repeat","background-position":"center center","background-size":"auto","background-attachment":"scroll","background-type":"","background-media":"","overlay-type":"","overlay-color":"","overlay-opacity":"","overlay-gradient":""}},"footnotes":""},"class_list":["post-640","page","type-page","status-publish","hentry"],"post_mailing_queue_ids":[],"_links":{"self":[{"href":"https:\/\/agora.xtec.cat\/iesnarcisoller\/wp-json\/wp\/v2\/pages\/640","targetHints":{"allow":["GET"]}}],"collection":[{"href":"https:\/\/agora.xtec.cat\/iesnarcisoller\/wp-json\/wp\/v2\/pages"}],"about":[{"href":"https:\/\/agora.xtec.cat\/iesnarcisoller\/wp-json\/wp\/v2\/types\/page"}],"author":[{"embeddable":true,"href":"https:\/\/agora.xtec.cat\/iesnarcisoller\/wp-json\/wp\/v2\/users\/1"}],"replies":[{"embeddable":true,"href":"https:\/\/agora.xtec.cat\/iesnarcisoller\/wp-json\/wp\/v2\/comments?post=640"}],"version-history":[{"count":4,"href":"https:\/\/agora.xtec.cat\/iesnarcisoller\/wp-json\/wp\/v2\/pages\/640\/revisions"}],"predecessor-version":[{"id":11073,"href":"https:\/\/agora.xtec.cat\/iesnarcisoller\/wp-json\/wp\/v2\/pages\/640\/revisions\/11073"}],"up":[{"embeddable":true,"href":"https:\/\/agora.xtec.cat\/iesnarcisoller\/wp-json\/wp\/v2\/pages\/19"}],"wp:attachment":[{"href":"https:\/\/agora.xtec.cat\/iesnarcisoller\/wp-json\/wp\/v2\/media?parent=640"}],"curies":[{"name":"wp","href":"https:\/\/api.w.org\/{rel}","templated":true}]}}