{"id":529,"date":"2015-02-17T16:31:07","date_gmt":"2015-02-17T15:31:07","guid":{"rendered":"http:\/\/agora.xtec.cat\/iesnarcisoller\/?page_id=529"},"modified":"2023-06-26T07:59:30","modified_gmt":"2023-06-26T05:59:30","slug":"seminari-informatica","status":"publish","type":"page","link":"https:\/\/agora.xtec.cat\/iesnarcisoller\/departaments\/seminari-informatica\/","title":{"rendered":"Seminari d&#8217;Inform\u00e0tica"},"content":{"rendered":"<p><a href=\"https:\/\/sites.google.com\/xtec.cat\/edc-insnarcisoller\/cultura-digital\/centre\/coordinacio-digital?authuser=0\" target=\"_blank\" rel=\"noopener\"><img loading=\"lazy\" decoding=\"async\" class=\"alignnone wp-image-10502\" src=\"https:\/\/agora.xtec.cat\/iesnarcisoller\/wp-content\/uploads\/usu162\/2023\/06\/CDC-WebEDC-1024x539.png\" alt=\"\" width=\"604\" height=\"318\" srcset=\"https:\/\/agora.xtec.cat\/iesnarcisoller\/wp-content\/uploads\/usu162\/2023\/06\/CDC-WebEDC-1024x539.png 1024w, https:\/\/agora.xtec.cat\/iesnarcisoller\/wp-content\/uploads\/usu162\/2023\/06\/CDC-WebEDC-300x158.png 300w, https:\/\/agora.xtec.cat\/iesnarcisoller\/wp-content\/uploads\/usu162\/2023\/06\/CDC-WebEDC-768x404.png 768w, https:\/\/agora.xtec.cat\/iesnarcisoller\/wp-content\/uploads\/usu162\/2023\/06\/CDC-WebEDC.png 1464w\" sizes=\"auto, (max-width: 604px) 100vw, 604px\" \/><\/a><\/p>\n<p><a href=\"https:\/\/sites.google.com\/xtec.cat\/edc-insnarcisoller\/cultura-digital\/centre\/coordinacio-digital?authuser=0\" target=\"_blank\" rel=\"noopener\"><img loading=\"lazy\" decoding=\"async\" class=\"wp-image-10554  alignnone\" src=\"https:\/\/agora.xtec.cat\/iesnarcisoller\/wp-content\/uploads\/usu162\/2023\/06\/WebInici-Espai-Digital-1024x232.png\" alt=\"\" width=\"318\" height=\"72\" srcset=\"https:\/\/agora.xtec.cat\/iesnarcisoller\/wp-content\/uploads\/usu162\/2023\/06\/WebInici-Espai-Digital-1024x232.png 1024w, https:\/\/agora.xtec.cat\/iesnarcisoller\/wp-content\/uploads\/usu162\/2023\/06\/WebInici-Espai-Digital-300x68.png 300w, https:\/\/agora.xtec.cat\/iesnarcisoller\/wp-content\/uploads\/usu162\/2023\/06\/WebInici-Espai-Digital-768x174.png 768w, https:\/\/agora.xtec.cat\/iesnarcisoller\/wp-content\/uploads\/usu162\/2023\/06\/WebInici-Espai-Digital-1536x348.png 1536w, https:\/\/agora.xtec.cat\/iesnarcisoller\/wp-content\/uploads\/usu162\/2023\/06\/WebInici-Espai-Digital.png 1554w\" sizes=\"auto, (max-width: 318px) 100vw, 318px\" \/><\/a><\/p>\n<h5><span style=\"text-decoration: underline;\"><strong>Funcions de la coordinaci\u00f3 digital del centre<\/strong><\/span><\/h5>\n<p>La coordinaci\u00f3 digital d\u2019un centre educatiu t\u00e9 dues funcions principals:<\/p>\n<ol>\n<li><strong>Dinamitzaci\u00f3 digital<\/strong>: consisteix a tenir un paper proactiu en la transformaci\u00f3 digital del centre, formant part de la comissi\u00f3 d\u2019estrat\u00e8gia digital.<\/li>\n<li><strong>Gesti\u00f3 i supervisi\u00f3 d\u2019equips i serveis<\/strong>: consisteix a garantir que els equips, serveis i infraestructures digitals funcionen correctament.<\/li>\n<\/ol>\n<p><a href=\"https:\/\/projectes.xtec.cat\/coordinaciodigital\/la-coordinacio-digital\/funcions-tasques\/\" target=\"_blank\" rel=\"noopener\">+ informaci\u00f3<\/a><\/p>\n<h5><span style=\"text-decoration: underline;\"><strong>Enlla\u00e7os, activitats i sortides del Departament\/Seminari<\/strong><\/span><\/h5>\n<ul>\n<li><a href=\"https:\/\/sites.google.com\/xtec.cat\/edc-insnarcisoller\/cultura-digital\/centre\/coordinacio-digital?authuser=0\" target=\"_blank\" rel=\"noopener noreferrer\">Coordinaci\u00f3 Inform\u00e0tica<\/a>.<\/li>\n<li><a href=\"https:\/\/sites.google.com\/xtec.cat\/edc-insnarcisoller\/cultura-digital?authuser=0\" target=\"_blank\" rel=\"noopener noreferrer\">Estrat\u00e8gia Digital de Centre<\/a> i <a href=\"https:\/\/sites.google.com\/xtec.cat\/edc-insnarcisoller\/cultura-digital\/professorat\/comissio-estrategia-digital?authuser=0\" target=\"_blank\" rel=\"noopener noreferrer\">Comissi\u00f3 d&#8217;estrat\u00e8gia Digital<\/a>.<\/li>\n<li><a href=\"https:\/\/sites.google.com\/xtec.cat\/edc-insnarcisoller\/cultura-digital\/professorat\/formacio-digital-professorat?authuser=0\" target=\"_blank\" rel=\"noopener noreferrer\">Tallers formatius digitals<\/a>.<\/li>\n<li>Participaci\u00f3 en <a href=\"https:\/\/sites.google.com\/xtec.cat\/edc-insnarcisoller\/cultura-digital\/professorat\/projectes-digitals?authuser=0\" target=\"_blank\" rel=\"noopener\">projectes col\u00b7laboratius o d&#8217;Innovaci\u00f3<\/a>: pla m\u00f2bils, el centre digital, CodeWeek, Eduhack mSchools, Tu+TIC&#8230;<\/li>\n<li>Sortides \/ Activitats: <a href=\"http:\/\/ja.cat\/vilaniuada\" target=\"_blank\" rel=\"noopener\">Vilaniuada<\/a>, Tarraconada, mEduTarraco, Yo-Mo (Youth Mobile), Supercomputador MareNostrum, Facultat Inform\u00e0tica UPC, Webs al Punt&#8230;<\/li>\n<li>Not\u00edcies de la comissi\u00f3 digital: <a href=\"http:\/\/agora.xtec.cat\/iesnarcisoller\/tag\/comissiotac\/\">a la web de l&#8217;Institut<\/a>.<\/li>\n<li><a href=\"https:\/\/agora.xtec.cat\/iesnarcisoller\/moodle\/login\/index.php\">Moodle<\/a><\/li>\n<li><a href=\"http:\/\/ja.cat\/INOedc\" target=\"_blank\" rel=\"noopener\">Estrat\u00e8gia digital de centre<\/a>: <a href=\"http:\/\/ja.cat\/INOedc\" target=\"_blank\" rel=\"noopener\">ja.cat\/INOedc<\/a><\/li>\n<li><a href=\"https:\/\/www.symbaloo.com\/mix\/coordinadorsTAC\" target=\"_blank\" rel=\"noopener noreferrer\">Coordinadors TAC <\/a>(recull d&#8217;enlla\u00e7os)<\/li>\n<\/ul>\n<p><a href=\"https:\/\/agora.xtec.cat\/iesnarcisoller\/moodle\/\" target=\"_blank\" rel=\"noopener noreferrer\"><img loading=\"lazy\" decoding=\"async\" class=\"alignnone wp-image-4356\" src=\"http:\/\/agora.xtec.cat\/iesnarcisoller\/wp-content\/uploads\/usu162\/2017\/08\/pantalla-inici-1718.jpg\" alt=\"\" width=\"240\" height=\"187\" srcset=\"https:\/\/agora.xtec.cat\/iesnarcisoller\/wp-content\/uploads\/usu162\/2017\/08\/pantalla-inici-1718.jpg 1019w, https:\/\/agora.xtec.cat\/iesnarcisoller\/wp-content\/uploads\/usu162\/2017\/08\/pantalla-inici-1718-300x234.jpg 300w, https:\/\/agora.xtec.cat\/iesnarcisoller\/wp-content\/uploads\/usu162\/2017\/08\/pantalla-inici-1718-768x599.jpg 768w\" sizes=\"auto, (max-width: 240px) 100vw, 240px\" \/><\/a><\/p>\n<p><a href=\"https:\/\/programacioinsnarcisoller.blogspot.com.es\/\" target=\"_blank\" rel=\"noopener noreferrer\"><img loading=\"lazy\" decoding=\"async\" class=\"alignnone wp-image-4761\" src=\"http:\/\/agora.xtec.cat\/iesnarcisoller\/wp-content\/uploads\/usu162\/2015\/02\/captura-bloc-1024x769.png\" alt=\"\" width=\"240\" height=\"180\" srcset=\"https:\/\/agora.xtec.cat\/iesnarcisoller\/wp-content\/uploads\/usu162\/2015\/02\/captura-bloc-1024x769.png 1024w, https:\/\/agora.xtec.cat\/iesnarcisoller\/wp-content\/uploads\/usu162\/2015\/02\/captura-bloc-300x225.png 300w, https:\/\/agora.xtec.cat\/iesnarcisoller\/wp-content\/uploads\/usu162\/2015\/02\/captura-bloc-768x577.png 768w, https:\/\/agora.xtec.cat\/iesnarcisoller\/wp-content\/uploads\/usu162\/2015\/02\/captura-bloc-200x150.png 200w, https:\/\/agora.xtec.cat\/iesnarcisoller\/wp-content\/uploads\/usu162\/2015\/02\/captura-bloc.png 1089w\" sizes=\"auto, (max-width: 240px) 100vw, 240px\" \/><\/a><\/p>\n","protected":false},"excerpt":{"rendered":"<p>Funcions de la coordinaci\u00f3 digital del centre La coordinaci\u00f3 digital d\u2019un centre educatiu t\u00e9 dues funcions principals: Dinamitzaci\u00f3 digital: consisteix a tenir un paper proactiu en la transformaci\u00f3 digital del centre, formant part de la comissi\u00f3 d\u2019estrat\u00e8gia digital. Gesti\u00f3 i supervisi\u00f3 d\u2019equips i serveis: consisteix a garantir que els equips, serveis i infraestructures digitals funcionen [&hellip;]<\/p>\n","protected":false},"author":1,"featured_media":0,"parent":480,"menu_order":16,"comment_status":"closed","ping_status":"closed","template":"page-templates\/side-menu.php","meta":{"_bbp_topic_count":0,"_bbp_reply_count":0,"_bbp_total_topic_count":0,"_bbp_total_reply_count":0,"_bbp_voice_count":0,"_bbp_anonymous_reply_count":0,"_bbp_topic_count_hidden":0,"_bbp_reply_count_hidden":0,"_bbp_forum_subforum_count":0,"site-sidebar-layout":"default","site-content-layout":"","ast-site-content-layout":"","site-content-style":"default","site-sidebar-style":"default","ast-global-header-display":"","ast-banner-title-visibility":"","ast-main-header-display":"","ast-hfb-above-header-display":"","ast-hfb-below-header-display":"","ast-hfb-mobile-header-display":"","site-post-title":"","ast-breadcrumbs-content":"","ast-featured-img":"","footer-sml-layout":"","theme-transparent-header-meta":"","adv-header-id-meta":"","stick-header-meta":"","header-above-stick-meta":"","header-main-stick-meta":"","header-below-stick-meta":"","astra-migrate-meta-layouts":"default","ast-page-background-enabled":"default","ast-page-background-meta":{"desktop":{"background-color":"var(--ast-global-color-4)","background-image":"","background-repeat":"repeat","background-position":"center center","background-size":"auto","background-attachment":"scroll","background-type":"","background-media":"","overlay-type":"","overlay-color":"","overlay-opacity":"","overlay-gradient":""},"tablet":{"background-color":"","background-image":"","background-repeat":"repeat","background-position":"center center","background-size":"auto","background-attachment":"scroll","background-type":"","background-media":"","overlay-type":"","overlay-color":"","overlay-opacity":"","overlay-gradient":""},"mobile":{"background-color":"","background-image":"","background-repeat":"repeat","background-position":"center center","background-size":"auto","background-attachment":"scroll","background-type":"","background-media":"","overlay-type":"","overlay-color":"","overlay-opacity":"","overlay-gradient":""}},"ast-content-background-meta":{"desktop":{"background-color":"var(--ast-global-color-5)","background-image":"","background-repeat":"repeat","background-position":"center center","background-size":"auto","background-attachment":"scroll","background-type":"","background-media":"","overlay-type":"","overlay-color":"","overlay-opacity":"","overlay-gradient":""},"tablet":{"background-color":"var(--ast-global-color-5)","background-image":"","background-repeat":"repeat","background-position":"center center","background-size":"auto","background-attachment":"scroll","background-type":"","background-media":"","overlay-type":"","overlay-color":"","overlay-opacity":"","overlay-gradient":""},"mobile":{"background-color":"var(--ast-global-color-5)","background-image":"","background-repeat":"repeat","background-position":"center center","background-size":"auto","background-attachment":"scroll","background-type":"","background-media":"","overlay-type":"","overlay-color":"","overlay-opacity":"","overlay-gradient":""}},"footnotes":""},"class_list":["post-529","page","type-page","status-publish","hentry"],"post_mailing_queue_ids":[],"_links":{"self":[{"href":"https:\/\/agora.xtec.cat\/iesnarcisoller\/wp-json\/wp\/v2\/pages\/529","targetHints":{"allow":["GET"]}}],"collection":[{"href":"https:\/\/agora.xtec.cat\/iesnarcisoller\/wp-json\/wp\/v2\/pages"}],"about":[{"href":"https:\/\/agora.xtec.cat\/iesnarcisoller\/wp-json\/wp\/v2\/types\/page"}],"author":[{"embeddable":true,"href":"https:\/\/agora.xtec.cat\/iesnarcisoller\/wp-json\/wp\/v2\/users\/1"}],"replies":[{"embeddable":true,"href":"https:\/\/agora.xtec.cat\/iesnarcisoller\/wp-json\/wp\/v2\/comments?post=529"}],"version-history":[{"count":4,"href":"https:\/\/agora.xtec.cat\/iesnarcisoller\/wp-json\/wp\/v2\/pages\/529\/revisions"}],"predecessor-version":[{"id":10766,"href":"https:\/\/agora.xtec.cat\/iesnarcisoller\/wp-json\/wp\/v2\/pages\/529\/revisions\/10766"}],"up":[{"embeddable":true,"href":"https:\/\/agora.xtec.cat\/iesnarcisoller\/wp-json\/wp\/v2\/pages\/480"}],"wp:attachment":[{"href":"https:\/\/agora.xtec.cat\/iesnarcisoller\/wp-json\/wp\/v2\/media?parent=529"}],"curies":[{"name":"wp","href":"https:\/\/api.w.org\/{rel}","templated":true}]}}