{"id":511,"date":"2015-02-17T16:23:20","date_gmt":"2015-02-17T15:23:20","guid":{"rendered":"http:\/\/agora.xtec.cat\/iesnarcisoller\/?page_id=511"},"modified":"2024-01-17T16:50:42","modified_gmt":"2024-01-17T15:50:42","slug":"departament-de-fisica-i-quimica","status":"publish","type":"page","link":"https:\/\/agora.xtec.cat\/iesnarcisoller\/departaments\/departament-de-fisica-i-quimica\/","title":{"rendered":"Departament de F\u00edsica i Qu\u00edmica"},"content":{"rendered":"\r\n\t<div class=\"slideshow_container slideshow_container_style-light\" style=\"height: 300px; \" data-slideshow-id=\"31\" data-style-name=\"style-light\" data-style-version=\"2.3.1\" >\r\n\r\n\t\t\t\t\t<div class=\"slideshow_loading_icon\"><\/div>\r\n\t\t\r\n\t\t<div class=\"slideshow_content\" style=\"display: none;\">\r\n\r\n\t\t\t<div class=\"slideshow_view\">\r\n\t\t\t\t<div class=\"slideshow_slide slideshow_slide_image\">\r\n\t\t\t\t\t\t\t\t\t\t\t<img src=\"https:\/\/agora.xtec.cat\/iesnarcisoller\/wp-content\/uploads\/usu162\/2015\/02\/institut-exterior.jpg\" alt=\"Pistes exteriors\" width=\"5184\" height=\"3456\" \/>\r\n\t\t\t\t\t\t\t\t\t\t<div class=\"slideshow_description_box slideshow_transparent\">\r\n\t\t\t\t\t\t<div class=\"slideshow_title\">Pistes exteriors<\/div>\t\t\t\t\t\t\t\t\t\t\t<\/div>\r\n\t\t\t\t<\/div>\r\n\r\n\t\t\t\t\t\t<div style=\"clear: both;\"><\/div><\/div><div class=\"slideshow_view\">\r\n\t\t\t\t<div class=\"slideshow_slide slideshow_slide_image\">\r\n\t\t\t\t\t\t\t\t\t\t\t<img src=\"https:\/\/agora.xtec.cat\/iesnarcisoller\/wp-content\/uploads\/usu162\/2015\/02\/c-6.jpg\" alt=\"Passadissos\" width=\"1920\" height=\"2560\" \/>\r\n\t\t\t\t\t\t\t\t\t\t<div class=\"slideshow_description_box slideshow_transparent\">\r\n\t\t\t\t\t\t<div class=\"slideshow_title\">Passadissos<\/div>\t\t\t\t\t\t\t\t\t\t\t<\/div>\r\n\t\t\t\t<\/div>\r\n\r\n\t\t\t\t\t\t<div style=\"clear: both;\"><\/div><\/div><div class=\"slideshow_view\">\r\n\t\t\t\t<div class=\"slideshow_slide slideshow_slide_image\">\r\n\t\t\t\t\t\t\t\t\t\t\t<img src=\"https:\/\/agora.xtec.cat\/iesnarcisoller\/wp-content\/uploads\/usu162\/2015\/02\/DSCN0867.jpg\" alt=\"Aula\" width=\"4000\" height=\"3000\" \/>\r\n\t\t\t\t\t\t\t\t\t\t<div class=\"slideshow_description_box slideshow_transparent\">\r\n\t\t\t\t\t\t<div class=\"slideshow_title\">Aula<\/div>\t\t\t\t\t\t\t\t\t\t\t<\/div>\r\n\t\t\t\t<\/div>\r\n\r\n\t\t\t\t\t\t<div style=\"clear: both;\"><\/div><\/div><div class=\"slideshow_view\">\r\n\t\t\t\t<div class=\"slideshow_slide slideshow_slide_image\">\r\n\t\t\t\t\t\t\t\t\t\t\t<img src=\"https:\/\/agora.xtec.cat\/iesnarcisoller\/wp-content\/uploads\/usu162\/2015\/02\/IMG_0227.jpg\" alt=\"Aula M\u00fasica\" width=\"800\" height=\"534\" \/>\r\n\t\t\t\t\t\t\t\t\t\t<div class=\"slideshow_description_box slideshow_transparent\">\r\n\t\t\t\t\t\t<div class=\"slideshow_title\">Aula M\u00fasica<\/div>\t\t\t\t\t\t\t\t\t\t\t<\/div>\r\n\t\t\t\t<\/div>\r\n\r\n\t\t\t\t\t\t<div style=\"clear: both;\"><\/div><\/div><div class=\"slideshow_view\">\r\n\t\t\t\t<div class=\"slideshow_slide slideshow_slide_image\">\r\n\t\t\t\t\t\t\t\t\t\t\t<img src=\"https:\/\/agora.xtec.cat\/iesnarcisoller\/wp-content\/uploads\/usu162\/2015\/02\/IMG_0229.jpg\" alt=\"Aula M\u00fasica\" width=\"800\" height=\"473\" \/>\r\n\t\t\t\t\t\t\t\t\t\t<div class=\"slideshow_description_box slideshow_transparent\">\r\n\t\t\t\t\t\t<div class=\"slideshow_title\">Aula M\u00fasica<\/div>\t\t\t\t\t\t\t\t\t\t\t<\/div>\r\n\t\t\t\t<\/div>\r\n\r\n\t\t\t\t\t\t<div style=\"clear: both;\"><\/div><\/div><div class=\"slideshow_view\">\r\n\t\t\t\t<div class=\"slideshow_slide slideshow_slide_image\">\r\n\t\t\t\t\t\t\t\t\t\t\t<img src=\"https:\/\/agora.xtec.cat\/iesnarcisoller\/wp-content\/uploads\/usu162\/2015\/02\/IMG_1029ret2.jpg\" alt=\"Aula Dibuix\" width=\"4000\" height=\"2488\" \/>\r\n\t\t\t\t\t\t\t\t\t\t<div class=\"slideshow_description_box slideshow_transparent\">\r\n\t\t\t\t\t\t<div class=\"slideshow_title\">Aula Dibuix<\/div>\t\t\t\t\t\t\t\t\t\t\t<\/div>\r\n\t\t\t\t<\/div>\r\n\r\n\t\t\t\t\t\t<div style=\"clear: both;\"><\/div><\/div><div class=\"slideshow_view\">\r\n\t\t\t\t<div class=\"slideshow_slide slideshow_slide_image\">\r\n\t\t\t\t\t\t\t\t\t\t\t<img src=\"https:\/\/agora.xtec.cat\/iesnarcisoller\/wp-content\/uploads\/usu162\/2015\/02\/IMG_1024-ret2.jpg\" alt=\"Aula Volum\" width=\"3592\" height=\"2656\" \/>\r\n\t\t\t\t\t\t\t\t\t\t<div class=\"slideshow_description_box slideshow_transparent\">\r\n\t\t\t\t\t\t<div class=\"slideshow_title\">Aula Volum<\/div>\t\t\t\t\t\t\t\t\t\t\t<\/div>\r\n\t\t\t\t<\/div>\r\n\r\n\t\t\t\t\t\t<div style=\"clear: both;\"><\/div><\/div><div class=\"slideshow_view\">\r\n\t\t\t\t<div class=\"slideshow_slide slideshow_slide_image\">\r\n\t\t\t\t\t\t\t\t\t\t\t<img src=\"https:\/\/agora.xtec.cat\/iesnarcisoller\/wp-content\/uploads\/usu162\/2015\/02\/2014-09-16-inici-curs-12.jpg\" alt=\"Pati\" width=\"5184\" height=\"3456\" \/>\r\n\t\t\t\t\t\t\t\t\t\t<div class=\"slideshow_description_box slideshow_transparent\">\r\n\t\t\t\t\t\t<div class=\"slideshow_title\">Pati<\/div>\t\t\t\t\t\t\t\t\t\t\t<\/div>\r\n\t\t\t\t<\/div>\r\n\r\n\t\t\t\t\t\t<div style=\"clear: both;\"><\/div><\/div><div class=\"slideshow_view\">\r\n\t\t\t\t<div class=\"slideshow_slide slideshow_slide_image\">\r\n\t\t\t\t\t\t\t\t\t\t\t<img src=\"https:\/\/agora.xtec.cat\/iesnarcisoller\/wp-content\/uploads\/usu162\/2015\/02\/2014-09-16-inici-curs-2.jpg\" alt=\"Biblioteca\" width=\"5184\" height=\"3456\" \/>\r\n\t\t\t\t\t\t\t\t\t\t<div class=\"slideshow_description_box slideshow_transparent\">\r\n\t\t\t\t\t\t<div class=\"slideshow_title\">Biblioteca<\/div>\t\t\t\t\t\t\t\t\t\t\t<\/div>\r\n\t\t\t\t<\/div>\r\n\r\n\t\t\t\t\t\t<div style=\"clear: both;\"><\/div><\/div><div class=\"slideshow_view\">\r\n\t\t\t\t<div class=\"slideshow_slide slideshow_slide_image\">\r\n\t\t\t\t\t\t\t\t\t\t\t<img src=\"https:\/\/agora.xtec.cat\/iesnarcisoller\/wp-content\/uploads\/usu162\/2015\/02\/2014-09-16-inici-curs-11.jpg\" alt=\"Cantina\" width=\"5184\" height=\"3456\" \/>\r\n\t\t\t\t\t\t\t\t\t\t<div class=\"slideshow_description_box slideshow_transparent\">\r\n\t\t\t\t\t\t<div class=\"slideshow_title\">Cantina<\/div>\t\t\t\t\t\t\t\t\t\t\t<\/div>\r\n\t\t\t\t<\/div>\r\n\r\n\t\t\t\t\t\t<div style=\"clear: both;\"><\/div><\/div><div class=\"slideshow_view\">\r\n\t\t\t\t<div class=\"slideshow_slide slideshow_slide_image\">\r\n\t\t\t\t\t\t\t\t\t\t\t<img src=\"https:\/\/agora.xtec.cat\/iesnarcisoller\/wp-content\/uploads\/usu162\/2015\/02\/2014-12-23-karaoke-13.jpg\" alt=\"Gimn\u00e0s\" width=\"3456\" height=\"2304\" \/>\r\n\t\t\t\t\t\t\t\t\t\t<div class=\"slideshow_description_box slideshow_transparent\">\r\n\t\t\t\t\t\t<div class=\"slideshow_title\">Gimn\u00e0s<\/div>\t\t\t\t\t\t\t\t\t\t\t<\/div>\r\n\t\t\t\t<\/div>\r\n\r\n\t\t\t\t\t\t<div style=\"clear: both;\"><\/div><\/div>\r\n\t\t<\/div>\r\n\r\n\t\t<div class=\"slideshow_controlPanel slideshow_transparent\" style=\"display: none;\"><ul><li class=\"slideshow_togglePlay\" data-play-text=\"Visualitza\" data-pause-text=\"Pausa\"><\/li><\/ul><\/div>\r\n\r\n\t\t<div class=\"slideshow_button slideshow_previous slideshow_transparent\" role=\"button\" data-previous-text=\"Anterior\" style=\"display: none;\"><\/div>\r\n\t\t<div class=\"slideshow_button slideshow_next slideshow_transparent\" role=\"button\" data-next-text=\"Seg\u00fcent\" style=\"display: none;\"><\/div>\r\n\r\n\t\t<div class=\"slideshow_pagination\" style=\"display: none;\" data-go-to-text=\"V\u00e9s a la diapositiva\"><div class=\"slideshow_pagination_center\"><\/div><\/div>\r\n\r\n\t\t<!-- WordPress Slideshow Version 2.3.1 -->\r\n\r\n\t\t\t<\/div>\r\n\r\n\n<h5><span style=\"text-decoration: underline;\"><strong>Mat\u00e8ries<\/strong><\/span><\/h5>\n<ul>\n<li>2n ESO: F\u00edsica i Qu\u00edmica (Ci\u00e8ncies de la Naturalesa) (AC, AP, JP)<\/li>\n<li>2n ESO: Petites Investigacions: Fem Recerca\u00a0(optativa) (JP)<\/li>\n<li>2n ESO: Programaci\u00f3 (optativa) (<a style=\"font-family: inherit; font-size: 1em;\" href=\"https:\/\/programacioinsnarcisoller.blogspot.com.es\/\" target=\"_blank\" rel=\"noopener noreferrer\">bloc<\/a><span style=\"font-family: inherit; font-size: 1em;\">)\u00a0<\/span>(AC)<\/li>\n<li>3r ESO: F\u00edsica i qu\u00edmica (RB, EM, AP)<\/li>\n<li>3r ESO: Chemistry through experiments (optativa) (RB)<\/li>\n<li>4t ESO: F\u00edsica i qu\u00edmica (JP)<\/li>\n<li>1r BAT: F\u00edsica (JP)<\/li>\n<li>1r BAT: Qu\u00edmica (RB)<\/li>\n<li>2n BAT: F\u00edsica (AC)<\/li>\n<li>2n\u00a0BAT: Qu\u00edmica (EM)<\/li>\n<li>Treball de Recerca BAT (AC, AP)<\/li>\n<\/ul>\n<h5><span style=\"text-decoration: underline;\"><strong>Activitats i Sortides del Departament \/ Seminari<\/strong><\/span><\/h5>\n<ul>\n<li>2n ESO: Visita Museu de la Ci\u00e8ncia i T\u00e8cnica de Terrassa<\/li>\n<li>3r ESO: Cosmocaixa<\/li>\n<li>1r BAT: Visita a la planta potabilitzadora a l\u2019Ampolla (EMATSA)<\/li>\n<li>Conferencies i tallers vinculats a la URV<\/li>\n<li>Visita a l\u2019ETSEQ i realitzaci\u00f3 de pr\u00e0ctiques d\u2019an\u00e0lisi d\u2019aig\u00fces<\/li>\n<li>Fem Recerca (Tallers URV)<\/li>\n<\/ul>\n<h5><strong><span style=\"text-decoration: underline;\">Enlla\u00e7os<\/span><\/strong><\/h5>\n<ul>\n<li>Web del <a href=\"https:\/\/sites.google.com\/site\/fisicaquimicanarcisoller\/\">Seminari de F\u00edsica i Qu\u00edmica\u00a0<\/a><\/li>\n<li><a href=\"https:\/\/get.google.com\/albumarchive\/118319785556162163454\">Fotos<\/a><\/li>\n<li>V\u00eddeos (<a href=\"https:\/\/www.youtube.com\/user\/fqnarcisoller\/playlists\">canal \u00a0Youtube FQ-Ins Narc\u00eds Oller<\/a>)<\/li>\n<li><a href=\"https:\/\/sites.google.com\/site\/fisicaquimicanarcisoller\/recursos\/programari\">Programari<\/a><\/li>\n<\/ul>\n<p><a href=\"https:\/\/sites.google.com\/site\/fisicaquimicanarcisoller\/\" target=\"_blank\" rel=\"noopener noreferrer\">\u00a0<\/a><a href=\"https:\/\/sites.google.com\/site\/fisicaquimicanarcisoller\/\" target=\"_blank\" rel=\"noopener noreferrer\"><img loading=\"lazy\" decoding=\"async\" class=\"alignnone wp-image-5897\" src=\"https:\/\/agora.xtec.cat\/iesnarcisoller\/wp-content\/uploads\/usu162\/2018\/10\/caratula.gif\" alt=\"\" width=\"456\" height=\"284\" \/><\/a><\/p>\n","protected":false},"excerpt":{"rendered":"<p>Mat\u00e8ries 2n ESO: F\u00edsica i Qu\u00edmica (Ci\u00e8ncies de la Naturalesa) (AC, AP, JP) 2n ESO: Petites Investigacions: Fem Recerca\u00a0(optativa) (JP) 2n ESO: Programaci\u00f3 (optativa) (bloc)\u00a0(AC) 3r ESO: F\u00edsica i qu\u00edmica (RB, EM, AP) 3r ESO: Chemistry through experiments (optativa) (RB) 4t ESO: F\u00edsica i qu\u00edmica (JP) 1r BAT: F\u00edsica (JP) 1r BAT: Qu\u00edmica (RB) 2n [&hellip;]<\/p>\n","protected":false},"author":1,"featured_media":0,"parent":480,"menu_order":7,"comment_status":"closed","ping_status":"closed","template":"page-templates\/side-menu.php","meta":{"_bbp_topic_count":0,"_bbp_reply_count":0,"_bbp_total_topic_count":0,"_bbp_total_reply_count":0,"_bbp_voice_count":0,"_bbp_anonymous_reply_count":0,"_bbp_topic_count_hidden":0,"_bbp_reply_count_hidden":0,"_bbp_forum_subforum_count":0,"site-sidebar-layout":"default","site-content-layout":"","ast-site-content-layout":"","site-content-style":"default","site-sidebar-style":"default","ast-global-header-display":"","ast-banner-title-visibility":"","ast-main-header-display":"","ast-hfb-above-header-display":"","ast-hfb-below-header-display":"","ast-hfb-mobile-header-display":"","site-post-title":"","ast-breadcrumbs-content":"","ast-featured-img":"","footer-sml-layout":"","theme-transparent-header-meta":"","adv-header-id-meta":"","stick-header-meta":"","header-above-stick-meta":"","header-main-stick-meta":"","header-below-stick-meta":"","astra-migrate-meta-layouts":"default","ast-page-background-enabled":"default","ast-page-background-meta":{"desktop":{"background-color":"var(--ast-global-color-4)","background-image":"","background-repeat":"repeat","background-position":"center center","background-size":"auto","background-attachment":"scroll","background-type":"","background-media":"","overlay-type":"","overlay-color":"","overlay-opacity":"","overlay-gradient":""},"tablet":{"background-color":"","background-image":"","background-repeat":"repeat","background-position":"center center","background-size":"auto","background-attachment":"scroll","background-type":"","background-media":"","overlay-type":"","overlay-color":"","overlay-opacity":"","overlay-gradient":""},"mobile":{"background-color":"","background-image":"","background-repeat":"repeat","background-position":"center center","background-size":"auto","background-attachment":"scroll","background-type":"","background-media":"","overlay-type":"","overlay-color":"","overlay-opacity":"","overlay-gradient":""}},"ast-content-background-meta":{"desktop":{"background-color":"var(--ast-global-color-5)","background-image":"","background-repeat":"repeat","background-position":"center center","background-size":"auto","background-attachment":"scroll","background-type":"","background-media":"","overlay-type":"","overlay-color":"","overlay-opacity":"","overlay-gradient":""},"tablet":{"background-color":"var(--ast-global-color-5)","background-image":"","background-repeat":"repeat","background-position":"center center","background-size":"auto","background-attachment":"scroll","background-type":"","background-media":"","overlay-type":"","overlay-color":"","overlay-opacity":"","overlay-gradient":""},"mobile":{"background-color":"var(--ast-global-color-5)","background-image":"","background-repeat":"repeat","background-position":"center center","background-size":"auto","background-attachment":"scroll","background-type":"","background-media":"","overlay-type":"","overlay-color":"","overlay-opacity":"","overlay-gradient":""}},"footnotes":""},"class_list":["post-511","page","type-page","status-publish","hentry"],"post_mailing_queue_ids":[],"_links":{"self":[{"href":"https:\/\/agora.xtec.cat\/iesnarcisoller\/wp-json\/wp\/v2\/pages\/511","targetHints":{"allow":["GET"]}}],"collection":[{"href":"https:\/\/agora.xtec.cat\/iesnarcisoller\/wp-json\/wp\/v2\/pages"}],"about":[{"href":"https:\/\/agora.xtec.cat\/iesnarcisoller\/wp-json\/wp\/v2\/types\/page"}],"author":[{"embeddable":true,"href":"https:\/\/agora.xtec.cat\/iesnarcisoller\/wp-json\/wp\/v2\/users\/1"}],"replies":[{"embeddable":true,"href":"https:\/\/agora.xtec.cat\/iesnarcisoller\/wp-json\/wp\/v2\/comments?post=511"}],"version-history":[{"count":6,"href":"https:\/\/agora.xtec.cat\/iesnarcisoller\/wp-json\/wp\/v2\/pages\/511\/revisions"}],"predecessor-version":[{"id":11213,"href":"https:\/\/agora.xtec.cat\/iesnarcisoller\/wp-json\/wp\/v2\/pages\/511\/revisions\/11213"}],"up":[{"embeddable":true,"href":"https:\/\/agora.xtec.cat\/iesnarcisoller\/wp-json\/wp\/v2\/pages\/480"}],"wp:attachment":[{"href":"https:\/\/agora.xtec.cat\/iesnarcisoller\/wp-json\/wp\/v2\/media?parent=511"}],"curies":[{"name":"wp","href":"https:\/\/api.w.org\/{rel}","templated":true}]}}