{"id":506,"date":"2015-02-17T16:21:33","date_gmt":"2015-02-17T15:21:33","guid":{"rendered":"http:\/\/agora.xtec.cat\/iesnarcisoller\/?page_id=506"},"modified":"2024-02-28T08:24:09","modified_gmt":"2024-02-28T07:24:09","slug":"departament-de-cicles-formatius","status":"publish","type":"page","link":"https:\/\/agora.xtec.cat\/iesnarcisoller\/departaments\/departament-de-cicles-formatius\/","title":{"rendered":"Departament de la Fam\u00edlia Serveis Socioculturals i la Comunitat"},"content":{"rendered":"<h5><strong style=\"font-size: 1.125em;\">Cicles Formatius:<\/strong><\/h5>\n<ul style=\"list-style-type: disc;\">\n<li>Cicles Formatius de Grau mitj\u00e0: <strong>Atenci\u00f3 a Persones en situaci\u00f3 de depend\u00e8ncia<\/strong><\/li>\n<li>Cicles Formatius de Grau superior: <strong>Educaci\u00f3 infantil i Integraci\u00f3 Social<\/strong><\/li>\n<\/ul>\n<h5><span style=\"text-decoration: underline;\"><strong>Informaci\u00f3 del Departament<br \/>\n<\/strong><\/span><\/h5>\n<ul style=\"list-style-type: disc;\">\n<li>Mesures flexibilitzadores: semipresencialitat<\/li>\n<li>Correspond\u00e8ncia entre els continguts dels cicles oferts<\/li>\n<li>Orientaci\u00f3 professional i formativa personalitzada<\/li>\n<li>Formaci\u00f3 en centres de treball des del primer curs<\/li>\n<li>Forta vinculaci\u00f3 amb les empreses i entitats de l&#8217;\u00e0mbit professional: xerrades, visites, activitats a les empreses&#8230;<\/li>\n<li>M\u00f2duls transversals de Formaci\u00f3 i orientaci\u00f3 laboral i Empresa i iniciativa emprenedora<\/li>\n<li>Xerrades sobre estudis universitaris<\/li>\n<li>Correspond\u00e8ncia dels CFGS amb estudis de Treball social, Educaci\u00f3 social, Educacio infantil&#8230;<\/li>\n<\/ul>\n<p>&nbsp;<\/p>\n<p><a href=\"http:\/\/narcisollerfp.weebly.com\/\" target=\"_blank\" rel=\"noopener noreferrer\"><img loading=\"lazy\" decoding=\"async\" class=\"alignnone size-full wp-image-2281\" src=\"http:\/\/agora.xtec.cat\/iesnarcisoller\/wp-content\/uploads\/usu162\/2015\/02\/CF-WEB.jpg\" alt=\"CF WEB\" width=\"513\" height=\"279\" srcset=\"https:\/\/agora.xtec.cat\/iesnarcisoller\/wp-content\/uploads\/usu162\/2015\/02\/CF-WEB.jpg 513w, https:\/\/agora.xtec.cat\/iesnarcisoller\/wp-content\/uploads\/usu162\/2015\/02\/CF-WEB-300x163.jpg 300w\" sizes=\"auto, (max-width: 513px) 100vw, 513px\" \/><\/a><\/p>\n","protected":false},"excerpt":{"rendered":"<p>Cicles Formatius: Cicles Formatius de Grau mitj\u00e0: Atenci\u00f3 a Persones en situaci\u00f3 de depend\u00e8ncia Cicles Formatius de Grau superior: Educaci\u00f3 infantil i Integraci\u00f3 Social Informaci\u00f3 del Departament Mesures flexibilitzadores: semipresencialitat Correspond\u00e8ncia entre els continguts dels cicles oferts Orientaci\u00f3 professional i formativa personalitzada Formaci\u00f3 en centres de treball des del primer curs Forta vinculaci\u00f3 amb les [&hellip;]<\/p>\n","protected":false},"author":1,"featured_media":0,"parent":480,"menu_order":4,"comment_status":"closed","ping_status":"closed","template":"page-templates\/side-menu.php","meta":{"_bbp_topic_count":0,"_bbp_reply_count":0,"_bbp_total_topic_count":0,"_bbp_total_reply_count":0,"_bbp_voice_count":0,"_bbp_anonymous_reply_count":0,"_bbp_topic_count_hidden":0,"_bbp_reply_count_hidden":0,"_bbp_forum_subforum_count":0,"site-sidebar-layout":"default","site-content-layout":"","ast-site-content-layout":"","site-content-style":"default","site-sidebar-style":"default","ast-global-header-display":"","ast-banner-title-visibility":"","ast-main-header-display":"","ast-hfb-above-header-display":"","ast-hfb-below-header-display":"","ast-hfb-mobile-header-display":"","site-post-title":"","ast-breadcrumbs-content":"","ast-featured-img":"","footer-sml-layout":"","theme-transparent-header-meta":"","adv-header-id-meta":"","stick-header-meta":"","header-above-stick-meta":"","header-main-stick-meta":"","header-below-stick-meta":"","astra-migrate-meta-layouts":"default","ast-page-background-enabled":"default","ast-page-background-meta":{"desktop":{"background-color":"var(--ast-global-color-4)","background-image":"","background-repeat":"repeat","background-position":"center center","background-size":"auto","background-attachment":"scroll","background-type":"","background-media":"","overlay-type":"","overlay-color":"","overlay-opacity":"","overlay-gradient":""},"tablet":{"background-color":"","background-image":"","background-repeat":"repeat","background-position":"center center","background-size":"auto","background-attachment":"scroll","background-type":"","background-media":"","overlay-type":"","overlay-color":"","overlay-opacity":"","overlay-gradient":""},"mobile":{"background-color":"","background-image":"","background-repeat":"repeat","background-position":"center center","background-size":"auto","background-attachment":"scroll","background-type":"","background-media":"","overlay-type":"","overlay-color":"","overlay-opacity":"","overlay-gradient":""}},"ast-content-background-meta":{"desktop":{"background-color":"var(--ast-global-color-5)","background-image":"","background-repeat":"repeat","background-position":"center center","background-size":"auto","background-attachment":"scroll","background-type":"","background-media":"","overlay-type":"","overlay-color":"","overlay-opacity":"","overlay-gradient":""},"tablet":{"background-color":"var(--ast-global-color-5)","background-image":"","background-repeat":"repeat","background-position":"center center","background-size":"auto","background-attachment":"scroll","background-type":"","background-media":"","overlay-type":"","overlay-color":"","overlay-opacity":"","overlay-gradient":""},"mobile":{"background-color":"var(--ast-global-color-5)","background-image":"","background-repeat":"repeat","background-position":"center center","background-size":"auto","background-attachment":"scroll","background-type":"","background-media":"","overlay-type":"","overlay-color":"","overlay-opacity":"","overlay-gradient":""}},"footnotes":""},"class_list":["post-506","page","type-page","status-publish","hentry"],"post_mailing_queue_ids":[],"_links":{"self":[{"href":"https:\/\/agora.xtec.cat\/iesnarcisoller\/wp-json\/wp\/v2\/pages\/506","targetHints":{"allow":["GET"]}}],"collection":[{"href":"https:\/\/agora.xtec.cat\/iesnarcisoller\/wp-json\/wp\/v2\/pages"}],"about":[{"href":"https:\/\/agora.xtec.cat\/iesnarcisoller\/wp-json\/wp\/v2\/types\/page"}],"author":[{"embeddable":true,"href":"https:\/\/agora.xtec.cat\/iesnarcisoller\/wp-json\/wp\/v2\/users\/1"}],"replies":[{"embeddable":true,"href":"https:\/\/agora.xtec.cat\/iesnarcisoller\/wp-json\/wp\/v2\/comments?post=506"}],"version-history":[{"count":6,"href":"https:\/\/agora.xtec.cat\/iesnarcisoller\/wp-json\/wp\/v2\/pages\/506\/revisions"}],"predecessor-version":[{"id":11445,"href":"https:\/\/agora.xtec.cat\/iesnarcisoller\/wp-json\/wp\/v2\/pages\/506\/revisions\/11445"}],"up":[{"embeddable":true,"href":"https:\/\/agora.xtec.cat\/iesnarcisoller\/wp-json\/wp\/v2\/pages\/480"}],"wp:attachment":[{"href":"https:\/\/agora.xtec.cat\/iesnarcisoller\/wp-json\/wp\/v2\/media?parent=506"}],"curies":[{"name":"wp","href":"https:\/\/api.w.org\/{rel}","templated":true}]}}