{"id":4355,"date":"2017-08-26T19:30:45","date_gmt":"2017-08-26T17:30:45","guid":{"rendered":"http:\/\/agora.xtec.cat\/iesnarcisoller\/?page_id=4355"},"modified":"2023-06-25T07:33:34","modified_gmt":"2023-06-25T05:33:34","slug":"acces_moodle","status":"publish","type":"page","link":"https:\/\/agora.xtec.cat\/iesnarcisoller\/acces_moodle\/","title":{"rendered":"Moodle (Entorn Virtual d&#8217;Aprenentatge)"},"content":{"rendered":"<p style=\"text-align: center;\"><a href=\"https:\/\/educaciodigital.cat\/iesnarcisoller\/moodle\" target=\"_blank\" rel=\"noopener noreferrer\"><img loading=\"lazy\" decoding=\"async\" class=\"alignnone wp-image-7572 size-large\" src=\"https:\/\/agora.xtec.cat\/iesnarcisoller\/wp-content\/uploads\/usu162\/2020\/03\/Captura-de-Pantalla-2020-03-26-a-les-18.42.42-1024x111.png\" alt=\"\" width=\"1024\" height=\"111\" srcset=\"https:\/\/agora.xtec.cat\/iesnarcisoller\/wp-content\/uploads\/usu162\/2020\/03\/Captura-de-Pantalla-2020-03-26-a-les-18.42.42-1024x111.png 1024w, https:\/\/agora.xtec.cat\/iesnarcisoller\/wp-content\/uploads\/usu162\/2020\/03\/Captura-de-Pantalla-2020-03-26-a-les-18.42.42-300x33.png 300w, https:\/\/agora.xtec.cat\/iesnarcisoller\/wp-content\/uploads\/usu162\/2020\/03\/Captura-de-Pantalla-2020-03-26-a-les-18.42.42-768x83.png 768w, https:\/\/agora.xtec.cat\/iesnarcisoller\/wp-content\/uploads\/usu162\/2020\/03\/Captura-de-Pantalla-2020-03-26-a-les-18.42.42.png 1233w\" sizes=\"auto, (max-width: 1024px) 100vw, 1024px\" \/><\/a><\/p>\n<h3 style=\"text-align: center;\"><strong>Entorn Virtual d&#8217;Aprenentatge moodle (EVA) de l&#8217;Institut Narc\u00eds Oller<\/strong><\/h3>\n<p style=\"text-align: center;\">Acc\u00e9s als cursos virtuals per al seguiment de les diferents mat\u00e8ries o altres informacions.<\/p>\n<p style=\"text-align: center;\">Si sou alumnes del centre us caldr\u00e0 disposar del codi d&#8217;usuari i contrasenya facilitats pel vostre tutor\/tutora.<\/p>\n<h4 style=\"text-align: center;\"><strong>Cliqueu sobre &#8220;Inicia la sessi\u00f3&#8221; per accedir-hi.<\/strong><\/h4>\n<p style=\"text-align: center;\"><a href=\"https:\/\/educaciodigital.cat\/iesnarcisoller\/moodle\"><img loading=\"lazy\" decoding=\"async\" class=\"aligncenter wp-image-7873\" src=\"https:\/\/agora.xtec.cat\/iesnarcisoller\/wp-content\/uploads\/usu162\/2020\/06\/Inici-sessio.png\" alt=\"\" width=\"192\" height=\"53\" srcset=\"https:\/\/agora.xtec.cat\/iesnarcisoller\/wp-content\/uploads\/usu162\/2020\/06\/Inici-sessio.png 632w, https:\/\/agora.xtec.cat\/iesnarcisoller\/wp-content\/uploads\/usu162\/2020\/06\/Inici-sessio-300x83.png 300w\" sizes=\"auto, (max-width: 192px) 100vw, 192px\" \/><\/a><\/p>\n<h1 style=\"text-align: center;\">***<\/h1>\n<p style=\"text-align: center;\">Cliqueu sobre\u00a0<a href=\"https:\/\/educaciodigital.cat\/iesnarcisoller\/moodle\/login\/forgot_password.php\"><span style=\"color: #3366ff;\">heu oblidat la contrasenya?<\/span><\/a> tal com s&#8217;indica a la imatge<br \/>\nen cas d&#8217;haver de restaurar la contrasenya d&#8217;acc\u00e9s a moodle.<\/p>\n<p style=\"text-align: center;\"><a href=\"https:\/\/educaciodigital.cat\/iesnarcisoller\/moodle\/login\/forgot_password.php\"><img loading=\"lazy\" decoding=\"async\" class=\"aligncenter\" style=\"border: 1px solid #666;\" src=\"https:\/\/agora.xtec.cat\/iesnarcisoller\/wp-content\/uploads\/usu162\/2021\/08\/Restaurar-contrasenya-moodle-INO.png\" alt=\"Recuperaci\u00f3 de contrasenya\" width=\"206\" height=\"400\" \/><\/a><\/p>\n<p style=\"text-align: center;\">S&#8217;enviaran les instruccions sobre com fer-ho al vostre correu de centre (usuari@institutnarcisoller.cat)<\/p>\n<h1 style=\"text-align: center;\">***<\/h1>\n<h4 style=\"text-align: center;\"><strong>\ud83d\udccc Moodle APP: podeu accedir a moodle des del m\u00f2bil instal\u00b7lant-vos l&#8217;aplicaci\u00f3 Eix\/App.<\/strong><\/h4>\n<p style=\"text-align: center;\"><a href=\"https:\/\/play.google.com\/store\/apps\/details?id=com.moodle.moodlemobile&amp;hl=ca\" target=\"_blank\" rel=\"noopener noreferrer\">\u00a0<\/a><a href=\"https:\/\/play.google.com\/store\/apps\/details?id=com.moodle.moodlemobile&amp;hl=ca\" target=\"_blank\" rel=\"noopener noreferrer\">\u00a0 \u00a0<\/a><a href=\"https:\/\/play.google.com\/store\/apps\/details?id=cat.gencat.mobi.eix\" target=\"_blank\" rel=\"noopener noreferrer\"><img loading=\"lazy\" decoding=\"async\" class=\"alignnone wp-image-4358\" title=\"Descarrega l'aplicaci\u00f3\" src=\"http:\/\/agora.xtec.cat\/iesnarcisoller\/wp-content\/uploads\/usu162\/2017\/08\/google-play-e1503739333612.png\" alt=\"\" width=\"146\" height=\"51\" \/><\/a>\u00a0\u00a0<a href=\"https:\/\/apps.apple.com\/es\/app\/eix-app\/id1553740357\" target=\"_blank\" rel=\"noopener noreferrer\"><img loading=\"lazy\" decoding=\"async\" class=\"alignnone wp-image-4359\" title=\"Descarrega l'aplicaci\u00f3\" src=\"http:\/\/agora.xtec.cat\/iesnarcisoller\/wp-content\/uploads\/usu162\/2017\/08\/app-store-1-1024x304.png\" alt=\"\" width=\"169\" height=\"50\" srcset=\"https:\/\/agora.xtec.cat\/iesnarcisoller\/wp-content\/uploads\/usu162\/2017\/08\/app-store-1-1024x304.png 1024w, https:\/\/agora.xtec.cat\/iesnarcisoller\/wp-content\/uploads\/usu162\/2017\/08\/app-store-1-300x89.png 300w, https:\/\/agora.xtec.cat\/iesnarcisoller\/wp-content\/uploads\/usu162\/2017\/08\/app-store-1-768x228.png 768w, https:\/\/agora.xtec.cat\/iesnarcisoller\/wp-content\/uploads\/usu162\/2017\/08\/app-store-1.png 2000w\" sizes=\"auto, (max-width: 169px) 100vw, 169px\" \/><\/a><\/p>\n<p style=\"text-align: center;\">URL de configuraci\u00f3: <strong><a href=\"https:\/\/educaciodigital.cat\/iesnarcisoller\/moodle\">https:\/\/educaciodigital.cat\/iesnarcisoller\/moodle<\/a><\/strong><\/p>\n<p><img loading=\"lazy\" decoding=\"async\" class=\"aligncenter wp-image-10523\" style=\"border: 1px solid #666;\" src=\"https:\/\/agora.xtec.cat\/iesnarcisoller\/wp-content\/uploads\/usu162\/2023\/06\/moodle-app.jpg\" alt=\"\" width=\"276\" height=\"222\" srcset=\"https:\/\/agora.xtec.cat\/iesnarcisoller\/wp-content\/uploads\/usu162\/2023\/06\/moodle-app.jpg 801w, https:\/\/agora.xtec.cat\/iesnarcisoller\/wp-content\/uploads\/usu162\/2023\/06\/moodle-app-300x241.jpg 300w, https:\/\/agora.xtec.cat\/iesnarcisoller\/wp-content\/uploads\/usu162\/2023\/06\/moodle-app-768x617.jpg 768w\" sizes=\"auto, (max-width: 276px) 100vw, 276px\" \/><\/p>\n<p style=\"text-align: center;\">Problemes d&#8217;acc\u00e9s: <a href=\"mailto:coordinaciodigital@institutnarcisoller.cat\">coordinaciodigital@institutnarcisoller.cat<\/a><\/p>\n","protected":false},"excerpt":{"rendered":"<p>Entorn Virtual d&#8217;Aprenentatge moodle (EVA) de l&#8217;Institut Narc\u00eds Oller Acc\u00e9s als cursos virtuals per al seguiment de les diferents mat\u00e8ries o altres informacions. Si sou alumnes del centre us caldr\u00e0 disposar del codi d&#8217;usuari i contrasenya facilitats pel vostre tutor\/tutora. Cliqueu sobre &#8220;Inicia la sessi\u00f3&#8221; per accedir-hi. *** Cliqueu sobre\u00a0heu oblidat la contrasenya? tal com [&hellip;]<\/p>\n","protected":false},"author":5,"featured_media":0,"parent":0,"menu_order":0,"comment_status":"closed","ping_status":"closed","template":"","meta":{"_bbp_topic_count":0,"_bbp_reply_count":0,"_bbp_total_topic_count":0,"_bbp_total_reply_count":0,"_bbp_voice_count":0,"_bbp_anonymous_reply_count":0,"_bbp_topic_count_hidden":0,"_bbp_reply_count_hidden":0,"_bbp_forum_subforum_count":0,"site-sidebar-layout":"default","site-content-layout":"","ast-site-content-layout":"","site-content-style":"default","site-sidebar-style":"default","ast-global-header-display":"","ast-banner-title-visibility":"","ast-main-header-display":"","ast-hfb-above-header-display":"","ast-hfb-below-header-display":"","ast-hfb-mobile-header-display":"","site-post-title":"","ast-breadcrumbs-content":"","ast-featured-img":"","footer-sml-layout":"","theme-transparent-header-meta":"","adv-header-id-meta":"","stick-header-meta":"","header-above-stick-meta":"","header-main-stick-meta":"","header-below-stick-meta":"","astra-migrate-meta-layouts":"default","ast-page-background-enabled":"default","ast-page-background-meta":{"desktop":{"background-color":"var(--ast-global-color-4)","background-image":"","background-repeat":"repeat","background-position":"center center","background-size":"auto","background-attachment":"scroll","background-type":"","background-media":"","overlay-type":"","overlay-color":"","overlay-opacity":"","overlay-gradient":""},"tablet":{"background-color":"","background-image":"","background-repeat":"repeat","background-position":"center center","background-size":"auto","background-attachment":"scroll","background-type":"","background-media":"","overlay-type":"","overlay-color":"","overlay-opacity":"","overlay-gradient":""},"mobile":{"background-color":"","background-image":"","background-repeat":"repeat","background-position":"center center","background-size":"auto","background-attachment":"scroll","background-type":"","background-media":"","overlay-type":"","overlay-color":"","overlay-opacity":"","overlay-gradient":""}},"ast-content-background-meta":{"desktop":{"background-color":"var(--ast-global-color-5)","background-image":"","background-repeat":"repeat","background-position":"center center","background-size":"auto","background-attachment":"scroll","background-type":"","background-media":"","overlay-type":"","overlay-color":"","overlay-opacity":"","overlay-gradient":""},"tablet":{"background-color":"var(--ast-global-color-5)","background-image":"","background-repeat":"repeat","background-position":"center center","background-size":"auto","background-attachment":"scroll","background-type":"","background-media":"","overlay-type":"","overlay-color":"","overlay-opacity":"","overlay-gradient":""},"mobile":{"background-color":"var(--ast-global-color-5)","background-image":"","background-repeat":"repeat","background-position":"center center","background-size":"auto","background-attachment":"scroll","background-type":"","background-media":"","overlay-type":"","overlay-color":"","overlay-opacity":"","overlay-gradient":""}},"footnotes":""},"class_list":["post-4355","page","type-page","status-publish","hentry"],"post_mailing_queue_ids":[],"_links":{"self":[{"href":"https:\/\/agora.xtec.cat\/iesnarcisoller\/wp-json\/wp\/v2\/pages\/4355","targetHints":{"allow":["GET"]}}],"collection":[{"href":"https:\/\/agora.xtec.cat\/iesnarcisoller\/wp-json\/wp\/v2\/pages"}],"about":[{"href":"https:\/\/agora.xtec.cat\/iesnarcisoller\/wp-json\/wp\/v2\/types\/page"}],"author":[{"embeddable":true,"href":"https:\/\/agora.xtec.cat\/iesnarcisoller\/wp-json\/wp\/v2\/users\/5"}],"replies":[{"embeddable":true,"href":"https:\/\/agora.xtec.cat\/iesnarcisoller\/wp-json\/wp\/v2\/comments?post=4355"}],"version-history":[{"count":4,"href":"https:\/\/agora.xtec.cat\/iesnarcisoller\/wp-json\/wp\/v2\/pages\/4355\/revisions"}],"predecessor-version":[{"id":10711,"href":"https:\/\/agora.xtec.cat\/iesnarcisoller\/wp-json\/wp\/v2\/pages\/4355\/revisions\/10711"}],"wp:attachment":[{"href":"https:\/\/agora.xtec.cat\/iesnarcisoller\/wp-json\/wp\/v2\/media?parent=4355"}],"curies":[{"name":"wp","href":"https:\/\/api.w.org\/{rel}","templated":true}]}}