{"id":4307,"date":"2017-08-16T12:25:48","date_gmt":"2017-08-16T10:25:48","guid":{"rendered":"http:\/\/agora.xtec.cat\/iesnarcisoller\/?page_id=4307"},"modified":"2023-06-25T11:14:20","modified_gmt":"2023-06-25T09:14:20","slug":"departaments-seminaris","status":"publish","type":"page","link":"https:\/\/agora.xtec.cat\/iesnarcisoller\/departaments\/departaments-seminaris\/","title":{"rendered":"Departaments"},"content":{"rendered":"<p style=\"text-align: left;\">* Cliqueu sobre la taula per accedir a l&#8217;espai web de cada departament o seminari.<\/p>\n<p style=\"text-align: center;\">\r\n\t<div class=\"slideshow_container slideshow_container_style-light\" style=\"height: 300px; \" data-slideshow-id=\"31\" data-style-name=\"style-light\" data-style-version=\"2.3.1\" >\r\n\r\n\t\t\t\t\t<div class=\"slideshow_loading_icon\"><\/div>\r\n\t\t\r\n\t\t<div class=\"slideshow_content\" style=\"display: none;\">\r\n\r\n\t\t\t<div class=\"slideshow_view\">\r\n\t\t\t\t<div class=\"slideshow_slide slideshow_slide_image\">\r\n\t\t\t\t\t\t\t\t\t\t\t<img src=\"https:\/\/agora.xtec.cat\/iesnarcisoller\/wp-content\/uploads\/usu162\/2015\/02\/institut-exterior.jpg\" alt=\"Pistes exteriors\" width=\"5184\" height=\"3456\" \/>\r\n\t\t\t\t\t\t\t\t\t\t<div class=\"slideshow_description_box slideshow_transparent\">\r\n\t\t\t\t\t\t<div class=\"slideshow_title\">Pistes exteriors<\/div>\t\t\t\t\t\t\t\t\t\t\t<\/div>\r\n\t\t\t\t<\/div>\r\n\r\n\t\t\t\t\t\t<div style=\"clear: both;\"><\/div><\/div><div class=\"slideshow_view\">\r\n\t\t\t\t<div class=\"slideshow_slide slideshow_slide_image\">\r\n\t\t\t\t\t\t\t\t\t\t\t<img src=\"https:\/\/agora.xtec.cat\/iesnarcisoller\/wp-content\/uploads\/usu162\/2015\/02\/c-6.jpg\" alt=\"Passadissos\" width=\"1920\" height=\"2560\" \/>\r\n\t\t\t\t\t\t\t\t\t\t<div class=\"slideshow_description_box slideshow_transparent\">\r\n\t\t\t\t\t\t<div class=\"slideshow_title\">Passadissos<\/div>\t\t\t\t\t\t\t\t\t\t\t<\/div>\r\n\t\t\t\t<\/div>\r\n\r\n\t\t\t\t\t\t<div style=\"clear: both;\"><\/div><\/div><div class=\"slideshow_view\">\r\n\t\t\t\t<div class=\"slideshow_slide slideshow_slide_image\">\r\n\t\t\t\t\t\t\t\t\t\t\t<img src=\"https:\/\/agora.xtec.cat\/iesnarcisoller\/wp-content\/uploads\/usu162\/2015\/02\/DSCN0867.jpg\" alt=\"Aula\" width=\"4000\" height=\"3000\" \/>\r\n\t\t\t\t\t\t\t\t\t\t<div class=\"slideshow_description_box slideshow_transparent\">\r\n\t\t\t\t\t\t<div class=\"slideshow_title\">Aula<\/div>\t\t\t\t\t\t\t\t\t\t\t<\/div>\r\n\t\t\t\t<\/div>\r\n\r\n\t\t\t\t\t\t<div style=\"clear: both;\"><\/div><\/div><div class=\"slideshow_view\">\r\n\t\t\t\t<div class=\"slideshow_slide slideshow_slide_image\">\r\n\t\t\t\t\t\t\t\t\t\t\t<img src=\"https:\/\/agora.xtec.cat\/iesnarcisoller\/wp-content\/uploads\/usu162\/2015\/02\/IMG_0227.jpg\" alt=\"Aula M\u00fasica\" width=\"800\" height=\"534\" \/>\r\n\t\t\t\t\t\t\t\t\t\t<div class=\"slideshow_description_box slideshow_transparent\">\r\n\t\t\t\t\t\t<div class=\"slideshow_title\">Aula M\u00fasica<\/div>\t\t\t\t\t\t\t\t\t\t\t<\/div>\r\n\t\t\t\t<\/div>\r\n\r\n\t\t\t\t\t\t<div style=\"clear: both;\"><\/div><\/div><div class=\"slideshow_view\">\r\n\t\t\t\t<div class=\"slideshow_slide slideshow_slide_image\">\r\n\t\t\t\t\t\t\t\t\t\t\t<img src=\"https:\/\/agora.xtec.cat\/iesnarcisoller\/wp-content\/uploads\/usu162\/2015\/02\/IMG_0229.jpg\" alt=\"Aula M\u00fasica\" width=\"800\" height=\"473\" \/>\r\n\t\t\t\t\t\t\t\t\t\t<div class=\"slideshow_description_box slideshow_transparent\">\r\n\t\t\t\t\t\t<div class=\"slideshow_title\">Aula M\u00fasica<\/div>\t\t\t\t\t\t\t\t\t\t\t<\/div>\r\n\t\t\t\t<\/div>\r\n\r\n\t\t\t\t\t\t<div style=\"clear: both;\"><\/div><\/div><div class=\"slideshow_view\">\r\n\t\t\t\t<div class=\"slideshow_slide slideshow_slide_image\">\r\n\t\t\t\t\t\t\t\t\t\t\t<img src=\"https:\/\/agora.xtec.cat\/iesnarcisoller\/wp-content\/uploads\/usu162\/2015\/02\/IMG_1029ret2.jpg\" alt=\"Aula Dibuix\" width=\"4000\" height=\"2488\" \/>\r\n\t\t\t\t\t\t\t\t\t\t<div class=\"slideshow_description_box slideshow_transparent\">\r\n\t\t\t\t\t\t<div class=\"slideshow_title\">Aula Dibuix<\/div>\t\t\t\t\t\t\t\t\t\t\t<\/div>\r\n\t\t\t\t<\/div>\r\n\r\n\t\t\t\t\t\t<div style=\"clear: both;\"><\/div><\/div><div class=\"slideshow_view\">\r\n\t\t\t\t<div class=\"slideshow_slide slideshow_slide_image\">\r\n\t\t\t\t\t\t\t\t\t\t\t<img src=\"https:\/\/agora.xtec.cat\/iesnarcisoller\/wp-content\/uploads\/usu162\/2015\/02\/IMG_1024-ret2.jpg\" alt=\"Aula Volum\" width=\"3592\" height=\"2656\" \/>\r\n\t\t\t\t\t\t\t\t\t\t<div class=\"slideshow_description_box slideshow_transparent\">\r\n\t\t\t\t\t\t<div class=\"slideshow_title\">Aula Volum<\/div>\t\t\t\t\t\t\t\t\t\t\t<\/div>\r\n\t\t\t\t<\/div>\r\n\r\n\t\t\t\t\t\t<div style=\"clear: both;\"><\/div><\/div><div class=\"slideshow_view\">\r\n\t\t\t\t<div class=\"slideshow_slide slideshow_slide_image\">\r\n\t\t\t\t\t\t\t\t\t\t\t<img src=\"https:\/\/agora.xtec.cat\/iesnarcisoller\/wp-content\/uploads\/usu162\/2015\/02\/2014-09-16-inici-curs-12.jpg\" alt=\"Pati\" width=\"5184\" height=\"3456\" \/>\r\n\t\t\t\t\t\t\t\t\t\t<div class=\"slideshow_description_box slideshow_transparent\">\r\n\t\t\t\t\t\t<div class=\"slideshow_title\">Pati<\/div>\t\t\t\t\t\t\t\t\t\t\t<\/div>\r\n\t\t\t\t<\/div>\r\n\r\n\t\t\t\t\t\t<div style=\"clear: both;\"><\/div><\/div><div class=\"slideshow_view\">\r\n\t\t\t\t<div class=\"slideshow_slide slideshow_slide_image\">\r\n\t\t\t\t\t\t\t\t\t\t\t<img src=\"https:\/\/agora.xtec.cat\/iesnarcisoller\/wp-content\/uploads\/usu162\/2015\/02\/2014-09-16-inici-curs-2.jpg\" alt=\"Biblioteca\" width=\"5184\" height=\"3456\" \/>\r\n\t\t\t\t\t\t\t\t\t\t<div class=\"slideshow_description_box slideshow_transparent\">\r\n\t\t\t\t\t\t<div class=\"slideshow_title\">Biblioteca<\/div>\t\t\t\t\t\t\t\t\t\t\t<\/div>\r\n\t\t\t\t<\/div>\r\n\r\n\t\t\t\t\t\t<div style=\"clear: both;\"><\/div><\/div><div class=\"slideshow_view\">\r\n\t\t\t\t<div class=\"slideshow_slide slideshow_slide_image\">\r\n\t\t\t\t\t\t\t\t\t\t\t<img src=\"https:\/\/agora.xtec.cat\/iesnarcisoller\/wp-content\/uploads\/usu162\/2015\/02\/2014-09-16-inici-curs-11.jpg\" alt=\"Cantina\" width=\"5184\" height=\"3456\" \/>\r\n\t\t\t\t\t\t\t\t\t\t<div class=\"slideshow_description_box slideshow_transparent\">\r\n\t\t\t\t\t\t<div class=\"slideshow_title\">Cantina<\/div>\t\t\t\t\t\t\t\t\t\t\t<\/div>\r\n\t\t\t\t<\/div>\r\n\r\n\t\t\t\t\t\t<div style=\"clear: both;\"><\/div><\/div><div class=\"slideshow_view\">\r\n\t\t\t\t<div class=\"slideshow_slide slideshow_slide_image\">\r\n\t\t\t\t\t\t\t\t\t\t\t<img src=\"https:\/\/agora.xtec.cat\/iesnarcisoller\/wp-content\/uploads\/usu162\/2015\/02\/2014-12-23-karaoke-13.jpg\" alt=\"Gimn\u00e0s\" width=\"3456\" height=\"2304\" \/>\r\n\t\t\t\t\t\t\t\t\t\t<div class=\"slideshow_description_box slideshow_transparent\">\r\n\t\t\t\t\t\t<div class=\"slideshow_title\">Gimn\u00e0s<\/div>\t\t\t\t\t\t\t\t\t\t\t<\/div>\r\n\t\t\t\t<\/div>\r\n\r\n\t\t\t\t\t\t<div style=\"clear: both;\"><\/div><\/div>\r\n\t\t<\/div>\r\n\r\n\t\t<div class=\"slideshow_controlPanel slideshow_transparent\" style=\"display: none;\"><ul><li class=\"slideshow_togglePlay\" data-play-text=\"Visualitza\" data-pause-text=\"Pausa\"><\/li><\/ul><\/div>\r\n\r\n\t\t<div class=\"slideshow_button slideshow_previous slideshow_transparent\" role=\"button\" data-previous-text=\"Anterior\" style=\"display: none;\"><\/div>\r\n\t\t<div class=\"slideshow_button slideshow_next slideshow_transparent\" role=\"button\" data-next-text=\"Seg\u00fcent\" style=\"display: none;\"><\/div>\r\n\r\n\t\t<div class=\"slideshow_pagination\" style=\"display: none;\" data-go-to-text=\"V\u00e9s a la diapositiva\"><div class=\"slideshow_pagination_center\"><\/div><\/div>\r\n\r\n\t\t<!-- WordPress Slideshow Version 2.3.1 -->\r\n\r\n\t\t\t<\/div>\r\n\r\n<\/p>\n<div class=\"section noChildren\"><\/div>\n<div class=\"section noChildren\" style=\"text-align: center;\"><\/div>\n<table class=\" aligncenter\" style=\"height: 296px; width: 100%; background-color: #ffffff; border-color: #ffffff;\" border=\"0\">\n<tbody>\n<tr style=\"height: 50px; background-color: #ffffff; border-color: #000000;\">\n<td style=\"width: 18.362%; vertical-align: middle; height: 69px; text-align: center;\">\n<h3><span style=\"color: #3366ff;\"><strong><a style=\"color: #3366ff;\" title=\"Departament de Biologia i Geologia\" href=\"http:\/\/agora.xtec.cat\/iesnarcisoller\/departaments\/departament-de-biologia-i-geologia\/\">Biologia i Geologia<\/a><\/strong><\/span><\/h3>\n<\/td>\n<td style=\"width: 18.5344%; vertical-align: middle; height: 69px; text-align: center;\">\n<h3><span style=\"color: #3366ff;\"><strong><a style=\"color: #3366ff;\" title=\"Departament de Castell\u00e0\" href=\"http:\/\/agora.xtec.cat\/iesnarcisoller\/departaments\/departament-de-castella\/\">Castell\u00e0<\/a><\/strong><\/span><\/h3>\n<\/td>\n<td style=\"width: 19.8277%; vertical-align: middle; height: 69px; text-align: center;\">\n<h3><span style=\"color: #3366ff;\"><strong><a style=\"color: #3366ff;\" title=\"Departament de Catal\u00e0\" href=\"http:\/\/agora.xtec.cat\/iesnarcisoller\/departaments\/departament-de-catala\/\">Catal\u00e0<\/a><\/strong><\/span><\/h3>\n<\/td>\n<td style=\"width: 17.7586%; vertical-align: middle; height: 69px; text-align: center;\">\n<h3><span style=\"color: #3366ff;\"><strong><a style=\"color: #3366ff;\" title=\"Departament de Cicles Formatius\" href=\"http:\/\/agora.xtec.cat\/iesnarcisoller\/departaments\/departament-de-cicles-formatius\/\">Serveis Socioculturals i a la Comunitat<\/a><\/strong><\/span><\/h3>\n<\/td>\n<\/tr>\n<tr style=\"height: 50px; background-color: #ffffff; border-color: #000000;\">\n<td style=\"width: 18.362%; vertical-align: middle; height: 69px; text-align: center;\">\n<h3><span style=\"color: #3366ff;\"><strong><a style=\"color: #3366ff;\" title=\"Departament de Ci\u00e8ncies Socials\" href=\"http:\/\/agora.xtec.cat\/iesnarcisoller\/departaments\/departament-de-ciencies-socials\/\">Ci\u00e8ncies Socials<\/a><\/strong><\/span><\/h3>\n<\/td>\n<td style=\"width: 18.5344%; vertical-align: middle; height: 65px; text-align: center;\">\n<h3><span style=\"color: #3366ff;\"><strong><a style=\"color: #3366ff;\" title=\"Departament d'Educaci\u00f3 F\u00edsica\" href=\"http:\/\/agora.xtec.cat\/iesnarcisoller\/departaments\/departament-deducacio-fisica\/\">Educaci\u00f3 F\u00edsica<\/a><\/strong><\/span><\/h3>\n<\/td>\n<td style=\"width: 19.8277%; vertical-align: middle; height: 65px; text-align: center;\">\n<h3><span style=\"color: #3366ff;\"><strong><a style=\"color: #3366ff;\" title=\"Departament de F\u00edsica i Qu\u00edmica\" href=\"http:\/\/agora.xtec.cat\/iesnarcisoller\/departaments\/departament-de-fisica-i-quimica\/\">F\u00edsica i Qu\u00edmica<\/a><\/strong><\/span><\/h3>\n<\/td>\n<td style=\"width: 17.7586%; vertical-align: middle; height: 65px; text-align: center;\">\n<h3><span style=\"color: #3366ff;\"><strong><a style=\"color: #3366ff;\" title=\"Seminari de Filosofia\" href=\"http:\/\/agora.xtec.cat\/iesnarcisoller\/departaments\/seminari-de-filosofia\/\">Filosofia<\/a><\/strong><\/span><\/h3>\n<\/td>\n<\/tr>\n<tr style=\"height: 50px; background-color: #ffffff; border-color: #000000;\">\n<td style=\"width: 18.362%; vertical-align: middle; height: 69px; text-align: center;\">\n<h3><span style=\"color: #3366ff;\"><strong><a style=\"color: #3366ff;\" title=\"Seminari d'Inform\u00e0tica\" href=\"http:\/\/agora.xtec.cat\/iesnarcisoller\/departaments\/seminari-informatica\/\">Inform\u00e0tica i Programaci\u00f3<\/a><\/strong><\/span><\/h3>\n<\/td>\n<td style=\"width: 18.5344%; vertical-align: middle; height: 79px; text-align: center;\">\n<h3><span style=\"color: #3366ff;\"><strong><a style=\"color: #3366ff;\" title=\"Departament de Lleng\u00fces Estrangeres\" href=\"http:\/\/agora.xtec.cat\/iesnarcisoller\/departaments\/departament-de-llengues-estrangeres\/\">Lleng\u00fces Estrangeres<\/a><\/strong><\/span><\/h3>\n<\/td>\n<td style=\"width: 19.8277%; vertical-align: middle; height: 79px; text-align: center;\">\n<h3><span style=\"color: #3366ff;\"><strong><a style=\"color: #3366ff;\" title=\"Departament de Matem\u00e0tiques\" href=\"http:\/\/agora.xtec.cat\/iesnarcisoller\/departaments\/departament-de-matematiques\/\">Matem\u00e0tiques<\/a><\/strong><\/span><\/h3>\n<\/td>\n<td style=\"width: 17.7586%; vertical-align: middle; height: 79px; text-align: center;\">\n<h3><span style=\"color: #3366ff;\"><strong><a style=\"color: #3366ff;\" title=\"Departament de M\u00fasica\" href=\"http:\/\/agora.xtec.cat\/iesnarcisoller\/departaments\/departament-de-musica\/\">M\u00fasica<\/a><\/strong><\/span><\/h3>\n<\/td>\n<\/tr>\n<tr style=\"height: 50px; background-color: #ffffff; border-color: #000000;\">\n<td style=\"width: 18.362%; vertical-align: middle; height: 69px; text-align: center;\">\n<h3><span style=\"color: #3366ff;\"><strong><a style=\"color: #3366ff;\" title=\"Departament d'Orientaci\u00f3 Educativa\" href=\"http:\/\/agora.xtec.cat\/iesnarcisoller\/departaments\/departament-dorientacio-educativa\/\">Orientaci\u00f3 Educativa<\/a><\/strong><\/span><\/h3>\n<\/td>\n<td style=\"width: 18.5344%; height: 83px; background-color: #ffffff; text-align: center; vertical-align: middle;\">\n<h3><span style=\"color: #3366ff;\"><strong><a style=\"color: #3366ff;\" title=\"Departament de Tecnologia\" href=\"http:\/\/agora.xtec.cat\/iesnarcisoller\/departaments\/departament-de-tecnologia\/\">Tecnologia<\/a><\/strong><\/span><\/h3>\n<\/td>\n<td style=\"width: 19.8277%; height: 83px; background-color: #ffffff; text-align: center; vertical-align: middle;\">\n<h3><span style=\"color: #3366ff;\"><strong><a style=\"color: #3366ff;\" title=\"Departament de Visual i Pl\u00e0stica\" href=\"http:\/\/agora.xtec.cat\/iesnarcisoller\/departaments\/departament-de-visual-i-plastica\/\">Visual i Pl\u00e0stica<\/a><\/strong><\/span><\/h3>\n<\/td>\n<td style=\"width: 17.7586%; height: 83px; background-color: #ffffff; text-align: center; vertical-align: middle;\">\n<h3><\/h3>\n<h3><span style=\"color: #3366ff;\"><strong><a style=\"color: #3366ff;\" title=\"Departament de Visual i Pl\u00e0stica\" href=\"https:\/\/agora.xtec.cat\/iesnarcisoller\/departaments\/itinerari-formatiu-especific-ife\/\">IFE<\/a><\/strong><\/span><\/h3>\n<h3><\/h3>\n<\/td>\n<\/tr>\n<\/tbody>\n<\/table>\n","protected":false},"excerpt":{"rendered":"<p>* Cliqueu sobre la taula per accedir a l&#8217;espai web de cada departament o seminari. Biologia i Geologia Castell\u00e0 Catal\u00e0 Serveis Socioculturals i a la Comunitat Ci\u00e8ncies Socials Educaci\u00f3 F\u00edsica F\u00edsica i Qu\u00edmica Filosofia Inform\u00e0tica i Programaci\u00f3 Lleng\u00fces Estrangeres Matem\u00e0tiques M\u00fasica Orientaci\u00f3 Educativa Tecnologia Visual i Pl\u00e0stica IFE<\/p>\n","protected":false},"author":5,"featured_media":0,"parent":480,"menu_order":0,"comment_status":"closed","ping_status":"closed","template":"page-templates\/side-menu.php","meta":{"_bbp_topic_count":0,"_bbp_reply_count":0,"_bbp_total_topic_count":0,"_bbp_total_reply_count":0,"_bbp_voice_count":0,"_bbp_anonymous_reply_count":0,"_bbp_topic_count_hidden":0,"_bbp_reply_count_hidden":0,"_bbp_forum_subforum_count":0,"site-sidebar-layout":"default","site-content-layout":"","ast-site-content-layout":"","site-content-style":"default","site-sidebar-style":"default","ast-global-header-display":"","ast-banner-title-visibility":"","ast-main-header-display":"","ast-hfb-above-header-display":"","ast-hfb-below-header-display":"","ast-hfb-mobile-header-display":"","site-post-title":"","ast-breadcrumbs-content":"","ast-featured-img":"","footer-sml-layout":"","theme-transparent-header-meta":"","adv-header-id-meta":"","stick-header-meta":"","header-above-stick-meta":"","header-main-stick-meta":"","header-below-stick-meta":"","astra-migrate-meta-layouts":"default","ast-page-background-enabled":"default","ast-page-background-meta":{"desktop":{"background-color":"var(--ast-global-color-4)","background-image":"","background-repeat":"repeat","background-position":"center center","background-size":"auto","background-attachment":"scroll","background-type":"","background-media":"","overlay-type":"","overlay-color":"","overlay-opacity":"","overlay-gradient":""},"tablet":{"background-color":"","background-image":"","background-repeat":"repeat","background-position":"center center","background-size":"auto","background-attachment":"scroll","background-type":"","background-media":"","overlay-type":"","overlay-color":"","overlay-opacity":"","overlay-gradient":""},"mobile":{"background-color":"","background-image":"","background-repeat":"repeat","background-position":"center center","background-size":"auto","background-attachment":"scroll","background-type":"","background-media":"","overlay-type":"","overlay-color":"","overlay-opacity":"","overlay-gradient":""}},"ast-content-background-meta":{"desktop":{"background-color":"var(--ast-global-color-5)","background-image":"","background-repeat":"repeat","background-position":"center center","background-size":"auto","background-attachment":"scroll","background-type":"","background-media":"","overlay-type":"","overlay-color":"","overlay-opacity":"","overlay-gradient":""},"tablet":{"background-color":"var(--ast-global-color-5)","background-image":"","background-repeat":"repeat","background-position":"center center","background-size":"auto","background-attachment":"scroll","background-type":"","background-media":"","overlay-type":"","overlay-color":"","overlay-opacity":"","overlay-gradient":""},"mobile":{"background-color":"var(--ast-global-color-5)","background-image":"","background-repeat":"repeat","background-position":"center center","background-size":"auto","background-attachment":"scroll","background-type":"","background-media":"","overlay-type":"","overlay-color":"","overlay-opacity":"","overlay-gradient":""}},"footnotes":""},"class_list":["post-4307","page","type-page","status-publish","hentry"],"post_mailing_queue_ids":[],"_links":{"self":[{"href":"https:\/\/agora.xtec.cat\/iesnarcisoller\/wp-json\/wp\/v2\/pages\/4307","targetHints":{"allow":["GET"]}}],"collection":[{"href":"https:\/\/agora.xtec.cat\/iesnarcisoller\/wp-json\/wp\/v2\/pages"}],"about":[{"href":"https:\/\/agora.xtec.cat\/iesnarcisoller\/wp-json\/wp\/v2\/types\/page"}],"author":[{"embeddable":true,"href":"https:\/\/agora.xtec.cat\/iesnarcisoller\/wp-json\/wp\/v2\/users\/5"}],"replies":[{"embeddable":true,"href":"https:\/\/agora.xtec.cat\/iesnarcisoller\/wp-json\/wp\/v2\/comments?post=4307"}],"version-history":[{"count":3,"href":"https:\/\/agora.xtec.cat\/iesnarcisoller\/wp-json\/wp\/v2\/pages\/4307\/revisions"}],"predecessor-version":[{"id":10754,"href":"https:\/\/agora.xtec.cat\/iesnarcisoller\/wp-json\/wp\/v2\/pages\/4307\/revisions\/10754"}],"up":[{"embeddable":true,"href":"https:\/\/agora.xtec.cat\/iesnarcisoller\/wp-json\/wp\/v2\/pages\/480"}],"wp:attachment":[{"href":"https:\/\/agora.xtec.cat\/iesnarcisoller\/wp-json\/wp\/v2\/media?parent=4307"}],"curies":[{"name":"wp","href":"https:\/\/api.w.org\/{rel}","templated":true}]}}