{"id":2820,"date":"2016-09-15T08:39:52","date_gmt":"2016-09-15T07:39:52","guid":{"rendered":"http:\/\/agora.xtec.cat\/iesnarcisoller\/?page_id=2820"},"modified":"2016-09-15T08:46:10","modified_gmt":"2016-09-15T07:46:10","slug":"professorat-en-practiques-master-i-grau","status":"publish","type":"page","link":"https:\/\/agora.xtec.cat\/iesnarcisoller\/professorat-en-practiques-master-i-grau\/","title":{"rendered":"Professorat en pr\u00e0ctiques (M\u00e0ster i Grau)"},"content":{"rendered":"<p>El nostre institut \u00e9s un centre acollidor de professors de pr\u00e0ctiques provinents tant del M\u00e0ster de Secund\u00e0ria, com del Grau de Pedagogia.<\/p>\n<p>En aquesta p\u00e0gina trobareu tota la documentaci\u00f3 pertinent al proc\u00e9s de pr\u00e0ctiques al centre.<\/p>\n<p>Documents:<\/p>\n<p><a href=\"http:\/\/agora.xtec.cat\/iesnarcisoller\/wp-content\/uploads\/usu162\/2014\/09\/INFORME-DE-CENTRE-DE-PR\u00c0CTIQUES.pdf\">INFORME DE CENTRE DE PR\u00c0CTIQUES<\/a><\/p>\n","protected":false},"excerpt":{"rendered":"<p>El nostre institut \u00e9s un centre acollidor de professors de pr\u00e0ctiques provinents tant del M\u00e0ster de Secund\u00e0ria, com del Grau de Pedagogia. En aquesta p\u00e0gina trobareu tota la documentaci\u00f3 pertinent al proc\u00e9s de pr\u00e0ctiques al centre. Documents: INFORME DE CENTRE DE PR\u00c0CTIQUES<\/p>\n","protected":false},"author":1,"featured_media":0,"parent":0,"menu_order":0,"comment_status":"closed","ping_status":"closed","template":"page-templates\/side-menu.php","meta":{"_bbp_topic_count":0,"_bbp_reply_count":0,"_bbp_total_topic_count":0,"_bbp_total_reply_count":0,"_bbp_voice_count":0,"_bbp_anonymous_reply_count":0,"_bbp_topic_count_hidden":0,"_bbp_reply_count_hidden":0,"_bbp_forum_subforum_count":0,"site-sidebar-layout":"default","site-content-layout":"","ast-site-content-layout":"","site-content-style":"default","site-sidebar-style":"default","ast-global-header-display":"","ast-banner-title-visibility":"","ast-main-header-display":"","ast-hfb-above-header-display":"","ast-hfb-below-header-display":"","ast-hfb-mobile-header-display":"","site-post-title":"","ast-breadcrumbs-content":"","ast-featured-img":"","footer-sml-layout":"","theme-transparent-header-meta":"","adv-header-id-meta":"","stick-header-meta":"","header-above-stick-meta":"","header-main-stick-meta":"","header-below-stick-meta":"","astra-migrate-meta-layouts":"default","ast-page-background-enabled":"default","ast-page-background-meta":{"desktop":{"background-color":"var(--ast-global-color-4)","background-image":"","background-repeat":"repeat","background-position":"center center","background-size":"auto","background-attachment":"scroll","background-type":"","background-media":"","overlay-type":"","overlay-color":"","overlay-opacity":"","overlay-gradient":""},"tablet":{"background-color":"","background-image":"","background-repeat":"repeat","background-position":"center center","background-size":"auto","background-attachment":"scroll","background-type":"","background-media":"","overlay-type":"","overlay-color":"","overlay-opacity":"","overlay-gradient":""},"mobile":{"background-color":"","background-image":"","background-repeat":"repeat","background-position":"center center","background-size":"auto","background-attachment":"scroll","background-type":"","background-media":"","overlay-type":"","overlay-color":"","overlay-opacity":"","overlay-gradient":""}},"ast-content-background-meta":{"desktop":{"background-color":"var(--ast-global-color-5)","background-image":"","background-repeat":"repeat","background-position":"center center","background-size":"auto","background-attachment":"scroll","background-type":"","background-media":"","overlay-type":"","overlay-color":"","overlay-opacity":"","overlay-gradient":""},"tablet":{"background-color":"var(--ast-global-color-5)","background-image":"","background-repeat":"repeat","background-position":"center center","background-size":"auto","background-attachment":"scroll","background-type":"","background-media":"","overlay-type":"","overlay-color":"","overlay-opacity":"","overlay-gradient":""},"mobile":{"background-color":"var(--ast-global-color-5)","background-image":"","background-repeat":"repeat","background-position":"center center","background-size":"auto","background-attachment":"scroll","background-type":"","background-media":"","overlay-type":"","overlay-color":"","overlay-opacity":"","overlay-gradient":""}},"footnotes":""},"class_list":["post-2820","page","type-page","status-publish","hentry"],"post_mailing_queue_ids":[],"_links":{"self":[{"href":"https:\/\/agora.xtec.cat\/iesnarcisoller\/wp-json\/wp\/v2\/pages\/2820","targetHints":{"allow":["GET"]}}],"collection":[{"href":"https:\/\/agora.xtec.cat\/iesnarcisoller\/wp-json\/wp\/v2\/pages"}],"about":[{"href":"https:\/\/agora.xtec.cat\/iesnarcisoller\/wp-json\/wp\/v2\/types\/page"}],"author":[{"embeddable":true,"href":"https:\/\/agora.xtec.cat\/iesnarcisoller\/wp-json\/wp\/v2\/users\/1"}],"replies":[{"embeddable":true,"href":"https:\/\/agora.xtec.cat\/iesnarcisoller\/wp-json\/wp\/v2\/comments?post=2820"}],"version-history":[{"count":2,"href":"https:\/\/agora.xtec.cat\/iesnarcisoller\/wp-json\/wp\/v2\/pages\/2820\/revisions"}],"predecessor-version":[{"id":2823,"href":"https:\/\/agora.xtec.cat\/iesnarcisoller\/wp-json\/wp\/v2\/pages\/2820\/revisions\/2823"}],"wp:attachment":[{"href":"https:\/\/agora.xtec.cat\/iesnarcisoller\/wp-json\/wp\/v2\/media?parent=2820"}],"curies":[{"name":"wp","href":"https:\/\/api.w.org\/{rel}","templated":true}]}}