{"id":27,"date":"2014-09-17T16:24:03","date_gmt":"2014-09-17T16:24:03","guid":{"rendered":"http:\/\/agora.xtec.cat\/iesnarcisoller\/?page_id=27"},"modified":"2023-06-25T11:24:21","modified_gmt":"2023-06-25T09:24:21","slug":"historia","status":"publish","type":"page","link":"https:\/\/agora.xtec.cat\/iesnarcisoller\/linstitut\/historia\/","title":{"rendered":"Hist\u00f2ria"},"content":{"rendered":"\r\n\t<div class=\"slideshow_container slideshow_container_style-light\" style=\"height: 300px; \" data-slideshow-id=\"322\" data-style-name=\"style-light\" data-style-version=\"2.3.1\" >\r\n\r\n\t\t\t\t\t<div class=\"slideshow_loading_icon\"><\/div>\r\n\t\t\r\n\t\t<div class=\"slideshow_content\" style=\"display: none;\">\r\n\r\n\t\t\t<div class=\"slideshow_view\">\r\n\t\t\t\t<div class=\"slideshow_slide slideshow_slide_image\">\r\n\t\t\t\t\t\t\t\t\t\t\t<img src=\"https:\/\/agora.xtec.cat\/iesnarcisoller\/wp-content\/uploads\/usu162\/2015\/02\/droppedImage.jpg\" alt=\"Consergeria\" width=\"534\" height=\"356\" \/>\r\n\t\t\t\t\t\t\t\t\t\t<div class=\"slideshow_description_box slideshow_transparent\">\r\n\t\t\t\t\t\t<div class=\"slideshow_title\">Consergeria<\/div>\t\t\t\t\t\t\t\t\t\t\t<\/div>\r\n\t\t\t\t<\/div>\r\n\r\n\t\t\t\t\t\t<div style=\"clear: both;\"><\/div><\/div><div class=\"slideshow_view\">\r\n\t\t\t\t<div class=\"slideshow_slide slideshow_slide_image\">\r\n\t\t\t\t\t\t\t\t\t\t\t<img src=\"https:\/\/agora.xtec.cat\/iesnarcisoller\/wp-content\/uploads\/usu162\/2015\/02\/4__@__pastedGraphic.jpg\" alt=\"Pati\" width=\"312\" height=\"468\" \/>\r\n\t\t\t\t\t\t\t\t\t\t<div class=\"slideshow_description_box slideshow_transparent\">\r\n\t\t\t\t\t\t<div class=\"slideshow_title\">Pati<\/div>\t\t\t\t\t\t\t\t\t\t\t<\/div>\r\n\t\t\t\t<\/div>\r\n\r\n\t\t\t\t\t\t<div style=\"clear: both;\"><\/div><\/div><div class=\"slideshow_view\">\r\n\t\t\t\t<div class=\"slideshow_slide slideshow_slide_image\">\r\n\t\t\t\t\t\t\t\t\t\t\t<img src=\"https:\/\/agora.xtec.cat\/iesnarcisoller\/wp-content\/uploads\/usu162\/2015\/02\/3__@__pastedGraphic.jpg\" alt=\"Biblioteca\" width=\"407\" height=\"260\" \/>\r\n\t\t\t\t\t\t\t\t\t\t<div class=\"slideshow_description_box slideshow_transparent\">\r\n\t\t\t\t\t\t<div class=\"slideshow_title\">Biblioteca<\/div>\t\t\t\t\t\t\t\t\t\t\t<\/div>\r\n\t\t\t\t<\/div>\r\n\r\n\t\t\t\t\t\t<div style=\"clear: both;\"><\/div><\/div><div class=\"slideshow_view\">\r\n\t\t\t\t<div class=\"slideshow_slide slideshow_slide_image\">\r\n\t\t\t\t\t\t\t\t\t\t\t<img src=\"https:\/\/agora.xtec.cat\/iesnarcisoller\/wp-content\/uploads\/usu162\/2015\/02\/2__@__pastedGraphic.jpg\" alt=\"Sala d&#039;actes\" width=\"479\" height=\"324\" \/>\r\n\t\t\t\t\t\t\t\t\t\t<div class=\"slideshow_description_box slideshow_transparent\">\r\n\t\t\t\t\t\t<div class=\"slideshow_title\">Sala d&#039;actes<\/div>\t\t\t\t\t\t\t\t\t\t\t<\/div>\r\n\t\t\t\t<\/div>\r\n\r\n\t\t\t\t\t\t<div style=\"clear: both;\"><\/div><\/div><div class=\"slideshow_view\">\r\n\t\t\t\t<div class=\"slideshow_slide slideshow_slide_image\">\r\n\t\t\t\t\t\t\t\t\t\t\t<img src=\"https:\/\/agora.xtec.cat\/iesnarcisoller\/wp-content\/uploads\/usu162\/2015\/02\/1__@__pastedGraphic.jpg\" alt=\"Entrada\" width=\"440\" height=\"448\" \/>\r\n\t\t\t\t\t\t\t\t\t\t<div class=\"slideshow_description_box slideshow_transparent\">\r\n\t\t\t\t\t\t<div class=\"slideshow_title\">Entrada<\/div>\t\t\t\t\t\t\t\t\t\t\t<\/div>\r\n\t\t\t\t<\/div>\r\n\r\n\t\t\t\t\t\t<div style=\"clear: both;\"><\/div><\/div><div class=\"slideshow_view\">\r\n\t\t\t\t<div class=\"slideshow_slide slideshow_slide_image\">\r\n\t\t\t\t\t\t\t\t\t\t\t<img src=\"https:\/\/agora.xtec.cat\/iesnarcisoller\/wp-content\/uploads\/usu162\/2015\/02\/pastedGraphic.jpg\" alt=\"Finestra passad\u00eds\" width=\"532\" height=\"348\" \/>\r\n\t\t\t\t\t\t\t\t\t\t<div class=\"slideshow_description_box slideshow_transparent\">\r\n\t\t\t\t\t\t<div class=\"slideshow_title\">Finestra passad\u00eds<\/div>\t\t\t\t\t\t\t\t\t\t\t<\/div>\r\n\t\t\t\t<\/div>\r\n\r\n\t\t\t\t\t\t<div style=\"clear: both;\"><\/div><\/div>\r\n\t\t<\/div>\r\n\r\n\t\t<div class=\"slideshow_controlPanel slideshow_transparent\" style=\"display: none;\"><ul><li class=\"slideshow_togglePlay\" data-play-text=\"Visualitza\" data-pause-text=\"Pausa\"><\/li><\/ul><\/div>\r\n\r\n\t\t<div class=\"slideshow_button slideshow_previous slideshow_transparent\" role=\"button\" data-previous-text=\"Anterior\" style=\"display: none;\"><\/div>\r\n\t\t<div class=\"slideshow_button slideshow_next slideshow_transparent\" role=\"button\" data-next-text=\"Seg\u00fcent\" style=\"display: none;\"><\/div>\r\n\r\n\t\t<div class=\"slideshow_pagination\" style=\"display: none;\" data-go-to-text=\"V\u00e9s a la diapositiva\"><div class=\"slideshow_pagination_center\"><\/div><\/div>\r\n\r\n\t\t<!-- WordPress Slideshow Version 2.3.1 -->\r\n\r\n\t\t\t<\/div>\r\n\r\n\n<p>L\u2019Institut Narc\u00eds Oller \u00e9s un centre de titularitat p\u00fablica i est\u00e0 ubicat al municipi de Valls, en el barri de El Forn\u00e0s. L&#8217;Institut \u00e9s un centre arrelat a Valls i la seva comarca des de fa setanta anys. Fem aqu\u00ed un breu rep\u00e0s a aquesta llarga hist\u00f2ria:<\/p>\n<h3><b>\u00a0Or\u00edgens<\/b><\/h3>\n<p>El 16 de juliol de 1952 es public\u00e0 en el n\u00famero 198 del Bolet\u00edn Oficial del Estado el Decret de creaci\u00f3 a Valls del &#8220;Centro de Ense\u00f1anza Media y Profesional de Modalidad Agr\u00edcola y Ganadera&#8221;, dependent del Ministeri d&#8217;Educaci\u00f3 Nacional, Direcci\u00f3 General d&#8217;Ensenyan\u00e7a Laboral.<\/p>\n<p>El dia 4 de novembre de 1952, amb vuit professors ( Manuel Anciola, Josepa Card\u00f3, Jos\u00e9 M. de Dalmases, Mn. Josep Gil, Felisa L\u00f3pez, Octavi Roca, Josep Sisquella, Josep M.Tost) i trenta-nou alumnes, s&#8217;iniciaren les classes de batxillerat a l&#8217;Institut, anomenat, a partir de 1955, Institut Laboral Narc\u00eds Oller.<\/p>\n<h3><b>Plans d&#8217;estudi<\/b><\/h3>\n<p>Aquest batxillerat laboral constava de cinc cursos de grau elemental i dos de superior (aquest \u00faltim \u00a0 d&#8217;especialitat avicultura- es va concedir el curs 63-64) i va estar vigent fins al curs 1972-73. S&#8217;hi accedia a partir dels deu anys, despr\u00e9s haver superat un examen d&#8217;ingr\u00e9s. La seva import\u00e0ncia, des de la perspectiva actual, rau, sobretot, en el fet que amb ell es van iniciar els estudis p\u00fablics de\u00a0batxillerat a la ciutat de Valls, els quals, amb els canvis corresponents als diferents plans, han tingut una continu\u00eftat fins avui a l&#8217;Institut Narc\u00eds Oller.<\/p>\n<p>El curs 1967-68, coexistint amb el laboral que ja s&#8217;anava extingint, va comen\u00e7ar a impartir-se el batxillerat general, i l&#8217;Institut pass\u00e0 a denominar-se Institut T\u00e8cnic d&#8217;Ensenyament Mitj\u00e0. Aquest batxillerat constava de 4 cursos d&#8217;elemental i dos de superior, i el COU (curs d&#8217;orientaci\u00f3 universit\u00e0ria) que comen\u00e7\u00e0 a l&#8217;Institut el curs 1973-74. A aquest batxillerat general s&#8217;hi accedia igualment a partir dels deu anys.<\/p>\n<p>Les primeres noies entraren a l&#8217;Institut amb el batxillerat unificat general el curs 1967-68, si b\u00e9 anaven a classes separades dels nois. El curs 1971-72, amb la implantaci\u00f3 del batxillerat superior, hi comen\u00e7aren a haver per primera vegada les classes mixtes.<\/p>\n<p>El curs 1975-76 va iniciar-se el pla d&#8217;estudis de la coneguda com a Llei general d&#8217;educaci\u00f3 del 70, que allarg\u00e0 l&#8217;educaci\u00f3 b\u00e0sica obligat\u00f2ria i fix\u00e0 l&#8217;entrada dels alumnes als instituts a partir dels catorze anys. Llavors el centre es denomin\u00e0 Institut Nacional de Batxillerat i, a partir de 1981, Institut de Batxillerat. El BUP (batxillerat unificat polivalent) de tres anys i el COU d&#8217;un any formaven aquest pla d&#8217;estudis secundaris, que va estar vigent fins al curs 1998-99.<\/p>\n<p>Els cursos 1984-85 i 1985-86 l&#8217;Institut fou Centre Pilot en l&#8217;aplicaci\u00f3 parcial de la reforma educativa. El curs 1986-87 els grups del batxillerat experimental passaren al BUP.<\/p>\n<p>El curs 1996-97 es va comen\u00e7ar a aplicar la LOGSE amb l&#8217;ESO (educaci\u00f3 secund\u00e0ria obligat\u00f2ria) de quatre cursos -a partir dels dotze anys- i el batxillerat de dos -a partir dels setze-. Aquest pla d&#8217;estudis va coexistir tres anys amb l&#8217;anterior fins que va estar completament implantat el curs 1999-2000. L&#8217;IES Narc\u00eds Oller imparteix des dels inicis del nou sistema totes les modalitats de batxillerat.<\/p>\n<h3><b>Directors<\/b><\/h3>\n<p>A m\u00e9s de l&#8217;actual, els directors de l&#8217;Institut han estat sis:<\/p>\n<p><strong>Josep Sisquella Argila:<\/strong>\u00a01952-57. Professor de Formaci\u00f3 Manual. Va ser el primer director. En el seu per\u00edode van iniciar-se els estudis de batxillerat laboral i es van fer les gestions per aconseguir el camp de pr\u00e0ctiques al terreny que avui dia ocupen la Creu Roja, el CEIP Baltasar Seg\u00fa i l&#8217;IES Jaume Huguet. Pel que fa a l&#8217;edifici, \u00e9s en aquest per\u00edode que es fan les principals obres d&#8217;adequaci\u00f3.<\/p>\n<p><strong>Jes\u00fas Guiral Grau:<\/strong> 1958-70.\u00a0Professor de Ci\u00e8ncies Naturals. Sota la seva direcci\u00f3 es van consolidar els estudis de batxillerat laboral amb la consecuci\u00f3 del batxillerat superior, especialitat en avicultura. Tamb\u00e9 es va concedir el Col\u00b7legi Menor, durant set anys instal\u00b7lat a les mateixes depend\u00e8ncies de la pla\u00e7a del Quarter. El curs 1967-68 es va comen\u00e7ara impartir a l&#8217;Institut el batxillerat general.<\/p>\n<p><strong>\u00a0Octavi Roca Artiga:<\/strong> 1970-89. Professor de F\u00edsica i Qu\u00edmica. Es consolida el batxillerat general, amb el batxillerat superior, i el COU. M\u00e9s tard s&#8217;implanta el BUP i el COU. S&#8217;elabora el primer Reglament de r\u00e8gim intern del centre i es posa en marxa l&#8217;Associaci\u00f3 de pares. Aix\u00ed mateix, es fan obres al segon pis de l&#8217;edifici per instal\u00b7lar-hi els seminaris did\u00e0ctics i la biblioteca.<\/p>\n<p><strong>Josep M. Pall\u00e0s Guasch:<\/strong> 1989-96. Professor de Llengua i Literatura Catalanes. S&#8217;elabora sota la seva direcci\u00f3 el Projecte Ling\u00fc\u00edstic, el Pla d&#8217;Acci\u00f3 Tutorial, un nou Reglament de R\u00e8gim Intern i el Projecte Educatiu de Centre. Es comencen a canalitzar les demandes d&#8217;una millora integral de l&#8217;edifici i m\u00e9s tard les de la construcci\u00f3 d&#8217;un nou centre.<\/p>\n<p><strong>Carme Mansilla Cabr\u00e9:<\/strong> 1996-2004. Professora de Llengua i Literatura Espanyoles. En el comen\u00e7ament de la seva direcci\u00f3 s&#8217;instaura i es consolida el nou sistema de l&#8217;ESO i el batxillerat LOGSE. S&#8217;intensifiquen les demandes d&#8217;un nou centre i finalment s&#8217;aconsegueix que es comenci a construir el setembre del 2000.<\/p>\n<p><strong>Xavier Salat Brunel:<\/strong> 2004-2011. Professor de Biologia i Geologia. Sota la seva direcci\u00f3 s\u2019efectua l\u2019ampliaci\u00f3 de l\u2019edifici amb una nova ala est. Neix l\u2019itinerari teatral de 3r i 4t d\u2019ESO que formaran la base per la creaci\u00f3 de la nova via esc\u00e8nica del batxillerat art\u00edstic. Tamb\u00e9 es desenvolupar\u00e0 el Pla de Millora del centre i el Pla d\u2019Autonomia. En aquest per\u00edode tamb\u00e9 es crea la USEE i l\u2019Aula d\u2019Acollida.<\/p>\n<p><strong>Josep M. Pall\u00e0s Guasch:<\/strong> 2011-2019. Professor de Llengua i Literatura Catalanes, ja havia estat director en el per\u00edode 1989-96. Repr\u00e8n la tasca de direcci\u00f3 amb l\u2019aval de l\u2019experi\u00e8ncia, tant pel que fa a la gesti\u00f3 del centre, com per la seva etapa com a Director dels Serveis Territorials de la Prov\u00edncia de Tarragona. Sota la seva direcci\u00f3 es culmina el Pla d&#8217;Autonomia de Centre (PAC 2010-14), es crea el Grup Experimental de Pluriling\u00fcisme (GEP 2015-17), es redacta el Projecte Educatiu de Centre (PEC), les Normes d&#8217;Organitzaci\u00f3 i Funcionament de Centre (NOFC), i el Projecte Ling\u00fc\u00edstic de Centre (LIC). Es crea i desenvolupa la plataforma interactiva QUIR\u00d3, i es crea la Comissi\u00f3 TAC del centre. En aquest per\u00edode es consoliden les quatre l\u00ednies del SIEI i s&#8217;inicia la Comissi\u00f3 de Conviv\u00e8ncia, Amistat i Toler\u00e0ncia (CAT).<\/p>\n<p><strong>Andreu Dexeus Domingo:<\/strong> 2019. Professor de M\u00fasica, ha estat cap d&#8217;estudis del centre en el per\u00edode 2011-19. Amb aquesta experi\u00e8ncia en la gesti\u00f3 del centre, actualment \u00e9s el director de l&#8217;institut.<\/p>\n<h3><b>Alumnes i professors\u00a0<\/b><\/h3>\n<p>Els expedients d&#8217;alumnes que es guarden a l&#8217;arxiu de l&#8217;Institut s\u00f3n prop de 10.000, inclosos els pertanyents als dels centres adscrits o dependents (Col\u00b7legi Companyia de Maria, Col\u00b7legi Jes\u00fas i Maria, Col\u00b7legi Nostra Senyora del Carme, Col\u00b7legi Sagrat Cor i Universitat Laboral, de Tarragona; Col\u00b7legi Claret, de Valls i Col\u00b7legi Nostra Senyora de la Merc\u00e8, de Montblanc). Aix\u00ed mateix, l&#8217;institut de batxillerat de Montblanc va ser una secci\u00f3 del de Valls l&#8217;any que es va crear, el 1985-86; i en l&#8217;actualitat, la SES d&#8217;Alcover \u00e9s una secci\u00f3 del Narc\u00eds Oller des del curs 1998-99.<\/p>\n<p>La matr\u00edcula del Centre ha oscil\u00b7lat des del minoritari primer batxillerat amb unes quantes desenes d&#8217;alumnes als actuals estudis d&#8217;ensenyament secundari obligatori, passant pels anys de m\u00e0xima implantaci\u00f3, a conseq\u00fc\u00e8ncia de l&#8217;augment demogr\u00e0fic i de l&#8217;acc\u00e9s d&#8217;una gran part de la poblaci\u00f3 al batxillerat, que coincideix amb la d\u00e8cada dels 90 (l&#8217;Institut arriba el 1996-97 als 955 matriculats). En l&#8217;actualitat, i a causa de l&#8217;increment de la poblaci\u00f3 escolar i l&#8217;oferta educativa de l&#8217;Institut, la matr\u00edcula torna a ser considerable i se situa prop dels 800 alumnes.<\/p>\n<p>Pel que fa al professorat, cal dir que gran part del que comen\u00e7\u00e0 l&#8217;any 1952 va passar pr\u00e0cticament tota la seva vida laboral a l&#8217;Institut; els primers anys, el Claustre amb prou feines superava la dotzena de professors. Actualment el componen prop d&#8217;una vuitantena. En tots aquest temps han passat per l&#8217;Institut unes tres-centes persones, comptant nom\u00e9s el professorat que hi ha treballat com a m\u00ednim un curs complet.<\/p>\n<h3><b>Edificis<\/b><\/h3>\n<p>El 1952, el lloc triat per a impartir els nous estudis de batxillerat fou l&#8217;hist\u00f2ric edifici de la pla\u00e7a del Quarter, ja ocupat parcialment per l&#8217;Escola del Treball des de l&#8217;any 1942. El curs 1953-54 s&#8217;hi comen\u00e7aren les necess\u00e0ries obres d&#8217;adequaci\u00f3 com a centre d&#8217;ensenyament, ja que en aquell moment l&#8217;edifici tenia encara una gran part de les depend\u00e8ncies orientades a la funci\u00f3 de quarter de cavalleria, per a la qual es va construir cap a meitat del segle XVIII. Les obres, amb un pressupost de prop de dos milions de pessetes, s&#8217;acabaren l&#8217;hivern del 57; consistiren a reformar completament els dos pisos ja existents, aixecar-ne un de nou amb una torre a cada costat i renovar la fa\u00e7ana.<\/p>\n<p>Cinquanta anys despr\u00e9s dels seus inicis l&#8217;Institut Narc\u00eds Oller, emp\u00e8s per les circumst\u00e0ncies -impossibilitat de guanyar espai, p\u00e8rdua de gran part del pati per la construcci\u00f3 de blocs d&#8217;habitatges, falta de menjador, etc- es trasllad\u00e0 a un nou edifici que obr\u00ed una nova etapa en la seva hist\u00f2ria i que s&#8217;estren\u00e0 el curs 2002-03 amb la mirada posada en el futur.<\/p>\n<h3><strong>Imatges de set d\u00e8cades<\/strong><\/h3>\n<p>Amb motiu dels 70 anys de l&#8217;Institut, a inicis del curs 2022-23 es van publicar unes peces informatives amb una tria d&#8217;imatges corresponents a cadascuna de les d\u00e8cades d&#8217;hist\u00f2ria del centre.<\/p>\n<p>Aqu\u00ed us n&#8217;oferim els enlla\u00e7os.<\/p>\n<p><a href=\"https:\/\/agora.xtec.cat\/iesnarcisoller\/general\/1952-2002-en-fem-70-anys-50\/\">d\u00e8cada dels 50<\/a><\/p>\n<p><a href=\"https:\/\/agora.xtec.cat\/iesnarcisoller\/general\/1952-2022-en-fem-70-anys-60\/\">d\u00e8cada dels 60<\/a><\/p>\n<p><a href=\"https:\/\/agora.xtec.cat\/iesnarcisoller\/general\/1952-2022-en-fem-70-anys-70\/\">d\u00e8cada dels 70<\/a><\/p>\n<p><a href=\"https:\/\/agora.xtec.cat\/iesnarcisoller\/general\/1952-2022-en-fem-70-anys-vuitanta\/\">d\u00e8cada dels 80<\/a><\/p>\n<p><a href=\"https:\/\/agora.xtec.cat\/iesnarcisoller\/general\/1952-2022-en-fem-70-anys-noranta\/\">d\u00e8cada dels 90<\/a><\/p>\n<p><a href=\"https:\/\/agora.xtec.cat\/iesnarcisoller\/general\/1952-2022-en-fem-70-anys-dos-mil\/\">1a d\u00e8cada del s xxi<\/a><\/p>\n<p><a href=\"https:\/\/agora.xtec.cat\/iesnarcisoller\/general\/1952-2022-en-fem-70-la-darrera-decada\/\">\u00faltima d\u00e8cada<\/a><\/p>\n<p>&nbsp;<\/p>\n<p>&nbsp;<\/p>\n<p>&nbsp;<\/p>\n<p style=\"text-align: center;\"><a href=\"https:\/\/agora.xtec.cat\/iesnarcisoller\/wp-content\/uploads\/usu162\/2019\/08\/logo-institut-petit.gif\"><img loading=\"lazy\" decoding=\"async\" class=\"alignnone size-medium wp-image-7060\" src=\"https:\/\/agora.xtec.cat\/iesnarcisoller\/wp-content\/uploads\/usu162\/2019\/08\/logo-institut-petit-300x140.gif\" alt=\"\" width=\"300\" height=\"140\" srcset=\"https:\/\/agora.xtec.cat\/iesnarcisoller\/wp-content\/uploads\/usu162\/2019\/08\/logo-institut-petit-300x140.gif 300w, https:\/\/agora.xtec.cat\/iesnarcisoller\/wp-content\/uploads\/usu162\/2019\/08\/logo-institut-petit-768x358.gif 768w, https:\/\/agora.xtec.cat\/iesnarcisoller\/wp-content\/uploads\/usu162\/2019\/08\/logo-institut-petit-1024x477.gif 1024w\" sizes=\"auto, (max-width: 300px) 100vw, 300px\" \/><\/a><\/p>\n<p>&nbsp;<\/p>\n<p style=\"text-align: right;\"><a href=\"https:\/\/agora.xtec.cat\/iesnarcisoller\/wp-content\/uploads\/usu162\/2019\/08\/Departament-dEducaci\u00f3.gif\"><img loading=\"lazy\" decoding=\"async\" class=\"alignnone wp-image-7040\" src=\"https:\/\/agora.xtec.cat\/iesnarcisoller\/wp-content\/uploads\/usu162\/2019\/08\/Departament-dEducaci\u00f3-300x51.gif\" alt=\"\" width=\"182\" height=\"31\" \/><\/a><\/p>\n","protected":false},"excerpt":{"rendered":"<p>L\u2019Institut Narc\u00eds Oller \u00e9s un centre de titularitat p\u00fablica i est\u00e0 ubicat al municipi de Valls, en el barri de El Forn\u00e0s. L&#8217;Institut \u00e9s un centre arrelat a Valls i la seva comarca des de fa setanta anys. Fem aqu\u00ed un breu rep\u00e0s a aquesta llarga hist\u00f2ria: \u00a0Or\u00edgens El 16 de juliol de 1952 es [&hellip;]<\/p>\n","protected":false},"author":1,"featured_media":0,"parent":19,"menu_order":2,"comment_status":"closed","ping_status":"closed","template":"page-templates\/side-menu.php","meta":{"_bbp_topic_count":0,"_bbp_reply_count":0,"_bbp_total_topic_count":0,"_bbp_total_reply_count":0,"_bbp_voice_count":0,"_bbp_anonymous_reply_count":0,"_bbp_topic_count_hidden":0,"_bbp_reply_count_hidden":0,"_bbp_forum_subforum_count":0,"site-sidebar-layout":"default","site-content-layout":"","ast-site-content-layout":"","site-content-style":"default","site-sidebar-style":"default","ast-global-header-display":"","ast-banner-title-visibility":"","ast-main-header-display":"","ast-hfb-above-header-display":"","ast-hfb-below-header-display":"","ast-hfb-mobile-header-display":"","site-post-title":"","ast-breadcrumbs-content":"","ast-featured-img":"","footer-sml-layout":"","theme-transparent-header-meta":"","adv-header-id-meta":"","stick-header-meta":"","header-above-stick-meta":"","header-main-stick-meta":"","header-below-stick-meta":"","astra-migrate-meta-layouts":"default","ast-page-background-enabled":"default","ast-page-background-meta":{"desktop":{"background-color":"var(--ast-global-color-4)","background-image":"","background-repeat":"repeat","background-position":"center center","background-size":"auto","background-attachment":"scroll","background-type":"","background-media":"","overlay-type":"","overlay-color":"","overlay-opacity":"","overlay-gradient":""},"tablet":{"background-color":"","background-image":"","background-repeat":"repeat","background-position":"center center","background-size":"auto","background-attachment":"scroll","background-type":"","background-media":"","overlay-type":"","overlay-color":"","overlay-opacity":"","overlay-gradient":""},"mobile":{"background-color":"","background-image":"","background-repeat":"repeat","background-position":"center center","background-size":"auto","background-attachment":"scroll","background-type":"","background-media":"","overlay-type":"","overlay-color":"","overlay-opacity":"","overlay-gradient":""}},"ast-content-background-meta":{"desktop":{"background-color":"var(--ast-global-color-5)","background-image":"","background-repeat":"repeat","background-position":"center center","background-size":"auto","background-attachment":"scroll","background-type":"","background-media":"","overlay-type":"","overlay-color":"","overlay-opacity":"","overlay-gradient":""},"tablet":{"background-color":"var(--ast-global-color-5)","background-image":"","background-repeat":"repeat","background-position":"center center","background-size":"auto","background-attachment":"scroll","background-type":"","background-media":"","overlay-type":"","overlay-color":"","overlay-opacity":"","overlay-gradient":""},"mobile":{"background-color":"var(--ast-global-color-5)","background-image":"","background-repeat":"repeat","background-position":"center center","background-size":"auto","background-attachment":"scroll","background-type":"","background-media":"","overlay-type":"","overlay-color":"","overlay-opacity":"","overlay-gradient":""}},"footnotes":""},"class_list":["post-27","page","type-page","status-publish","hentry"],"post_mailing_queue_ids":[],"_links":{"self":[{"href":"https:\/\/agora.xtec.cat\/iesnarcisoller\/wp-json\/wp\/v2\/pages\/27","targetHints":{"allow":["GET"]}}],"collection":[{"href":"https:\/\/agora.xtec.cat\/iesnarcisoller\/wp-json\/wp\/v2\/pages"}],"about":[{"href":"https:\/\/agora.xtec.cat\/iesnarcisoller\/wp-json\/wp\/v2\/types\/page"}],"author":[{"embeddable":true,"href":"https:\/\/agora.xtec.cat\/iesnarcisoller\/wp-json\/wp\/v2\/users\/1"}],"replies":[{"embeddable":true,"href":"https:\/\/agora.xtec.cat\/iesnarcisoller\/wp-json\/wp\/v2\/comments?post=27"}],"version-history":[{"count":4,"href":"https:\/\/agora.xtec.cat\/iesnarcisoller\/wp-json\/wp\/v2\/pages\/27\/revisions"}],"predecessor-version":[{"id":9978,"href":"https:\/\/agora.xtec.cat\/iesnarcisoller\/wp-json\/wp\/v2\/pages\/27\/revisions\/9978"}],"up":[{"embeddable":true,"href":"https:\/\/agora.xtec.cat\/iesnarcisoller\/wp-json\/wp\/v2\/pages\/19"}],"wp:attachment":[{"href":"https:\/\/agora.xtec.cat\/iesnarcisoller\/wp-json\/wp\/v2\/media?parent=27"}],"curies":[{"name":"wp","href":"https:\/\/api.w.org\/{rel}","templated":true}]}}