{"id":195,"date":"2014-09-22T10:39:39","date_gmt":"2014-09-22T10:39:39","guid":{"rendered":"http:\/\/agora.xtec.cat\/iesnarcisoller\/?page_id=195"},"modified":"2023-06-25T11:24:39","modified_gmt":"2023-06-25T09:24:39","slug":"estudis","status":"publish","type":"page","link":"https:\/\/agora.xtec.cat\/iesnarcisoller\/linstitut\/estudis\/","title":{"rendered":"Estudis"},"content":{"rendered":"<h2 style=\"text-align: left;\"><a href=\"http:\/\/agora.xtec.cat\/iesnarcisoller\/general\/eso-portes-obertes-virtuals\/\">Instal\u00b7lacions i Projectes<\/a><\/h2>\n<div class=\"ast-oembed-container \" style=\"height: 100%;\"><iframe loading=\"lazy\" title=\"INSTITUT NARCIS OLLER.  PORTES OBERTES VIRTUALS\" width=\"500\" height=\"281\" src=\"https:\/\/www.youtube.com\/embed\/_pEyeg-oPv8?feature=oembed\" frameborder=\"0\" allow=\"accelerometer; autoplay; clipboard-write; encrypted-media; gyroscope; picture-in-picture; web-share\" referrerpolicy=\"strict-origin-when-cross-origin\" allowfullscreen><\/iframe><\/div>\n<p style=\"text-align: left;\"><iframe loading=\"lazy\" src=\"\/\/www.youtube.com\/embed\/LJnMnjgmkdA\" width=\"860\" height=\"482\" allowfullscreen=\"allowfullscreen\"><\/iframe><\/p>\n<p>El nostre centre imparteix els seg\u00fcents estudis reglats:<\/p>\n<header class=\"entry-header\" style=\"color: #444444;\">\n<h1 class=\"entry-title\" style=\"font-weight: 400; color: #087eb6;\"><a href=\"https:\/\/agora.xtec.cat\/iesnarcisoller\/linstitut\/portes-obertes-virtual\/portes-obertes-eso\/\" target=\"_blank\" rel=\"noopener noreferrer\">ESO<\/a><\/h1>\n<\/header>\n<div class=\"entry-content\" style=\"color: #444444;\">\n<ul>\n<li>Tots els cursos<\/li>\n<li>Optatives de segones lleng\u00fces estrangeres: Franc\u00e8s i Alemany<\/li>\n<li>Optatives de Teatre i Cant<\/li>\n<li>Optatives d&#8217;Esports a l&#8217;exterior (BTT)<\/li>\n<li>Optatives de Fotografia<\/li>\n<li>Optatives de Jardineria<\/li>\n<li>Optatives d&#8217;inform\u00e0tica<\/li>\n<\/ul>\n<header class=\"entry-header\">\n<h1 class=\"entry-title\" style=\"font-weight: 400; color: #087eb6;\"><a href=\"https:\/\/agora.xtec.cat\/iesnarcisoller\/linstitut\/portes-obertes-virtual\/portes-obertes-batxillerat\/\" target=\"_blank\" rel=\"noopener noreferrer\">Batxillerat<\/a><\/h1>\n<\/header>\n<div class=\"entry-content\">\n<ul>\n<li>Totes les modalitats i vies: Cint\u00edfic-tecnol\u00f2gic, Ci\u00e8ncies Socials i Humanitats, Art\u00edstic (Via d&#8217;Arts Pl\u00e0stiques, Disseny i Imatge, i Via d&#8217;Arts Esc\u00e8niques, M\u00fasica i Dansa)<\/li>\n<li>Totes les mat\u00e8ries optatives que preveu el curr\u00edculum catal\u00e0<\/li>\n<\/ul>\n<\/div>\n<\/div>\n<header class=\"entry-header\" style=\"color: #444444;\">\n<h1 class=\"entry-title\" style=\"font-weight: 400; color: #087eb6;\"><a href=\"https:\/\/agora.xtec.cat\/iesnarcisoller\/linstitut\/portes-obertes-virtual\/portes-obertes-batxillerat-cicles-formatius-ife\/\" target=\"_blank\" rel=\"noopener noreferrer\">CFGM<\/a><\/h1>\n<\/header>\n<div class=\"entry-content\" style=\"color: #444444;\">\n<ul>\n<li>CFGM de Depend\u00e8ncia<\/li>\n<li>Pr\u00e0ctiques a empreses properes al centre (FCT)<\/li>\n<li>Mesures flexibilitzadores: servei d\u2019assessorament, servei de reconeixement acad\u00e8mic, formaci\u00f3 dual,\u2026<\/li>\n<\/ul>\n<header class=\"entry-header\">\n<h1 class=\"entry-title\" style=\"font-weight: 400; color: #087eb6;\"><a href=\"https:\/\/agora.xtec.cat\/iesnarcisoller\/linstitut\/portes-obertes-virtual\/portes-obertes-batxillerat-cicles-formatius-ife\/\" target=\"_blank\" rel=\"noopener noreferrer\">CFGS<\/a><\/h1>\n<ul>\n<li>CFGS d&#8217;Educaci\u00f3 Infantil<\/li>\n<li>CFGS d&#8217;Integraci\u00f3 Social<\/li>\n<li>Pr\u00e0ctiques a empreses properes al centre (FCT)<\/li>\n<li>Mesures flexibilitzadores: servei d\u2019assessorament, servei de reconeixement acad\u00e8mic, formaci\u00f3 dual,\u2026<\/li>\n<\/ul>\n<h1><a href=\"https:\/\/agora.xtec.cat\/iesnarcisoller\/linstitut\/portes-obertes-virtual\/portes-obertes-batxillerat-cicles-formatius-ife\/\">IFE<\/a><\/h1>\n<ul>\n<li>Itineraru formatiu espec\u00edfic d&#8217;Auxiliar en Manteniment d&#8217;Instal\u00b7lacions Esportives<\/li>\n<\/ul>\n<\/header>\n<\/div>\n","protected":false},"excerpt":{"rendered":"<p>Instal\u00b7lacions i Projectes El nostre centre imparteix els seg\u00fcents estudis reglats: ESO Tots els cursos Optatives de segones lleng\u00fces estrangeres: Franc\u00e8s i Alemany Optatives de Teatre i Cant Optatives d&#8217;Esports a l&#8217;exterior (BTT) Optatives de Fotografia Optatives de Jardineria Optatives d&#8217;inform\u00e0tica Batxillerat Totes les modalitats i vies: Cint\u00edfic-tecnol\u00f2gic, Ci\u00e8ncies Socials i Humanitats, Art\u00edstic (Via d&#8217;Arts [&hellip;]<\/p>\n","protected":false},"author":1,"featured_media":0,"parent":19,"menu_order":4,"comment_status":"closed","ping_status":"closed","template":"page-templates\/side-menu.php","meta":{"_bbp_topic_count":0,"_bbp_reply_count":0,"_bbp_total_topic_count":0,"_bbp_total_reply_count":0,"_bbp_voice_count":0,"_bbp_anonymous_reply_count":0,"_bbp_topic_count_hidden":0,"_bbp_reply_count_hidden":0,"_bbp_forum_subforum_count":0,"site-sidebar-layout":"default","site-content-layout":"","ast-site-content-layout":"","site-content-style":"default","site-sidebar-style":"default","ast-global-header-display":"","ast-banner-title-visibility":"","ast-main-header-display":"","ast-hfb-above-header-display":"","ast-hfb-below-header-display":"","ast-hfb-mobile-header-display":"","site-post-title":"","ast-breadcrumbs-content":"","ast-featured-img":"","footer-sml-layout":"","theme-transparent-header-meta":"","adv-header-id-meta":"","stick-header-meta":"","header-above-stick-meta":"","header-main-stick-meta":"","header-below-stick-meta":"","astra-migrate-meta-layouts":"default","ast-page-background-enabled":"default","ast-page-background-meta":{"desktop":{"background-color":"var(--ast-global-color-4)","background-image":"","background-repeat":"repeat","background-position":"center center","background-size":"auto","background-attachment":"scroll","background-type":"","background-media":"","overlay-type":"","overlay-color":"","overlay-opacity":"","overlay-gradient":""},"tablet":{"background-color":"","background-image":"","background-repeat":"repeat","background-position":"center center","background-size":"auto","background-attachment":"scroll","background-type":"","background-media":"","overlay-type":"","overlay-color":"","overlay-opacity":"","overlay-gradient":""},"mobile":{"background-color":"","background-image":"","background-repeat":"repeat","background-position":"center center","background-size":"auto","background-attachment":"scroll","background-type":"","background-media":"","overlay-type":"","overlay-color":"","overlay-opacity":"","overlay-gradient":""}},"ast-content-background-meta":{"desktop":{"background-color":"var(--ast-global-color-5)","background-image":"","background-repeat":"repeat","background-position":"center center","background-size":"auto","background-attachment":"scroll","background-type":"","background-media":"","overlay-type":"","overlay-color":"","overlay-opacity":"","overlay-gradient":""},"tablet":{"background-color":"var(--ast-global-color-5)","background-image":"","background-repeat":"repeat","background-position":"center center","background-size":"auto","background-attachment":"scroll","background-type":"","background-media":"","overlay-type":"","overlay-color":"","overlay-opacity":"","overlay-gradient":""},"mobile":{"background-color":"var(--ast-global-color-5)","background-image":"","background-repeat":"repeat","background-position":"center center","background-size":"auto","background-attachment":"scroll","background-type":"","background-media":"","overlay-type":"","overlay-color":"","overlay-opacity":"","overlay-gradient":""}},"footnotes":""},"class_list":["post-195","page","type-page","status-publish","hentry"],"post_mailing_queue_ids":[],"_links":{"self":[{"href":"https:\/\/agora.xtec.cat\/iesnarcisoller\/wp-json\/wp\/v2\/pages\/195","targetHints":{"allow":["GET"]}}],"collection":[{"href":"https:\/\/agora.xtec.cat\/iesnarcisoller\/wp-json\/wp\/v2\/pages"}],"about":[{"href":"https:\/\/agora.xtec.cat\/iesnarcisoller\/wp-json\/wp\/v2\/types\/page"}],"author":[{"embeddable":true,"href":"https:\/\/agora.xtec.cat\/iesnarcisoller\/wp-json\/wp\/v2\/users\/1"}],"replies":[{"embeddable":true,"href":"https:\/\/agora.xtec.cat\/iesnarcisoller\/wp-json\/wp\/v2\/comments?post=195"}],"version-history":[{"count":4,"href":"https:\/\/agora.xtec.cat\/iesnarcisoller\/wp-json\/wp\/v2\/pages\/195\/revisions"}],"predecessor-version":[{"id":10316,"href":"https:\/\/agora.xtec.cat\/iesnarcisoller\/wp-json\/wp\/v2\/pages\/195\/revisions\/10316"}],"up":[{"embeddable":true,"href":"https:\/\/agora.xtec.cat\/iesnarcisoller\/wp-json\/wp\/v2\/pages\/19"}],"wp:attachment":[{"href":"https:\/\/agora.xtec.cat\/iesnarcisoller\/wp-json\/wp\/v2\/media?parent=195"}],"curies":[{"name":"wp","href":"https:\/\/api.w.org\/{rel}","templated":true}]}}