{"id":12436,"date":"2025-02-14T13:11:04","date_gmt":"2025-02-14T12:11:04","guid":{"rendered":"https:\/\/agora.xtec.cat\/iesnarcisoller\/?page_id=12436"},"modified":"2025-02-14T13:12:44","modified_gmt":"2025-02-14T12:12:44","slug":"erasmus-cicles-formatius","status":"publish","type":"page","link":"https:\/\/agora.xtec.cat\/iesnarcisoller\/erasmus-cicles-formatius\/","title":{"rendered":"Erasmus Cicles Formatius"},"content":{"rendered":"<p>&nbsp;<\/p>\n<table style=\"border-collapse: collapse; width: 100%;\">\n<tbody>\n<tr>\n<td style=\"width: 100%;\"><img loading=\"lazy\" decoding=\"async\" class=\"aligncenter size-large wp-image-12438\" src=\"https:\/\/agora.xtec.cat\/iesnarcisoller\/wp-content\/uploads\/usu162\/2025\/02\/Erasmus-1024x375.png\" alt=\"\" width=\"1024\" height=\"375\" srcset=\"https:\/\/agora.xtec.cat\/iesnarcisoller\/wp-content\/uploads\/usu162\/2025\/02\/Erasmus-1024x375.png 1024w, https:\/\/agora.xtec.cat\/iesnarcisoller\/wp-content\/uploads\/usu162\/2025\/02\/Erasmus-300x110.png 300w, https:\/\/agora.xtec.cat\/iesnarcisoller\/wp-content\/uploads\/usu162\/2025\/02\/Erasmus-768x281.png 768w, https:\/\/agora.xtec.cat\/iesnarcisoller\/wp-content\/uploads\/usu162\/2025\/02\/Erasmus.png 1180w\" sizes=\"auto, (max-width: 1024px) 100vw, 1024px\" \/><\/td>\n<\/tr>\n<\/tbody>\n<\/table>\n<h3 data-start=\"72\" data-end=\"140\"><\/h3>\n<h3 data-start=\"72\" data-end=\"140\"><strong data-start=\"72\" data-end=\"140\">Carta Erasmus d&#8217;Educaci\u00f3 Superior (ECHE) \u2013 Institut Narc\u00eds Oller<\/strong><\/h3>\n<p data-start=\"142\" data-end=\"552\">L\u2019Institut Narc\u00eds Oller es compromet fermament amb la internacionalitzaci\u00f3 de la seva oferta educativa i participa activament en el programa Erasmus+ de la Uni\u00f3 Europea. Aquest programa ofereix valuoses oportunitats de mobilitat i col\u00b7laboraci\u00f3 a nivell europeu per a estudiants, professorat i personal administratiu, promovent un aprenentatge i creixement compartit entre les institucions educatives d&#8217;Europa.<\/p>\n<p data-start=\"554\" data-end=\"739\">Amb la seva adhesi\u00f3 a Erasmus+, l\u2019Institut Narc\u00eds Oller aposta per la internacionalitzaci\u00f3 com a eina per a la millora cont\u00ednua de la qualitat educativa i la formaci\u00f3 dels seus membres.<\/p>\n<p data-start=\"741\" data-end=\"796\"><strong data-start=\"741\" data-end=\"796\">Qu\u00e8 \u00e9s la Carta Erasmus d&#8217;Educaci\u00f3 Superior (ECHE)?<\/strong><\/p>\n<p data-start=\"798\" data-end=\"1205\">La Carta Erasmus d&#8217;Educaci\u00f3 Superior (ECHE) \u00e9s un requisit fonamental per a les institucions d&#8217;educaci\u00f3 superior que desitgen participar en activitats de mobilitat i cooperaci\u00f3 internacional dins del marc del programa Erasmus+. Aquesta carta estableix els principis i condicions generals per a la participaci\u00f3 en el programa i es concedeix per a tota la durada del per\u00edode del programa Erasmus+ (2021-2027).<\/p>\n<p data-start=\"1207\" data-end=\"1247\">L\u2019<a href=\"https:\/\/agora.xtec.cat\/iesnarcisoller\/wp-content\/uploads\/usu162\/2025\/02\/Erasmus-Charter-for-Higher-Education.pdf\">Erasmus Charter for Higher Education<\/a> permet a l\u2019Institut Narc\u00eds Oller:<\/p>\n<ul data-start=\"1249\" data-end=\"1496\">\n<li data-start=\"1249\" data-end=\"1322\"><strong data-start=\"1251\" data-end=\"1290\">Fomentar la mobilitat internacional<\/strong> d\u2019estudiants i personal docent.<\/li>\n<li data-start=\"1323\" data-end=\"1416\"><strong data-start=\"1325\" data-end=\"1351\">Promoure la cooperaci\u00f3<\/strong> amb institucions educatives i empreses d\u2019altres pa\u00efsos europeus.<\/li>\n<li data-start=\"1417\" data-end=\"1496\"><strong data-start=\"1419\" data-end=\"1456\">Desenvolupar projectes innovadors<\/strong> en el camp de l&#8217;educaci\u00f3 i la formaci\u00f3.<\/li>\n<\/ul>\n<p data-start=\"1498\" data-end=\"1533\"><strong data-start=\"1498\" data-end=\"1533\">Declaraci\u00f3 de Pol\u00edtica Erasmus+<\/strong><\/p>\n<p data-start=\"1535\" data-end=\"1781\">L\u2019Institut Narc\u00eds Oller reafirma el seu comprom\u00eds amb els valors i objectius d&#8217;Erasmus+, per tal de fomentar una educaci\u00f3 superior de qualitat i oberta a la internacionalitzaci\u00f3. Els principis que guien la seva pol\u00edtica Erasmus+ s\u00f3n els seg\u00fcents:<\/p>\n<ul data-start=\"1783\" data-end=\"2746\">\n<li data-start=\"1783\" data-end=\"1987\"><strong data-start=\"1785\" data-end=\"1811\">Inclusi\u00f3 i Diversitat:<\/strong> Treballem per garantir la igualtat d\u2019oportunitats i fomentar la participaci\u00f3 de tots els estudiants, independentment de la seva situaci\u00f3 socioecon\u00f2mica o condicions personals.<\/li>\n<li data-start=\"1988\" data-end=\"2169\"><strong data-start=\"1990\" data-end=\"2033\">Millora de Compet\u00e8ncies i Ocupabilitat:<\/strong> Oferim als estudiants i al personal docent les eines necess\u00e0ries per adaptar-se a un mercat laboral globalitzat i en constant evoluci\u00f3.<\/li>\n<li data-start=\"2170\" data-end=\"2375\"><strong data-start=\"2172\" data-end=\"2219\">Enfortiment de la Cooperaci\u00f3 Internacional:<\/strong> Establim aliances estrat\u00e8giques amb institucions educatives i empreses de tota Europa, per assegurar una experi\u00e8ncia d\u2019aprenentatge enriquidora i efectiva.<\/li>\n<li data-start=\"2376\" data-end=\"2544\"><strong data-start=\"2378\" data-end=\"2408\">Innovaci\u00f3 i Modernitzaci\u00f3:<\/strong> Apostem per metodologies d\u2019aprenentatge innovadores i iniciatives que reforcin la qualitat educativa i la transfer\u00e8ncia de coneixement.<\/li>\n<li data-start=\"2545\" data-end=\"2746\"><strong data-start=\"2547\" data-end=\"2586\">Mobilitat Sostenible i Responsable:<\/strong> Treballem per una mobilitat internacional respectuosa amb el medi ambient i promovem pr\u00e0ctiques que minimitzin l\u2019impacte ecol\u00f2gic de les estades a l\u2019estranger.<\/li>\n<\/ul>\n<p data-start=\"2748\" data-end=\"2807\"><strong data-start=\"2748\" data-end=\"2807\">Acci\u00f3 Clau 1 (KA1): Mobilitat educativa de les persones<\/strong><\/p>\n<p data-start=\"2809\" data-end=\"2997\">El programa inclou projectes de mobilitat per a estudiants i personal docent d&#8217;educaci\u00f3 superior, amb l&#8217;objectiu de millorar l&#8217;experi\u00e8ncia educativa a trav\u00e9s de la mobilitat internacional.<\/p>\n<p data-start=\"2999\" data-end=\"3060\"><strong data-start=\"2999\" data-end=\"3060\">Objectius del Programa Erasmus+ a l\u2019Institut Narc\u00eds Oller<\/strong><\/p>\n<p data-start=\"3062\" data-end=\"3155\">L\u2019Institut Narc\u00eds Oller treballa per aconseguir els seg\u00fcents objectius en el marc d\u2019Erasmus+:<\/p>\n<ul data-start=\"3157\" data-end=\"3574\">\n<li data-start=\"3157\" data-end=\"3258\"><strong data-start=\"3159\" data-end=\"3200\">Millorar la qualitat de l&#8217;ensenyament<\/strong> i l\u2019aprenentatge a trav\u00e9s de l&#8217;experi\u00e8ncia internacional.<\/li>\n<li data-start=\"3259\" data-end=\"3350\"><strong data-start=\"3261\" data-end=\"3303\">Potenciar la mobilitat dels estudiants<\/strong> per realitzar pr\u00e0ctiques en empreses europees.<\/li>\n<li data-start=\"3351\" data-end=\"3469\"><strong data-start=\"3353\" data-end=\"3393\">Fomentar la formaci\u00f3 del professorat<\/strong> a trav\u00e9s d&#8217;intercanvis i estades formatives a institucions d&#8217;altres pa\u00efsos.<\/li>\n<li data-start=\"3470\" data-end=\"3574\"><strong data-start=\"3472\" data-end=\"3514\">Establir col\u00b7laboracions estrat\u00e8giques<\/strong> amb altres centres educatius i empreses de la Uni\u00f3 Europea.<\/li>\n<\/ul>\n<p data-start=\"3576\" data-end=\"3622\"><strong data-start=\"3576\" data-end=\"3622\">Beneficis per a l&#8217;alumnat i el professorat<\/strong><\/p>\n<p data-start=\"3624\" data-end=\"3708\">Els participants en el programa Erasmus+ gaudeixen de nombrosos avantatges, com ara:<\/p>\n<ul data-start=\"3710\" data-end=\"4001\">\n<li data-start=\"3710\" data-end=\"3768\"><strong data-start=\"3712\" data-end=\"3768\">Ampliaci\u00f3 de compet\u00e8ncies professionals i personals.<\/strong><\/li>\n<li data-start=\"3769\" data-end=\"3842\"><strong data-start=\"3771\" data-end=\"3814\">Millora de les habilitats ling\u00fc\u00edstiques<\/strong> en un entorn internacional.<\/li>\n<li data-start=\"3843\" data-end=\"3909\"><strong data-start=\"3845\" data-end=\"3887\">Increment de les oportunitats laborals<\/strong> en el mercat europeu.<\/li>\n<li data-start=\"3910\" data-end=\"4001\"><strong data-start=\"3912\" data-end=\"3941\">Intercanvi d&#8217;experi\u00e8ncies<\/strong> i bones pr\u00e0ctiques amb altres centres educatius i empreses.<\/li>\n<\/ul>\n<p data-start=\"4003\" data-end=\"4204\">Amb el suport d&#8217;Erasmus+, l\u2019Institut Narc\u00eds Oller treballa per oferir una educaci\u00f3 m\u00e9s oberta, connectada i d\u2019alta qualitat, contribuint a la formaci\u00f3 d\u2019una comunitat educativa globalitzada i din\u00e0mica.<\/p>\n<p data-start=\"4003\" data-end=\"4204\">\n","protected":false},"excerpt":{"rendered":"<p>&nbsp; Carta Erasmus d&#8217;Educaci\u00f3 Superior (ECHE) \u2013 Institut Narc\u00eds Oller L\u2019Institut Narc\u00eds Oller es compromet fermament amb la internacionalitzaci\u00f3 de la seva oferta educativa i participa activament en el programa Erasmus+ de la Uni\u00f3 Europea. Aquest programa ofereix valuoses oportunitats de mobilitat i col\u00b7laboraci\u00f3 a nivell europeu per a estudiants, professorat i personal administratiu, promovent [&hellip;]<\/p>\n","protected":false},"author":7,"featured_media":0,"parent":0,"menu_order":0,"comment_status":"closed","ping_status":"closed","template":"","meta":{"_bbp_topic_count":0,"_bbp_reply_count":0,"_bbp_total_topic_count":0,"_bbp_total_reply_count":0,"_bbp_voice_count":0,"_bbp_anonymous_reply_count":0,"_bbp_topic_count_hidden":0,"_bbp_reply_count_hidden":0,"_bbp_forum_subforum_count":0,"site-sidebar-layout":"default","site-content-layout":"","ast-site-content-layout":"","site-content-style":"default","site-sidebar-style":"default","ast-global-header-display":"","ast-banner-title-visibility":"","ast-main-header-display":"","ast-hfb-above-header-display":"","ast-hfb-below-header-display":"","ast-hfb-mobile-header-display":"","site-post-title":"","ast-breadcrumbs-content":"","ast-featured-img":"","footer-sml-layout":"","theme-transparent-header-meta":"","adv-header-id-meta":"","stick-header-meta":"","header-above-stick-meta":"","header-main-stick-meta":"","header-below-stick-meta":"","astra-migrate-meta-layouts":"default","ast-page-background-enabled":"default","ast-page-background-meta":{"desktop":{"background-color":"var(--ast-global-color-4)","background-image":"","background-repeat":"repeat","background-position":"center center","background-size":"auto","background-attachment":"scroll","background-type":"","background-media":"","overlay-type":"","overlay-color":"","overlay-opacity":"","overlay-gradient":""},"tablet":{"background-color":"","background-image":"","background-repeat":"repeat","background-position":"center center","background-size":"auto","background-attachment":"scroll","background-type":"","background-media":"","overlay-type":"","overlay-color":"","overlay-opacity":"","overlay-gradient":""},"mobile":{"background-color":"","background-image":"","background-repeat":"repeat","background-position":"center center","background-size":"auto","background-attachment":"scroll","background-type":"","background-media":"","overlay-type":"","overlay-color":"","overlay-opacity":"","overlay-gradient":""}},"ast-content-background-meta":{"desktop":{"background-color":"var(--ast-global-color-5)","background-image":"","background-repeat":"repeat","background-position":"center center","background-size":"auto","background-attachment":"scroll","background-type":"","background-media":"","overlay-type":"","overlay-color":"","overlay-opacity":"","overlay-gradient":""},"tablet":{"background-color":"var(--ast-global-color-5)","background-image":"","background-repeat":"repeat","background-position":"center center","background-size":"auto","background-attachment":"scroll","background-type":"","background-media":"","overlay-type":"","overlay-color":"","overlay-opacity":"","overlay-gradient":""},"mobile":{"background-color":"var(--ast-global-color-5)","background-image":"","background-repeat":"repeat","background-position":"center center","background-size":"auto","background-attachment":"scroll","background-type":"","background-media":"","overlay-type":"","overlay-color":"","overlay-opacity":"","overlay-gradient":""}},"footnotes":""},"class_list":["post-12436","page","type-page","status-publish","hentry"],"post_mailing_queue_ids":[],"_links":{"self":[{"href":"https:\/\/agora.xtec.cat\/iesnarcisoller\/wp-json\/wp\/v2\/pages\/12436","targetHints":{"allow":["GET"]}}],"collection":[{"href":"https:\/\/agora.xtec.cat\/iesnarcisoller\/wp-json\/wp\/v2\/pages"}],"about":[{"href":"https:\/\/agora.xtec.cat\/iesnarcisoller\/wp-json\/wp\/v2\/types\/page"}],"author":[{"embeddable":true,"href":"https:\/\/agora.xtec.cat\/iesnarcisoller\/wp-json\/wp\/v2\/users\/7"}],"replies":[{"embeddable":true,"href":"https:\/\/agora.xtec.cat\/iesnarcisoller\/wp-json\/wp\/v2\/comments?post=12436"}],"version-history":[{"count":3,"href":"https:\/\/agora.xtec.cat\/iesnarcisoller\/wp-json\/wp\/v2\/pages\/12436\/revisions"}],"predecessor-version":[{"id":12441,"href":"https:\/\/agora.xtec.cat\/iesnarcisoller\/wp-json\/wp\/v2\/pages\/12436\/revisions\/12441"}],"wp:attachment":[{"href":"https:\/\/agora.xtec.cat\/iesnarcisoller\/wp-json\/wp\/v2\/media?parent=12436"}],"curies":[{"name":"wp","href":"https:\/\/api.w.org\/{rel}","templated":true}]}}