{"id":12352,"date":"2024-10-21T17:42:12","date_gmt":"2024-10-21T15:42:12","guid":{"rendered":"https:\/\/agora.xtec.cat\/iesnarcisoller\/?page_id=12352"},"modified":"2026-02-09T12:14:58","modified_gmt":"2026-02-09T11:14:58","slug":"consell-escolar","status":"publish","type":"page","link":"https:\/\/agora.xtec.cat\/iesnarcisoller\/linstitut\/consell-escolar\/","title":{"rendered":"Consell Escolar"},"content":{"rendered":"<h2>Components del Consell Escolar 2025-26<\/h2>\n<table dir=\"ltr\" style=\"width: 33.3517%; height: 777px;\" border=\"1\" cellspacing=\"0\" cellpadding=\"0\" data-sheets-root=\"1\" data-sheets-baot=\"1\">\n<colgroup>\n<col width=\"326\" \/><\/colgroup>\n<tbody>\n<tr>\n<td style=\"width: 99.5%; text-align: center;\">Andreu Dexeus Domingo &#8211; Director<\/td>\n<\/tr>\n<tr>\n<td style=\"width: 99.5%; text-align: center;\">Annabel Salvany Carmona &#8211; Cap d&#8217;estudis<\/td>\n<\/tr>\n<tr>\n<td style=\"width: 99.5%; text-align: center;\">Montserrat L\u00f3pez Sol\u00e9 &#8211; Secret\u00e0ria<\/td>\n<\/tr>\n<tr>\n<td style=\"width: 99.5%; text-align: center;\">Jofre Amor\u00f3s Mora<\/td>\n<\/tr>\n<tr>\n<td style=\"width: 99.5%; text-align: center;\">Cristina del Arco Moln\u00e9<\/td>\n<\/tr>\n<tr>\n<td style=\"width: 99.5%; text-align: center;\">Adoraci\u00f3n Latorre S\u00e0nchez<\/td>\n<\/tr>\n<tr>\n<td style=\"width: 99.5%; text-align: center;\">Jordi Pijoan Parellada<\/td>\n<\/tr>\n<tr>\n<td style=\"width: 99.5%; text-align: center;\">Mercedes G\u00f3mez Vidal<\/td>\n<\/tr>\n<tr>\n<td style=\"width: 99.5%; text-align: center;\">\u00c0ngels Orriach Guitart<\/td>\n<\/tr>\n<tr>\n<td style=\"width: 99.5%; text-align: center;\">Nat\u00e0lia Targa Canela<\/td>\n<\/tr>\n<tr>\n<td style=\"width: 99.5%; text-align: center;\">Anna Gatell Estivill<\/td>\n<\/tr>\n<tr>\n<td style=\"width: 99.5%; text-align: center;\">Mart\u00ed Garcia Vercher<\/td>\n<\/tr>\n<tr>\n<td style=\"width: 99.5%; text-align: center;\">Manel Hurtado Ruiz<\/td>\n<\/tr>\n<tr>\n<td style=\"width: 99.5%; text-align: center;\">Paula Urbano Baz<\/td>\n<\/tr>\n<tr>\n<td style=\"width: 99.5%; text-align: center;\">Irene Olmo Oliv\u00e9<\/td>\n<\/tr>\n<tr>\n<td style=\"width: 99.5%; text-align: center;\">Anna Miquel Fernandez<\/td>\n<\/tr>\n<tr>\n<td style=\"width: 99.5%; text-align: center;\">Ivan Fav\u00e0 Vives<\/td>\n<\/tr>\n<tr>\n<td style=\"width: 99.5%; text-align: center;\">Daniel Abril Gonz\u00e1lez<\/td>\n<\/tr>\n<tr>\n<td style=\"width: 99.5%; text-align: center;\">Ordalina Mart\u00ednez<\/td>\n<\/tr>\n<tr>\n<td style=\"width: 99.5%; text-align: center;\">Ver\u00f2nica Garcia Magre (AMPA)<\/td>\n<\/tr>\n<tr>\n<td style=\"width: 99.5%; text-align: center;\">D\u00e8bora Prats Domingo<\/td>\n<\/tr>\n<tr>\n<td style=\"width: 99.5%; text-align: center;\">Nat\u00e0lia Cervell\u00f3 Jord\u00e0 (PAS)<\/td>\n<\/tr>\n<tr>\n<td style=\"width: 99.5%; text-align: center;\">D\u00e8bora Fern\u00e1ndez Gonz\u00e1lez<\/td>\n<\/tr>\n<\/tbody>\n<\/table>\n<h2>Acords Consell Escolar 2025-26<\/h2>\n<ul>\n<li>Aprovaci\u00f3 Mem\u00f2ria Anual 24-25 Octubre de 2025<\/li>\n<li>Aprovaci\u00f3 Programaci\u00f3 general anual 25-26 Octubre de 2025<\/li>\n<li>Aprovaci\u00f3 del projecte ling\u00fc\u00edstic de centre Octubre de 2025<\/li>\n<li>Aprovaci\u00f3 de l&#8217;annex de les NOFC (Disl\u00e8xia i TDAH)<\/li>\n<li>Aprovaci\u00f3 del Pla de comunicaci\u00f3 del centre Octubre de 2025<\/li>\n<li>Informacions sobre les Eleccions Consell Escolar 2026<\/li>\n<li>Constituci\u00f3 del nou Consell Escolar &#8211; Desembre de 2025<\/li>\n<li>Aprovaci\u00f3 del pressupost de centre de 2026 &#8211; 30 de gener de 2026<\/li>\n<\/ul>\n","protected":false},"excerpt":{"rendered":"<p>Components del Consell Escolar 2025-26 Andreu Dexeus Domingo &#8211; Director Annabel Salvany Carmona &#8211; Cap d&#8217;estudis Montserrat L\u00f3pez Sol\u00e9 &#8211; Secret\u00e0ria Jofre Amor\u00f3s Mora Cristina del Arco Moln\u00e9 Adoraci\u00f3n Latorre S\u00e0nchez Jordi Pijoan Parellada Mercedes G\u00f3mez Vidal \u00c0ngels Orriach Guitart Nat\u00e0lia Targa Canela Anna Gatell Estivill Mart\u00ed Garcia Vercher Manel Hurtado Ruiz Paula Urbano Baz [&hellip;]<\/p>\n","protected":false},"author":1,"featured_media":0,"parent":19,"menu_order":6,"comment_status":"closed","ping_status":"closed","template":"page-templates\/side-menu.php","meta":{"_bbp_topic_count":0,"_bbp_reply_count":0,"_bbp_total_topic_count":0,"_bbp_total_reply_count":0,"_bbp_voice_count":0,"_bbp_anonymous_reply_count":0,"_bbp_topic_count_hidden":0,"_bbp_reply_count_hidden":0,"_bbp_forum_subforum_count":0,"site-sidebar-layout":"default","site-content-layout":"","ast-site-content-layout":"default","site-content-style":"default","site-sidebar-style":"default","ast-global-header-display":"","ast-banner-title-visibility":"","ast-main-header-display":"","ast-hfb-above-header-display":"","ast-hfb-below-header-display":"","ast-hfb-mobile-header-display":"","site-post-title":"","ast-breadcrumbs-content":"","ast-featured-img":"","footer-sml-layout":"","theme-transparent-header-meta":"","adv-header-id-meta":"","stick-header-meta":"","header-above-stick-meta":"","header-main-stick-meta":"","header-below-stick-meta":"","astra-migrate-meta-layouts":"set","ast-page-background-enabled":"default","ast-page-background-meta":{"desktop":{"background-color":"var(--ast-global-color-4)","background-image":"","background-repeat":"repeat","background-position":"center center","background-size":"auto","background-attachment":"scroll","background-type":"","background-media":"","overlay-type":"","overlay-color":"","overlay-opacity":"","overlay-gradient":""},"tablet":{"background-color":"","background-image":"","background-repeat":"repeat","background-position":"center center","background-size":"auto","background-attachment":"scroll","background-type":"","background-media":"","overlay-type":"","overlay-color":"","overlay-opacity":"","overlay-gradient":""},"mobile":{"background-color":"","background-image":"","background-repeat":"repeat","background-position":"center center","background-size":"auto","background-attachment":"scroll","background-type":"","background-media":"","overlay-type":"","overlay-color":"","overlay-opacity":"","overlay-gradient":""}},"ast-content-background-meta":{"desktop":{"background-color":"var(--ast-global-color-5)","background-image":"","background-repeat":"repeat","background-position":"center center","background-size":"auto","background-attachment":"scroll","background-type":"","background-media":"","overlay-type":"","overlay-color":"","overlay-opacity":"","overlay-gradient":""},"tablet":{"background-color":"var(--ast-global-color-5)","background-image":"","background-repeat":"repeat","background-position":"center center","background-size":"auto","background-attachment":"scroll","background-type":"","background-media":"","overlay-type":"","overlay-color":"","overlay-opacity":"","overlay-gradient":""},"mobile":{"background-color":"var(--ast-global-color-5)","background-image":"","background-repeat":"repeat","background-position":"center center","background-size":"auto","background-attachment":"scroll","background-type":"","background-media":"","overlay-type":"","overlay-color":"","overlay-opacity":"","overlay-gradient":""}},"footnotes":""},"class_list":["post-12352","page","type-page","status-publish","hentry"],"post_mailing_queue_ids":[],"_links":{"self":[{"href":"https:\/\/agora.xtec.cat\/iesnarcisoller\/wp-json\/wp\/v2\/pages\/12352","targetHints":{"allow":["GET"]}}],"collection":[{"href":"https:\/\/agora.xtec.cat\/iesnarcisoller\/wp-json\/wp\/v2\/pages"}],"about":[{"href":"https:\/\/agora.xtec.cat\/iesnarcisoller\/wp-json\/wp\/v2\/types\/page"}],"author":[{"embeddable":true,"href":"https:\/\/agora.xtec.cat\/iesnarcisoller\/wp-json\/wp\/v2\/users\/1"}],"replies":[{"embeddable":true,"href":"https:\/\/agora.xtec.cat\/iesnarcisoller\/wp-json\/wp\/v2\/comments?post=12352"}],"version-history":[{"count":6,"href":"https:\/\/agora.xtec.cat\/iesnarcisoller\/wp-json\/wp\/v2\/pages\/12352\/revisions"}],"predecessor-version":[{"id":13199,"href":"https:\/\/agora.xtec.cat\/iesnarcisoller\/wp-json\/wp\/v2\/pages\/12352\/revisions\/13199"}],"up":[{"embeddable":true,"href":"https:\/\/agora.xtec.cat\/iesnarcisoller\/wp-json\/wp\/v2\/pages\/19"}],"wp:attachment":[{"href":"https:\/\/agora.xtec.cat\/iesnarcisoller\/wp-json\/wp\/v2\/media?parent=12352"}],"curies":[{"name":"wp","href":"https:\/\/api.w.org\/{rel}","templated":true}]}}