{"id":12308,"date":"2024-09-06T09:41:00","date_gmt":"2024-09-06T07:41:00","guid":{"rendered":"https:\/\/agora.xtec.cat\/iesnarcisoller\/?page_id=12308"},"modified":"2026-02-16T18:43:33","modified_gmt":"2026-02-16T17:43:33","slug":"programa-sensei","status":"publish","type":"page","link":"https:\/\/agora.xtec.cat\/iesnarcisoller\/projectes-dinnovacio-educativa\/programa-sensei\/","title":{"rendered":"Programa SENSEI"},"content":{"rendered":"<p><a href=\"https:\/\/educacio.gencat.cat\/ca\/arees-actuacio\/professors\/formacio\/programasensei\/inici\/\"><img loading=\"lazy\" decoding=\"async\" class=\"wp-image-12309 aligncenter\" src=\"https:\/\/agora.xtec.cat\/iesnarcisoller\/wp-content\/uploads\/usu162\/2024\/09\/Captura-de-pantalla-2024-09-06-a-les-9.40.11-300x113.png\" alt=\"\" width=\"974\" height=\"367\" srcset=\"https:\/\/agora.xtec.cat\/iesnarcisoller\/wp-content\/uploads\/usu162\/2024\/09\/Captura-de-pantalla-2024-09-06-a-les-9.40.11-300x113.png 300w, https:\/\/agora.xtec.cat\/iesnarcisoller\/wp-content\/uploads\/usu162\/2024\/09\/Captura-de-pantalla-2024-09-06-a-les-9.40.11-1024x386.png 1024w, https:\/\/agora.xtec.cat\/iesnarcisoller\/wp-content\/uploads\/usu162\/2024\/09\/Captura-de-pantalla-2024-09-06-a-les-9.40.11-768x289.png 768w, https:\/\/agora.xtec.cat\/iesnarcisoller\/wp-content\/uploads\/usu162\/2024\/09\/Captura-de-pantalla-2024-09-06-a-les-9.40.11-1536x579.png 1536w, https:\/\/agora.xtec.cat\/iesnarcisoller\/wp-content\/uploads\/usu162\/2024\/09\/Captura-de-pantalla-2024-09-06-a-les-9.40.11.png 1900w\" sizes=\"auto, (max-width: 974px) 100vw, 974px\" \/><\/a><\/p>\n<p><b>PROGRAMA SENSEI AL NARC\u00cdS OLLER.<\/b><a href=\"https:\/\/educacio.gencat.cat\/ca\/arees-actuacio\/professors\/formacio\/programasensei\/inici\/\"><br \/>\n<\/a><\/p>\n<p><span style=\"font-weight: 400;\">Des del curs 23\/24, l\u2019institut Narc\u00eds Oller \u00e9s centre formador del programa Sensei. El programa SENSEI \u00e9s <\/span><span style=\"font-weight: 400;\">un programa temporal de resid\u00e8ncia inicial docent en centres educatius \u2014Sensei\u2014 ofereix acompanyament i suport al professorat novell a l&#8217;inici de la professi\u00f3 docent. \u00c9s l&#8217;\u00fanic programa pilot que desenvolupa una administraci\u00f3 educativa en el context nacional i catal\u00e0.<\/span><\/p>\n<p><span style=\"font-weight: 400;\">Est\u00e0 dissenyat per ser desenvolupat en r\u00e8gim de resid\u00e8ncia en un centre educatiu, amb l&#8217;acompanyament d&#8217;una mentoria, i compta amb un programa formatiu amb seminaris, experi\u00e8ncies pr\u00e0ctiques, reflexi\u00f3, codoc\u00e8ncia i <\/span><i><span style=\"font-weight: 400;\">feedback<\/span><\/i><span style=\"font-weight: 400;\"> constant.<\/span><\/p>\n<p><span style=\"font-weight: 400;\">L&#8217;objectiu del Programa \u00e9s, d&#8217;una banda, assentar de manera pr\u00e0ctica compet\u00e8ncies i aprenentatges clau per al creixement durant la traject\u00f2ria professional del personal docent que hi participa; i de l&#8217;altra, donar coher\u00e8ncia i continu\u00eftat al treball fet des del Departament d&#8217;Educaci\u00f3 en la formaci\u00f3 inicial dels estudiants universitaris en pr\u00e0ctiques en centres de formaci\u00f3.<\/span><\/p>\n<p><span style=\"font-weight: 400;\">El projecte Sensei est\u00e0 cofinan\u00e7at pel Fons Social Europeu Plus (FSE+).<\/span><\/p>\n<p><span style=\"font-weight: 400;\">L\u2019acompanyament dels professors novells es realitza mitjan\u00e7ant les seg\u00fcents accions:<\/span><a href=\"https:\/\/educacio.gencat.cat\/ca\/arees-actuacio\/professors\/formacio\/programasensei\/inici\/\"><br \/>\n<\/a><\/p>\n<p><b>1.- Doc\u00e8ncia per part del professor novell<\/b><span style=\"font-weight: 400;\">: els professors novells s\u00f3n professors titulars de certs grups\/classe del nostre centre. El professor mentor fa un assessorament i un seguiment del professor novell.<\/span><\/p>\n<p><b>2.- Codoc\u00e8ncia<\/b><span style=\"font-weight: 400;\">: el professor novell fa de codocent amb altres professors del centre amb certs grups\/classe. D\u2019aquesta manera, el professor novell treballa colze a colze amb un company programant i implementant la doc\u00e8ncia amb els alumnes.<\/span><\/p>\n<p><b>3.- Mentoria mentor-novell<\/b><span style=\"font-weight: 400;\">: el professor mentor i el professor novell realitzen una hora setmanal de reuni\u00f3 per tractar aspectes relacionats amb les classes, metodologies, avaluaci\u00f3, etc\u2026habitualment relacionats amb la mat\u00e8ria.<\/span><a href=\"https:\/\/educacio.gencat.cat\/ca\/arees-actuacio\/professors\/formacio\/programasensei\/inici\/\"><br \/>\n<\/a><\/p>\n<p><b>4.- Cercle d&#8217;aprenentatge mentors-novells<\/b><span style=\"font-weight: 400;\">: els tres professors novells i els tres professors mentors es reuneixen dues hores a la setmana per realitzar tasques d\u2019acompanyament. Es un espai per compartir i per tractar temes relacionar amb la tasca docent, tant relacionats amb la mat\u00e8ria de cada novell com generals.<\/span><a href=\"https:\/\/educacio.gencat.cat\/ca\/arees-actuacio\/professors\/formacio\/programasensei\/inici\/\"><br \/>\n<\/a><\/p>\n<p><b>5.- Observaci\u00f3 d\u2019altres docents<\/b><span style=\"font-weight: 400;\">: el programa Sensei inclou tant observacions del mentor al novell com observacions del novell a altres professors.<\/span><a href=\"https:\/\/educacio.gencat.cat\/ca\/arees-actuacio\/professors\/formacio\/programasensei\/inici\/\"><br \/>\n<\/a><\/p>\n<p><span style=\"font-weight: 400;\">L\u2019equip de mentors realitza la<\/span><b> tasca de seguiment<\/b><span style=\"font-weight: 400;\"> dels professors novells. Des de la coordinaci\u00f3 del programa es porta a terme un<\/span><b> assessorament als mentors<\/b><span style=\"font-weight: 400;\"> a trav\u00e9s de una reuni\u00f3 quinzenal de la comunitat de pr\u00e0ctica. Tamb\u00e9 realitzen un <\/span><b>programa de formaci\u00f3<\/b><span style=\"font-weight: 400;\"> en format telem\u00e0tic (odissea), i presencial.\u00a0<\/span><a href=\"https:\/\/educacio.gencat.cat\/ca\/arees-actuacio\/professors\/formacio\/programasensei\/inici\/\"><br \/>\n<\/a><\/p>\n<p><span style=\"font-weight: 400;\">Els professors novells segueixen un <\/span><b>programa formatiu paral\u00b7lel<\/b><span style=\"font-weight: 400;\"> a trav\u00e9s de la plataforma Odissea. Tamb\u00e9 algunes formacions presencials.<\/span><a href=\"https:\/\/educacio.gencat.cat\/ca\/arees-actuacio\/professors\/formacio\/programasensei\/inici\/\"><br \/>\n<\/a><\/p>\n<p style=\"text-align: center;\"><span style=\"color: #0000ff;\"><strong>PROGRAMA SENSEI CURS 23\/24<\/strong><\/span><\/p>\n<table style=\"width: 100%;\">\n<tbody>\n<tr>\n<td style=\"width: 13.1424%;\"><span style=\"font-weight: 400;\">DOCENT MENTOR<\/span><\/td>\n<td style=\"width: 86.1837%;\"><span style=\"font-weight: 400;\">DOCENTS NOVELLS<\/span><\/td>\n<\/tr>\n<tr>\n<td style=\"width: 13.1424%; height: 1px;\" rowspan=\"3\"><span style=\"font-weight: 400;\">Albert Mestres<\/span><\/td>\n<td style=\"width: 86.1837%;\">Laura Massana Sans<\/td>\n<\/tr>\n<tr>\n<td style=\"width: 86.1837%;\"><span style=\"font-weight: 400;\">Marc Toledo Soler<\/span><\/td>\n<\/tr>\n<tr>\n<td style=\"width: 86.1837%;\"><span style=\"font-weight: 400;\">Elena Orozco de Eixal\u00e0<\/span><\/td>\n<\/tr>\n<\/tbody>\n<\/table>\n<p style=\"text-align: center;\"><span style=\"color: #0000ff;\"><strong>RECULL IMATGES PROGRAMA SENSEI CURS 23\/24<\/strong><\/span><\/p>\n<table style=\"width: 93.9532%; height: 802px;\">\n<tbody>\n<tr>\n<td style=\"text-align: center; width: 100%;\"><a href=\"https:\/\/agora.xtec.cat\/iesnarcisoller\/wp-content\/uploads\/usu162\/2024\/09\/Captura-de-pantalla-2024-09-10-a-les-8.43.56.png\"><img loading=\"lazy\" decoding=\"async\" class=\" wp-image-12319 aligncenter\" src=\"https:\/\/agora.xtec.cat\/iesnarcisoller\/wp-content\/uploads\/usu162\/2024\/09\/Captura-de-pantalla-2024-09-10-a-les-8.43.56-252x300.png\" alt=\"\" width=\"413\" height=\"492\" srcset=\"https:\/\/agora.xtec.cat\/iesnarcisoller\/wp-content\/uploads\/usu162\/2024\/09\/Captura-de-pantalla-2024-09-10-a-les-8.43.56-252x300.png 252w, https:\/\/agora.xtec.cat\/iesnarcisoller\/wp-content\/uploads\/usu162\/2024\/09\/Captura-de-pantalla-2024-09-10-a-les-8.43.56.png 339w\" sizes=\"auto, (max-width: 413px) 100vw, 413px\" \/><\/a><\/td>\n<\/tr>\n<tr>\n<td style=\"width: 100%;\"><span style=\"font-weight: 400;\">Equip del programa SENSEI: equip directiu, mentor, professors col\u00b7laboradors i professors novells.<\/span><\/td>\n<\/tr>\n<tr>\n<td style=\"width: 100%;\"><a href=\"https:\/\/agora.xtec.cat\/iesnarcisoller\/wp-content\/uploads\/usu162\/2024\/09\/Captura-de-pantalla-2024-09-10-a-les-8.43.12.png\"><img loading=\"lazy\" decoding=\"async\" class=\" wp-image-12320 aligncenter\" src=\"https:\/\/agora.xtec.cat\/iesnarcisoller\/wp-content\/uploads\/usu162\/2024\/09\/Captura-de-pantalla-2024-09-10-a-les-8.43.12-300x198.png\" alt=\"\" width=\"445\" height=\"294\" srcset=\"https:\/\/agora.xtec.cat\/iesnarcisoller\/wp-content\/uploads\/usu162\/2024\/09\/Captura-de-pantalla-2024-09-10-a-les-8.43.12-300x198.png 300w, https:\/\/agora.xtec.cat\/iesnarcisoller\/wp-content\/uploads\/usu162\/2024\/09\/Captura-de-pantalla-2024-09-10-a-les-8.43.12-768x508.png 768w, https:\/\/agora.xtec.cat\/iesnarcisoller\/wp-content\/uploads\/usu162\/2024\/09\/Captura-de-pantalla-2024-09-10-a-les-8.43.12.png 883w\" sizes=\"auto, (max-width: 445px) 100vw, 445px\" \/><\/a><\/td>\n<\/tr>\n<tr>\n<td style=\"width: 100%;\"><span style=\"font-weight: 400;\">Cercle aprenentatge del mentor amb els tres professors novells.<\/span><\/td>\n<\/tr>\n<\/tbody>\n<\/table>\n<p style=\"text-align: center;\"><span style=\"color: #0000ff;\">PROGRAMA SENSEI CURS 24\/25<\/span><\/p>\n<p><span style=\"font-weight: 400;\">Pel curs 24\/25, al nostre centre tenim tres docents mentors que fan l&#8217;acompanyament a tres docents novells:<\/span><\/p>\n<table>\n<tbody>\n<tr>\n<td><span style=\"font-weight: 400;\">DOCENT MENTOR<\/span><\/td>\n<td><span style=\"font-weight: 400;\">DOCENT NOVELL<\/span><\/td>\n<\/tr>\n<tr>\n<td><span style=\"font-weight: 400;\">Anna Baiges<\/span><\/td>\n<td>Carlos Llopis Blasco<\/td>\n<\/tr>\n<tr>\n<td><span style=\"font-weight: 400;\">Jofre Amor\u00f3s<\/span><\/td>\n<td><span style=\"font-weight: 400;\">Jordi Cases Arasa<\/span><\/td>\n<\/tr>\n<tr>\n<td><span style=\"font-weight: 400;\">Albert Mestres<\/span><\/td>\n<td><span style=\"font-weight: 400;\">Melody Vegara Arqu\u00e9s<\/span><\/td>\n<\/tr>\n<\/tbody>\n<\/table>\n<p style=\"text-align: center;\"><span style=\"color: #0000ff;\">RECULL IMATGES PROGRAMA SENSEI CURS 24\/25<\/span><\/p>\n<table style=\"border-collapse: collapse; width: 87.3786%; height: 746px;\">\n<tbody>\n<tr style=\"height: 225px;\">\n<td style=\"width: 100%; height: 225px;\"><a href=\"https:\/\/agora.xtec.cat\/iesnarcisoller\/wp-content\/uploads\/usu162\/2026\/02\/2a49529f-2b3e-4104-a9b7-74f1be300148.jpg\"><img loading=\"lazy\" decoding=\"async\" class=\"wp-image-13411 aligncenter\" src=\"https:\/\/agora.xtec.cat\/iesnarcisoller\/wp-content\/uploads\/usu162\/2026\/02\/2a49529f-2b3e-4104-a9b7-74f1be300148-300x225.jpg\" alt=\"\" width=\"344\" height=\"258\" srcset=\"https:\/\/agora.xtec.cat\/iesnarcisoller\/wp-content\/uploads\/usu162\/2026\/02\/2a49529f-2b3e-4104-a9b7-74f1be300148-300x225.jpg 300w, https:\/\/agora.xtec.cat\/iesnarcisoller\/wp-content\/uploads\/usu162\/2026\/02\/2a49529f-2b3e-4104-a9b7-74f1be300148-1024x768.jpg 1024w, https:\/\/agora.xtec.cat\/iesnarcisoller\/wp-content\/uploads\/usu162\/2026\/02\/2a49529f-2b3e-4104-a9b7-74f1be300148-768x576.jpg 768w, https:\/\/agora.xtec.cat\/iesnarcisoller\/wp-content\/uploads\/usu162\/2026\/02\/2a49529f-2b3e-4104-a9b7-74f1be300148-1536x1152.jpg 1536w, https:\/\/agora.xtec.cat\/iesnarcisoller\/wp-content\/uploads\/usu162\/2026\/02\/2a49529f-2b3e-4104-a9b7-74f1be300148.jpg 1600w\" sizes=\"auto, (max-width: 344px) 100vw, 344px\" \/><\/a><\/td>\n<\/tr>\n<tr style=\"height: 23px;\">\n<td style=\"width: 100%; height: 23px;\"><span style=\"font-weight: 400;\">Equip del programa SENSEI: equip directiu, mentors i professors novells.<\/span><\/td>\n<\/tr>\n<tr style=\"height: 226px;\">\n<td style=\"width: 100%; height: 226px;\"><a href=\"https:\/\/agora.xtec.cat\/iesnarcisoller\/wp-content\/uploads\/usu162\/2026\/02\/b485cebe-1677-4d6a-9eb6-d9468466d03d-1.jpg\"><img loading=\"lazy\" decoding=\"async\" class=\"size-medium wp-image-13413 aligncenter\" src=\"https:\/\/agora.xtec.cat\/iesnarcisoller\/wp-content\/uploads\/usu162\/2026\/02\/b485cebe-1677-4d6a-9eb6-d9468466d03d-1-300x226.jpg\" alt=\"\" width=\"300\" height=\"226\" srcset=\"https:\/\/agora.xtec.cat\/iesnarcisoller\/wp-content\/uploads\/usu162\/2026\/02\/b485cebe-1677-4d6a-9eb6-d9468466d03d-1-300x226.jpg 300w, https:\/\/agora.xtec.cat\/iesnarcisoller\/wp-content\/uploads\/usu162\/2026\/02\/b485cebe-1677-4d6a-9eb6-d9468466d03d-1-1024x770.jpg 1024w, https:\/\/agora.xtec.cat\/iesnarcisoller\/wp-content\/uploads\/usu162\/2026\/02\/b485cebe-1677-4d6a-9eb6-d9468466d03d-1-768x577.jpg 768w, https:\/\/agora.xtec.cat\/iesnarcisoller\/wp-content\/uploads\/usu162\/2026\/02\/b485cebe-1677-4d6a-9eb6-d9468466d03d-1-1536x1155.jpg 1536w, https:\/\/agora.xtec.cat\/iesnarcisoller\/wp-content\/uploads\/usu162\/2026\/02\/b485cebe-1677-4d6a-9eb6-d9468466d03d-1.jpg 1599w\" sizes=\"auto, (max-width: 300px) 100vw, 300px\" \/><\/a><\/td>\n<\/tr>\n<tr style=\"height: 23px;\">\n<td style=\"width: 100%; height: 23px;\"><span style=\"font-weight: 400;\">Cercle aprenentatge dels mentors amb els tres professors novells.<\/span><\/td>\n<\/tr>\n<tr style=\"height: 226px;\">\n<td style=\"width: 100%; height: 226px;\"><a href=\"https:\/\/agora.xtec.cat\/iesnarcisoller\/wp-content\/uploads\/usu162\/2026\/02\/d5a9b63c-2136-456e-8776-c54e80fb8866-1.jpg\"><img loading=\"lazy\" decoding=\"async\" class=\"size-medium wp-image-13412 aligncenter\" src=\"https:\/\/agora.xtec.cat\/iesnarcisoller\/wp-content\/uploads\/usu162\/2026\/02\/d5a9b63c-2136-456e-8776-c54e80fb8866-1-300x226.jpg\" alt=\"\" width=\"300\" height=\"226\" srcset=\"https:\/\/agora.xtec.cat\/iesnarcisoller\/wp-content\/uploads\/usu162\/2026\/02\/d5a9b63c-2136-456e-8776-c54e80fb8866-1-300x226.jpg 300w, https:\/\/agora.xtec.cat\/iesnarcisoller\/wp-content\/uploads\/usu162\/2026\/02\/d5a9b63c-2136-456e-8776-c54e80fb8866-1-1024x771.jpg 1024w, https:\/\/agora.xtec.cat\/iesnarcisoller\/wp-content\/uploads\/usu162\/2026\/02\/d5a9b63c-2136-456e-8776-c54e80fb8866-1-768x578.jpg 768w, https:\/\/agora.xtec.cat\/iesnarcisoller\/wp-content\/uploads\/usu162\/2026\/02\/d5a9b63c-2136-456e-8776-c54e80fb8866-1-1536x1156.jpg 1536w, https:\/\/agora.xtec.cat\/iesnarcisoller\/wp-content\/uploads\/usu162\/2026\/02\/d5a9b63c-2136-456e-8776-c54e80fb8866-1.jpg 1600w\" sizes=\"auto, (max-width: 300px) 100vw, 300px\" \/><\/a><\/td>\n<\/tr>\n<tr style=\"height: 23px;\">\n<td style=\"width: 100%; height: 23px;\">Els tres professors novells del programa.<\/td>\n<\/tr>\n<\/tbody>\n<\/table>\n<p style=\"text-align: center;\"><span style=\"color: #0000ff;\">PROGRAMA SENSIEI CURS 25\/26<\/span><\/p>\n<p><span style=\"font-weight: 400;\">Pel curs 25\/26, al nostre centre tenim tres docents mentors que fan l&#8217;acompanyament a tres docents novells:<\/span><\/p>\n<table>\n<tbody>\n<tr>\n<td><span style=\"font-weight: 400;\">DOCENT MENTOR<\/span><\/td>\n<td><span style=\"font-weight: 400;\">DOCENT NOVELL<\/span><\/td>\n<\/tr>\n<tr>\n<td><span style=\"font-weight: 400;\">Anna Baiges<\/span><\/td>\n<td>Toni Salom Catal\u00e0<\/td>\n<\/tr>\n<tr>\n<td><span style=\"font-weight: 400;\">Jofre Amor\u00f3s<\/span><\/td>\n<td><span style=\"font-weight: 400;\">Josep Anton Abadias Selma<\/span><\/td>\n<\/tr>\n<tr>\n<td><span style=\"font-weight: 400;\">Albert Mestres<\/span><\/td>\n<td><span style=\"font-weight: 400;\">Jordi Boyer Subirats<\/span><\/td>\n<\/tr>\n<\/tbody>\n<\/table>\n<p style=\"text-align: center;\"><span style=\"color: #0000ff;\">RECULL IMATGES PROGRAMA SENSEI CURS 25\/26<\/span><\/p>\n<table style=\"border-collapse: collapse; width: 100%;\">\n<tbody>\n<tr>\n<td style=\"width: 100%;\">\u00a0<a href=\"https:\/\/agora.xtec.cat\/iesnarcisoller\/wp-content\/uploads\/usu162\/2026\/02\/EQUIP-COMPLET.jpeg\"><img loading=\"lazy\" decoding=\"async\" class=\"alignnone size-large wp-image-13418\" src=\"https:\/\/agora.xtec.cat\/iesnarcisoller\/wp-content\/uploads\/usu162\/2026\/02\/EQUIP-COMPLET-1024x768.jpeg\" alt=\"\" width=\"1024\" height=\"768\" srcset=\"https:\/\/agora.xtec.cat\/iesnarcisoller\/wp-content\/uploads\/usu162\/2026\/02\/EQUIP-COMPLET-1024x768.jpeg 1024w, https:\/\/agora.xtec.cat\/iesnarcisoller\/wp-content\/uploads\/usu162\/2026\/02\/EQUIP-COMPLET-300x225.jpeg 300w, https:\/\/agora.xtec.cat\/iesnarcisoller\/wp-content\/uploads\/usu162\/2026\/02\/EQUIP-COMPLET-768x576.jpeg 768w, https:\/\/agora.xtec.cat\/iesnarcisoller\/wp-content\/uploads\/usu162\/2026\/02\/EQUIP-COMPLET-1536x1152.jpeg 1536w, https:\/\/agora.xtec.cat\/iesnarcisoller\/wp-content\/uploads\/usu162\/2026\/02\/EQUIP-COMPLET.jpeg 2040w\" sizes=\"auto, (max-width: 1024px) 100vw, 1024px\" \/><\/a><\/td>\n<\/tr>\n<tr>\n<td style=\"width: 100%;\"><span style=\"font-weight: 400;\">Equip del programa SENSEI: equip directiu, mentors i professors novells.<\/span><\/td>\n<\/tr>\n<tr>\n<td style=\"width: 100%;\"><a href=\"https:\/\/agora.xtec.cat\/iesnarcisoller\/wp-content\/uploads\/usu162\/2026\/02\/Novells.jpg\"><img loading=\"lazy\" decoding=\"async\" class=\"alignnone size-large wp-image-13417\" src=\"https:\/\/agora.xtec.cat\/iesnarcisoller\/wp-content\/uploads\/usu162\/2026\/02\/Novells-1024x768.jpg\" alt=\"\" width=\"1024\" height=\"768\" srcset=\"https:\/\/agora.xtec.cat\/iesnarcisoller\/wp-content\/uploads\/usu162\/2026\/02\/Novells-1024x768.jpg 1024w, https:\/\/agora.xtec.cat\/iesnarcisoller\/wp-content\/uploads\/usu162\/2026\/02\/Novells-300x225.jpg 300w, https:\/\/agora.xtec.cat\/iesnarcisoller\/wp-content\/uploads\/usu162\/2026\/02\/Novells-768x576.jpg 768w, https:\/\/agora.xtec.cat\/iesnarcisoller\/wp-content\/uploads\/usu162\/2026\/02\/Novells-1536x1152.jpg 1536w, https:\/\/agora.xtec.cat\/iesnarcisoller\/wp-content\/uploads\/usu162\/2026\/02\/Novells.jpg 1600w\" sizes=\"auto, (max-width: 1024px) 100vw, 1024px\" \/><\/a><\/td>\n<\/tr>\n<tr>\n<td style=\"width: 100%;\">Els tres professors novells del programa.<\/td>\n<\/tr>\n<\/tbody>\n<\/table>\n<p><a href=\"https:\/\/agora.xtec.cat\/iesnarcisoller\/wp-content\/uploads\/usu162\/2024\/09\/Captura-de-pantalla-2024-09-10-a-les-8.42.54.png\"><img loading=\"lazy\" decoding=\"async\" class=\"alignnone size-medium wp-image-12321\" src=\"https:\/\/agora.xtec.cat\/iesnarcisoller\/wp-content\/uploads\/usu162\/2024\/09\/Captura-de-pantalla-2024-09-10-a-les-8.42.54-300x92.png\" alt=\"\" width=\"300\" height=\"92\" srcset=\"https:\/\/agora.xtec.cat\/iesnarcisoller\/wp-content\/uploads\/usu162\/2024\/09\/Captura-de-pantalla-2024-09-10-a-les-8.42.54-300x92.png 300w, https:\/\/agora.xtec.cat\/iesnarcisoller\/wp-content\/uploads\/usu162\/2024\/09\/Captura-de-pantalla-2024-09-10-a-les-8.42.54.png 448w\" sizes=\"auto, (max-width: 300px) 100vw, 300px\" \/><\/a><\/p>\n","protected":false},"excerpt":{"rendered":"<p>PROGRAMA SENSEI AL NARC\u00cdS OLLER. Des del curs 23\/24, l\u2019institut Narc\u00eds Oller \u00e9s centre formador del programa Sensei. El programa SENSEI \u00e9s un programa temporal de resid\u00e8ncia inicial docent en centres educatius \u2014Sensei\u2014 ofereix acompanyament i suport al professorat novell a l&#8217;inici de la professi\u00f3 docent. \u00c9s l&#8217;\u00fanic programa pilot que desenvolupa una administraci\u00f3 educativa [&hellip;]<\/p>\n","protected":false},"author":1,"featured_media":0,"parent":664,"menu_order":1,"comment_status":"closed","ping_status":"closed","template":"page-templates\/side-menu.php","meta":{"_bbp_topic_count":0,"_bbp_reply_count":0,"_bbp_total_topic_count":0,"_bbp_total_reply_count":0,"_bbp_voice_count":0,"_bbp_anonymous_reply_count":0,"_bbp_topic_count_hidden":0,"_bbp_reply_count_hidden":0,"_bbp_forum_subforum_count":0,"site-sidebar-layout":"default","site-content-layout":"","ast-site-content-layout":"default","site-content-style":"default","site-sidebar-style":"default","ast-global-header-display":"","ast-banner-title-visibility":"","ast-main-header-display":"","ast-hfb-above-header-display":"","ast-hfb-below-header-display":"","ast-hfb-mobile-header-display":"","site-post-title":"","ast-breadcrumbs-content":"","ast-featured-img":"","footer-sml-layout":"","theme-transparent-header-meta":"","adv-header-id-meta":"","stick-header-meta":"","header-above-stick-meta":"","header-main-stick-meta":"","header-below-stick-meta":"","astra-migrate-meta-layouts":"set","ast-page-background-enabled":"default","ast-page-background-meta":{"desktop":{"background-color":"var(--ast-global-color-4)","background-image":"","background-repeat":"repeat","background-position":"center center","background-size":"auto","background-attachment":"scroll","background-type":"","background-media":"","overlay-type":"","overlay-color":"","overlay-opacity":"","overlay-gradient":""},"tablet":{"background-color":"","background-image":"","background-repeat":"repeat","background-position":"center center","background-size":"auto","background-attachment":"scroll","background-type":"","background-media":"","overlay-type":"","overlay-color":"","overlay-opacity":"","overlay-gradient":""},"mobile":{"background-color":"","background-image":"","background-repeat":"repeat","background-position":"center center","background-size":"auto","background-attachment":"scroll","background-type":"","background-media":"","overlay-type":"","overlay-color":"","overlay-opacity":"","overlay-gradient":""}},"ast-content-background-meta":{"desktop":{"background-color":"var(--ast-global-color-5)","background-image":"","background-repeat":"repeat","background-position":"center center","background-size":"auto","background-attachment":"scroll","background-type":"","background-media":"","overlay-type":"","overlay-color":"","overlay-opacity":"","overlay-gradient":""},"tablet":{"background-color":"var(--ast-global-color-5)","background-image":"","background-repeat":"repeat","background-position":"center center","background-size":"auto","background-attachment":"scroll","background-type":"","background-media":"","overlay-type":"","overlay-color":"","overlay-opacity":"","overlay-gradient":""},"mobile":{"background-color":"var(--ast-global-color-5)","background-image":"","background-repeat":"repeat","background-position":"center center","background-size":"auto","background-attachment":"scroll","background-type":"","background-media":"","overlay-type":"","overlay-color":"","overlay-opacity":"","overlay-gradient":""}},"footnotes":""},"class_list":["post-12308","page","type-page","status-publish","hentry"],"post_mailing_queue_ids":[],"_links":{"self":[{"href":"https:\/\/agora.xtec.cat\/iesnarcisoller\/wp-json\/wp\/v2\/pages\/12308","targetHints":{"allow":["GET"]}}],"collection":[{"href":"https:\/\/agora.xtec.cat\/iesnarcisoller\/wp-json\/wp\/v2\/pages"}],"about":[{"href":"https:\/\/agora.xtec.cat\/iesnarcisoller\/wp-json\/wp\/v2\/types\/page"}],"author":[{"embeddable":true,"href":"https:\/\/agora.xtec.cat\/iesnarcisoller\/wp-json\/wp\/v2\/users\/1"}],"replies":[{"embeddable":true,"href":"https:\/\/agora.xtec.cat\/iesnarcisoller\/wp-json\/wp\/v2\/comments?post=12308"}],"version-history":[{"count":6,"href":"https:\/\/agora.xtec.cat\/iesnarcisoller\/wp-json\/wp\/v2\/pages\/12308\/revisions"}],"predecessor-version":[{"id":13420,"href":"https:\/\/agora.xtec.cat\/iesnarcisoller\/wp-json\/wp\/v2\/pages\/12308\/revisions\/13420"}],"up":[{"embeddable":true,"href":"https:\/\/agora.xtec.cat\/iesnarcisoller\/wp-json\/wp\/v2\/pages\/664"}],"wp:attachment":[{"href":"https:\/\/agora.xtec.cat\/iesnarcisoller\/wp-json\/wp\/v2\/media?parent=12308"}],"curies":[{"name":"wp","href":"https:\/\/api.w.org\/{rel}","templated":true}]}}