{"id":12111,"date":"2024-05-24T13:36:24","date_gmt":"2024-05-24T11:36:24","guid":{"rendered":"https:\/\/agora.xtec.cat\/iesnarcisoller\/?page_id=12111"},"modified":"2024-10-22T09:59:04","modified_gmt":"2024-10-22T07:59:04","slug":"pla-de-retroaccio-de-linstitut-narcis-oller","status":"publish","type":"page","link":"https:\/\/agora.xtec.cat\/iesnarcisoller\/projectes-dinnovacio-educativa\/pla-de-retroaccio-de-linstitut-narcis-oller\/","title":{"rendered":"Pla de retroacci\u00f3 de l&#8217;Institut Narc\u00eds Oller"},"content":{"rendered":"<p>Aquesta p\u00e0gina est\u00e0 dedicada a fer difusi\u00f3 dels formularis creats per la direcci\u00f3 del centre, amb l&#8217;objectiu de recollir informaci\u00f3 sobre el fucnionament general de l&#8217;institut. La recollida d&#8217;informaci\u00f3 \u00e9s an\u00f2nima i ser\u00e0 utilitzada per confeccionar indicadors de millora de la gesti\u00f3 del centre.<\/p>\n<h4>CICLES FORMATIUS<\/h4>\n<ul>\n<li style=\"list-style-type: none;\">\n<ul>\n<li style=\"list-style-type: none;\">\n<ul>\n<li>Formulari per a l&#8217;alumnat de Cicles Formatius: <a href=\"https:\/\/ja.cat\/alumnatINOCiclesFormatius\" target=\"_blank\" rel=\"noopener\" data-saferedirecturl=\"https:\/\/www.google.com\/url?q=https:\/\/ja.cat\/alumnatcicles&amp;source=gmail&amp;ust=1716636171923000&amp;usg=AOvVaw3C_XmUM-TAeihF2IIZkYva\">https:\/\/ja.cat\/alumnatcicles<\/a><\/li>\n<\/ul>\n<\/li>\n<\/ul>\n<\/li>\n<\/ul>\n<h4>\u00a0BATXILLERAT<\/h4>\n<ul>\n<li style=\"list-style-type: none;\">\n<ul>\n<li style=\"list-style-type: none;\">\n<ul>\n<li>Formulari per a l&#8217;alumnat de 1r de Batxillerat: <a href=\"https:\/\/ja.cat\/alumnatINO1rBAT\" target=\"_blank\" rel=\"noopener\" data-saferedirecturl=\"https:\/\/www.google.com\/url?q=https:\/\/ja.cat\/alumnat1rbat&amp;source=gmail&amp;ust=1716636171923000&amp;usg=AOvVaw3jOanxmdR4O1xriSfxaFPK\">https:\/\/ja.cat\/alumnat1rbat<\/a><\/li>\n<li>Formulari per a l&#8217;alumnat de 2n de Batxillerat: <a href=\"https:\/\/ja.cat\/alumnatINO2nBAT\" target=\"_blank\" rel=\"noopener\" data-saferedirecturl=\"https:\/\/www.google.com\/url?q=https:\/\/ja.cat\/alumnat2nbat&amp;source=gmail&amp;ust=1716636171923000&amp;usg=AOvVaw1DPn-0SFa_J-9cJ0_Rz4_K\">https:\/\/ja.cat\/alumnat2nbat<\/a><\/li>\n<\/ul>\n<\/li>\n<\/ul>\n<\/li>\n<\/ul>\n<h4>ESO<\/h4>\n<ul>\n<li style=\"list-style-type: none;\">\n<ul>\n<li style=\"list-style-type: none;\">\n<ul>\n<li>\n<div>Formulari per a l&#8217;alumnat de 1r d&#8217;ESO: <a href=\"https:\/\/ja.cat\/alumnatINO1rESO\" target=\"_blank\" rel=\"noopener\" data-saferedirecturl=\"https:\/\/www.google.com\/url?q=https:\/\/ja.cat\/alumnat1reso&amp;source=gmail&amp;ust=1716636171923000&amp;usg=AOvVaw2DlruRE1eEbJ8-KoMnKRJf\">https:\/\/ja.cat\/alumnat1reso<\/a><\/div>\n<\/li>\n<li>\n<div>Formulari per a l&#8217;alumnat de 2n d&#8217;ESO: <a href=\"https:\/\/ja.cat\/alumnatINO2nESO\" target=\"_blank\" rel=\"noopener\" data-saferedirecturl=\"https:\/\/www.google.com\/url?q=https:\/\/ja.cat\/alumnat2neso&amp;source=gmail&amp;ust=1716636171923000&amp;usg=AOvVaw3lCldIuF7_BpuVOADPZ8S_\">https:\/\/ja.cat\/alumnat2neso<\/a><\/div>\n<\/li>\n<li>\n<div>Formulari per a l&#8217;alumnat de 3r d&#8217;ESO: <a href=\"https:\/\/ja.cat\/alumnatINO3rESO\" target=\"_blank\" rel=\"noopener\" data-saferedirecturl=\"https:\/\/www.google.com\/url?q=https:\/\/ja.cat\/alumnat3reso&amp;source=gmail&amp;ust=1716636171923000&amp;usg=AOvVaw1cETYbBgVPQL8yU3-VxFFp\">https:\/\/ja.cat\/alumnat3reso<\/a><\/div>\n<\/li>\n<li>\n<div>Formulari per a l&#8217;alumnat de 4t d&#8217;ESO: <a href=\"https:\/\/ja.cat\/alumnatINO4tESO\" target=\"_blank\" rel=\"noopener\" data-saferedirecturl=\"https:\/\/www.google.com\/url?q=https:\/\/ja.cat\/alumnat4teso&amp;source=gmail&amp;ust=1716636171923000&amp;usg=AOvVaw3RaBJ8Zfeiw5048ild5yRF\">https:\/\/ja.cat\/alumnat4teso<\/a><\/div>\n<\/li>\n<\/ul>\n<\/li>\n<\/ul>\n<\/li>\n<\/ul>\n<h4>FAM\u00cdLIES<\/h4>\n<ul>\n<li style=\"list-style-type: none;\">\n<ul>\n<li style=\"list-style-type: none;\">\n<ul>\n<li>Formulari per a les fam\u00edlies: <a href=\"https:\/\/ja.cat\/families23_24\" target=\"_blank\" rel=\"noopener\" data-saferedirecturl=\"https:\/\/www.google.com\/url?q=https:\/\/ja.cat\/families_23_24&amp;source=gmail&amp;ust=1716636171923000&amp;usg=AOvVaw2Er5ne1zqkxPwrUnLhffnI\">https:\/\/ja.cat\/families_23_24<\/a><\/li>\n<\/ul>\n<\/li>\n<\/ul>\n<\/li>\n<\/ul>\n","protected":false},"excerpt":{"rendered":"<p>Aquesta p\u00e0gina est\u00e0 dedicada a fer difusi\u00f3 dels formularis creats per la direcci\u00f3 del centre, amb l&#8217;objectiu de recollir informaci\u00f3 sobre el fucnionament general de l&#8217;institut. La recollida d&#8217;informaci\u00f3 \u00e9s an\u00f2nima i ser\u00e0 utilitzada per confeccionar indicadors de millora de la gesti\u00f3 del centre. CICLES FORMATIUS Formulari per a l&#8217;alumnat de Cicles Formatius: https:\/\/ja.cat\/alumnatcicles \u00a0BATXILLERAT [&hellip;]<\/p>\n","protected":false},"author":1,"featured_media":0,"parent":664,"menu_order":7,"comment_status":"closed","ping_status":"closed","template":"page-templates\/side-menu.php","meta":{"_bbp_topic_count":0,"_bbp_reply_count":0,"_bbp_total_topic_count":0,"_bbp_total_reply_count":0,"_bbp_voice_count":0,"_bbp_anonymous_reply_count":0,"_bbp_topic_count_hidden":0,"_bbp_reply_count_hidden":0,"_bbp_forum_subforum_count":0,"site-sidebar-layout":"default","site-content-layout":"","ast-site-content-layout":"","site-content-style":"default","site-sidebar-style":"default","ast-global-header-display":"","ast-banner-title-visibility":"","ast-main-header-display":"","ast-hfb-above-header-display":"","ast-hfb-below-header-display":"","ast-hfb-mobile-header-display":"","site-post-title":"","ast-breadcrumbs-content":"","ast-featured-img":"","footer-sml-layout":"","theme-transparent-header-meta":"","adv-header-id-meta":"","stick-header-meta":"","header-above-stick-meta":"","header-main-stick-meta":"","header-below-stick-meta":"","astra-migrate-meta-layouts":"default","ast-page-background-enabled":"default","ast-page-background-meta":{"desktop":{"background-color":"var(--ast-global-color-4)","background-image":"","background-repeat":"repeat","background-position":"center center","background-size":"auto","background-attachment":"scroll","background-type":"","background-media":"","overlay-type":"","overlay-color":"","overlay-opacity":"","overlay-gradient":""},"tablet":{"background-color":"","background-image":"","background-repeat":"repeat","background-position":"center center","background-size":"auto","background-attachment":"scroll","background-type":"","background-media":"","overlay-type":"","overlay-color":"","overlay-opacity":"","overlay-gradient":""},"mobile":{"background-color":"","background-image":"","background-repeat":"repeat","background-position":"center center","background-size":"auto","background-attachment":"scroll","background-type":"","background-media":"","overlay-type":"","overlay-color":"","overlay-opacity":"","overlay-gradient":""}},"ast-content-background-meta":{"desktop":{"background-color":"var(--ast-global-color-5)","background-image":"","background-repeat":"repeat","background-position":"center center","background-size":"auto","background-attachment":"scroll","background-type":"","background-media":"","overlay-type":"","overlay-color":"","overlay-opacity":"","overlay-gradient":""},"tablet":{"background-color":"var(--ast-global-color-5)","background-image":"","background-repeat":"repeat","background-position":"center center","background-size":"auto","background-attachment":"scroll","background-type":"","background-media":"","overlay-type":"","overlay-color":"","overlay-opacity":"","overlay-gradient":""},"mobile":{"background-color":"var(--ast-global-color-5)","background-image":"","background-repeat":"repeat","background-position":"center center","background-size":"auto","background-attachment":"scroll","background-type":"","background-media":"","overlay-type":"","overlay-color":"","overlay-opacity":"","overlay-gradient":""}},"footnotes":""},"class_list":["post-12111","page","type-page","status-publish","hentry"],"post_mailing_queue_ids":[],"_links":{"self":[{"href":"https:\/\/agora.xtec.cat\/iesnarcisoller\/wp-json\/wp\/v2\/pages\/12111","targetHints":{"allow":["GET"]}}],"collection":[{"href":"https:\/\/agora.xtec.cat\/iesnarcisoller\/wp-json\/wp\/v2\/pages"}],"about":[{"href":"https:\/\/agora.xtec.cat\/iesnarcisoller\/wp-json\/wp\/v2\/types\/page"}],"author":[{"embeddable":true,"href":"https:\/\/agora.xtec.cat\/iesnarcisoller\/wp-json\/wp\/v2\/users\/1"}],"replies":[{"embeddable":true,"href":"https:\/\/agora.xtec.cat\/iesnarcisoller\/wp-json\/wp\/v2\/comments?post=12111"}],"version-history":[{"count":4,"href":"https:\/\/agora.xtec.cat\/iesnarcisoller\/wp-json\/wp\/v2\/pages\/12111\/revisions"}],"predecessor-version":[{"id":12120,"href":"https:\/\/agora.xtec.cat\/iesnarcisoller\/wp-json\/wp\/v2\/pages\/12111\/revisions\/12120"}],"up":[{"embeddable":true,"href":"https:\/\/agora.xtec.cat\/iesnarcisoller\/wp-json\/wp\/v2\/pages\/664"}],"wp:attachment":[{"href":"https:\/\/agora.xtec.cat\/iesnarcisoller\/wp-json\/wp\/v2\/media?parent=12111"}],"curies":[{"name":"wp","href":"https:\/\/api.w.org\/{rel}","templated":true}]}}