{"id":11163,"date":"2023-12-22T12:35:38","date_gmt":"2023-12-22T11:35:38","guid":{"rendered":"https:\/\/agora.xtec.cat\/iesnarcisoller\/?page_id=11163"},"modified":"2026-02-13T09:00:19","modified_gmt":"2026-02-13T08:00:19","slug":"matricula","status":"publish","type":"page","link":"https:\/\/agora.xtec.cat\/iesnarcisoller\/secretaria\/matricula\/","title":{"rendered":"Preinscripci\u00f3 i Matr\u00edcula"},"content":{"rendered":"<h2><a href=\"https:\/\/agora.xtec.cat\/iesnarcisoller\/wp-content\/uploads\/usu162\/2022\/05\/icons8-google-docs-48.png\"><img loading=\"lazy\" decoding=\"async\" class=\"alignnone wp-image-9203\" src=\"https:\/\/agora.xtec.cat\/iesnarcisoller\/wp-content\/uploads\/usu162\/2022\/05\/icons8-google-docs-48.png\" alt=\"\" width=\"61\" height=\"61\" \/><\/a><a href=\"https:\/\/www.caixabank.cat\/particular\/pagos\/impuestosrecibosmatriculas_ca.html\" target=\"_blank\" rel=\"noopener\">Acc\u00e9s pagament<\/a><\/h2>\n<h2><a href=\"https:\/\/docs.google.com\/forms\/d\/e\/1FAIpQLSeb4RDvPWyo4uap1AfZfINsGMJGB9cAK5WOReso9rQOL2_45A\/viewform\"><img loading=\"lazy\" decoding=\"async\" class=\"alignnone wp-image-9203\" src=\"https:\/\/agora.xtec.cat\/iesnarcisoller\/wp-content\/uploads\/usu162\/2022\/05\/icons8-google-docs-48.png\" alt=\"\" width=\"61\" height=\"61\" \/><\/a><a href=\"_wp_link_placeholder\" data-wplink-edit=\"true\">Acc\u00e9s Formulari Matr\u00edcula Curs 2026-27<\/a><\/h2>\n\n\n<ul class=\"wp-block-list\">\n<li><a href=\"https:\/\/agora.xtec.cat\/iesnarcisoller\/secretaria\/preinscripcio-curs-2020-21\/\" data-type=\"page\" data-id=\"7704\">ESO<\/a><\/li>\n\n\n\n<li><a href=\"https:\/\/agora.xtec.cat\/iesnarcisoller\/secretaria\/preinscripcio-i-matricula-batxillerat\/\" data-type=\"page\" data-id=\"8358\">Batxillerat<\/a><\/li>\n\n\n\n<li><a href=\"https:\/\/agora.xtec.cat\/iesnarcisoller\/secretaria\/preinscripcio-i-matricula-cicles-formatius-i-ife\/\" data-type=\"page\" data-id=\"8364\">Cicles Formatius<\/a><\/li>\n<\/ul>\n\n\n\n<p><\/p>\n","protected":false},"excerpt":{"rendered":"<p>Acc\u00e9s pagament Acc\u00e9s Formulari Matr\u00edcula Curs 2026-27<\/p>\n","protected":false},"author":5,"featured_media":0,"parent":81,"menu_order":0,"comment_status":"closed","ping_status":"closed","template":"page-templates\/side-menu.php","meta":{"_bbp_topic_count":0,"_bbp_reply_count":0,"_bbp_total_topic_count":0,"_bbp_total_reply_count":0,"_bbp_voice_count":0,"_bbp_anonymous_reply_count":0,"_bbp_topic_count_hidden":0,"_bbp_reply_count_hidden":0,"_bbp_forum_subforum_count":0,"site-sidebar-layout":"default","site-content-layout":"","ast-site-content-layout":"default","site-content-style":"default","site-sidebar-style":"default","ast-global-header-display":"","ast-banner-title-visibility":"","ast-main-header-display":"","ast-hfb-above-header-display":"","ast-hfb-below-header-display":"","ast-hfb-mobile-header-display":"","site-post-title":"","ast-breadcrumbs-content":"","ast-featured-img":"","footer-sml-layout":"","theme-transparent-header-meta":"","adv-header-id-meta":"","stick-header-meta":"","header-above-stick-meta":"","header-main-stick-meta":"","header-below-stick-meta":"","astra-migrate-meta-layouts":"set","ast-page-background-enabled":"default","ast-page-background-meta":{"desktop":{"background-color":"var(--ast-global-color-4)","background-image":"","background-repeat":"repeat","background-position":"center center","background-size":"auto","background-attachment":"scroll","background-type":"","background-media":"","overlay-type":"","overlay-color":"","overlay-opacity":"","overlay-gradient":""},"tablet":{"background-color":"","background-image":"","background-repeat":"repeat","background-position":"center center","background-size":"auto","background-attachment":"scroll","background-type":"","background-media":"","overlay-type":"","overlay-color":"","overlay-opacity":"","overlay-gradient":""},"mobile":{"background-color":"","background-image":"","background-repeat":"repeat","background-position":"center center","background-size":"auto","background-attachment":"scroll","background-type":"","background-media":"","overlay-type":"","overlay-color":"","overlay-opacity":"","overlay-gradient":""}},"ast-content-background-meta":{"desktop":{"background-color":"var(--ast-global-color-5)","background-image":"","background-repeat":"repeat","background-position":"center center","background-size":"auto","background-attachment":"scroll","background-type":"","background-media":"","overlay-type":"","overlay-color":"","overlay-opacity":"","overlay-gradient":""},"tablet":{"background-color":"var(--ast-global-color-5)","background-image":"","background-repeat":"repeat","background-position":"center center","background-size":"auto","background-attachment":"scroll","background-type":"","background-media":"","overlay-type":"","overlay-color":"","overlay-opacity":"","overlay-gradient":""},"mobile":{"background-color":"var(--ast-global-color-5)","background-image":"","background-repeat":"repeat","background-position":"center center","background-size":"auto","background-attachment":"scroll","background-type":"","background-media":"","overlay-type":"","overlay-color":"","overlay-opacity":"","overlay-gradient":""}},"footnotes":""},"class_list":["post-11163","page","type-page","status-publish","hentry"],"post_mailing_queue_ids":[],"_links":{"self":[{"href":"https:\/\/agora.xtec.cat\/iesnarcisoller\/wp-json\/wp\/v2\/pages\/11163","targetHints":{"allow":["GET"]}}],"collection":[{"href":"https:\/\/agora.xtec.cat\/iesnarcisoller\/wp-json\/wp\/v2\/pages"}],"about":[{"href":"https:\/\/agora.xtec.cat\/iesnarcisoller\/wp-json\/wp\/v2\/types\/page"}],"author":[{"embeddable":true,"href":"https:\/\/agora.xtec.cat\/iesnarcisoller\/wp-json\/wp\/v2\/users\/5"}],"replies":[{"embeddable":true,"href":"https:\/\/agora.xtec.cat\/iesnarcisoller\/wp-json\/wp\/v2\/comments?post=11163"}],"version-history":[{"count":6,"href":"https:\/\/agora.xtec.cat\/iesnarcisoller\/wp-json\/wp\/v2\/pages\/11163\/revisions"}],"predecessor-version":[{"id":13397,"href":"https:\/\/agora.xtec.cat\/iesnarcisoller\/wp-json\/wp\/v2\/pages\/11163\/revisions\/13397"}],"up":[{"embeddable":true,"href":"https:\/\/agora.xtec.cat\/iesnarcisoller\/wp-json\/wp\/v2\/pages\/81"}],"wp:attachment":[{"href":"https:\/\/agora.xtec.cat\/iesnarcisoller\/wp-json\/wp\/v2\/media?parent=11163"}],"curies":[{"name":"wp","href":"https:\/\/api.w.org\/{rel}","templated":true}]}}