{"id":10462,"date":"2023-05-31T10:00:27","date_gmt":"2023-05-31T08:00:27","guid":{"rendered":"https:\/\/agora.xtec.cat\/iesnarcisoller\/?page_id=10462"},"modified":"2024-05-30T09:03:37","modified_gmt":"2024-05-30T07:03:37","slug":"estrategia-digital-de-centre-edc","status":"publish","type":"page","link":"https:\/\/agora.xtec.cat\/iesnarcisoller\/linstitut\/projecte-educatiu-de-centre\/estrategia-digital-de-centre-edc\/","title":{"rendered":"Estrat\u00e8gia Digital de Centre (EDC)"},"content":{"rendered":"<p>Podeu consultar l&#8217;<strong>estrat\u00e8gia digital de centre<\/strong> (EDC) accedint-hi des de la imatge a continuaci\u00f3 o des de l&#8217;enlla\u00e7: <a href=\"http:\/\/ja.cat\/INO-edc\" target=\"_blank\" rel=\"noopener\">ja.cat\/INO-edc<\/a>.<br \/>\nEl document resum de l&#8217;EDC es pot consultar, via sol\u00b7licitud, en aquest <a href=\"https:\/\/docs.google.com\/document\/d\/1Vmr2hersEMD5esnsVo5UGVSIdKzL241wOfPnWhamEfE\" target=\"_blank\" rel=\"noopener\">enlla\u00e7.<\/a><\/p>\n<p><a href=\"https:\/\/sites.google.com\/xtec.cat\/edc-insnarcisoller\/\" target=\"_blank\" rel=\"noopener\"><img loading=\"lazy\" decoding=\"async\" class=\"alignnone wp-image-10536\" src=\"https:\/\/agora.xtec.cat\/iesnarcisoller\/wp-content\/uploads\/usu162\/2023\/06\/WebEDC-Inici-e1685685818264-1024x476.png\" alt=\"\" width=\"712\" height=\"331\" srcset=\"https:\/\/agora.xtec.cat\/iesnarcisoller\/wp-content\/uploads\/usu162\/2023\/06\/WebEDC-Inici-e1685685818264-1024x476.png 1024w, https:\/\/agora.xtec.cat\/iesnarcisoller\/wp-content\/uploads\/usu162\/2023\/06\/WebEDC-Inici-e1685685818264-300x139.png 300w, https:\/\/agora.xtec.cat\/iesnarcisoller\/wp-content\/uploads\/usu162\/2023\/06\/WebEDC-Inici-e1685685818264-768x357.png 768w, https:\/\/agora.xtec.cat\/iesnarcisoller\/wp-content\/uploads\/usu162\/2023\/06\/WebEDC-Inici-e1685685818264.png 1242w\" sizes=\"auto, (max-width: 712px) 100vw, 712px\" \/><\/a><\/p>\n<p>Accessos directes a l&#8217;Espai Digital: <a href=\"http:\/\/ja.cat\/INO-espaidigital\" target=\"_blank\" rel=\"noopener\">ja.cat\/INO-espaidigital<\/a><\/p>\n<ul>\n<li><a href=\"https:\/\/sites.google.com\/xtec.cat\/edc-insnarcisoller\/cultura-digital\/alumnat\" target=\"_blank\" rel=\"noopener\">Alumnat<\/a> \/ <a href=\"https:\/\/sites.google.com\/xtec.cat\/edc-insnarcisoller\/cultura-digital\/professorat\" target=\"_blank\" rel=\"noopener\">Professorat<\/a> \/ <a href=\"https:\/\/sites.google.com\/xtec.cat\/edc-insnarcisoller\/cultura-digital\/families\" target=\"_blank\" rel=\"noopener\">Fam\u00edlies<\/a><\/li>\n<li><a href=\"https:\/\/sites.google.com\/xtec.cat\/edc-insnarcisoller\/cultura-digital\/centre\" target=\"_blank\" rel=\"noopener\">Documents de Centre de l&#8217;\u00e0mbit digital<\/a> \/ <a style=\"font-family: inherit; font-size: 1em;\" href=\"https:\/\/sites.google.com\/xtec.cat\/edc-insnarcisoller\/cultura-digital\/professorat\/comissio-estrategia-digital\" target=\"_blank\" rel=\"noopener\">Comissi\u00f3 d&#8217;estrat\u00e8gia digital<\/a><span style=\"font-family: inherit; font-size: 1em;\"> \/ <\/span><a style=\"font-family: inherit; font-size: 1em;\" href=\"https:\/\/sites.google.com\/xtec.cat\/edc-insnarcisoller\/cultura-digital\/professorat\/projectes-digitals\" target=\"_blank\" rel=\"noopener\">Projectes d&#8217;innovaci\u00f3 digital\u00a0<\/a>\/ <a href=\"https:\/\/sites.google.com\/xtec.cat\/edc-insnarcisoller\/cultura-digital\/centre\/coordinacio-digital\" target=\"_blank\" rel=\"noopener\">Coordinaci\u00f3 Digital<\/a><\/li>\n<\/ul>\n","protected":false},"excerpt":{"rendered":"<p>Podeu consultar l&#8217;estrat\u00e8gia digital de centre (EDC) accedint-hi des de la imatge a continuaci\u00f3 o des de l&#8217;enlla\u00e7: ja.cat\/INO-edc. El document resum de l&#8217;EDC es pot consultar, via sol\u00b7licitud, en aquest enlla\u00e7. Accessos directes a l&#8217;Espai Digital: ja.cat\/INO-espaidigital Alumnat \/ Professorat \/ Fam\u00edlies Documents de Centre de l&#8217;\u00e0mbit digital \/ Comissi\u00f3 d&#8217;estrat\u00e8gia digital \/ Projectes [&hellip;]<\/p>\n","protected":false},"author":7,"featured_media":0,"parent":4751,"menu_order":4,"comment_status":"closed","ping_status":"closed","template":"page-templates\/side-menu.php","meta":{"_bbp_topic_count":0,"_bbp_reply_count":0,"_bbp_total_topic_count":0,"_bbp_total_reply_count":0,"_bbp_voice_count":0,"_bbp_anonymous_reply_count":0,"_bbp_topic_count_hidden":0,"_bbp_reply_count_hidden":0,"_bbp_forum_subforum_count":0,"site-sidebar-layout":"default","site-content-layout":"","ast-site-content-layout":"","site-content-style":"default","site-sidebar-style":"default","ast-global-header-display":"","ast-banner-title-visibility":"","ast-main-header-display":"","ast-hfb-above-header-display":"","ast-hfb-below-header-display":"","ast-hfb-mobile-header-display":"","site-post-title":"","ast-breadcrumbs-content":"","ast-featured-img":"","footer-sml-layout":"","theme-transparent-header-meta":"","adv-header-id-meta":"","stick-header-meta":"","header-above-stick-meta":"","header-main-stick-meta":"","header-below-stick-meta":"","astra-migrate-meta-layouts":"default","ast-page-background-enabled":"default","ast-page-background-meta":{"desktop":{"background-color":"var(--ast-global-color-4)","background-image":"","background-repeat":"repeat","background-position":"center center","background-size":"auto","background-attachment":"scroll","background-type":"","background-media":"","overlay-type":"","overlay-color":"","overlay-opacity":"","overlay-gradient":""},"tablet":{"background-color":"","background-image":"","background-repeat":"repeat","background-position":"center center","background-size":"auto","background-attachment":"scroll","background-type":"","background-media":"","overlay-type":"","overlay-color":"","overlay-opacity":"","overlay-gradient":""},"mobile":{"background-color":"","background-image":"","background-repeat":"repeat","background-position":"center center","background-size":"auto","background-attachment":"scroll","background-type":"","background-media":"","overlay-type":"","overlay-color":"","overlay-opacity":"","overlay-gradient":""}},"ast-content-background-meta":{"desktop":{"background-color":"var(--ast-global-color-5)","background-image":"","background-repeat":"repeat","background-position":"center center","background-size":"auto","background-attachment":"scroll","background-type":"","background-media":"","overlay-type":"","overlay-color":"","overlay-opacity":"","overlay-gradient":""},"tablet":{"background-color":"var(--ast-global-color-5)","background-image":"","background-repeat":"repeat","background-position":"center center","background-size":"auto","background-attachment":"scroll","background-type":"","background-media":"","overlay-type":"","overlay-color":"","overlay-opacity":"","overlay-gradient":""},"mobile":{"background-color":"var(--ast-global-color-5)","background-image":"","background-repeat":"repeat","background-position":"center center","background-size":"auto","background-attachment":"scroll","background-type":"","background-media":"","overlay-type":"","overlay-color":"","overlay-opacity":"","overlay-gradient":""}},"footnotes":""},"class_list":["post-10462","page","type-page","status-publish","hentry"],"post_mailing_queue_ids":[],"_links":{"self":[{"href":"https:\/\/agora.xtec.cat\/iesnarcisoller\/wp-json\/wp\/v2\/pages\/10462","targetHints":{"allow":["GET"]}}],"collection":[{"href":"https:\/\/agora.xtec.cat\/iesnarcisoller\/wp-json\/wp\/v2\/pages"}],"about":[{"href":"https:\/\/agora.xtec.cat\/iesnarcisoller\/wp-json\/wp\/v2\/types\/page"}],"author":[{"embeddable":true,"href":"https:\/\/agora.xtec.cat\/iesnarcisoller\/wp-json\/wp\/v2\/users\/7"}],"replies":[{"embeddable":true,"href":"https:\/\/agora.xtec.cat\/iesnarcisoller\/wp-json\/wp\/v2\/comments?post=10462"}],"version-history":[{"count":6,"href":"https:\/\/agora.xtec.cat\/iesnarcisoller\/wp-json\/wp\/v2\/pages\/10462\/revisions"}],"predecessor-version":[{"id":12124,"href":"https:\/\/agora.xtec.cat\/iesnarcisoller\/wp-json\/wp\/v2\/pages\/10462\/revisions\/12124"}],"up":[{"embeddable":true,"href":"https:\/\/agora.xtec.cat\/iesnarcisoller\/wp-json\/wp\/v2\/pages\/4751"}],"wp:attachment":[{"href":"https:\/\/agora.xtec.cat\/iesnarcisoller\/wp-json\/wp\/v2\/media?parent=10462"}],"curies":[{"name":"wp","href":"https:\/\/api.w.org\/{rel}","templated":true}]}}