{"id":21,"date":"2014-09-17T16:14:14","date_gmt":"2014-09-17T16:14:14","guid":{"rendered":"http:\/\/agora.xtec.cat\/iesnarcismonturiol\/?page_id=21"},"modified":"2021-04-20T18:24:51","modified_gmt":"2021-04-20T16:24:51","slug":"on-som","status":"publish","type":"page","link":"https:\/\/agora.xtec.cat\/iesnarcismonturiol\/linstitut\/on-som\/","title":{"rendered":"On som"},"content":{"rendered":"<p style=\"color: #666666;\"><strong>Institut Narc\u00eds Monturiol<\/strong><br \/>\nC\/ Harmonia s\/n<br \/>\n08035 Barcelona<\/p>\n<p>L\u2019 INS Narc\u00eds Monturiol est\u00e0 situat al barri de Montbau, al peu de la serra de Collserola, amb una vista magn\u00edfica de la ciutat de Barcelona. S\u2019hi pot accedir amb transport p\u00fablic, ja que l\u2019institut est\u00e0 molt ben comunicat.<\/p>\n<p><iframe loading=\"lazy\" src=\"https:\/\/www.google.com\/maps\/embed?pb=!1m14!1m12!1m3!1d1680.8638278113913!2d2.1446997172637228!3d41.43260996435678!2m3!1f0!2f0!3f0!3m2!1i1024!2i768!4f13.1!5e0!3m2!1sca!2ses!4v1618935580439!5m2!1sca!2ses\" width=\"600\" height=\"450\"><\/iframe><\/p>\n<p><strong>Com arribar-hi:<br \/>\n<\/strong><\/p>\n<ul>\n<li>En metro. L\u00ednia III. Estaci\u00f3 Montbau<\/li>\n<li>En bus. Els autobusos n\u00fam. H4, V21, 27, 60, \u00a0i 76 tenen la parada a menys de dos minuts de l\u2019institut<\/li>\n<li>En cotxe. L\u2019institut est\u00e0 situat entre les sortides 4 i 5 de la ronda de Dalt.<\/li>\n<\/ul>\n<p><strong>Escoles adscrites a l&#8217;institut:<br \/>\n<\/strong>&#8230;<\/p>\n<p><strong>Correus electr\u00f2nics de contacte<\/strong><\/p>\n<p>Horari de secretaria: Sol\u00b7liciteu hora a trav\u00e9s d\u2019aquesta mateixa web.<\/p>\n<p><strong style=\"font-size: medium; font-family: inherit; line-height: 1.6;\">Centre<\/strong><\/p>\n<ul>\n<li><span style=\"font-size: medium;\">Bustia General:\u00a0<a href=\"mailto:bustia@ins-larany.cat\">bustia@ins-larany.cat<\/a><\/span><\/li>\n<li><span style=\"font-size: medium;\">Director:\u00a0<a href=\"mailto:direccio@ins-larany.cat\">direccio@ins-larany.cat<\/a><\/span><\/li>\n<li>Cap d&#8217;Estudis ESO i Batxillerat:\u00a0<a href=\"mailto:direccio@ins-larany.cat\">cap.estudis.esobatx@ins-larany.cat<br \/>\n<\/a><\/li>\n<li>Coordinador Pedag\u00f2gic: <span style=\"color: #008080;\">coor.pedagogic@ins-larany.cat<\/span><\/li>\n<li>Secretari: <span style=\"color: #008080;\">secretari@ins-larany.cat<\/span><\/li>\n<\/ul>\n<p><span style=\"font-size: medium;\"><strong>ESO Tutors<\/strong><\/span><\/p>\n<ul>\n<li><span style=\"font-size: medium;\">Tutor 1r ESO A:\u00a0<a href=\"mailto:tutor.eso1a@ins-larany.cat\">tutor.eso1a@ins-larany.cat<\/a><\/span><\/li>\n<li><span style=\"font-size: medium;\">Tutor 1r ESO B:\u00a0<a href=\"mailto:tutor.eso1b@ins-larany.cat\">tutor.eso1b@ins-larany.cat<\/a><\/span><\/li>\n<li><span style=\"font-size: medium;\">Tutor 1r ESO C:\u00a0<a href=\"mailto:tutor.eso1c@ins-larany.cat\">tutor.eso1c@ins-larany.cat<\/a><\/span><\/li>\n<\/ul>\n<ul>\n<li><span style=\"font-size: medium;\">Tutor 2n ESO A:\u00a0<a href=\"mailto:tutor.eso2a@ins-larany.cat\">tutor.eso2a@ins-larany.cat<\/a><\/span><\/li>\n<li><span style=\"font-size: medium;\">Tutor 2n ESO B:\u00a0<a href=\"mailto:tutor.eso2b@ins-larany.cat\">tutor.eso2b@ins-larany.cat<\/a><\/span><\/li>\n<li><span style=\"font-size: medium;\">Tutor 2n ESO C:\u00a0<a href=\"mailto:tutor.eso2c@ins-larany.cat\">tutor.eso2c@ins-larany.cat<\/a><\/span><\/li>\n<\/ul>\n<ul>\n<li><span style=\"font-size: medium;\">Tutor 3r ESO A:\u00a0<a href=\"mailto:tutor.eso3a@ins-larany.cat\">tutor.eso3a@ins-larany.cat<\/a><\/span><\/li>\n<li><span style=\"font-size: medium;\">Tutor 3r ESO B:\u00a0<a href=\"mailto:tutor.eso3b@ins-larany.cat\">tutor.eso3b@ins-larany.cat<\/a><\/span><\/li>\n<li><span style=\"font-size: medium;\">Tutor 3r ESO C:\u00a0<a href=\"mailto:tutor.eso3c@ins-larany.cat\">tutor.eso3c@ins-larany.cat<\/a><\/span><\/li>\n<\/ul>\n<ul>\n<li><span style=\"font-size: medium;\">Tutor 4t ESO A:\u00a0<a href=\"mailto:tutor.eso4a@ins-larany.cat\">tutor.eso4a@ins-larany.cat<\/a><\/span><\/li>\n<li><span style=\"font-size: medium;\">Tutor 4t ESO B:\u00a0<a href=\"mailto:tutor.eso4b@ins-larany.cat\">tutor.eso4b@ins-larany.cat<\/a><\/span><\/li>\n<li><span style=\"font-size: medium;\">Tutor 4t ESO C:\u00a0<a href=\"mailto:tutor.eso4c@ins-larany.cat\">tutor.eso4c@ins-larany.cat<\/a><\/span><\/li>\n<\/ul>\n<p><span style=\"font-size: medium;\"><strong>ESO\u00a0Coordinadors<\/strong><\/span><\/p>\n<ul>\n<li><span style=\"font-size: medium;\">Coordinaci\u00f3 1r ESO:\u00a0<a href=\"mailto:coor.eso1@ins-larany.cat\">coor.eso1@ins-larany.cat<\/a><\/span><\/li>\n<li><span style=\"font-size: medium;\">Coordinaci\u00f3 2n ESO:\u00a0<a href=\"mailto:coor.eso2@ins-larany.cat\">coor.eso2@ins-larany.cat<\/a><\/span><\/li>\n<li><span style=\"font-size: medium;\">Coordinaci\u00f3 3r ESO:\u00a0<a href=\"mailto:coor.eso3@ins-larany.cat\">coor.eso3@ins-larany.cat<\/a><\/span><\/li>\n<li><span style=\"font-size: medium;\">Coordinaci\u00f3 4t ESO:\u00a0<a href=\"mailto:coor.eso4@ins-larany.cat\">coor.eso4@ins-larany.cat<\/a><\/span><\/li>\n<\/ul>\n<p><span style=\"font-size: medium;\"><strong>BATXILLERAT<\/strong><\/span><\/p>\n<ul>\n<li><span style=\"font-size: medium;\">Tutor 1r Batxillerat A:\u00a0<a href=\"mailto:tutor.eso2a@ins-larany.cat\">tutor.batx1a@ins-larany.cat<\/a><\/span><\/li>\n<li><span style=\"font-size: medium;\">Tutor 1r Batxillerat B:\u00a0<a href=\"mailto:tutor.eso2b@ins-larany.cat\">tutor.batx1b@ins-larany.cat<\/a><\/span><\/li>\n<\/ul>\n<ul>\n<li><span style=\"font-size: medium;\">Tutor 2n Batxillerat A:\u00a0<a href=\"mailto:tutor.eso2c@ins-larany.cat\">tutor.batx2a@ins-larany.cat<\/a><\/span><\/li>\n<li><span style=\"font-size: medium;\">Tutor 2n Batxillerat B:\u00a0<a href=\"mailto:tutor.eso2d@ins-larany.cat\">tutor.batx2b@ins-larany.cat<\/a><\/span><\/li>\n<\/ul>\n<ul>\n<li><span style=\"font-size: medium;\">Coordinaci\u00f3 Batxillerat:\u00a0<a href=\"mailto:coor.batxillerat@ins-larany.cat\">coor.batxillerat@ins-larany.cat<\/a><\/span><\/li>\n<\/ul>\n<p><span style=\"font-size: medium;\"><strong>DEPARTAMENTS<\/strong><\/span><\/p>\n<ul>\n<li><span style=\"font-size: medium;\">Cap de departament Orientaci\u00f3:\u00a0<a href=\"mailto:cap.orientacio@ins-larany.cat\">cap.orientacio@ins-larany.cat<\/a><\/span><\/li>\n<li><span style=\"font-size: medium;\">Cap de departament Catal\u00e0:\u00a0<a href=\"mailto:cap.catala@ins-larany.cat\">cap.catala@ins-larany.cat<\/a><\/span><\/li>\n<li><span style=\"font-size: medium;\">Cap de departament Castella:\u00a0<a href=\"mailto:cap.castella@ins-larany.cat\">cap.castella@ins-larany.cat<\/a><\/span><\/li>\n<li><span style=\"font-size: medium;\">Cap de departament Lleng\u00fces estrangeres:\u00a0<a href=\"mailto:cap.idiomes@ins-larany.cat\">cap.idiomes@ins-larany.cat<\/a><\/span><\/li>\n<li><span style=\"font-size: medium;\">Cap de departament Matem\u00e0tiques:\u00a0<a href=\"mailto:cap.mates@ins-larany.cat\">cap.matematiques@ins-larany.cat<\/a><\/span><\/li>\n<li><span style=\"font-size: medium;\">Cap de departament Ci\u00e8ncies:\u00a0<a href=\"mailto:cap.ciencies@ins-larany.cat\">cap.ciencies@ins-larany.cat<\/a><\/span><\/li>\n<li><span style=\"font-size: medium;\">Cap de departament Socials:\u00a0<a href=\"mailto:cap.socials@ins-larany.cat\">cap.socials@ins-larany.cat<\/a><\/span><\/li>\n<li><span style=\"font-size: medium;\">Cap de departament Tecnologia:\u00a0<a href=\"mailto:cap.tecno@ins-larany.cat\">cap.tecnologia@ins-larany.cat<\/a><\/span><\/li>\n<li><span style=\"font-size: medium;\">Cap de departament Educaci\u00f3 F\u00edsica:\u00a0<a href=\"mailto:cap.educaciofisica@ins-larany.cat\">cap.educaciofisica@ins-larany.cat<\/a><\/span><\/li>\n<li><span style=\"font-size: medium;\">Cap de departament Educaci\u00f3 Visual i Pl\u00e0stica:\u00a0<a href=\"mailto:cap.plastica@ins-larany.cat\">cap.plastica@ins-larany.cat<\/a><\/span><\/li>\n<li><span style=\"font-size: medium;\">Cap de departament M\u00fasica:\u00a0<a href=\"mailto:cap.musica@ins-larany.cat\">cap.musica@ins-larany.cat<\/a><\/span><\/li>\n<li><span style=\"font-size: medium;\">Cap de departament Inform\u00e0tica:\u00a0<a href=\"mailto:cap.informatica@ins-larany.cat\">cap.informatica@ins-larany.cat<\/a><\/span><\/li>\n<\/ul>\n<p><span style=\"font-size: medium;\"><strong>ALTRES CONTACTES:<\/strong><\/span><\/p>\n<ul>\n<li><span style=\"font-size: medium;\">Coordinaci\u00f3 FP (FCT, Formaci\u00f3 en centres de Treball):\u00a0<a href=\"mailto:coor.fp@ins-larany.cat\">coor.fp@ins-larany.cat<\/a><\/span><\/li>\n<li><span style=\"font-size: medium;\">Coordinaci\u00f3 Llengua, interculturalitat i cohesi\u00f3 social del centre:\u00a0<a href=\"mailto:lic@ins-larany.cat\">lic@ins-larany.cat<\/a><\/span><\/li>\n<li><span style=\"font-size: medium;\">Riscos laborals:\u00a0<a href=\"mailto:riscos.laborals@ins-larany.cat\">riscos.laborals@ins-larany.cat<\/a><\/span><\/li>\n<li><span style=\"font-size: medium;\">Coordinaci\u00f3 TAC: <a href=\"mailto:coor.informatica@ins-larany.cat\">coor.informatica@ins-larany.cat<\/a><\/span><\/li>\n<li><span style=\"font-size: medium;\">Webmaster, responsable taller:\u00a0<a href=\"mailto:webmaster@ins-larany.cat\">webmaster@ins-larany.cat<\/a><\/span><\/li>\n<li><span style=\"font-size: medium;\">Self-Access:\u00a0<a href=\"mailto:self.access@ins-larany.cat\">self.access@ins-larany.cat<\/a><\/span><\/li>\n<\/ul>\n","protected":false},"excerpt":{"rendered":"<p>Institut Narc\u00eds Monturiol<br \/>\nC\/ Harmonia s\/n<br \/>\n08035 Barcelona<br \/>\nL\u2019 INS Narc\u00eds Monturiol est\u00e0 situat al barri de Montbau, al peu de la serra de Collserola, amb una vista magn\u00edfica de la ciutat de Barcelona. S\u2019hi pot accedir amb transport p\u00fablic, ja que l\u2019institut est\u00e0 molt ben comunicat.<\/p>\n<p>Com arribar-hi:<\/p>\n<ul>\n<li>En&hellip;  <a href=\"https:\/\/agora.xtec.cat\/iesnarcismonturiol\/linstitut\/on-som\/\" title=\"Read On som\">Llegeix m\u00e9s\u00bb<\/a><br \/>\n","protected":false},"author":1,"featured_media":0,"parent":19,"menu_order":10,"comment_status":"closed","ping_status":"closed","template":"page-templates\/side-menu.php","meta":{"_bbp_topic_count":0,"_bbp_reply_count":0,"_bbp_total_topic_count":0,"_bbp_total_reply_count":0,"_bbp_voice_count":0,"_bbp_anonymous_reply_count":0,"_bbp_topic_count_hidden":0,"_bbp_reply_count_hidden":0,"_bbp_forum_subforum_count":0,"footnotes":""},"class_list":["post-21","page","type-page","status-publish","hentry"],"post_mailing_queue_ids":[],"_links":{"self":[{"href":"https:\/\/agora.xtec.cat\/iesnarcismonturiol\/wp-json\/wp\/v2\/pages\/21","targetHints":{"allow":["GET"]}}],"collection":[{"href":"https:\/\/agora.xtec.cat\/iesnarcismonturiol\/wp-json\/wp\/v2\/pages"}],"about":[{"href":"https:\/\/agora.xtec.cat\/iesnarcismonturiol\/wp-json\/wp\/v2\/types\/page"}],"author":[{"embeddable":true,"href":"https:\/\/agora.xtec.cat\/iesnarcismonturiol\/wp-json\/wp\/v2\/users\/1"}],"replies":[{"embeddable":true,"href":"https:\/\/agora.xtec.cat\/iesnarcismonturiol\/wp-json\/wp\/v2\/comments?post=21"}],"version-history":[{"count":3,"href":"https:\/\/agora.xtec.cat\/iesnarcismonturiol\/wp-json\/wp\/v2\/pages\/21\/revisions"}],"predecessor-version":[{"id":498,"href":"https:\/\/agora.xtec.cat\/iesnarcismonturiol\/wp-json\/wp\/v2\/pages\/21\/revisions\/498"}],"up":[{"embeddable":true,"href":"https:\/\/agora.xtec.cat\/iesnarcismonturiol\/wp-json\/wp\/v2\/pages\/19"}],"wp:attachment":[{"href":"https:\/\/agora.xtec.cat\/iesnarcismonturiol\/wp-json\/wp\/v2\/media?parent=21"}],"curies":[{"name":"wp","href":"https:\/\/api.w.org\/{rel}","templated":true}]}}