{"id":4205,"date":"2026-02-09T11:33:35","date_gmt":"2026-02-09T10:33:35","guid":{"rendered":"https:\/\/agora.xtec.cat\/iesmvm\/?page_id=4205"},"modified":"2026-04-14T14:38:10","modified_gmt":"2026-04-14T12:38:10","slug":"aula-digital","status":"publish","type":"page","link":"https:\/\/agora.xtec.cat\/iesmvm\/aula-digital\/","title":{"rendered":"Aula digital: projector i panell interactiu"},"content":{"rendered":"<h2 data-start=\"406\" data-end=\"432\">Acc\u00e9s inicial al panell<\/h2>\n<p data-start=\"433\" data-end=\"469\">Per utilitzar el panell digital cal:<\/p>\n<ol data-start=\"471\" data-end=\"576\">\n<li data-start=\"471\" data-end=\"493\">\n<p data-start=\"474\" data-end=\"493\">Encendre el panell. Si no enc\u00e9n, comprova que el bot\u00f3 d&#8217;ON\/OFF del darrere<br \/>\nestigui en posici\u00f3 ON.<\/p>\n<\/li>\n<li data-start=\"494\" data-end=\"528\">\n<p data-start=\"497\" data-end=\"528\">Seleccionar l\u2019usuari <strong data-start=\"518\" data-end=\"527\">Profe<\/strong>. Pitja la icona de la part superior dreta de la pantalla.<\/p>\n<\/li>\n<li data-start=\"529\" data-end=\"576\">\n<p data-start=\"532\" data-end=\"576\">Accedir a la pantalla principal del sistema.<\/p>\n<\/li>\n<\/ol>\n<p data-start=\"578\" data-end=\"643\">Aquest funcionament <strong data-start=\"598\" data-end=\"615\">no ha canviat<\/strong> amb l\u2019\u00faltima actualitzaci\u00f3.<\/p>\n<hr data-start=\"645\" data-end=\"648\" \/>\n<h2 data-start=\"650\" data-end=\"711\">Connexi\u00f3 sense fils amb el port\u00e0til docent (NewLine Cast+)<\/h2>\n<p data-start=\"713\" data-end=\"805\">La connexi\u00f3 es continua fent mitjan\u00e7ant l\u2019aplicaci\u00f3 <strong data-start=\"765\" data-end=\"782\">NewLine Cast+<\/strong>, disponible al panell.<\/p>\n<h3 data-start=\"807\" data-end=\"844\">Canvi introdu\u00eft en la nova versi\u00f3<\/h3>\n<p data-start=\"845\" data-end=\"869\">El <strong data-start=\"848\" data-end=\"868\">codi de connexi\u00f3<\/strong>:<\/p>\n<ul data-start=\"871\" data-end=\"988\">\n<li data-start=\"871\" data-end=\"898\">\n<p data-start=\"873\" data-end=\"898\">Ara \u00e9s <strong data-start=\"880\" data-end=\"895\">alfanum\u00e8ric<\/strong>.<\/p>\n<\/li>\n<li data-start=\"899\" data-end=\"922\">\n<p data-start=\"901\" data-end=\"922\">T\u00e9 <strong data-start=\"904\" data-end=\"919\">8 car\u00e0cters<\/strong>.<\/p>\n<\/li>\n<li data-start=\"923\" data-end=\"988\">\n<p data-start=\"925\" data-end=\"988\"><strong data-start=\"925\" data-end=\"941\">No cal espai<\/strong> entre els quatre primers i els quatre darrers.<\/p>\n<\/li>\n<\/ul>\n<p data-start=\"990\" data-end=\"1062\">Nom\u00e9s cal introduir aquest codi a l\u2019ordinador per compartir la pantalla.<\/p>\n<hr data-start=\"1064\" data-end=\"1067\" \/>\n<h2 data-start=\"1069\" data-end=\"1095\">Connexi\u00f3 alternativa a NewLine Cast+<\/h2>\n<p data-start=\"1097\" data-end=\"1165\">Si, per qualsevol motiu no pots establir una connexi\u00f3 amb NewLine Cast+, pots utilitzar el mode Hotspot (explicat en el seg\u00fcent apartat) o tamb\u00e9, pots demanar de forma excepcional un cable HDMI per establir una connexi\u00f3 directa amb el panell digital. Posa&#8217;t en contacte amb la coordinaci\u00f3 digital del centre.<\/p>\n<hr data-start=\"1064\" data-end=\"1067\" \/>\n<h2 data-start=\"1069\" data-end=\"1095\">Mode Hotspot del panell<\/h2>\n<p data-start=\"1097\" data-end=\"1165\">El panell pot crear una xarxa Wi-Fi pr\u00f2pia (<strong data-start=\"1141\" data-end=\"1152\">Hotspot<\/strong>) que permet:<\/p>\n<ul data-start=\"1167\" data-end=\"1284\">\n<li data-start=\"1167\" data-end=\"1222\">\n<p data-start=\"1169\" data-end=\"1222\">Connectar dispositius de l\u2019alumnat o del professorat.<\/p>\n<\/li>\n<li data-start=\"1223\" data-end=\"1284\">\n<p data-start=\"1225\" data-end=\"1284\">Disposar d\u2019acc\u00e9s a internet si es perd la Wi-Fi del centre.<\/p>\n<\/li>\n<\/ul>\n<h3 data-start=\"1286\" data-end=\"1306\">Recomanaci\u00f3 d\u2019\u00fas<\/h3>\n<ul data-start=\"1307\" data-end=\"1449\">\n<li data-start=\"1307\" data-end=\"1360\">\n<p data-start=\"1309\" data-end=\"1360\"><strong data-start=\"1309\" data-end=\"1323\">Activar-lo<\/strong> nom\u00e9s si cal connexi\u00f3 alternativa.<\/p>\n<\/li>\n<li data-start=\"1361\" data-end=\"1449\">\n<p data-start=\"1363\" data-end=\"1449\"><strong data-start=\"1363\" data-end=\"1380\">Desactivar-lo<\/strong> quan tothom disposa de Wi-Fi del centre, per evitar usos inadequats.<\/p>\n<\/li>\n<\/ul>\n<hr data-start=\"1451\" data-end=\"1454\" \/>\n<h2 data-start=\"1456\" data-end=\"1497\">Configuraci\u00f3 protegida per contrasenya<\/h2>\n<p data-start=\"1499\" data-end=\"1525\">Amb la nova actualitzaci\u00f3:<\/p>\n<ul data-start=\"1527\" data-end=\"1631\">\n<li data-start=\"1527\" data-end=\"1631\">\n<p data-start=\"1529\" data-end=\"1631\">Les opcions avan\u00e7ades del panell (icona de <strong data-start=\"1572\" data-end=\"1588\">configuraci\u00f3<\/strong>)<br data-start=\"1589\" data-end=\"1592\" \/>estan <strong data-start=\"1600\" data-end=\"1630\">protegides per contrasenya<\/strong>.<\/p>\n<\/li>\n<\/ul>\n<p data-start=\"1633\" data-end=\"1659\">Aquestes opcions inclouen:<\/p>\n<ul data-start=\"1661\" data-end=\"1766\">\n<li data-start=\"1661\" data-end=\"1719\">\n<p data-start=\"1663\" data-end=\"1719\">Compartici\u00f3 de pantalla des de dispositius de l\u2019alumnat.<\/p>\n<\/li>\n<li data-start=\"1720\" data-end=\"1766\">\n<p data-start=\"1722\" data-end=\"1766\">Altres configuracions avan\u00e7ades del sistema.<\/p>\n<\/li>\n<\/ul>\n<h3 data-start=\"1768\" data-end=\"1802\">Configuraci\u00f3 actual del centre<\/h3>\n<p data-start=\"1803\" data-end=\"1837\">Des de la <strong data-start=\"1813\" data-end=\"1836\">coordinaci\u00f3 digital<\/strong>:<\/p>\n<ul data-start=\"1839\" data-end=\"1985\">\n<li data-start=\"1839\" data-end=\"1920\">\n<p data-start=\"1841\" data-end=\"1920\">S\u2019han <strong data-start=\"1847\" data-end=\"1863\">deshabilitat<\/strong> les opcions que permeten compartir pantalla a l\u2019alumnat.<\/p>\n<\/li>\n<li data-start=\"1921\" data-end=\"1985\">\n<p data-start=\"1923\" data-end=\"1985\">L\u2019objectiu \u00e9s garantir un <strong data-start=\"1949\" data-end=\"1973\">\u00fas segur i controlat<\/strong> del panell.<\/p>\n<\/li>\n<\/ul>\n<p data-start=\"1987\" data-end=\"2112\">Si en algun moment es considera necessari modificar aquesta configuraci\u00f3,<br data-start=\"2060\" data-end=\"2063\" \/>es podr\u00e0 valorar conjuntament amb el professorat.<\/p>\n<hr data-start=\"2114\" data-end=\"2117\" \/>\n<h2 data-start=\"2119\" data-end=\"2158\">Problemes habituals i soluci\u00f3 r\u00e0pida<\/h2>\n<h3 data-start=\"2160\" data-end=\"2195\">No es pot compartir la pantalla<\/h3>\n<ul data-start=\"2196\" data-end=\"2328\">\n<li data-start=\"2196\" data-end=\"2277\">\n<p data-start=\"2198\" data-end=\"2277\">Comprova que has introdu\u00eft correctament el <strong data-start=\"2241\" data-end=\"2276\">codi alfanum\u00e8ric de 8 car\u00e0cters<\/strong>.<\/p>\n<\/li>\n<li data-start=\"2196\" data-end=\"2277\">Comprova que est\u00e0s connectat a la Wi-Fi gencat_ENS_EDU.<\/li>\n<li data-start=\"2278\" data-end=\"2328\">\n<p data-start=\"2280\" data-end=\"2328\">Verifica que est\u00e0s utilitzant <strong data-start=\"2310\" data-end=\"2327\">NewLine Cast+<\/strong>.<\/p>\n<\/li>\n<li data-start=\"2278\" data-end=\"2328\">Consulta el <a href=\"https:\/\/docs.google.com\/document\/d\/1XB0Sj_JeH5hjNr-VH1wIG5d3nltl_jW0SdgUYuvJEw4\/edit?tab=t.0\">seg\u00fcent manual<\/a> (usuari intern de l&#8217;institut).<\/li>\n<\/ul>\n<h3 data-start=\"2330\" data-end=\"2369\">L\u2019alumnat no pot compartir pantalla<\/h3>\n<ul data-start=\"2370\" data-end=\"2447\">\n<li data-start=\"2370\" data-end=\"2447\">\n<p data-start=\"2372\" data-end=\"2447\">\u00c9s normal: aquesta funci\u00f3 est\u00e0 <strong data-start=\"2403\" data-end=\"2446\">desactivada per configuraci\u00f3 del centre<\/strong>.<\/p>\n<\/li>\n<\/ul>\n<h3 data-start=\"2449\" data-end=\"2493\">No hi ha connexi\u00f3 a internet al port\u00e0til<\/h3>\n<ul data-start=\"2494\" data-end=\"2601\">\n<li data-start=\"2494\" data-end=\"2539\">\n<p data-start=\"2496\" data-end=\"2539\"><a href=\"https:\/\/agora.xtec.cat\/iesmvm\/connexio-wi-fi-al-centre\/\">Comprova la connexi\u00f3 a la Wi-Fi del centre<\/a>.<\/p>\n<\/li>\n<li data-start=\"2540\" data-end=\"2601\">\n<p data-start=\"2542\" data-end=\"2601\">Com a darrer recurs, activa temporalment el <strong data-start=\"2573\" data-end=\"2589\">mode Hotspot<\/strong> del panell.<\/p>\n<\/li>\n<\/ul>\n<h3 data-start=\"2330\" data-end=\"2369\">El panell est\u00e0 bloquejat<\/h3>\n<ul data-start=\"2370\" data-end=\"2447\">\n<li data-start=\"2370\" data-end=\"2447\">\n<p data-start=\"2372\" data-end=\"2447\">Pitjar durant uns 5 segons el bot\u00f3 de brillantor del comandament &#8220;Brightness button&#8221;.<\/p>\n<\/li>\n<\/ul>\n<h3 data-start=\"2330\" data-end=\"2369\">El bot\u00f3 d&#8217;engegada i apagada del panell est\u00e0 bloquejat<\/h3>\n<ul data-start=\"2370\" data-end=\"2447\">\n<li data-start=\"2370\" data-end=\"2447\">\n<p data-start=\"2372\" data-end=\"2447\">Pitjar durant uns 5 segons el bot\u00f3 amb tres l\u00ednies horitzontals &#8220;Quick settings&#8221;.<\/p>\n<table style=\"border-collapse: collapse; width: 100%;\">\n<tbody>\n<tr>\n<td style=\"width: 100%;\"><img loading=\"lazy\" decoding=\"async\" class=\"alignleft wp-image-4309\" src=\"https:\/\/agora.xtec.cat\/iesmvm\/wp-content\/uploads\/usu1837\/2026\/04\/botons-panell-300x87.png\" alt=\"\" width=\"689\" height=\"200\" srcset=\"https:\/\/agora.xtec.cat\/iesmvm\/wp-content\/uploads\/usu1837\/2026\/04\/botons-panell-300x87.png 300w, https:\/\/agora.xtec.cat\/iesmvm\/wp-content\/uploads\/usu1837\/2026\/04\/botons-panell-768x223.png 768w, https:\/\/agora.xtec.cat\/iesmvm\/wp-content\/uploads\/usu1837\/2026\/04\/botons-panell.png 917w\" sizes=\"auto, (max-width: 689px) 100vw, 689px\" \/><\/td>\n<\/tr>\n<\/tbody>\n<\/table>\n<p data-start=\"2372\" data-end=\"2447\">\n<\/li>\n<\/ul>\n<hr data-start=\"2603\" data-end=\"2606\" \/>\n<h2 data-start=\"2608\" data-end=\"2624\">Suport t\u00e8cnic<\/h2>\n<p data-start=\"2625\" data-end=\"2684\">Si el problema persisteix, comunica la incid\u00e8ncia indicant:<\/p>\n<ul data-start=\"2686\" data-end=\"2751\">\n<li data-start=\"2686\" data-end=\"2701\">\n<p data-start=\"2688\" data-end=\"2701\">Aula o espai.<\/p>\n<\/li>\n<li data-start=\"2702\" data-end=\"2719\">\n<p data-start=\"2704\" data-end=\"2719\">Panell afectat.<\/p>\n<\/li>\n<li data-start=\"2720\" data-end=\"2751\">\n<p data-start=\"2722\" data-end=\"2751\">Descripci\u00f3 breu del problema.<\/p>\n<\/li>\n<\/ul>\n<hr data-start=\"2753\" data-end=\"2756\" \/>\n<h2 data-start=\"2758\" data-end=\"2775\">\u00daltima revisi\u00f3<\/h2>\n<p data-start=\"2776\" data-end=\"2818\">Abril de 2026<br data-start=\"2792\" data-end=\"2795\" \/><strong data-start=\"2795\" data-end=\"2818\">Coordinaci\u00f3 digital<\/strong><\/p>\n<h1 data-start=\"2825\" data-end=\"2849\"><\/h1>\n<p data-start=\"2850\" data-end=\"2874\">\n","protected":false},"excerpt":{"rendered":"<p>Acc\u00e9s inicial al panell Per utilitzar el panell digital cal: Encendre el panell. Si no enc\u00e9n, comprova que el bot\u00f3 d&#8217;ON\/OFF del darrere estigui en posici\u00f3 ON. Seleccionar l\u2019usuari Profe. Pitja la icona de la part superior dreta de la pantalla. Accedir a la pantalla principal del sistema. Aquest funcionament no ha canviat amb l\u2019\u00faltima [&hellip;]<\/p>\n","protected":false},"author":1,"featured_media":0,"parent":0,"menu_order":0,"comment_status":"closed","ping_status":"closed","template":"","meta":{"_bbp_topic_count":0,"_bbp_reply_count":0,"_bbp_total_topic_count":0,"_bbp_total_reply_count":0,"_bbp_voice_count":0,"_bbp_anonymous_reply_count":0,"_bbp_topic_count_hidden":0,"_bbp_reply_count_hidden":0,"_bbp_forum_subforum_count":0,"site-sidebar-layout":"default","site-content-layout":"","ast-site-content-layout":"default","site-content-style":"default","site-sidebar-style":"default","ast-global-header-display":"","ast-banner-title-visibility":"","ast-main-header-display":"","ast-hfb-above-header-display":"","ast-hfb-below-header-display":"","ast-hfb-mobile-header-display":"","site-post-title":"","ast-breadcrumbs-content":"","ast-featured-img":"","footer-sml-layout":"","theme-transparent-header-meta":"default","adv-header-id-meta":"","stick-header-meta":"","header-above-stick-meta":"","header-main-stick-meta":"","header-below-stick-meta":"","astra-migrate-meta-layouts":"set","ast-page-background-enabled":"default","ast-page-background-meta":{"desktop":{"background-color":"var(--ast-global-color-4)","background-image":"","background-repeat":"repeat","background-position":"center center","background-size":"auto","background-attachment":"scroll","background-type":"","background-media":"","overlay-type":"","overlay-color":"","overlay-opacity":"","overlay-gradient":""},"tablet":{"background-color":"","background-image":"","background-repeat":"repeat","background-position":"center center","background-size":"auto","background-attachment":"scroll","background-type":"","background-media":"","overlay-type":"","overlay-color":"","overlay-opacity":"","overlay-gradient":""},"mobile":{"background-color":"","background-image":"","background-repeat":"repeat","background-position":"center center","background-size":"auto","background-attachment":"scroll","background-type":"","background-media":"","overlay-type":"","overlay-color":"","overlay-opacity":"","overlay-gradient":""}},"ast-content-background-meta":{"desktop":{"background-color":"var(--ast-global-color-5)","background-image":"","background-repeat":"repeat","background-position":"center center","background-size":"auto","background-attachment":"scroll","background-type":"","background-media":"","overlay-type":"","overlay-color":"","overlay-opacity":"","overlay-gradient":""},"tablet":{"background-color":"var(--ast-global-color-5)","background-image":"","background-repeat":"repeat","background-position":"center center","background-size":"auto","background-attachment":"scroll","background-type":"","background-media":"","overlay-type":"","overlay-color":"","overlay-opacity":"","overlay-gradient":""},"mobile":{"background-color":"var(--ast-global-color-5)","background-image":"","background-repeat":"repeat","background-position":"center center","background-size":"auto","background-attachment":"scroll","background-type":"","background-media":"","overlay-type":"","overlay-color":"","overlay-opacity":"","overlay-gradient":""}},"footnotes":""},"class_list":["post-4205","page","type-page","status-publish","hentry"],"post_mailing_queue_ids":[],"_links":{"self":[{"href":"https:\/\/agora.xtec.cat\/iesmvm\/wp-json\/wp\/v2\/pages\/4205","targetHints":{"allow":["GET"]}}],"collection":[{"href":"https:\/\/agora.xtec.cat\/iesmvm\/wp-json\/wp\/v2\/pages"}],"about":[{"href":"https:\/\/agora.xtec.cat\/iesmvm\/wp-json\/wp\/v2\/types\/page"}],"author":[{"embeddable":true,"href":"https:\/\/agora.xtec.cat\/iesmvm\/wp-json\/wp\/v2\/users\/1"}],"replies":[{"embeddable":true,"href":"https:\/\/agora.xtec.cat\/iesmvm\/wp-json\/wp\/v2\/comments?post=4205"}],"version-history":[{"count":6,"href":"https:\/\/agora.xtec.cat\/iesmvm\/wp-json\/wp\/v2\/pages\/4205\/revisions"}],"predecessor-version":[{"id":4314,"href":"https:\/\/agora.xtec.cat\/iesmvm\/wp-json\/wp\/v2\/pages\/4205\/revisions\/4314"}],"wp:attachment":[{"href":"https:\/\/agora.xtec.cat\/iesmvm\/wp-json\/wp\/v2\/media?parent=4205"}],"curies":[{"name":"wp","href":"https:\/\/api.w.org\/{rel}","templated":true}]}}