{"id":4202,"date":"2026-02-09T11:33:47","date_gmt":"2026-02-09T10:33:47","guid":{"rendered":"https:\/\/agora.xtec.cat\/iesmvm\/?page_id=4202"},"modified":"2026-02-09T11:40:47","modified_gmt":"2026-02-09T10:40:47","slug":"impressio-de-documents","status":"publish","type":"page","link":"https:\/\/agora.xtec.cat\/iesmvm\/impressio-de-documents\/","title":{"rendered":"Impressi\u00f3 de documents"},"content":{"rendered":"<h3 data-start=\"1110\" data-end=\"1134\">Funcionament general<\/h3>\n<p data-start=\"1135\" data-end=\"1280\">El professorat pot imprimir documents utilitzant la <strong data-start=\"1187\" data-end=\"1212\">impressora del centre<\/strong> mitjan\u00e7ant un <strong data-start=\"1227\" data-end=\"1256\">codi personal d\u2019impressi\u00f3<\/strong> associat a cada docent.<\/p>\n<p data-start=\"1282\" data-end=\"1373\">Aquest sistema permet identificar els treballs enviats i garantir un \u00fas adequat del servei.<\/p>\n<hr data-start=\"1375\" data-end=\"1378\" \/>\n<h3 data-start=\"1380\" data-end=\"1417\">Impressi\u00f3 des del port\u00e0til docent<\/h3>\n<p data-start=\"1419\" data-end=\"1530\">Els <strong data-start=\"1423\" data-end=\"1452\">port\u00e0tils del professorat<\/strong> ja tenen configurat el sistema d\u2019impressi\u00f3 amb el codi personal corresponent.<\/p>\n<p data-start=\"1532\" data-end=\"1568\">Per imprimir correctament nom\u00e9s cal:<\/p>\n<ol data-start=\"1570\" data-end=\"1713\">\n<li data-start=\"1570\" data-end=\"1621\">\n<p data-start=\"1573\" data-end=\"1621\">Estar connectat a la xarxa <strong data-start=\"1600\" data-end=\"1618\">gencat_ENS_EDU<\/strong>.<\/p>\n<\/li>\n<li data-start=\"1622\" data-end=\"1673\">\n<p data-start=\"1625\" data-end=\"1673\">Enviar el document a la impressora del centre.<\/p>\n<\/li>\n<li data-start=\"1674\" data-end=\"1713\">\n<p data-start=\"1677\" data-end=\"1713\">Recollir la impressi\u00f3 a consergeria.<\/p>\n<\/li>\n<\/ol>\n<p data-start=\"1715\" data-end=\"1797\">Si el port\u00e0til no est\u00e0 connectat a <strong data-start=\"1750\" data-end=\"1768\">gencat_ENS_EDU<\/strong>, la impressi\u00f3 no funcionar\u00e0.<\/p>\n<hr data-start=\"1799\" data-end=\"1802\" \/>\n<h3 data-start=\"1804\" data-end=\"1847\">Impressi\u00f3 des de la sala de professorat<\/h3>\n<p data-start=\"1849\" data-end=\"1961\">Si no \u00e9s possible imprimir des del port\u00e0til docent, es pot utilitzar un <strong data-start=\"1921\" data-end=\"1960\">ordinador de la sala de professorat<\/strong>.<\/p>\n<p data-start=\"1963\" data-end=\"1981\">En aquest cas cal:<\/p>\n<ol data-start=\"1983\" data-end=\"2150\">\n<li data-start=\"1983\" data-end=\"2026\">\n<p data-start=\"1986\" data-end=\"2026\">Obrir el document que es vol imprimir.<\/p>\n<\/li>\n<li data-start=\"2027\" data-end=\"2101\">Seleccionar la impressora del centre.<\/li>\n<li data-start=\"2027\" data-end=\"2101\">\n<p data-start=\"2030\" data-end=\"2101\">Introduir el <strong data-start=\"2043\" data-end=\"2072\">codi personal d\u2019impressi\u00f3<\/strong>.<\/p>\n<\/li>\n<li data-start=\"2102\" data-end=\"2150\">\n<p data-start=\"2105\" data-end=\"2150\">Enviar el treball a la impressora del centre.<\/p>\n<\/li>\n<\/ol>\n<p data-start=\"2152\" data-end=\"2213\">Hi ha <a href=\"https:\/\/docs.google.com\/document\/d\/1sad_KGFRXjovNKrhOJZIsm0F6aWINvsoIduXRU3DCoo\/edit?tab=t.0#heading=h.f6apclvzdj8w\">manuals disponibles<\/a> per indicar el codi d\u2019impressi\u00f3 en:<\/p>\n<ul data-start=\"2215\" data-end=\"2278\">\n<li data-start=\"2215\" data-end=\"2228\">\n<p data-start=\"2217\" data-end=\"2228\"><strong data-start=\"2217\" data-end=\"2228\">Windows<\/strong><\/p>\n<\/li>\n<li data-start=\"2229\" data-end=\"2240\">\n<p data-start=\"2231\" data-end=\"2240\"><strong data-start=\"2231\" data-end=\"2240\">Linux<\/strong><\/p>\n<\/li>\n<li data-start=\"2241\" data-end=\"2260\">\n<p data-start=\"2243\" data-end=\"2260\"><strong data-start=\"2243\" data-end=\"2260\">Documents PDF<\/strong><\/p>\n<\/li>\n<li data-start=\"2261\" data-end=\"2278\">\n<p data-start=\"2263\" data-end=\"2278\"><strong data-start=\"2263\" data-end=\"2278\">LibreOffice<\/strong><\/p>\n<\/li>\n<\/ul>\n<p>Per visualitzar els manuals, cal utilitzar l&#8217;usuari intern de l&#8217;institut.<\/p>\n<hr data-start=\"2280\" data-end=\"2283\" \/>\n<h3 data-start=\"2285\" data-end=\"2308\">Problemes habituals<\/h3>\n<p data-start=\"2310\" data-end=\"2352\"><strong data-start=\"2310\" data-end=\"2350\">No imprimeix des del port\u00e0til docent<\/strong><\/p>\n<ul data-start=\"2353\" data-end=\"2405\">\n<li data-start=\"2353\" data-end=\"2405\">\n<p data-start=\"2355\" data-end=\"2405\">Comprova que est\u00e0s connectat a <strong data-start=\"2386\" data-end=\"2404\">gencat_ENS_EDU<\/strong>.<\/p>\n<\/li>\n<\/ul>\n<p data-start=\"2407\" data-end=\"2448\"><strong data-start=\"2407\" data-end=\"2446\">No recordes el teu codi d\u2019impressi\u00f3<\/strong><\/p>\n<ul data-start=\"2449\" data-end=\"2491\">\n<li data-start=\"2449\" data-end=\"2491\">\n<p data-start=\"2451\" data-end=\"2491\">Contacta amb la <strong data-start=\"2467\" data-end=\"2490\">coordinaci\u00f3 digital, tamb\u00e9 el pots demanar a la consergeria.<\/strong><\/p>\n<\/li>\n<\/ul>\n<p data-start=\"2493\" data-end=\"2574\"><strong data-start=\"2493\" data-end=\"2572\">No pots imprimir des del port\u00e0til i la coordinaci\u00f3 digital no \u00e9s disponible<\/strong><\/p>\n<ul data-start=\"2575\" data-end=\"2629\">\n<li data-start=\"2575\" data-end=\"2629\">\n<p data-start=\"2577\" data-end=\"2629\">Utilitza un <strong data-start=\"2589\" data-end=\"2628\">ordinador de la sala de professorat<\/strong>.<\/p>\n<\/li>\n<\/ul>\n<hr data-start=\"2631\" data-end=\"2634\" \/>\n<h3 data-start=\"2636\" data-end=\"2653\">Suport t\u00e8cnic<\/h3>\n<p data-start=\"2654\" data-end=\"2711\">Si el problema continua, comunica la incid\u00e8ncia indicant:<\/p>\n<ul data-start=\"2713\" data-end=\"2782\">\n<li data-start=\"2713\" data-end=\"2737\">\n<p data-start=\"2715\" data-end=\"2737\">Dispositiu utilitzat<\/p>\n<\/li>\n<li data-start=\"2738\" data-end=\"2750\">\n<p data-start=\"2740\" data-end=\"2750\">Ubicaci\u00f3<\/p>\n<\/li>\n<li data-start=\"2751\" data-end=\"2782\">\n<p data-start=\"2753\" data-end=\"2782\">Missatge d\u2019error (si n\u2019hi ha)<\/p>\n<\/li>\n<\/ul>\n<hr data-start=\"2784\" data-end=\"2787\" \/>\n<h3 data-start=\"2789\" data-end=\"2807\">\u00daltima revisi\u00f3<\/h3>\n<p data-start=\"2808\" data-end=\"2850\">Gener de 2026<br data-start=\"2824\" data-end=\"2827\" \/><strong data-start=\"2827\" data-end=\"2850\">Coordinaci\u00f3 digital<\/strong><\/p>\n","protected":false},"excerpt":{"rendered":"<p>Funcionament general El professorat pot imprimir documents utilitzant la impressora del centre mitjan\u00e7ant un codi personal d\u2019impressi\u00f3 associat a cada docent. Aquest sistema permet identificar els treballs enviats i garantir un \u00fas adequat del servei. Impressi\u00f3 des del port\u00e0til docent Els port\u00e0tils del professorat ja tenen configurat el sistema d\u2019impressi\u00f3 amb el codi personal corresponent. [&hellip;]<\/p>\n","protected":false},"author":1,"featured_media":0,"parent":0,"menu_order":0,"comment_status":"closed","ping_status":"closed","template":"","meta":{"_bbp_topic_count":0,"_bbp_reply_count":0,"_bbp_total_topic_count":0,"_bbp_total_reply_count":0,"_bbp_voice_count":0,"_bbp_anonymous_reply_count":0,"_bbp_topic_count_hidden":0,"_bbp_reply_count_hidden":0,"_bbp_forum_subforum_count":0,"site-sidebar-layout":"default","site-content-layout":"","ast-site-content-layout":"default","site-content-style":"default","site-sidebar-style":"default","ast-global-header-display":"","ast-banner-title-visibility":"","ast-main-header-display":"","ast-hfb-above-header-display":"","ast-hfb-below-header-display":"","ast-hfb-mobile-header-display":"","site-post-title":"","ast-breadcrumbs-content":"","ast-featured-img":"","footer-sml-layout":"","theme-transparent-header-meta":"default","adv-header-id-meta":"","stick-header-meta":"","header-above-stick-meta":"","header-main-stick-meta":"","header-below-stick-meta":"","astra-migrate-meta-layouts":"set","ast-page-background-enabled":"default","ast-page-background-meta":{"desktop":{"background-color":"var(--ast-global-color-4)","background-image":"","background-repeat":"repeat","background-position":"center center","background-size":"auto","background-attachment":"scroll","background-type":"","background-media":"","overlay-type":"","overlay-color":"","overlay-opacity":"","overlay-gradient":""},"tablet":{"background-color":"","background-image":"","background-repeat":"repeat","background-position":"center center","background-size":"auto","background-attachment":"scroll","background-type":"","background-media":"","overlay-type":"","overlay-color":"","overlay-opacity":"","overlay-gradient":""},"mobile":{"background-color":"","background-image":"","background-repeat":"repeat","background-position":"center center","background-size":"auto","background-attachment":"scroll","background-type":"","background-media":"","overlay-type":"","overlay-color":"","overlay-opacity":"","overlay-gradient":""}},"ast-content-background-meta":{"desktop":{"background-color":"var(--ast-global-color-5)","background-image":"","background-repeat":"repeat","background-position":"center center","background-size":"auto","background-attachment":"scroll","background-type":"","background-media":"","overlay-type":"","overlay-color":"","overlay-opacity":"","overlay-gradient":""},"tablet":{"background-color":"var(--ast-global-color-5)","background-image":"","background-repeat":"repeat","background-position":"center center","background-size":"auto","background-attachment":"scroll","background-type":"","background-media":"","overlay-type":"","overlay-color":"","overlay-opacity":"","overlay-gradient":""},"mobile":{"background-color":"var(--ast-global-color-5)","background-image":"","background-repeat":"repeat","background-position":"center center","background-size":"auto","background-attachment":"scroll","background-type":"","background-media":"","overlay-type":"","overlay-color":"","overlay-opacity":"","overlay-gradient":""}},"footnotes":""},"class_list":["post-4202","page","type-page","status-publish","hentry"],"post_mailing_queue_ids":[],"_links":{"self":[{"href":"https:\/\/agora.xtec.cat\/iesmvm\/wp-json\/wp\/v2\/pages\/4202","targetHints":{"allow":["GET"]}}],"collection":[{"href":"https:\/\/agora.xtec.cat\/iesmvm\/wp-json\/wp\/v2\/pages"}],"about":[{"href":"https:\/\/agora.xtec.cat\/iesmvm\/wp-json\/wp\/v2\/types\/page"}],"author":[{"embeddable":true,"href":"https:\/\/agora.xtec.cat\/iesmvm\/wp-json\/wp\/v2\/users\/1"}],"replies":[{"embeddable":true,"href":"https:\/\/agora.xtec.cat\/iesmvm\/wp-json\/wp\/v2\/comments?post=4202"}],"version-history":[{"count":3,"href":"https:\/\/agora.xtec.cat\/iesmvm\/wp-json\/wp\/v2\/pages\/4202\/revisions"}],"predecessor-version":[{"id":4223,"href":"https:\/\/agora.xtec.cat\/iesmvm\/wp-json\/wp\/v2\/pages\/4202\/revisions\/4223"}],"wp:attachment":[{"href":"https:\/\/agora.xtec.cat\/iesmvm\/wp-json\/wp\/v2\/media?parent=4202"}],"curies":[{"name":"wp","href":"https:\/\/api.w.org\/{rel}","templated":true}]}}