{"id":4200,"date":"2026-02-09T11:32:12","date_gmt":"2026-02-09T10:32:12","guid":{"rendered":"https:\/\/agora.xtec.cat\/iesmvm\/?page_id=4200"},"modified":"2026-02-09T11:40:37","modified_gmt":"2026-02-09T10:40:37","slug":"connexio-wi-fi-al-centre","status":"publish","type":"page","link":"https:\/\/agora.xtec.cat\/iesmvm\/connexio-wi-fi-al-centre\/","title":{"rendered":"Connexi\u00f3 Wi-Fi al centre"},"content":{"rendered":"<h2 data-start=\"402\" data-end=\"448\">Xarxes Wi-Fi disponibles per al professorat<\/h2>\n<p data-start=\"450\" data-end=\"611\">Al centre hi ha <strong data-start=\"466\" data-end=\"501\">dues xarxes Wi-Fi diferenciades<\/strong>, cadascuna amb una funci\u00f3 concreta.<\/p>\n<p data-start=\"450\" data-end=\"611\">\u00c9s important utilitzar la xarxa adequada segons l\u2019\u00fas que es vulgui fer.<\/p>\n<h3 data-start=\"613\" data-end=\"644\">1. Xarxa <strong data-start=\"626\" data-end=\"644\">gencat_ENS_EDU<\/strong><\/h3>\n<p data-start=\"645\" data-end=\"693\">Aquesta \u00e9s la <strong data-start=\"659\" data-end=\"692\">xarxa interna del professorat per a l&#8217;\u00fas docent amb l&#8217;alumnat.<\/strong><\/p>\n<p data-start=\"695\" data-end=\"702\">Permet:<\/p>\n<ul data-start=\"704\" data-end=\"861\">\n<li data-start=\"704\" data-end=\"738\">\n<p data-start=\"706\" data-end=\"738\">Imprimir als equips del centre.<\/p>\n<\/li>\n<li data-start=\"739\" data-end=\"813\">\n<p data-start=\"741\" data-end=\"813\">Connectar-se a les <strong data-start=\"760\" data-end=\"782\">pantalles digitals<\/strong> i altres dispositius interns.<\/p>\n<\/li>\n<li data-start=\"814\" data-end=\"861\">\n<p data-start=\"816\" data-end=\"861\">Accedir als recursos de la xarxa del centre.<\/p>\n<\/li>\n<\/ul>\n<p data-start=\"863\" data-end=\"891\">Caracter\u00edstiques importants:<\/p>\n<ul data-start=\"893\" data-end=\"1096\">\n<li data-start=\"893\" data-end=\"968\">\n<p data-start=\"895\" data-end=\"968\">Les <strong data-start=\"899\" data-end=\"965\">credencials d\u2019acc\u00e9s s\u00f3n gestionades per la coordinaci\u00f3 digital<\/strong>.<\/p>\n<\/li>\n<li data-start=\"969\" data-end=\"1046\">\n<p data-start=\"971\" data-end=\"1046\">Est\u00e0 pensada per a <strong data-start=\"990\" data-end=\"1043\">ordinadors del centre o port\u00e0tils del professorat<\/strong>.<\/p>\n<\/li>\n<li data-start=\"1047\" data-end=\"1096\">\n<p data-start=\"1049\" data-end=\"1096\"><strong data-start=\"1049\" data-end=\"1095\">No admet la connexi\u00f3 de m\u00f2bils ni tauletes<\/strong>.<\/p>\n<\/li>\n<\/ul>\n<p data-start=\"1098\" data-end=\"1177\">Si necessites accedir a aquesta xarxa, contacta amb la <strong data-start=\"1153\" data-end=\"1176\">coordinaci\u00f3 digital<\/strong>.<\/p>\n<p data-start=\"1098\" data-end=\"1177\">De la mateixa manera ho haur\u00e0 de fer l&#8217;alumnat de Batxillerat.<\/p>\n<p data-start=\"1098\" data-end=\"1177\">L&#8217;alumnat de l&#8217;ESO, rep autom\u00e0ticament les credencials als seus Chromebooks.<\/p>\n<hr data-start=\"1179\" data-end=\"1182\" \/>\n<h3 data-start=\"1184\" data-end=\"1208\">2. Xarxa <strong data-start=\"1197\" data-end=\"1208\">Eduroam<\/strong><\/h3>\n<p data-start=\"1209\" data-end=\"1283\">Aquesta \u00e9s la xarxa <strong data-start=\"1229\" data-end=\"1257\">personal del professorat<\/strong> per a dispositius m\u00f2bils.<\/p>\n<p data-start=\"1285\" data-end=\"1292\">Permet:<\/p>\n<ul data-start=\"1294\" data-end=\"1430\">\n<li data-start=\"1294\" data-end=\"1344\">\n<p data-start=\"1296\" data-end=\"1344\">Connexi\u00f3 a <strong data-start=\"1307\" data-end=\"1326\">internet segura<\/strong> dins del centre (no est\u00e0 compartit amb l&#8217;alumnat).<\/p>\n<\/li>\n<li data-start=\"1345\" data-end=\"1430\">\n<p data-start=\"1347\" data-end=\"1430\">Connexi\u00f3 autom\u00e0tica a altres centres educatius i universitats adherides a Eduroam.<\/p>\n<\/li>\n<\/ul>\n<p data-start=\"1432\" data-end=\"1460\">Caracter\u00edstiques importants:<\/p>\n<ul data-start=\"1462\" data-end=\"1653\">\n<li data-start=\"1462\" data-end=\"1531\">\n<p data-start=\"1464\" data-end=\"1531\">Es pot utilitzar amb <strong data-start=\"1485\" data-end=\"1528\">m\u00f2bils, tauletes i ordinadors personals<\/strong>.<\/p>\n<\/li>\n<li data-start=\"1532\" data-end=\"1569\">\n<p data-start=\"1534\" data-end=\"1569\"><strong data-start=\"1534\" data-end=\"1556\">No permet imprimir<\/strong> al centre.<\/p>\n<\/li>\n<li data-start=\"1570\" data-end=\"1653\">\n<p data-start=\"1572\" data-end=\"1653\"><strong data-start=\"1572\" data-end=\"1623\">No permet connectar-se a les pantalles digitals<\/strong> ni a altres recursos interns.<\/p>\n<\/li>\n<\/ul>\n<p data-start=\"1655\" data-end=\"1675\">Credencials d\u2019acc\u00e9s:<\/p>\n<ul data-start=\"1677\" data-end=\"1767\">\n<li data-start=\"1677\" data-end=\"1723\">\n<p data-start=\"1679\" data-end=\"1723\"><strong data-start=\"1679\" data-end=\"1690\">Usuari:<\/strong> correu corporatiu XTEC complet<\/p>\n<\/li>\n<li data-start=\"1724\" data-end=\"1767\">\n<p data-start=\"1726\" data-end=\"1767\"><strong data-start=\"1726\" data-end=\"1742\">Contrasenya:<\/strong> la del compte corporatiu<\/p>\n<\/li>\n<\/ul>\n<hr data-start=\"1769\" data-end=\"1772\" \/>\n<h2 data-start=\"1774\" data-end=\"1804\">Quina xarxa he d\u2019utilitzar?<\/h2>\n<ul data-start=\"1806\" data-end=\"1939\">\n<li data-start=\"1806\" data-end=\"1874\">\n<p data-start=\"1808\" data-end=\"1874\"><strong data-start=\"1808\" data-end=\"1872\">Per imprimir o utilitzar pantalles digitals \u2192 gencat_ENS_EDU<\/strong><\/p>\n<\/li>\n<li data-start=\"1875\" data-end=\"1939\">\n<p data-start=\"1877\" data-end=\"1939\"><strong data-start=\"1877\" data-end=\"1939\">Per navegar amb el m\u00f2bil o dispositius personals \u2192 Eduroam<\/strong><\/p>\n<\/li>\n<\/ul>\n<hr data-start=\"1941\" data-end=\"1944\" \/>\n<h2 data-start=\"1946\" data-end=\"1968\">Problemes habituals<\/h2>\n<h3 data-start=\"1970\" data-end=\"2024\">No pots imprimir o no detectes la pantalla digital<\/h3>\n<p data-start=\"2025\" data-end=\"2103\">Probablement est\u00e0s connectat a <strong data-start=\"2056\" data-end=\"2067\">Eduroam<\/strong>.<br data-start=\"2068\" data-end=\"2071\" \/>Connecta\u2019t a <strong data-start=\"2084\" data-end=\"2102\">gencat_ENS_EDU<\/strong>.<\/p>\n<p data-start=\"2025\" data-end=\"2103\">Si necessites imprimir amb urg\u00e8ncia i no tens connectivitat gencat_ENS_EDU, pots fer-ho a la sala del professorat.<\/p>\n<h3 data-start=\"2105\" data-end=\"2137\">El m\u00f2bil no es pot connectar a la xarxa Eduroam<\/h3>\n<p data-start=\"2138\" data-end=\"2218\">En el seg\u00fcent enlla\u00e7, hi ha una guia ben detallada de <a href=\"https:\/\/docs.google.com\/presentation\/d\/1xyAk3knwyiVsjtdC6c2fzoHY6TTOn1ucUEF598zkNrg\/edit?slide=id.gd2e6997176_3_365#slide=id.gd2e6997176_3_365\">com connectar qualsevol dispositiu a Eduroam<\/a>.<br data-start=\"2068\" data-end=\"2071\" \/>Tamb\u00e9 pots descarregar-te un instal\u00b7lador tal i com la <a href=\"https:\/\/cat.eduroam.org\/\">web d&#8217;Eduroam<\/a> indica.<\/p>\n<h3 data-start=\"2220\" data-end=\"2261\">No tens credencials de gencat_ENS_EDU<\/h3>\n<p data-start=\"2262\" data-end=\"2313\">Contacta amb la <strong data-start=\"2278\" data-end=\"2312\">coordinaci\u00f3 digital del centre<\/strong>.<\/p>\n<hr data-start=\"2315\" data-end=\"2318\" \/>\n<h2 data-start=\"2320\" data-end=\"2336\">Suport t\u00e8cnic<\/h2>\n<p data-start=\"2337\" data-end=\"2412\">Si continues tenint problemes de connexi\u00f3, comunica la incid\u00e8ncia indicant:<\/p>\n<ul data-start=\"2414\" data-end=\"2533\">\n<li data-start=\"2414\" data-end=\"2438\">\n<p data-start=\"2416\" data-end=\"2438\">Dispositiu utilitzat<\/p>\n<\/li>\n<li data-start=\"2439\" data-end=\"2484\">\n<p data-start=\"2441\" data-end=\"2484\">Xarxa Wi-Fi amb qu\u00e8 intentes connectar-te<\/p>\n<\/li>\n<li data-start=\"2485\" data-end=\"2501\">\n<p data-start=\"2487\" data-end=\"2501\">Aula o espai<\/p>\n<\/li>\n<li data-start=\"2502\" data-end=\"2533\">\n<p data-start=\"2504\" data-end=\"2533\">Missatge d\u2019error (si n\u2019hi ha)<\/p>\n<\/li>\n<\/ul>\n<hr data-start=\"2535\" data-end=\"2538\" \/>\n<h2 data-start=\"2540\" data-end=\"2557\">\u00daltima revisi\u00f3<\/h2>\n<p data-start=\"2558\" data-end=\"2600\">Gener de 2026<br data-start=\"2574\" data-end=\"2577\" \/><strong data-start=\"2577\" data-end=\"2600\">Coordinaci\u00f3 digital<\/strong><\/p>\n<hr data-start=\"2602\" data-end=\"2605\" \/>\n","protected":false},"excerpt":{"rendered":"<p>Xarxes Wi-Fi disponibles per al professorat Al centre hi ha dues xarxes Wi-Fi diferenciades, cadascuna amb una funci\u00f3 concreta. \u00c9s important utilitzar la xarxa adequada segons l\u2019\u00fas que es vulgui fer. 1. Xarxa gencat_ENS_EDU Aquesta \u00e9s la xarxa interna del professorat per a l&#8217;\u00fas docent amb l&#8217;alumnat. Permet: Imprimir als equips del centre. Connectar-se a [&hellip;]<\/p>\n","protected":false},"author":1,"featured_media":0,"parent":0,"menu_order":0,"comment_status":"closed","ping_status":"closed","template":"","meta":{"_bbp_topic_count":0,"_bbp_reply_count":0,"_bbp_total_topic_count":0,"_bbp_total_reply_count":0,"_bbp_voice_count":0,"_bbp_anonymous_reply_count":0,"_bbp_topic_count_hidden":0,"_bbp_reply_count_hidden":0,"_bbp_forum_subforum_count":0,"site-sidebar-layout":"default","site-content-layout":"","ast-site-content-layout":"default","site-content-style":"default","site-sidebar-style":"default","ast-global-header-display":"","ast-banner-title-visibility":"","ast-main-header-display":"","ast-hfb-above-header-display":"","ast-hfb-below-header-display":"","ast-hfb-mobile-header-display":"","site-post-title":"","ast-breadcrumbs-content":"","ast-featured-img":"","footer-sml-layout":"","theme-transparent-header-meta":"default","adv-header-id-meta":"","stick-header-meta":"","header-above-stick-meta":"","header-main-stick-meta":"","header-below-stick-meta":"","astra-migrate-meta-layouts":"set","ast-page-background-enabled":"default","ast-page-background-meta":{"desktop":{"background-color":"var(--ast-global-color-4)","background-image":"","background-repeat":"repeat","background-position":"center center","background-size":"auto","background-attachment":"scroll","background-type":"","background-media":"","overlay-type":"","overlay-color":"","overlay-opacity":"","overlay-gradient":""},"tablet":{"background-color":"","background-image":"","background-repeat":"repeat","background-position":"center center","background-size":"auto","background-attachment":"scroll","background-type":"","background-media":"","overlay-type":"","overlay-color":"","overlay-opacity":"","overlay-gradient":""},"mobile":{"background-color":"","background-image":"","background-repeat":"repeat","background-position":"center center","background-size":"auto","background-attachment":"scroll","background-type":"","background-media":"","overlay-type":"","overlay-color":"","overlay-opacity":"","overlay-gradient":""}},"ast-content-background-meta":{"desktop":{"background-color":"var(--ast-global-color-5)","background-image":"","background-repeat":"repeat","background-position":"center center","background-size":"auto","background-attachment":"scroll","background-type":"","background-media":"","overlay-type":"","overlay-color":"","overlay-opacity":"","overlay-gradient":""},"tablet":{"background-color":"var(--ast-global-color-5)","background-image":"","background-repeat":"repeat","background-position":"center center","background-size":"auto","background-attachment":"scroll","background-type":"","background-media":"","overlay-type":"","overlay-color":"","overlay-opacity":"","overlay-gradient":""},"mobile":{"background-color":"var(--ast-global-color-5)","background-image":"","background-repeat":"repeat","background-position":"center center","background-size":"auto","background-attachment":"scroll","background-type":"","background-media":"","overlay-type":"","overlay-color":"","overlay-opacity":"","overlay-gradient":""}},"footnotes":""},"class_list":["post-4200","page","type-page","status-publish","hentry"],"post_mailing_queue_ids":[],"_links":{"self":[{"href":"https:\/\/agora.xtec.cat\/iesmvm\/wp-json\/wp\/v2\/pages\/4200","targetHints":{"allow":["GET"]}}],"collection":[{"href":"https:\/\/agora.xtec.cat\/iesmvm\/wp-json\/wp\/v2\/pages"}],"about":[{"href":"https:\/\/agora.xtec.cat\/iesmvm\/wp-json\/wp\/v2\/types\/page"}],"author":[{"embeddable":true,"href":"https:\/\/agora.xtec.cat\/iesmvm\/wp-json\/wp\/v2\/users\/1"}],"replies":[{"embeddable":true,"href":"https:\/\/agora.xtec.cat\/iesmvm\/wp-json\/wp\/v2\/comments?post=4200"}],"version-history":[{"count":2,"href":"https:\/\/agora.xtec.cat\/iesmvm\/wp-json\/wp\/v2\/pages\/4200\/revisions"}],"predecessor-version":[{"id":4222,"href":"https:\/\/agora.xtec.cat\/iesmvm\/wp-json\/wp\/v2\/pages\/4200\/revisions\/4222"}],"wp:attachment":[{"href":"https:\/\/agora.xtec.cat\/iesmvm\/wp-json\/wp\/v2\/media?parent=4200"}],"curies":[{"name":"wp","href":"https:\/\/api.w.org\/{rel}","templated":true}]}}