{"id":3754,"date":"2024-04-13T23:28:48","date_gmt":"2024-04-13T21:28:48","guid":{"rendered":"https:\/\/agora.xtec.cat\/iesmvm\/?page_id=3754"},"modified":"2025-10-13T22:03:48","modified_gmt":"2025-10-13T20:03:48","slug":"documents_i_eines","status":"publish","type":"page","link":"https:\/\/agora.xtec.cat\/iesmvm\/espai-professorat\/documents_i_eines\/","title":{"rendered":"Documents i eines"},"content":{"rendered":"<table class=\" aligncenter\">\n<tbody>\n<tr>\n<td><strong>Documents i eines del professorat<\/strong> (necessari l&#8217;acc\u00e9s amb correu @xtec)<\/td>\n<td><\/td>\n<\/tr>\n<tr>\n<td><a href=\"https:\/\/login.ieduca.com\/\" target=\"_blank\" rel=\"noopener\"><img loading=\"lazy\" decoding=\"async\" class=\"alignleft wp-image-3365\" src=\"https:\/\/agora.xtec.cat\/iesmvm\/wp-content\/uploads\/usu1837\/2023\/06\/iEduca_logo_128.png\" alt=\"\" width=\"64\" height=\"64\" \/><\/a><\/p>\n<p><a href=\"https:\/\/login.ieduca.com\/\" target=\"_blank\" rel=\"noopener\">Plataforma iEduca<\/a><\/td>\n<td><a href=\"https:\/\/aplicacions.gestioeducativa.gencat.cat\/siteminderagent\/forms\/gicar2021\/loginCorpCmo2021v17.fcc?TYPE=33554433&amp;REALMOID=06-000c1a78-d873-1192-92c3-802b0a340000&amp;GUID=&amp;SMAUTHREASON=0&amp;METHOD=GET&amp;SMAGENTNAME=-SM-JQBOjQHFW32qhaFzfRxvjZBRwb35kvzx9Hh2XI9ZV%2bvTKy0PMQ2oZJVwbVTWDc9d&amp;TARGET=-SM-HTTPS%3a%2f%2faplicacions%2eensenyament%2egencat%2ecat%2fidpecorpcmo%2fprofile%2fgicar%2fanonim%3fconversation%3de1s2\" target=\"_blank\" rel=\"noopener\"><img loading=\"lazy\" decoding=\"async\" class=\"alignleft wp-image-3366\" src=\"https:\/\/agora.xtec.cat\/iesmvm\/wp-content\/uploads\/usu1837\/2023\/06\/esfera.png\" alt=\"\" width=\"64\" height=\"64\" \/><\/a><\/p>\n<p><a href=\"https:\/\/aplicacions.gestioeducativa.gencat.cat\/siteminderagent\/forms\/gicar2021\/loginCorpCmo2021v17.fcc?TYPE=33554433&amp;REALMOID=06-000c1a78-d873-1192-92c3-802b0a340000&amp;GUID=&amp;SMAUTHREASON=0&amp;METHOD=GET&amp;SMAGENTNAME=-SM-JQBOjQHFW32qhaFzfRxvjZBRwb35kvzx9Hh2XI9ZV%2bvTKy0PMQ2oZJVwbVTWDc9d&amp;TARGET=-SM-HTTPS%3a%2f%2faplicacions%2eensenyament%2egencat%2ecat%2fidpecorpcmo%2fprofile%2fgicar%2fanonim%3fconversation%3de1s2\" target=\"_blank\" rel=\"noopener\">Aplicaci\u00f3 Esfer@<\/a><\/td>\n<\/tr>\n<tr>\n<td><a href=\"https:\/\/serveiseducatius.xtec.cat\/santadria\/\" target=\"_blank\" rel=\"noopener\"><img loading=\"lazy\" decoding=\"async\" class=\"alignleft wp-image-3399 size-full\" src=\"https:\/\/agora.xtec.cat\/iesmvm\/wp-content\/uploads\/usu1837\/2023\/06\/CRP_64.png\" alt=\"\" width=\"64\" height=\"64\" \/><\/a><\/p>\n<p><a href=\"https:\/\/serveiseducatius.xtec.cat\/santadria\/\" target=\"_blank\" rel=\"nofollow noopener\">Servei educatiu ciutat de Sant Adri\u00e0 de Bes\u00f2s [CRP]<\/a><\/td>\n<td><a href=\"https:\/\/aplicacions.gestioeducativa.gencat.cat\/pls\/apex\/f?p=2008011:LOGIN:305062497574976\" target=\"_blank\" rel=\"noopener\"><img loading=\"lazy\" decoding=\"async\" class=\"alignleft wp-image-3372\" src=\"https:\/\/agora.xtec.cat\/iesmvm\/wp-content\/uploads\/usu1837\/2023\/06\/aplicatiu_trimestral.png\" alt=\"\" width=\"64\" height=\"64\" \/><\/a><\/p>\n<p><a href=\"https:\/\/aplicacions.gestioeducativa.gencat.cat\/pls\/apex\/f?p=2008011:LOGIN:305062497574976\" target=\"_blank\" rel=\"nofollow noopener\">Aplicatiu per la qualificaci\u00f3 trimestral de BATXILLERAT<\/a><\/td>\n<\/tr>\n<tr>\n<td><a href=\"https:\/\/docs.google.com\/spreadsheets\/d\/1F3dvct8X13qE02byBVFzT5wN6GvXmdkRaC6BULO0PYA\/edit#gid=1463267911\" target=\"_blank\" rel=\"noopener\"><img loading=\"lazy\" decoding=\"async\" class=\"alignleft wp-image-3379\" src=\"https:\/\/agora.xtec.cat\/iesmvm\/wp-content\/uploads\/usu1837\/2023\/06\/optativitat_ESO.png\" alt=\"\" width=\"64\" height=\"64\" \/><\/a><\/p>\n<p><a href=\"https:\/\/docs.google.com\/spreadsheets\/d\/1F3dvct8X13qE02byBVFzT5wN6GvXmdkRaC6BULO0PYA\/edit#gid=1463267911\" target=\"_blank\" rel=\"noopener\">Informaci\u00f3 OPTATIVITAT ESO<\/a><\/td>\n<td><a href=\"https:\/\/docs.google.com\/forms\/d\/e\/1FAIpQLSeJ5aNH1FVz609ghfooiAqSRNsRF7zDY5rRqmcfQHUTjCrK2w\/viewform\" target=\"_blank\" rel=\"noopener\"><img loading=\"lazy\" decoding=\"async\" class=\"alignleft wp-image-3380\" src=\"https:\/\/agora.xtec.cat\/iesmvm\/wp-content\/uploads\/usu1837\/2023\/06\/formulari_riscos.png\" alt=\"\" width=\"64\" height=\"64\" \/><\/a><\/p>\n<p><a href=\"https:\/\/docs.google.com\/forms\/d\/e\/1FAIpQLSeJ5aNH1FVz609ghfooiAqSRNsRF7zDY5rRqmcfQHUTjCrK2w\/viewform\" target=\"_blank\" rel=\"noopener\">Formulari recollida dades RISCOS LABORALS<\/a><\/td>\n<\/tr>\n<tr>\n<td><a href=\"https:\/\/docs.google.com\/spreadsheets\/d\/1prSaYX91GszlyrT0RF5viSyzAxhhL_tcA84R1WUPb08\/edit#gid=1495773982\" target=\"_blank\" rel=\"noopener\"><img loading=\"lazy\" decoding=\"async\" class=\"alignleft wp-image-3382\" src=\"https:\/\/agora.xtec.cat\/iesmvm\/wp-content\/uploads\/usu1837\/2023\/06\/optativitat_BATX.png\" alt=\"\" width=\"64\" height=\"64\" \/><\/a><\/p>\n<p><a href=\"https:\/\/docs.google.com\/spreadsheets\/d\/1prSaYX91GszlyrT0RF5viSyzAxhhL_tcA84R1WUPb08\/edit#gid=1495773982\" target=\"_blank\" rel=\"noopener\">Informaci\u00f3 OPTATIVITAT BATXILLERAT<\/a><\/td>\n<td><a href=\"https:\/\/docs.google.com\/forms\/d\/e\/1FAIpQLScHPoJ5_Y-cO1WiJfDReCTYP_L5BbOrjmitvmxXGUVgYEodtg\/viewform\" target=\"_blank\" rel=\"noopener\"><img loading=\"lazy\" decoding=\"async\" class=\"alignleft wp-image-3383\" src=\"https:\/\/agora.xtec.cat\/iesmvm\/wp-content\/uploads\/usu1837\/2023\/06\/Form_recollida_dades_sortides.png\" alt=\"\" width=\"64\" height=\"64\" \/><\/a><\/p>\n<p><a href=\"https:\/\/docs.google.com\/forms\/d\/e\/1FAIpQLScHPoJ5_Y-cO1WiJfDReCTYP_L5BbOrjmitvmxXGUVgYEodtg\/viewform\" target=\"_blank\" rel=\"noopener\">Formulari recollida dades SORTIDES<\/a><\/td>\n<\/tr>\n<tr>\n<td><a href=\"https:\/\/docs.google.com\/spreadsheets\/d\/172HHO1xkmfDqr_zOzpAmhV-QRs2-8YO7s7NnZk-7A94\/edit#gid=549739363\" target=\"_blank\" rel=\"noopener\"><img loading=\"lazy\" decoding=\"async\" class=\"alignleft wp-image-3385\" src=\"https:\/\/agora.xtec.cat\/iesmvm\/wp-content\/uploads\/usu1837\/2023\/06\/absentisme.png\" alt=\"\" width=\"64\" height=\"64\" \/><\/a><\/p>\n<p><a href=\"https:\/\/docs.google.com\/spreadsheets\/d\/172HHO1xkmfDqr_zOzpAmhV-QRs2-8YO7s7NnZk-7A94\/edit#gid=549739363\" target=\"_blank\" rel=\"noopener\">Informaci\u00f3 ABSENTISME<\/a>\u00a0<b><br \/>\n<\/b><\/td>\n<td><a href=\"https:\/\/docs.google.com\/forms\/d\/e\/1FAIpQLSelI-xWfe1q6B7Aahc92826U8XtLD5Ouyw8q6oPHBw6pIJg7A\/viewform\" target=\"_blank\" rel=\"noopener\"><img loading=\"lazy\" decoding=\"async\" class=\"alignleft wp-image-3386\" src=\"https:\/\/agora.xtec.cat\/iesmvm\/wp-content\/uploads\/usu1837\/2023\/06\/form_incid_informatiques.png\" alt=\"\" width=\"64\" height=\"64\" \/><\/a><\/p>\n<p><a href=\"https:\/\/docs.google.com\/forms\/d\/e\/1FAIpQLSelI-xWfe1q6B7Aahc92826U8XtLD5Ouyw8q6oPHBw6pIJg7A\/viewform\" target=\"_blank\" rel=\"noopener\">Formulari recollida INCID\u00c8NCIES INFORM\u00c0TIQUES<\/a><\/td>\n<\/tr>\n<tr>\n<td><a href=\"https:\/\/docs.google.com\/spreadsheets\/d\/1F5IFb1QPhQCQ2OLKGrjt6S7nizjS2bB7pCPfpfC3oSQ\/edit#gid=1146842806\" target=\"_blank\" rel=\"noopener\"><img loading=\"lazy\" decoding=\"async\" class=\"alignleft wp-image-3388\" src=\"https:\/\/agora.xtec.cat\/iesmvm\/wp-content\/uploads\/usu1837\/2023\/06\/users_domini.png\" alt=\"\" width=\"64\" height=\"64\" \/><\/a><\/p>\n<p><a href=\"https:\/\/docs.google.com\/spreadsheets\/d\/1F5IFb1QPhQCQ2OLKGrjt6S7nizjS2bB7pCPfpfC3oSQ\/edit#gid=1146842806\" target=\"_blank\" rel=\"noopener\">Informaci\u00f3 usuaris del domini @institutmvm.cat<\/a><b><br \/>\n<\/b><\/td>\n<td><a href=\"https:\/\/login.ieduca.com\/\" target=\"_blank\" rel=\"noopener\"><img loading=\"lazy\" decoding=\"async\" class=\"alignleft wp-image-3365\" src=\"https:\/\/agora.xtec.cat\/iesmvm\/wp-content\/uploads\/usu1837\/2023\/06\/iEduca_logo_128.png\" alt=\"\" width=\"64\" height=\"64\" \/><\/a><br \/>\n<a href=\"https:\/\/docs.google.com\/forms\/d\/e\/1FAIpQLSdF6syC30oPfYHQfg3BYXTLBsAn5YyPnAUgCuN3fPbFqwVH5g\/viewform?usp=dialog\" target=\"_blank\" rel=\"noopener\">Formulari INCID\u00c8NCIES amb l&#8217;iEduca<\/a><\/td>\n<\/tr>\n<tr>\n<td><a href=\"https:\/\/docs.google.com\/spreadsheets\/d\/19QdP07hFeTjcFIyJl-8oGR-aIE0hX-1pf-_jXjH7MxE\/edit#gid=143403834\" target=\"_blank\" rel=\"noopener\"><img loading=\"lazy\" decoding=\"async\" class=\"alignleft wp-image-3391\" src=\"https:\/\/agora.xtec.cat\/iesmvm\/wp-content\/uploads\/usu1837\/2023\/06\/seguim_pagament_sortides.png\" alt=\"\" width=\"64\" height=\"64\" \/><\/a><\/p>\n<p><a href=\"https:\/\/docs.google.com\/spreadsheets\/d\/19QdP07hFeTjcFIyJl-8oGR-aIE0hX-1pf-_jXjH7MxE\/edit#gid=143403834\" target=\"_blank\" rel=\"noopener\">Seguiment del pagament i assist\u00e8ncia a les SORTIDES<\/a><b><br \/>\n<\/b><\/td>\n<td><a href=\"https:\/\/sites.google.com\/a\/xtec.cat\/documentsmvm\/\" target=\"_blank\" rel=\"noopener\"><img loading=\"lazy\" decoding=\"async\" class=\"alignleft wp-image-3392\" src=\"https:\/\/agora.xtec.cat\/iesmvm\/wp-content\/uploads\/usu1837\/2023\/06\/espai_docum_centre.png\" alt=\"\" width=\"64\" height=\"64\" \/><\/a><\/p>\n<p><a href=\"https:\/\/drive.google.com\/drive\/folders\/1bR1xV43RvK4szeUI2MIQef4Trz1U46_T?usp=drive_link\" target=\"_blank\" rel=\"nofollow noopener\">Espai amb documentaci\u00f3 de centre per professorat (2024)<\/a><\/td>\n<\/tr>\n<tr>\n<td><a href=\"https:\/\/docs.google.com\/spreadsheets\/d\/1ugarPSXB9sI-5lGyfrwTgyuTGVMfTq1I0bAJUQlKIfI\/edit#gid=0\" target=\"_blank\" rel=\"noopener\"><img loading=\"lazy\" decoding=\"async\" class=\"alignleft wp-image-3393\" src=\"https:\/\/agora.xtec.cat\/iesmvm\/wp-content\/uploads\/usu1837\/2023\/06\/seguim_pagament_quota.png\" alt=\"\" width=\"64\" height=\"64\" \/><\/a><\/p>\n<p><a href=\"https:\/\/docs.google.com\/spreadsheets\/d\/1ugarPSXB9sI-5lGyfrwTgyuTGVMfTq1I0bAJUQlKIfI\/edit#gid=0\" target=\"_blank\" rel=\"noopener\">Seguiment del pagament de la QUOTA MATERIAL<\/a><b><br \/>\n<\/b><\/td>\n<td><a href=\"https:\/\/docs.google.com\/forms\/d\/e\/1FAIpQLSfiUr0nf60EjULA8tqHrqy7TehdXi3Z4sRuoF8l205HyXfYlw\/viewform?usp=sf_link\" target=\"_blank\" rel=\"noopener\"><img loading=\"lazy\" decoding=\"async\" class=\"alignleft wp-image-3394\" src=\"https:\/\/agora.xtec.cat\/iesmvm\/wp-content\/uploads\/usu1837\/2023\/06\/form_imp_dossiers.png\" alt=\"\" width=\"64\" height=\"64\" \/><\/a><\/p>\n<p><a href=\"https:\/\/docs.google.com\/forms\/d\/e\/1FAIpQLSfiUr0nf60EjULA8tqHrqy7TehdXi3Z4sRuoF8l205HyXfYlw\/viewform?usp=sf_link\" target=\"_blank\" rel=\"noopener\">Formulari d&#8217;impressi\u00f3 de dossiers<\/a><\/td>\n<\/tr>\n<tr>\n<td><b><a href=\"https:\/\/agora.xtec.cat\/iesmvm\/wp-content\/uploads\/usu1837\/2024\/01\/R-de-recursos.jpg\"><img loading=\"lazy\" decoding=\"async\" class=\"wp-image-3520 alignleft\" src=\"https:\/\/agora.xtec.cat\/iesmvm\/wp-content\/uploads\/usu1837\/2024\/01\/R-de-recursos.jpg\" alt=\"\" width=\"65\" height=\"65\" srcset=\"https:\/\/agora.xtec.cat\/iesmvm\/wp-content\/uploads\/usu1837\/2024\/01\/R-de-recursos.jpg 600w, https:\/\/agora.xtec.cat\/iesmvm\/wp-content\/uploads\/usu1837\/2024\/01\/R-de-recursos-300x300.jpg 300w, https:\/\/agora.xtec.cat\/iesmvm\/wp-content\/uploads\/usu1837\/2024\/01\/R-de-recursos-150x150.jpg 150w\" sizes=\"auto, (max-width: 65px) 100vw, 65px\" \/><\/a><\/b><\/p>\n<p><a href=\"https:\/\/docs.google.com\/document\/d\/1KLxaq1BGntDCOYr3xh3gBGlk7gPdDNM6JlAt8rgRv34\/edit?usp=sharing\">Recursos pedag\u00f2gics externs<\/a><\/td>\n<td><a href=\"https:\/\/aplicacions.gestioeducativa.gencat.cat\/pls\/apex\/f?p=2008011:LOGIN:305062497574976\" target=\"_blank\" rel=\"noopener\"><img loading=\"lazy\" decoding=\"async\" class=\"alignleft wp-image-3372\" src=\"https:\/\/agora.xtec.cat\/iesmvm\/wp-content\/uploads\/usu1837\/2023\/06\/aplicatiu_trimestral.png\" alt=\"\" width=\"64\" height=\"64\" \/><\/a><\/p>\n<p><a href=\"https:\/\/calendar.google.com\/calendar\/u\/0?cid=eHRlYy5jYXRfdnBkaWd1bjZrcjg5NzBkZzl1aDVqaHBuMzBAZ3JvdXAuY2FsZW5kYXIuZ29vZ2xlLmNvbQ\" target=\"_blank\" rel=\"nofollow noopener\">Calendari d\u2019Activitats al Centre (tallers, sortides i altres)<\/a><\/p>\n<p>&nbsp;<\/td>\n<\/tr>\n<tr>\n<td><a href=\"https:\/\/aplicacions.gestioeducativa.gencat.cat\/pls\/apex\/f?p=2008011:LOGIN:305062497574976\" target=\"_blank\" rel=\"noopener\"><img loading=\"lazy\" decoding=\"async\" class=\"alignleft wp-image-3372\" src=\"https:\/\/agora.xtec.cat\/iesmvm\/wp-content\/uploads\/usu1837\/2023\/06\/aplicatiu_trimestral.png\" alt=\"\" width=\"64\" height=\"64\" \/><\/a><\/p>\n<p><a href=\"https:\/\/docs.google.com\/document\/d\/1e4aAoy5V_CvINEeXMgtQ4nQYEVgz4l-u\/edit?usp=drive_link&amp;ouid=106424100206561339778&amp;rtpof=true&amp;sd=true\">Activitats per a la gu\u00e0rdia<\/a><\/td>\n<td>&nbsp;<\/p>\n<p>&nbsp;<\/td>\n<\/tr>\n<\/tbody>\n<\/table>\n","protected":false},"excerpt":{"rendered":"<p>Documents i eines del professorat (necessari l&#8217;acc\u00e9s amb correu @xtec) Plataforma iEduca Aplicaci\u00f3 Esfer@ Servei educatiu ciutat de Sant Adri\u00e0 de Bes\u00f2s [CRP] Aplicatiu per la qualificaci\u00f3 trimestral de BATXILLERAT Informaci\u00f3 OPTATIVITAT ESO Formulari recollida dades RISCOS LABORALS Informaci\u00f3 OPTATIVITAT BATXILLERAT Formulari recollida dades SORTIDES Informaci\u00f3 ABSENTISME\u00a0 Formulari recollida INCID\u00c8NCIES INFORM\u00c0TIQUES Informaci\u00f3 usuaris del domini [&hellip;]<\/p>\n","protected":false},"author":67,"featured_media":0,"parent":3354,"menu_order":10,"comment_status":"closed","ping_status":"closed","template":"","meta":{"_bbp_topic_count":0,"_bbp_reply_count":0,"_bbp_total_topic_count":0,"_bbp_total_reply_count":0,"_bbp_voice_count":0,"_bbp_anonymous_reply_count":0,"_bbp_topic_count_hidden":0,"_bbp_reply_count_hidden":0,"_bbp_forum_subforum_count":0,"site-sidebar-layout":"default","site-content-layout":"","ast-site-content-layout":"default","site-content-style":"default","site-sidebar-style":"default","ast-global-header-display":"","ast-banner-title-visibility":"","ast-main-header-display":"","ast-hfb-above-header-display":"","ast-hfb-below-header-display":"","ast-hfb-mobile-header-display":"","site-post-title":"","ast-breadcrumbs-content":"","ast-featured-img":"","footer-sml-layout":"","theme-transparent-header-meta":"default","adv-header-id-meta":"","stick-header-meta":"","header-above-stick-meta":"","header-main-stick-meta":"","header-below-stick-meta":"","astra-migrate-meta-layouts":"set","ast-page-background-enabled":"default","ast-page-background-meta":{"desktop":{"background-color":"var(--ast-global-color-4)","background-image":"","background-repeat":"repeat","background-position":"center center","background-size":"auto","background-attachment":"scroll","background-type":"","background-media":"","overlay-type":"","overlay-color":"","overlay-opacity":"","overlay-gradient":""},"tablet":{"background-color":"","background-image":"","background-repeat":"repeat","background-position":"center center","background-size":"auto","background-attachment":"scroll","background-type":"","background-media":"","overlay-type":"","overlay-color":"","overlay-opacity":"","overlay-gradient":""},"mobile":{"background-color":"","background-image":"","background-repeat":"repeat","background-position":"center center","background-size":"auto","background-attachment":"scroll","background-type":"","background-media":"","overlay-type":"","overlay-color":"","overlay-opacity":"","overlay-gradient":""}},"ast-content-background-meta":{"desktop":{"background-color":"var(--ast-global-color-5)","background-image":"","background-repeat":"repeat","background-position":"center center","background-size":"auto","background-attachment":"scroll","background-type":"","background-media":"","overlay-type":"","overlay-color":"","overlay-opacity":"","overlay-gradient":""},"tablet":{"background-color":"var(--ast-global-color-5)","background-image":"","background-repeat":"repeat","background-position":"center center","background-size":"auto","background-attachment":"scroll","background-type":"","background-media":"","overlay-type":"","overlay-color":"","overlay-opacity":"","overlay-gradient":""},"mobile":{"background-color":"var(--ast-global-color-5)","background-image":"","background-repeat":"repeat","background-position":"center center","background-size":"auto","background-attachment":"scroll","background-type":"","background-media":"","overlay-type":"","overlay-color":"","overlay-opacity":"","overlay-gradient":""}},"footnotes":""},"class_list":["post-3754","page","type-page","status-publish","hentry"],"post_mailing_queue_ids":[],"_links":{"self":[{"href":"https:\/\/agora.xtec.cat\/iesmvm\/wp-json\/wp\/v2\/pages\/3754","targetHints":{"allow":["GET"]}}],"collection":[{"href":"https:\/\/agora.xtec.cat\/iesmvm\/wp-json\/wp\/v2\/pages"}],"about":[{"href":"https:\/\/agora.xtec.cat\/iesmvm\/wp-json\/wp\/v2\/types\/page"}],"author":[{"embeddable":true,"href":"https:\/\/agora.xtec.cat\/iesmvm\/wp-json\/wp\/v2\/users\/67"}],"replies":[{"embeddable":true,"href":"https:\/\/agora.xtec.cat\/iesmvm\/wp-json\/wp\/v2\/comments?post=3754"}],"version-history":[{"count":5,"href":"https:\/\/agora.xtec.cat\/iesmvm\/wp-json\/wp\/v2\/pages\/3754\/revisions"}],"predecessor-version":[{"id":4178,"href":"https:\/\/agora.xtec.cat\/iesmvm\/wp-json\/wp\/v2\/pages\/3754\/revisions\/4178"}],"up":[{"embeddable":true,"href":"https:\/\/agora.xtec.cat\/iesmvm\/wp-json\/wp\/v2\/pages\/3354"}],"wp:attachment":[{"href":"https:\/\/agora.xtec.cat\/iesmvm\/wp-json\/wp\/v2\/media?parent=3754"}],"curies":[{"name":"wp","href":"https:\/\/api.w.org\/{rel}","templated":true}]}}