{"id":3535,"date":"2024-02-09T16:51:42","date_gmt":"2024-02-09T15:51:42","guid":{"rendered":"https:\/\/agora.xtec.cat\/iesmvm\/?page_id=3535"},"modified":"2024-02-20T09:23:04","modified_gmt":"2024-02-20T08:23:04","slug":"com-contactar-nos","status":"publish","type":"page","link":"https:\/\/agora.xtec.cat\/iesmvm\/linstitut\/com-contactar-nos\/","title":{"rendered":"Com contactar-nos"},"content":{"rendered":"<ul>\n<li aria-level=\"1\">Correu electr\u00f2nic de Centre: <a href=\"mailto:iesmvm@xtec.cat\">iesmvm@xtec.cat<\/a><\/li>\n<li aria-level=\"1\">Correu electr\u00f2nic per comunicar abs\u00e8ncies de l\u2019alumnat: <a href=\"mailto:secretaria@institutmvm.cat\">secretaria@institutmvm.cat<\/a><\/li>\n<li aria-level=\"1\">Correu electr\u00f2nic per comunicar indic\u00e8ncies amb iEduca: <a href=\"mailto:ieduca@institutmvm.cat\">ieduca@institutmvm.cat<\/a><\/li>\n<li aria-level=\"1\">Correu per sol\u00b7licitar informaci\u00f3 del funcionament del Centre (principalment en \u00e8poca de preinscripci\u00f3): <a href=\"mailto:info@institutmvm.cat\">info@institutmvm.cat<\/a><\/li>\n<li aria-level=\"1\">Correu electr\u00f2nic per temes de preinscripci\u00f3 i matr\u00edcula: <a href=\"mailto:preinscripcio@institutmvm.cat\">preinscripcio@institutmvm.cat<\/a><\/li>\n<li aria-level=\"1\">Tel\u00e8fon de l\u2019Institut: 933819005<\/li>\n<li aria-level=\"1\">Web de l\u2019Institut: <a href=\"https:\/\/agora.xtec.cat\/iesmvm\/\">https:\/\/agora.xtec.cat\/iesmvm\/<\/a><\/li>\n<\/ul>\n","protected":false},"excerpt":{"rendered":"<p>Correu electr\u00f2nic de Centre: iesmvm@xtec.cat Correu electr\u00f2nic per comunicar abs\u00e8ncies de l\u2019alumnat: secretaria@institutmvm.cat Correu electr\u00f2nic per comunicar indic\u00e8ncies amb iEduca: ieduca@institutmvm.cat Correu per sol\u00b7licitar informaci\u00f3 del funcionament del Centre (principalment en \u00e8poca de preinscripci\u00f3): info@institutmvm.cat Correu electr\u00f2nic per temes de preinscripci\u00f3 i matr\u00edcula: preinscripcio@institutmvm.cat Tel\u00e8fon de l\u2019Institut: 933819005 Web de l\u2019Institut: https:\/\/agora.xtec.cat\/iesmvm\/<\/p>\n","protected":false},"author":67,"featured_media":0,"parent":19,"menu_order":45,"comment_status":"closed","ping_status":"closed","template":"page-templates\/side-menu.php","meta":{"_bbp_topic_count":0,"_bbp_reply_count":0,"_bbp_total_topic_count":0,"_bbp_total_reply_count":0,"_bbp_voice_count":0,"_bbp_anonymous_reply_count":0,"_bbp_topic_count_hidden":0,"_bbp_reply_count_hidden":0,"_bbp_forum_subforum_count":0,"site-sidebar-layout":"default","site-content-layout":"","ast-site-content-layout":"","site-content-style":"default","site-sidebar-style":"default","ast-global-header-display":"","ast-banner-title-visibility":"","ast-main-header-display":"","ast-hfb-above-header-display":"","ast-hfb-below-header-display":"","ast-hfb-mobile-header-display":"","site-post-title":"","ast-breadcrumbs-content":"","ast-featured-img":"","footer-sml-layout":"","theme-transparent-header-meta":"","adv-header-id-meta":"","stick-header-meta":"","header-above-stick-meta":"","header-main-stick-meta":"","header-below-stick-meta":"","astra-migrate-meta-layouts":"default","ast-page-background-enabled":"default","ast-page-background-meta":{"desktop":{"background-color":"var(--ast-global-color-4)","background-image":"","background-repeat":"repeat","background-position":"center center","background-size":"auto","background-attachment":"scroll","background-type":"","background-media":"","overlay-type":"","overlay-color":"","overlay-opacity":"","overlay-gradient":""},"tablet":{"background-color":"","background-image":"","background-repeat":"repeat","background-position":"center center","background-size":"auto","background-attachment":"scroll","background-type":"","background-media":"","overlay-type":"","overlay-color":"","overlay-opacity":"","overlay-gradient":""},"mobile":{"background-color":"","background-image":"","background-repeat":"repeat","background-position":"center center","background-size":"auto","background-attachment":"scroll","background-type":"","background-media":"","overlay-type":"","overlay-color":"","overlay-opacity":"","overlay-gradient":""}},"ast-content-background-meta":{"desktop":{"background-color":"var(--ast-global-color-5)","background-image":"","background-repeat":"repeat","background-position":"center center","background-size":"auto","background-attachment":"scroll","background-type":"","background-media":"","overlay-type":"","overlay-color":"","overlay-opacity":"","overlay-gradient":""},"tablet":{"background-color":"var(--ast-global-color-5)","background-image":"","background-repeat":"repeat","background-position":"center center","background-size":"auto","background-attachment":"scroll","background-type":"","background-media":"","overlay-type":"","overlay-color":"","overlay-opacity":"","overlay-gradient":""},"mobile":{"background-color":"var(--ast-global-color-5)","background-image":"","background-repeat":"repeat","background-position":"center center","background-size":"auto","background-attachment":"scroll","background-type":"","background-media":"","overlay-type":"","overlay-color":"","overlay-opacity":"","overlay-gradient":""}},"footnotes":""},"class_list":["post-3535","page","type-page","status-publish","hentry"],"post_mailing_queue_ids":[],"_links":{"self":[{"href":"https:\/\/agora.xtec.cat\/iesmvm\/wp-json\/wp\/v2\/pages\/3535","targetHints":{"allow":["GET"]}}],"collection":[{"href":"https:\/\/agora.xtec.cat\/iesmvm\/wp-json\/wp\/v2\/pages"}],"about":[{"href":"https:\/\/agora.xtec.cat\/iesmvm\/wp-json\/wp\/v2\/types\/page"}],"author":[{"embeddable":true,"href":"https:\/\/agora.xtec.cat\/iesmvm\/wp-json\/wp\/v2\/users\/67"}],"replies":[{"embeddable":true,"href":"https:\/\/agora.xtec.cat\/iesmvm\/wp-json\/wp\/v2\/comments?post=3535"}],"version-history":[{"count":2,"href":"https:\/\/agora.xtec.cat\/iesmvm\/wp-json\/wp\/v2\/pages\/3535\/revisions"}],"predecessor-version":[{"id":3538,"href":"https:\/\/agora.xtec.cat\/iesmvm\/wp-json\/wp\/v2\/pages\/3535\/revisions\/3538"}],"up":[{"embeddable":true,"href":"https:\/\/agora.xtec.cat\/iesmvm\/wp-json\/wp\/v2\/pages\/19"}],"wp:attachment":[{"href":"https:\/\/agora.xtec.cat\/iesmvm\/wp-json\/wp\/v2\/media?parent=3535"}],"curies":[{"name":"wp","href":"https:\/\/api.w.org\/{rel}","templated":true}]}}