{"id":3319,"date":"2023-06-17T13:59:02","date_gmt":"2023-06-17T11:59:02","guid":{"rendered":"https:\/\/agora.xtec.cat\/iesmvm\/?page_id=3319"},"modified":"2023-06-17T13:59:02","modified_gmt":"2023-06-17T11:59:02","slug":"taquilles","status":"publish","type":"page","link":"https:\/\/agora.xtec.cat\/iesmvm\/secretaria\/tramits-i-documentacio\/taquilles\/","title":{"rendered":"Taquilles"},"content":{"rendered":"<p><a href=\"https:\/\/agora.xtec.cat\/iesmvm\/wp-content\/uploads\/usu1837\/2023\/06\/taquilles.png\"><img loading=\"lazy\" decoding=\"async\" class=\"alignnone size-full wp-image-3320\" src=\"https:\/\/agora.xtec.cat\/iesmvm\/wp-content\/uploads\/usu1837\/2023\/06\/taquilles.png\" alt=\"\" width=\"198\" height=\"118\" \/><\/a><\/p>\n<p>El centre disposa d&#8217;un servei de\u00a0<b>lloguer de guixetes <\/b>(taquilles) per a l&#8217;alumnat, situades al vest\u00edbul.<\/p>\n<p>Per sol\u00b7licitar l\u2019\u00fas d\u2019una taquilla cal omplir i lliurar el full de\u00a0<b>sol\u00b7licitud<\/b> que trobar\u00e0 a Consergeria i comprometre\u2019s a respectar les condicions seg\u00fcents:<\/p>\n<div>\n<ul>\n<li>L\u2019\u00fas est\u00e0 limitat a un curs escolar i, per tant, caldr\u00e0 fer la sol\u00b7licitud cada curs que es vulgui utilitzar la taquilla.<\/li>\n<li>Per obtenir la clau cal abonar la quantitat de 15\u20ac anuals, dels quals, 10 \u20ac s\u00f3n en concepte de manteniment i cinc en concepte de dip\u00f2sit que els hi seran retornats a final de curs quan es torni la clau si la taquilla est\u00e0 en bones condicions.<\/li>\n<li>S\u2019han d\u2019utilitzar a primera i \u00faltima hora de mat\u00ed o tarda i a l\u2019inici o final de l\u2019esbarjo i mai entre classes. L\u00b4\u00fas de les taquilles no es considera causa justificada per arribar tard a l\u2019aula.<\/li>\n<li>Estan destinades exclusivament a guardar material escolar. No s\u2019hi poden tenir objectes de valor de cap tipus ni subst\u00e0ncies inflamables o perilloses.<\/li>\n<li>S\u2019han de conservar netes, buidar a final de curs i retornar la clau a Cosergeria.<\/li>\n<li>S\u2019han de deixar ben tancades. El centre no es far\u00e0 responsable de cap p\u00e8rdua o robatori deguts a una utilitzaci\u00f3 incorrecta.<\/li>\n<li>Per motius de seguretat, el centre podr\u00e0 obrir-les en qualsevol moment per revisar el seu contingut.<\/li>\n<li>S\u00f3n d\u2019\u00fas personal i la persona \u00e9s responsable de la cust\u00f2dia de la clau.<\/li>\n<li>L\u2019intent d\u2019obertura d\u2019una taquilla per part d\u2019altres alumnes ser\u00e0 considerat falta de disciplina greu.<\/li>\n<li>En cas d\u2019incompliment d\u2019aquesta normativa, l\u2019alumne\/a perdr\u00e0 el dret d\u2019\u00fas i no es reintegrar\u00e0 la quota pagada.<\/li>\n<\/ul>\n<\/div>\n","protected":false},"excerpt":{"rendered":"<p>El centre disposa d&#8217;un servei de\u00a0lloguer de guixetes (taquilles) per a l&#8217;alumnat, situades al vest\u00edbul. Per sol\u00b7licitar l\u2019\u00fas d\u2019una taquilla cal omplir i lliurar el full de\u00a0sol\u00b7licitud que trobar\u00e0 a Consergeria i comprometre\u2019s a respectar les condicions seg\u00fcents: L\u2019\u00fas est\u00e0 limitat a un curs escolar i, per tant, caldr\u00e0 fer la sol\u00b7licitud cada curs que [&hellip;]<\/p>\n","protected":false},"author":59,"featured_media":0,"parent":3280,"menu_order":0,"comment_status":"closed","ping_status":"closed","template":"page-templates\/side-menu.php","meta":{"_bbp_topic_count":0,"_bbp_reply_count":0,"_bbp_total_topic_count":0,"_bbp_total_reply_count":0,"_bbp_voice_count":0,"_bbp_anonymous_reply_count":0,"_bbp_topic_count_hidden":0,"_bbp_reply_count_hidden":0,"_bbp_forum_subforum_count":0,"site-sidebar-layout":"default","site-content-layout":"","ast-site-content-layout":"","site-content-style":"default","site-sidebar-style":"default","ast-global-header-display":"","ast-banner-title-visibility":"","ast-main-header-display":"","ast-hfb-above-header-display":"","ast-hfb-below-header-display":"","ast-hfb-mobile-header-display":"","site-post-title":"","ast-breadcrumbs-content":"","ast-featured-img":"","footer-sml-layout":"","theme-transparent-header-meta":"","adv-header-id-meta":"","stick-header-meta":"","header-above-stick-meta":"","header-main-stick-meta":"","header-below-stick-meta":"","astra-migrate-meta-layouts":"default","ast-page-background-enabled":"default","ast-page-background-meta":{"desktop":{"background-color":"var(--ast-global-color-4)","background-image":"","background-repeat":"repeat","background-position":"center center","background-size":"auto","background-attachment":"scroll","background-type":"","background-media":"","overlay-type":"","overlay-color":"","overlay-opacity":"","overlay-gradient":""},"tablet":{"background-color":"","background-image":"","background-repeat":"repeat","background-position":"center center","background-size":"auto","background-attachment":"scroll","background-type":"","background-media":"","overlay-type":"","overlay-color":"","overlay-opacity":"","overlay-gradient":""},"mobile":{"background-color":"","background-image":"","background-repeat":"repeat","background-position":"center center","background-size":"auto","background-attachment":"scroll","background-type":"","background-media":"","overlay-type":"","overlay-color":"","overlay-opacity":"","overlay-gradient":""}},"ast-content-background-meta":{"desktop":{"background-color":"var(--ast-global-color-5)","background-image":"","background-repeat":"repeat","background-position":"center center","background-size":"auto","background-attachment":"scroll","background-type":"","background-media":"","overlay-type":"","overlay-color":"","overlay-opacity":"","overlay-gradient":""},"tablet":{"background-color":"var(--ast-global-color-5)","background-image":"","background-repeat":"repeat","background-position":"center center","background-size":"auto","background-attachment":"scroll","background-type":"","background-media":"","overlay-type":"","overlay-color":"","overlay-opacity":"","overlay-gradient":""},"mobile":{"background-color":"var(--ast-global-color-5)","background-image":"","background-repeat":"repeat","background-position":"center center","background-size":"auto","background-attachment":"scroll","background-type":"","background-media":"","overlay-type":"","overlay-color":"","overlay-opacity":"","overlay-gradient":""}},"footnotes":""},"class_list":["post-3319","page","type-page","status-publish","hentry"],"post_mailing_queue_ids":[],"_links":{"self":[{"href":"https:\/\/agora.xtec.cat\/iesmvm\/wp-json\/wp\/v2\/pages\/3319","targetHints":{"allow":["GET"]}}],"collection":[{"href":"https:\/\/agora.xtec.cat\/iesmvm\/wp-json\/wp\/v2\/pages"}],"about":[{"href":"https:\/\/agora.xtec.cat\/iesmvm\/wp-json\/wp\/v2\/types\/page"}],"author":[{"embeddable":true,"href":"https:\/\/agora.xtec.cat\/iesmvm\/wp-json\/wp\/v2\/users\/59"}],"replies":[{"embeddable":true,"href":"https:\/\/agora.xtec.cat\/iesmvm\/wp-json\/wp\/v2\/comments?post=3319"}],"version-history":[{"count":1,"href":"https:\/\/agora.xtec.cat\/iesmvm\/wp-json\/wp\/v2\/pages\/3319\/revisions"}],"predecessor-version":[{"id":3321,"href":"https:\/\/agora.xtec.cat\/iesmvm\/wp-json\/wp\/v2\/pages\/3319\/revisions\/3321"}],"up":[{"embeddable":true,"href":"https:\/\/agora.xtec.cat\/iesmvm\/wp-json\/wp\/v2\/pages\/3280"}],"wp:attachment":[{"href":"https:\/\/agora.xtec.cat\/iesmvm\/wp-json\/wp\/v2\/media?parent=3319"}],"curies":[{"name":"wp","href":"https:\/\/api.w.org\/{rel}","templated":true}]}}