{"id":3306,"date":"2023-06-17T13:32:01","date_gmt":"2023-06-17T11:32:01","guid":{"rendered":"https:\/\/agora.xtec.cat\/iesmvm\/?page_id=3306"},"modified":"2023-06-17T13:32:48","modified_gmt":"2023-06-17T11:32:48","slug":"asseguranca-escolar-obligatoria","status":"publish","type":"page","link":"https:\/\/agora.xtec.cat\/iesmvm\/secretaria\/tramits-i-documentacio\/asseguranca-escolar-obligatoria\/","title":{"rendered":"Asseguran\u00e7a Escolar Obligat\u00f2ria"},"content":{"rendered":"<p><a href=\"https:\/\/agora.xtec.cat\/iesmvm\/wp-content\/uploads\/usu1837\/2023\/06\/AssegEscolar-1.png\"><img loading=\"lazy\" decoding=\"async\" class=\"alignnone size-full wp-image-3309\" src=\"https:\/\/agora.xtec.cat\/iesmvm\/wp-content\/uploads\/usu1837\/2023\/06\/AssegEscolar-1.png\" alt=\"\" width=\"600\" height=\"170\" srcset=\"https:\/\/agora.xtec.cat\/iesmvm\/wp-content\/uploads\/usu1837\/2023\/06\/AssegEscolar-1.png 600w, https:\/\/agora.xtec.cat\/iesmvm\/wp-content\/uploads\/usu1837\/2023\/06\/AssegEscolar-1-300x85.png 300w\" sizes=\"auto, (max-width: 600px) 100vw, 600px\" \/><\/a><\/p>\n<p style=\"text-align: justify;\">L&#8217;<b>asseguran\u00e7a escolar obligat\u00f2ria<\/b> protegeix els estudiants, des de 3r d&#8217;ESO mitjan\u00e7ant prestacions econ\u00f2miques, en cas d&#8217;accident escolar, malaltia o infortuni familiar.<\/p>\n<p style=\"text-align: justify;\">Les activitats que es facin fora del centre educatiu estan cobertes per l&#8217;asseguran\u00e7a escolar obligat\u00f2ria, sempre que aquestes activitats estiguin aprovades pel consell escolar i es facin dins de l&#8217;Estat espanyol.<\/p>\n<p style=\"text-align: justify;\">En els despla\u00e7aments a la Uni\u00f3 Europea cal tramitar la TSE (Targeta Sanit\u00e0ria Europea). Els despla\u00e7aments a qualsevol altre pa\u00eds no comunitari, incl\u00f2s el Principat d&#8217;Andorra, no estan protegits per l&#8217;asseguran\u00e7a escolar.<\/p>\n<p style=\"text-align: justify;\">En el moment de formalitzar la matr\u00edcula cal abonar\u00a01,12 euros en concepte d&#8217;asseguran\u00e7a escolar obligat\u00f2ria.<\/p>\n<p style=\"text-align: justify;\">El centre disposa d&#8217;una farmaciola que permet atendre els vostres fills en cas que necessitin unes primeres cures. Tamb\u00e9 disposa de tel\u00e8fons b\u00e0sics de sanitat o emerg\u00e8ncies. En cas que el vostre fill o filla pateixi una lesi\u00f3 considerable, el centre educatiu es posar\u00e0 en contacte amb vosaltres a trav\u00e9s dels tel\u00e8fons que els h\u00e0giu facilitat.<\/p>\n<div>\n<p style=\"text-align: justify;\"><strong>Documents que han d&#8217;acompanyar a la sol\u00b7licitud de prestaci\u00f3<\/strong>:<\/p>\n<div>\n<ul>\n<li style=\"text-align: justify;\">Document nacional d&#8217;identitat o llibre de fam\u00edlia.<\/li>\n<li style=\"text-align: justify;\">Si es tracta d&#8217;estrangers, passaport, carta d&#8217;identitat, perm\u00eds o targeta de resid\u00e8ncia.<\/li>\n<li>\n<p style=\"text-align: justify;\">En el cas dels estudiants no universitaris, certificat del centre d&#8217;estudis on s&#8217;especifiqui el curs i l&#8217;especialitat que cursen, com tamb\u00e9 l&#8217;abonament de les quotes de l&#8217;asseguran\u00e7a escolar.<\/p>\n<\/li>\n<\/ul>\n<div>\n<hr \/>\n<\/div>\n<ul>\n<li><b><a href=\"http:\/\/www.seg-social.es\/Internet_2\/Trabajadores\/PrestacionesPension10935\/PrestacionesdelSegu28622\/index.htm\" target=\"_blank\" rel=\"nofollow noopener\">P\u00e0gina oficial de la Seguretat Social (Ministeri de Treball i Afers Socials)<\/a><\/b><\/li>\n<\/ul>\n<\/div>\n<\/div>\n","protected":false},"excerpt":{"rendered":"<p>L&#8217;asseguran\u00e7a escolar obligat\u00f2ria protegeix els estudiants, des de 3r d&#8217;ESO mitjan\u00e7ant prestacions econ\u00f2miques, en cas d&#8217;accident escolar, malaltia o infortuni familiar. Les activitats que es facin fora del centre educatiu estan cobertes per l&#8217;asseguran\u00e7a escolar obligat\u00f2ria, sempre que aquestes activitats estiguin aprovades pel consell escolar i es facin dins de l&#8217;Estat espanyol. En els despla\u00e7aments [&hellip;]<\/p>\n","protected":false},"author":59,"featured_media":0,"parent":3280,"menu_order":0,"comment_status":"closed","ping_status":"closed","template":"page-templates\/side-menu.php","meta":{"_bbp_topic_count":0,"_bbp_reply_count":0,"_bbp_total_topic_count":0,"_bbp_total_reply_count":0,"_bbp_voice_count":0,"_bbp_anonymous_reply_count":0,"_bbp_topic_count_hidden":0,"_bbp_reply_count_hidden":0,"_bbp_forum_subforum_count":0,"site-sidebar-layout":"default","site-content-layout":"","ast-site-content-layout":"","site-content-style":"default","site-sidebar-style":"default","ast-global-header-display":"","ast-banner-title-visibility":"","ast-main-header-display":"","ast-hfb-above-header-display":"","ast-hfb-below-header-display":"","ast-hfb-mobile-header-display":"","site-post-title":"","ast-breadcrumbs-content":"","ast-featured-img":"","footer-sml-layout":"","theme-transparent-header-meta":"","adv-header-id-meta":"","stick-header-meta":"","header-above-stick-meta":"","header-main-stick-meta":"","header-below-stick-meta":"","astra-migrate-meta-layouts":"default","ast-page-background-enabled":"default","ast-page-background-meta":{"desktop":{"background-color":"var(--ast-global-color-4)","background-image":"","background-repeat":"repeat","background-position":"center center","background-size":"auto","background-attachment":"scroll","background-type":"","background-media":"","overlay-type":"","overlay-color":"","overlay-opacity":"","overlay-gradient":""},"tablet":{"background-color":"","background-image":"","background-repeat":"repeat","background-position":"center center","background-size":"auto","background-attachment":"scroll","background-type":"","background-media":"","overlay-type":"","overlay-color":"","overlay-opacity":"","overlay-gradient":""},"mobile":{"background-color":"","background-image":"","background-repeat":"repeat","background-position":"center center","background-size":"auto","background-attachment":"scroll","background-type":"","background-media":"","overlay-type":"","overlay-color":"","overlay-opacity":"","overlay-gradient":""}},"ast-content-background-meta":{"desktop":{"background-color":"var(--ast-global-color-5)","background-image":"","background-repeat":"repeat","background-position":"center center","background-size":"auto","background-attachment":"scroll","background-type":"","background-media":"","overlay-type":"","overlay-color":"","overlay-opacity":"","overlay-gradient":""},"tablet":{"background-color":"var(--ast-global-color-5)","background-image":"","background-repeat":"repeat","background-position":"center center","background-size":"auto","background-attachment":"scroll","background-type":"","background-media":"","overlay-type":"","overlay-color":"","overlay-opacity":"","overlay-gradient":""},"mobile":{"background-color":"var(--ast-global-color-5)","background-image":"","background-repeat":"repeat","background-position":"center center","background-size":"auto","background-attachment":"scroll","background-type":"","background-media":"","overlay-type":"","overlay-color":"","overlay-opacity":"","overlay-gradient":""}},"footnotes":""},"class_list":["post-3306","page","type-page","status-publish","hentry"],"post_mailing_queue_ids":[],"_links":{"self":[{"href":"https:\/\/agora.xtec.cat\/iesmvm\/wp-json\/wp\/v2\/pages\/3306","targetHints":{"allow":["GET"]}}],"collection":[{"href":"https:\/\/agora.xtec.cat\/iesmvm\/wp-json\/wp\/v2\/pages"}],"about":[{"href":"https:\/\/agora.xtec.cat\/iesmvm\/wp-json\/wp\/v2\/types\/page"}],"author":[{"embeddable":true,"href":"https:\/\/agora.xtec.cat\/iesmvm\/wp-json\/wp\/v2\/users\/59"}],"replies":[{"embeddable":true,"href":"https:\/\/agora.xtec.cat\/iesmvm\/wp-json\/wp\/v2\/comments?post=3306"}],"version-history":[{"count":2,"href":"https:\/\/agora.xtec.cat\/iesmvm\/wp-json\/wp\/v2\/pages\/3306\/revisions"}],"predecessor-version":[{"id":3310,"href":"https:\/\/agora.xtec.cat\/iesmvm\/wp-json\/wp\/v2\/pages\/3306\/revisions\/3310"}],"up":[{"embeddable":true,"href":"https:\/\/agora.xtec.cat\/iesmvm\/wp-json\/wp\/v2\/pages\/3280"}],"wp:attachment":[{"href":"https:\/\/agora.xtec.cat\/iesmvm\/wp-json\/wp\/v2\/media?parent=3306"}],"curies":[{"name":"wp","href":"https:\/\/api.w.org\/{rel}","templated":true}]}}