{"id":3295,"date":"2023-06-17T13:01:12","date_gmt":"2023-06-17T11:01:12","guid":{"rendered":"https:\/\/agora.xtec.cat\/iesmvm\/?page_id=3295"},"modified":"2023-06-17T13:01:12","modified_gmt":"2023-06-17T11:01:12","slug":"simultaneitat-destudis-deso","status":"publish","type":"page","link":"https:\/\/agora.xtec.cat\/iesmvm\/secretaria\/tramits-i-documentacio\/simultaneitat-destudis-deso\/","title":{"rendered":"Simultane\u00eftat d\u2019estudis d\u2019ESO"},"content":{"rendered":"<p><a href=\"https:\/\/agora.xtec.cat\/iesmvm\/wp-content\/uploads\/usu1837\/2023\/06\/Music1.jpg\"><img loading=\"lazy\" decoding=\"async\" class=\"alignnone size-full wp-image-3296\" src=\"https:\/\/agora.xtec.cat\/iesmvm\/wp-content\/uploads\/usu1837\/2023\/06\/Music1.jpg\" alt=\"\" width=\"264\" height=\"191\" \/><\/a><\/p>\n<h3 id=\"sites-page-title-header\" align=\"left\"><span id=\"sites-page-title\" dir=\"ltr\" tabindex=\"-1\">amb estudis de m\u00fasica, dansa o esport<\/span><\/h3>\n<p style=\"text-align: justify;\">Els alumnes que estiguin cursant l&#8217;ESO i, simult\u00e0niament, cursin estudis de m\u00fasica en conservatoris, centres professionals o escoles de m\u00fasica autoritzades, poden sol\u00b7licitar la\u00a0<b>convalidaci\u00f3 o el reconeixement de mat\u00e8ries d&#8217;ESO<\/b>.<br \/>\nAt\u00e8s que totes aquestes possibilitats es fonamenten en el fet de simultaniejar estudis ordinaris amb els estudis de m\u00fasica, la\u00a0<b>sol\u00b7licitud s&#8217;ha de renovar cada curs<\/b>.<br \/>\nEls alumnes que ho vulguin poden sol\u00b7licitar la convalidaci\u00f3 o el reconeixement d&#8217;un nombre d&#8217;hores inferior a aquell a qu\u00e8 tenen dret.<br \/>\n<b>L&#8217;alumne que repeteix estudis de m\u00fasica no pot tornar a sol\u00b7licitar la convalidaci\u00f3 o el reconeixement\u00a0<\/b>de la reducci\u00f3 del nombre de mat\u00e8ries d&#8217;ESO de qu\u00e8 hagi gaudit en cursos acad\u00e8mics anteriors.<br \/>\nLes hores d&#8217;atenci\u00f3 educativa alternativa a la religi\u00f3 es consideren dins del c\u00f2mput global d&#8217;hores de les mat\u00e8ries optatives.<\/p>\n<p>Podeu consultar la informaci\u00f3 amb detall en el\u00a0<a href=\"https:\/\/docs.google.com\/a\/xtec.cat\/viewer?a=v&amp;pid=sites&amp;srcid=eHRlYy5jYXR8aW5zdGl0dXRtdm18Z3g6MjZjOWFkZDgxNzJlZmJkNQ\" target=\"_blank\" rel=\"noopener\"><b>seg\u00fcent document<\/b><\/a><\/p>\n<p>La relaci\u00f3 dels centres autoritzats (conservatoris de m\u00fasica, centres professionals de m\u00fasica i escoles de m\u00fasica autoritzades) es pot consultar al\u00a0<b><a href=\"https:\/\/educacio.gencat.cat\/ca\/arees-actuacio\/centres-serveis-educatius\/centres\/directoris-centres\/\" target=\"_blank\" rel=\"nofollow noopener\">directori de centres del Departament d&#8217;Educaci\u00f3<\/a><\/b>.<\/p>\n<div>Quadre resum de les convalidacions i documentaci\u00f3 a presentar per a m\u00fasica:<\/div>\n<div>\n<div>\n<div>\n<hr \/>\n<ul>\n<li><b>Conservatori o centre professional<\/b>\n<ul>\n<li><b>Reducci\u00f3 m\u00e0xima per curs:<\/b>\n<ul>\n<li>Les mat\u00e8ries optatives de 1r a 3r<\/li>\n<li>M\u00fasica (mat\u00e8ria comuna de 1r a 3r)<\/li>\n<li>Una mat\u00e8ria optativa espec\u00edfica de 4t (*)<\/li>\n<\/ul>\n<\/li>\n<li><b>Reducci\u00f3 \u2013 convalidaci\u00f3 \u2013 models<\/b><\/li>\n<\/ul>\n<\/li>\n<\/ul>\n<\/div>\n<div><\/div>\n<div>\n<ul>\n<li style=\"list-style-type: none;\">\n<ul>\n<li style=\"list-style-type: none;\">\n<ul>\n<li style=\"list-style-type: none;\">\n<ul>\n<li><b><a href=\"https:\/\/docs.google.com\/a\/xtec.cat\/viewer?a=v&amp;pid=sites&amp;srcid=eHRlYy5jYXR8aW5zdGl0dXRtdm18Z3g6MzZkMzljZmVhZmI3N2M\" target=\"_blank\" rel=\"noopener\">CMU1 \u2013 Certificat conservatori o centre professional<\/a><\/b><\/li>\n<\/ul>\n<\/li>\n<\/ul>\n<\/li>\n<\/ul>\n<\/li>\n<\/ul>\n<\/div>\n<div>\n<ul>\n<li style=\"list-style-type: none;\">\n<ul>\n<li style=\"list-style-type: none;\">\n<ul>\n<li style=\"list-style-type: none;\">\n<ul>\n<li><b><a href=\"https:\/\/docs.google.com\/a\/xtec.cat\/viewer?a=v&amp;pid=sites&amp;srcid=eHRlYy5jYXR8aW5zdGl0dXRtdm18Z3g6MzY1MGNjM2JhZWY5ZTE3Nw\" target=\"_blank\" rel=\"noopener\">EMU1 \u2013 Sol\u00b7licitud alumnat<\/a><\/b><\/li>\n<\/ul>\n<\/li>\n<\/ul>\n<\/li>\n<\/ul>\n<\/li>\n<\/ul>\n<ul>\n<li><b>Escola autoritzada<\/b>\n<ul>\n<li><b>Si es cursen entre 3 i 4 hores<\/b>\n<ul>\n<li><b>Reducci\u00f3 m\u00e0xima per curs:<\/b>\n<ul>\n<li>Les mat\u00e8ries optatives de 1r a 3r<\/li>\n<li>Una mat\u00e8ria optativa espec\u00edfica de 4t (*)<\/li>\n<\/ul>\n<\/li>\n<\/ul>\n<\/li>\n<li><b>Si es cursen 4 hores o m\u00e9s<\/b>\n<ul>\n<li><b>Reducci\u00f3 m\u00e0xima per curs<\/b>\n<ul>\n<li>Les mat\u00e8ries optatives de 1r a 3r<\/li>\n<li>M\u00fasica (mat\u00e8ria comuna de 1r a 3r)<\/li>\n<li>Una mat\u00e8ria optativa espec\u00edfica de 4t (*)<\/li>\n<\/ul>\n<\/li>\n<\/ul>\n<\/li>\n<li><b>Reducci\u00f3 \u2013 reconeixement \u2013 models:<\/b><\/li>\n<\/ul>\n<\/li>\n<\/ul>\n<\/div>\n<div><\/div>\n<div>\n<ul>\n<li style=\"list-style-type: none;\">\n<ul>\n<li style=\"list-style-type: none;\">\n<ul>\n<li><b><a href=\"https:\/\/docs.google.com\/a\/xtec.cat\/viewer?a=v&amp;pid=sites&amp;srcid=eHRlYy5jYXR8aW5zdGl0dXRtdm18Z3g6M2UyOWZhNTI3ZGIyZDIyMA\" target=\"_blank\" rel=\"noopener\">CMU2 \u2013 Certificat escola de m\u00fasica autoritzada<\/a><\/b><\/li>\n<\/ul>\n<\/li>\n<\/ul>\n<\/li>\n<\/ul>\n<\/div>\n<div>\n<ul>\n<li style=\"list-style-type: none;\">\n<ul>\n<li style=\"list-style-type: none;\">\n<ul>\n<li><b><a href=\"https:\/\/docs.google.com\/a\/xtec.cat\/viewer?a=v&amp;pid=sites&amp;srcid=eHRlYy5jYXR8aW5zdGl0dXRtdm18Z3g6MzY1MGNjM2JhZWY5ZTE3Nw\" target=\"_blank\" rel=\"noopener\">EMU1 \u2013 Sol\u00b7licitud alumnat<\/a><\/b><\/li>\n<\/ul>\n<\/li>\n<\/ul>\n<\/li>\n<\/ul>\n<\/div>\n<div><\/div>\n<div><\/div>\n<div><b><span style=\"font-size: medium;\">Estudis de dansa<\/span><\/b><\/div>\n<p style=\"text-align: justify;\">\n<p style=\"text-align: justify;\">Per l&#8217;alumnat que cursi la simultane\u00eftat d&#8217;estudis d&#8217;ESO o Batxillerat, amb estudis de dansa, podeu consultar la informaci\u00f3 amb detall en el\u00a0<a href=\"https:\/\/docs.google.com\/a\/xtec.cat\/viewer?a=v&amp;pid=sites&amp;srcid=eHRlYy5jYXR8aW5zdGl0dXRtdm18Z3g6M2U1MjE1ZTc2MTg5MzcyMg\" target=\"_blank\" rel=\"noopener\"><b>seg\u00fcent document<\/b><\/a>\u00a0i descarregar els models de sol\u00b7licitud i certificats abaix indicats.<\/p>\n<div><\/div>\n<div>\n<ul>\n<li><b><a href=\"https:\/\/docs.google.com\/a\/xtec.cat\/viewer?a=v&amp;pid=sites&amp;srcid=eHRlYy5jYXR8aW5zdGl0dXRtdm18Z3g6NWRhMzhiZDgxYTUzZTU5Yw\" target=\"_blank\" rel=\"noopener\">CDA1 &#8211; Certificat del conservatori o Centre professional de dansa<\/a><\/b><\/li>\n<\/ul>\n<\/div>\n<div>\n<ul>\n<li><a href=\"https:\/\/docs.google.com\/a\/xtec.cat\/viewer?a=v&amp;pid=sites&amp;srcid=eHRlYy5jYXR8aW5zdGl0dXRtdm18Z3g6MzY0MjQ4OGI3YzQwOGQ3MA\" target=\"_blank\" rel=\"noopener\"><b>EDA1 &#8211; Sol\u00b7licitud alumnat<\/b><\/a><\/li>\n<\/ul>\n<\/div>\n<div><\/div>\n<div><b><span style=\"font-size: medium;\">Pr\u00e0ctica intensiva d&#8217;esport<\/span><\/b><\/div>\n<div><\/div>\n<div>\n<ul>\n<li><b><a href=\"https:\/\/docs.google.com\/a\/xtec.cat\/viewer?a=v&amp;pid=sites&amp;srcid=eHRlYy5jYXR8aW5zdGl0dXRtdm18Z3g6NGRiYzhhNmJkMGJlNjdlMA\" target=\"_blank\" rel=\"noopener\">Sol\u00b7licitud del certificat d&#8217;esportista<\/a>\u00a0\u00a0<\/b>(Consell Catal\u00e0 de l&#8217;Esport)<\/li>\n<\/ul>\n<\/div>\n<div>\n<ul>\n<li><a href=\"https:\/\/sites.google.com\/a\/xtec.cat\/institutmvm\/not_sec\/simultaneietatdestudisdesoambestudisdemusica\/Sol%C2%B7licitud_alumnat_eso_esport_form_gencat_APR545.pdf?attredirects=0&amp;d=1\" target=\"_blank\" rel=\"noopener\"><b>Sol\u00b7licitud de l&#8217;alumne\/a<\/b><\/a><\/li>\n<\/ul>\n<div><\/div>\n<\/div>\n<\/div>\n<\/div>\n","protected":false},"excerpt":{"rendered":"<p>amb estudis de m\u00fasica, dansa o esport Els alumnes que estiguin cursant l&#8217;ESO i, simult\u00e0niament, cursin estudis de m\u00fasica en conservatoris, centres professionals o escoles de m\u00fasica autoritzades, poden sol\u00b7licitar la\u00a0convalidaci\u00f3 o el reconeixement de mat\u00e8ries d&#8217;ESO. At\u00e8s que totes aquestes possibilitats es fonamenten en el fet de simultaniejar estudis ordinaris amb els estudis de [&hellip;]<\/p>\n","protected":false},"author":59,"featured_media":0,"parent":3280,"menu_order":0,"comment_status":"closed","ping_status":"closed","template":"page-templates\/side-menu.php","meta":{"_bbp_topic_count":0,"_bbp_reply_count":0,"_bbp_total_topic_count":0,"_bbp_total_reply_count":0,"_bbp_voice_count":0,"_bbp_anonymous_reply_count":0,"_bbp_topic_count_hidden":0,"_bbp_reply_count_hidden":0,"_bbp_forum_subforum_count":0,"site-sidebar-layout":"default","site-content-layout":"","ast-site-content-layout":"","site-content-style":"default","site-sidebar-style":"default","ast-global-header-display":"","ast-banner-title-visibility":"","ast-main-header-display":"","ast-hfb-above-header-display":"","ast-hfb-below-header-display":"","ast-hfb-mobile-header-display":"","site-post-title":"","ast-breadcrumbs-content":"","ast-featured-img":"","footer-sml-layout":"","theme-transparent-header-meta":"","adv-header-id-meta":"","stick-header-meta":"","header-above-stick-meta":"","header-main-stick-meta":"","header-below-stick-meta":"","astra-migrate-meta-layouts":"default","ast-page-background-enabled":"default","ast-page-background-meta":{"desktop":{"background-color":"var(--ast-global-color-4)","background-image":"","background-repeat":"repeat","background-position":"center center","background-size":"auto","background-attachment":"scroll","background-type":"","background-media":"","overlay-type":"","overlay-color":"","overlay-opacity":"","overlay-gradient":""},"tablet":{"background-color":"","background-image":"","background-repeat":"repeat","background-position":"center center","background-size":"auto","background-attachment":"scroll","background-type":"","background-media":"","overlay-type":"","overlay-color":"","overlay-opacity":"","overlay-gradient":""},"mobile":{"background-color":"","background-image":"","background-repeat":"repeat","background-position":"center center","background-size":"auto","background-attachment":"scroll","background-type":"","background-media":"","overlay-type":"","overlay-color":"","overlay-opacity":"","overlay-gradient":""}},"ast-content-background-meta":{"desktop":{"background-color":"var(--ast-global-color-5)","background-image":"","background-repeat":"repeat","background-position":"center center","background-size":"auto","background-attachment":"scroll","background-type":"","background-media":"","overlay-type":"","overlay-color":"","overlay-opacity":"","overlay-gradient":""},"tablet":{"background-color":"var(--ast-global-color-5)","background-image":"","background-repeat":"repeat","background-position":"center center","background-size":"auto","background-attachment":"scroll","background-type":"","background-media":"","overlay-type":"","overlay-color":"","overlay-opacity":"","overlay-gradient":""},"mobile":{"background-color":"var(--ast-global-color-5)","background-image":"","background-repeat":"repeat","background-position":"center center","background-size":"auto","background-attachment":"scroll","background-type":"","background-media":"","overlay-type":"","overlay-color":"","overlay-opacity":"","overlay-gradient":""}},"footnotes":""},"class_list":["post-3295","page","type-page","status-publish","hentry"],"post_mailing_queue_ids":[],"_links":{"self":[{"href":"https:\/\/agora.xtec.cat\/iesmvm\/wp-json\/wp\/v2\/pages\/3295","targetHints":{"allow":["GET"]}}],"collection":[{"href":"https:\/\/agora.xtec.cat\/iesmvm\/wp-json\/wp\/v2\/pages"}],"about":[{"href":"https:\/\/agora.xtec.cat\/iesmvm\/wp-json\/wp\/v2\/types\/page"}],"author":[{"embeddable":true,"href":"https:\/\/agora.xtec.cat\/iesmvm\/wp-json\/wp\/v2\/users\/59"}],"replies":[{"embeddable":true,"href":"https:\/\/agora.xtec.cat\/iesmvm\/wp-json\/wp\/v2\/comments?post=3295"}],"version-history":[{"count":3,"href":"https:\/\/agora.xtec.cat\/iesmvm\/wp-json\/wp\/v2\/pages\/3295\/revisions"}],"predecessor-version":[{"id":3299,"href":"https:\/\/agora.xtec.cat\/iesmvm\/wp-json\/wp\/v2\/pages\/3295\/revisions\/3299"}],"up":[{"embeddable":true,"href":"https:\/\/agora.xtec.cat\/iesmvm\/wp-json\/wp\/v2\/pages\/3280"}],"wp:attachment":[{"href":"https:\/\/agora.xtec.cat\/iesmvm\/wp-json\/wp\/v2\/media?parent=3295"}],"curies":[{"name":"wp","href":"https:\/\/api.w.org\/{rel}","templated":true}]}}