{"id":3286,"date":"2023-06-17T12:14:41","date_gmt":"2023-06-17T10:14:41","guid":{"rendered":"https:\/\/agora.xtec.cat\/iesmvm\/?page_id=3286"},"modified":"2024-01-22T10:56:12","modified_gmt":"2024-01-22T09:56:12","slug":"titols-expedicio-i-duplicats","status":"publish","type":"page","link":"https:\/\/agora.xtec.cat\/iesmvm\/secretaria\/tramits-i-documentacio\/titols-expedicio-i-duplicats\/","title":{"rendered":"T\u00edtols &#8211; Expedici\u00f3 i duplicats"},"content":{"rendered":"<p><a href=\"https:\/\/agora.xtec.cat\/iesmvm\/wp-content\/uploads\/usu1837\/2023\/06\/titol.jpg\"><img loading=\"lazy\" decoding=\"async\" class=\"alignnone size-full wp-image-3287\" src=\"https:\/\/agora.xtec.cat\/iesmvm\/wp-content\/uploads\/usu1837\/2023\/06\/titol.jpg\" alt=\"\" width=\"199\" height=\"149\" \/><\/a><\/p>\n<h4><strong>Expedici\u00f3 de t\u00edtols<\/strong><\/h4>\n<ul>\n<li style=\"text-align: justify;\">La finalitzaci\u00f3 dels estudis reglats en qualsevol centre d\u00f3na dret a l&#8217;expedici\u00f3 del t\u00edtol oficial corresponent. L&#8217;expedici\u00f3 dels t\u00edtols de l&#8217;<b>ensenyament obligatori (ESO)<\/b>\u00a0es fa d&#8217;ofici per part del centre, i no comporta el pagament de cap tipus de taxa per part de l&#8217;alumnat. L&#8217;alumne no ha de fer cap tr\u00e0mit per a la seva tramitaci\u00f3, \u00e9s el centre qui fa tota la tramitaci\u00f3 i li lliura el\u00a0<b>Resguard de sol\u00b7licitud de t\u00edtol acad\u00e8mic i professional i liquidaci\u00f3 de taxa<\/b>, i comunica a l&#8217;alumnat l&#8217;arribada del mateix al centre i les condicions per a efectuar el seu lliurament mitjan\u00e7ant una comunicaci\u00f3 per correu.<\/li>\n<li style=\"text-align: justify;\">L&#8217;expedici\u00f3 dels\u00a0<b>t\u00edtols postobligatoris<\/b>\u00a0(<b>Batxillerat\u00a0<\/b>i\u00a0<b>Cicles formatius<\/b>) estan subjectes al pagament de la\u00a0<b><a href=\"http:\/\/ensenyament.gencat.cat\/ca\/departament\/normativa\/taxes-preus-publics\/taxes\/\" target=\"_blank\" rel=\"nofollow noopener\">taxa corresponent<\/a><\/b>. Al finalitzar els estudis, sempre que els hagi superat, se li lliurar\u00e0 a l&#8217;alumne junt amb la documentaci\u00f3 acad\u00e8mica corresponent, el\u00a0<b>Resguard de sol\u00b7licitud de t\u00edtol acad\u00e8mic i professional i liquidaci\u00f3 de taxa<\/b>\u00a0que, una vegada abonada dintre del termini establert al document, haur\u00e0 de retornar al centre per poder tramitar el t\u00edtol.<\/li>\n<li style=\"text-align: justify;\">El\u00a0<b>Resguard de sol\u00b7licitud de t\u00edtol acad\u00e8mic i professional i liquidaci\u00f3 de taxa<\/b>\u00a0no s&#8217;ha de fotocopiar ni manipular o esmenar manualment ja que s\u00f3n impresos individualitzats pel n\u00famero de refer\u00e8ncia i tenen els mateixos efectes legals que el t\u00edtol acad\u00e8mic.<\/li>\n<\/ul>\n<div>\n<p><a href=\"https:\/\/www.mecd.gob.es\/servicios-al-ciudadano-mecd\/catalogo\/educacion\/gestion-titulos\/estudios-no-universitarios\/titulos-espanoles\/expedicion-duplicado-certificado\/expedicion-titulo-duplicado.html\" target=\"_blank\" rel=\"nofollow noopener\"><b>Expedici\u00f3 de duplicats de t\u00edtols no universitaris<\/b><\/a><\/p>\n<ul>\n<li>Quan un alumne ha perdut o ha malm\u00e8s un t\u00edtol oficial pot demanar l&#8217;expedici\u00f3 d&#8217;un duplicat adre\u00e7ant una sol\u00b7licitud a la Direcci\u00f3 del centre i sol\u00b7licitar el t\u00edtol corresponent i fer el pagament de la taxa corresponent:<\/li>\n<\/ul>\n<ul>\n<li style=\"list-style-type: none;\">\n<ul>\n<li><b>Corresponents a la Llei General d\u2019Educaci\u00f3 de 1970 i a sistemes educatius anteriors (estudis FP extingits)<\/b><\/li>\n<\/ul>\n<\/li>\n<\/ul>\n<ol>\n<li style=\"list-style-type: none;\">\n<ol>\n<li style=\"list-style-type: none;\">\n<ol>\n<li>Realitzar el pagament de la\u00a0<b><a href=\"https:\/\/sede.administracionespublicas.gob.es\/pagina\/index\/directorio\/tasa059\/\" target=\"_blank\" rel=\"nofollow noopener\">taxa 059<\/a><\/b>\u00a0per Internet al <em>Ministerio de Hacienda y Administraciones P\u00fablicas<\/em>.<\/li>\n<li>Fotoc\u00f2pia del DNI<\/li>\n<li><b><a href=\"https:\/\/drive.google.com\/file\/d\/1ybK_OnHg0gElbU9Mj5RiLFSfUeKAhA9Y\/view?usp=sharing\" target=\"_blank\" rel=\"noopener\">Declaraci\u00f3 jurada<\/a><\/b>\u00a0complimentada i signada<\/li>\n<li>Adre\u00e7ar-se a la Secretaria per lliurar l\u2019<b><a href=\"https:\/\/drive.google.com\/file\/d\/1fl6NyZYAtIVUonpjdyTPARPY-e9BlUrX\/view?usp=sharing\" target=\"_blank\" rel=\"noopener\">impr\u00e8s de sol\u00b7licitud<\/a><\/b>, correctament omplert i signat junt al resguard del pagament fet, la fotoc\u00f2pia del DNI i la declaraci\u00f3 jurada.<\/li>\n<\/ol>\n<\/li>\n<\/ol>\n<\/li>\n<\/ol>\n<div>\n<ul>\n<li style=\"list-style-type: none;\">\n<ul>\n<li><b>Corresponents a ensenyaments post obligatoris LOGSE\/LOE<\/b><\/li>\n<\/ul>\n<\/li>\n<\/ul>\n<ol>\n<li style=\"list-style-type: none;\">\n<ol>\n<li style=\"list-style-type: none;\">\n<ol>\n<li>Adre\u00e7ar-se a Secretaria per lliurar l&#8217;<b><a href=\"https:\/\/drive.google.com\/file\/d\/1fl6NyZYAtIVUonpjdyTPARPY-e9BlUrX\/view?usp=sharing\" target=\"_blank\" rel=\"noopener\">impr\u00e8s de sol\u00b7licitud<\/a><\/b>.<\/li>\n<li>En cas de fam\u00edlia nombrosa o monoparental, portar original del t\u00edtol (carnet) i una fotoc\u00f2pia, a la secretaria del centre on els lliurar\u00e0 l\u2019impr\u00e8s per fer el pagament al banc.<\/li>\n<li>Fotoc\u00f2pia del DNI<\/li>\n<li><b><a href=\"https:\/\/drive.google.com\/file\/d\/1ybK_OnHg0gElbU9Mj5RiLFSfUeKAhA9Y\/view?usp=drive_link\" target=\"_blank\" rel=\"noopener\">Declaraci\u00f3 jurada<\/a><\/b>\u00a0complimentada i signada<\/li>\n<\/ol>\n<\/li>\n<\/ol>\n<\/li>\n<\/ol>\n<p><b>Autoritzaci\u00f3<\/b><\/p>\n<ul>\n<li>Cas que el sol\u00b7licitant no pugui recollir la documentaci\u00f3, podr\u00e0 autoritzar la recollida a una altra persona amb aquest\u00a0<b><a href=\"https:\/\/drive.google.com\/file\/d\/1FyjwwTfWqOkhBIqsohiqkYQ4de7HcCjy\/view?usp=sharing\">document<\/a><\/b>.<\/li>\n<\/ul>\n<\/div>\n<\/div>\n","protected":false},"excerpt":{"rendered":"<p>Expedici\u00f3 de t\u00edtols La finalitzaci\u00f3 dels estudis reglats en qualsevol centre d\u00f3na dret a l&#8217;expedici\u00f3 del t\u00edtol oficial corresponent. L&#8217;expedici\u00f3 dels t\u00edtols de l&#8217;ensenyament obligatori (ESO)\u00a0es fa d&#8217;ofici per part del centre, i no comporta el pagament de cap tipus de taxa per part de l&#8217;alumnat. L&#8217;alumne no ha de fer cap tr\u00e0mit per a [&hellip;]<\/p>\n","protected":false},"author":59,"featured_media":0,"parent":3280,"menu_order":0,"comment_status":"closed","ping_status":"closed","template":"page-templates\/side-menu.php","meta":{"_bbp_topic_count":0,"_bbp_reply_count":0,"_bbp_total_topic_count":0,"_bbp_total_reply_count":0,"_bbp_voice_count":0,"_bbp_anonymous_reply_count":0,"_bbp_topic_count_hidden":0,"_bbp_reply_count_hidden":0,"_bbp_forum_subforum_count":0,"site-sidebar-layout":"default","site-content-layout":"","ast-site-content-layout":"","site-content-style":"default","site-sidebar-style":"default","ast-global-header-display":"","ast-banner-title-visibility":"","ast-main-header-display":"","ast-hfb-above-header-display":"","ast-hfb-below-header-display":"","ast-hfb-mobile-header-display":"","site-post-title":"","ast-breadcrumbs-content":"","ast-featured-img":"","footer-sml-layout":"","theme-transparent-header-meta":"","adv-header-id-meta":"","stick-header-meta":"","header-above-stick-meta":"","header-main-stick-meta":"","header-below-stick-meta":"","astra-migrate-meta-layouts":"default","ast-page-background-enabled":"default","ast-page-background-meta":{"desktop":{"background-color":"var(--ast-global-color-4)","background-image":"","background-repeat":"repeat","background-position":"center center","background-size":"auto","background-attachment":"scroll","background-type":"","background-media":"","overlay-type":"","overlay-color":"","overlay-opacity":"","overlay-gradient":""},"tablet":{"background-color":"","background-image":"","background-repeat":"repeat","background-position":"center center","background-size":"auto","background-attachment":"scroll","background-type":"","background-media":"","overlay-type":"","overlay-color":"","overlay-opacity":"","overlay-gradient":""},"mobile":{"background-color":"","background-image":"","background-repeat":"repeat","background-position":"center center","background-size":"auto","background-attachment":"scroll","background-type":"","background-media":"","overlay-type":"","overlay-color":"","overlay-opacity":"","overlay-gradient":""}},"ast-content-background-meta":{"desktop":{"background-color":"var(--ast-global-color-5)","background-image":"","background-repeat":"repeat","background-position":"center center","background-size":"auto","background-attachment":"scroll","background-type":"","background-media":"","overlay-type":"","overlay-color":"","overlay-opacity":"","overlay-gradient":""},"tablet":{"background-color":"var(--ast-global-color-5)","background-image":"","background-repeat":"repeat","background-position":"center center","background-size":"auto","background-attachment":"scroll","background-type":"","background-media":"","overlay-type":"","overlay-color":"","overlay-opacity":"","overlay-gradient":""},"mobile":{"background-color":"var(--ast-global-color-5)","background-image":"","background-repeat":"repeat","background-position":"center center","background-size":"auto","background-attachment":"scroll","background-type":"","background-media":"","overlay-type":"","overlay-color":"","overlay-opacity":"","overlay-gradient":""}},"footnotes":""},"class_list":["post-3286","page","type-page","status-publish","hentry"],"post_mailing_queue_ids":[],"_links":{"self":[{"href":"https:\/\/agora.xtec.cat\/iesmvm\/wp-json\/wp\/v2\/pages\/3286","targetHints":{"allow":["GET"]}}],"collection":[{"href":"https:\/\/agora.xtec.cat\/iesmvm\/wp-json\/wp\/v2\/pages"}],"about":[{"href":"https:\/\/agora.xtec.cat\/iesmvm\/wp-json\/wp\/v2\/types\/page"}],"author":[{"embeddable":true,"href":"https:\/\/agora.xtec.cat\/iesmvm\/wp-json\/wp\/v2\/users\/59"}],"replies":[{"embeddable":true,"href":"https:\/\/agora.xtec.cat\/iesmvm\/wp-json\/wp\/v2\/comments?post=3286"}],"version-history":[{"count":5,"href":"https:\/\/agora.xtec.cat\/iesmvm\/wp-json\/wp\/v2\/pages\/3286\/revisions"}],"predecessor-version":[{"id":3518,"href":"https:\/\/agora.xtec.cat\/iesmvm\/wp-json\/wp\/v2\/pages\/3286\/revisions\/3518"}],"up":[{"embeddable":true,"href":"https:\/\/agora.xtec.cat\/iesmvm\/wp-json\/wp\/v2\/pages\/3280"}],"wp:attachment":[{"href":"https:\/\/agora.xtec.cat\/iesmvm\/wp-json\/wp\/v2\/media?parent=3286"}],"curies":[{"name":"wp","href":"https:\/\/api.w.org\/{rel}","templated":true}]}}