{"id":3276,"date":"2023-06-17T11:09:44","date_gmt":"2023-06-17T09:09:44","guid":{"rendered":"https:\/\/agora.xtec.cat\/iesmvm\/?page_id=3276"},"modified":"2024-09-23T12:55:59","modified_gmt":"2024-09-23T10:55:59","slug":"convalidacions","status":"publish","type":"page","link":"https:\/\/agora.xtec.cat\/iesmvm\/secretaria\/tramits-i-documentacio\/convalidacions\/","title":{"rendered":"Convalidacions"},"content":{"rendered":"<h4><a href=\"https:\/\/agora.xtec.cat\/iesmvm\/wp-content\/uploads\/usu1837\/2023\/06\/convalidacio_titols.png\"><img loading=\"lazy\" decoding=\"async\" class=\"alignnone size-full wp-image-3256\" src=\"https:\/\/agora.xtec.cat\/iesmvm\/wp-content\/uploads\/usu1837\/2023\/06\/convalidacio_titols.png\" alt=\"\" width=\"128\" height=\"128\" \/><\/a><\/h4>\n<h4><strong>Procediment d&#8217;homologaci\u00f3 i convalidaci\u00f3 de t\u00edtols i estudis estrangers <\/strong><\/h4>\n<h4><strong>d&#8217;ensenyaments no universitaris &#8230;<\/strong><\/h4>\n<p>Document PDF que el regula:\u00a0<a href=\"https:\/\/sites.google.com\/a\/xtec.cat\/institutmvm\/not_sec\/convalidacions\/1874113_Homologacio_convalidaci%C3%B3_t%C3%ADtols_estrangers_no_universitaris.pdf?attredirects=0&amp;d=1\" target=\"_blank\" rel=\"noopener\">ORDRE EDU\/189\/2021, de 6 d&#8217;octubre<\/a><\/p>\n<p>Refer\u00e8ncia:\u00a0<a href=\"https:\/\/dogc.gencat.cat\/ca\/document-del-dogc\/?documentId=912073\" target=\"_blank\" rel=\"nofollow noopener\">https:\/\/dogc.gencat.cat\/ca\/document-del-dogc\/?documentId=912073<\/a><\/p>\n<div>\n<hr \/>\n<\/div>\n<div>\n<h4><strong>Sol\u00b7licituds de convalidacions de CCFF<\/strong><\/h4>\n<div>\n<div>\n<ul>\n<li><a href=\"https:\/\/drive.google.com\/file\/d\/1E-ouWuF5FCCG60Dd9b7sYeRz2zjJtWu8\/view?usp=sharing\" target=\"_blank\" rel=\"noopener\">Model \u00fanic sol\u00b7licitud de convalidacions de m\u00f2duls\/Unitats Formatives<\/a><\/li>\n<li><a href=\"https:\/\/drive.google.com\/file\/d\/1pXQ4BQI5ZanPKDvWxTNj2Wjac5bPaUvt\/view?usp=sharing\" target=\"_blank\" rel=\"noopener\">Sol.licitud de convalidaci\u00f3 singular<\/a><\/li>\n<li><a href=\"https:\/\/sites.google.com\/a\/xtec.cat\/institutmvm\/not_sec\/convalidacions\/SOL%C2%B7LICITUD_Renuncia_Moduls_UFs_INSTITUT.pdf?attredirects=0&amp;d=1\" target=\"_blank\" rel=\"noopener\">Sol\u00b7licitud de renuncia de m\u00f2duls \/ Unitats Formatives<\/a><\/li>\n<li><a href=\"https:\/\/sites.google.com\/a\/xtec.cat\/institutmvm\/not_sec\/convalidacions\/SOL%C2%B7LICITUD_Matricula_condicional_per_homologaci%C3%B3_pendent_resoluci%C3%B3.pdf?attredirects=0&amp;d=1\" target=\"_blank\" rel=\"noopener\">Sol\u00b7licitud de matr\u00edcula condicional<\/a><\/li>\n<\/ul>\n<\/div>\n<\/div>\n<p>&nbsp;<\/p>\n<p><strong>Nota<\/strong>:<\/p>\n<\/div>\n<div><\/div>\n<div>Els documents de sol\u00b7licituds, s&#8217;han d&#8217;omplir, signar i lliurar a Secretaria amb la documentaci\u00f3 necess\u00e0ria en cada cas.<\/div>\n<div>\n<p>Aquestes sol\u00b7licituds no impliquen cap convalidaci\u00f3 fins a que s&#8217;hagi obtingut la corresponent resoluci\u00f3.<\/p>\n<\/div>\n","protected":false},"excerpt":{"rendered":"<p>Procediment d&#8217;homologaci\u00f3 i convalidaci\u00f3 de t\u00edtols i estudis estrangers d&#8217;ensenyaments no universitaris &#8230; Document PDF que el regula:\u00a0ORDRE EDU\/189\/2021, de 6 d&#8217;octubre Refer\u00e8ncia:\u00a0https:\/\/dogc.gencat.cat\/ca\/document-del-dogc\/?documentId=912073 Sol\u00b7licituds de convalidacions de CCFF Model \u00fanic sol\u00b7licitud de convalidacions de m\u00f2duls\/Unitats Formatives Sol.licitud de convalidaci\u00f3 singular Sol\u00b7licitud de renuncia de m\u00f2duls \/ Unitats Formatives Sol\u00b7licitud de matr\u00edcula condicional &nbsp; Nota: Els [&hellip;]<\/p>\n","protected":false},"author":59,"featured_media":0,"parent":3280,"menu_order":0,"comment_status":"closed","ping_status":"closed","template":"page-templates\/side-menu.php","meta":{"_bbp_topic_count":0,"_bbp_reply_count":0,"_bbp_total_topic_count":0,"_bbp_total_reply_count":0,"_bbp_voice_count":0,"_bbp_anonymous_reply_count":0,"_bbp_topic_count_hidden":0,"_bbp_reply_count_hidden":0,"_bbp_forum_subforum_count":0,"site-sidebar-layout":"default","site-content-layout":"","ast-site-content-layout":"","site-content-style":"default","site-sidebar-style":"default","ast-global-header-display":"","ast-banner-title-visibility":"","ast-main-header-display":"","ast-hfb-above-header-display":"","ast-hfb-below-header-display":"","ast-hfb-mobile-header-display":"","site-post-title":"","ast-breadcrumbs-content":"","ast-featured-img":"","footer-sml-layout":"","theme-transparent-header-meta":"","adv-header-id-meta":"","stick-header-meta":"","header-above-stick-meta":"","header-main-stick-meta":"","header-below-stick-meta":"","astra-migrate-meta-layouts":"default","ast-page-background-enabled":"default","ast-page-background-meta":{"desktop":{"background-color":"var(--ast-global-color-4)","background-image":"","background-repeat":"repeat","background-position":"center center","background-size":"auto","background-attachment":"scroll","background-type":"","background-media":"","overlay-type":"","overlay-color":"","overlay-opacity":"","overlay-gradient":""},"tablet":{"background-color":"","background-image":"","background-repeat":"repeat","background-position":"center center","background-size":"auto","background-attachment":"scroll","background-type":"","background-media":"","overlay-type":"","overlay-color":"","overlay-opacity":"","overlay-gradient":""},"mobile":{"background-color":"","background-image":"","background-repeat":"repeat","background-position":"center center","background-size":"auto","background-attachment":"scroll","background-type":"","background-media":"","overlay-type":"","overlay-color":"","overlay-opacity":"","overlay-gradient":""}},"ast-content-background-meta":{"desktop":{"background-color":"var(--ast-global-color-5)","background-image":"","background-repeat":"repeat","background-position":"center center","background-size":"auto","background-attachment":"scroll","background-type":"","background-media":"","overlay-type":"","overlay-color":"","overlay-opacity":"","overlay-gradient":""},"tablet":{"background-color":"var(--ast-global-color-5)","background-image":"","background-repeat":"repeat","background-position":"center center","background-size":"auto","background-attachment":"scroll","background-type":"","background-media":"","overlay-type":"","overlay-color":"","overlay-opacity":"","overlay-gradient":""},"mobile":{"background-color":"var(--ast-global-color-5)","background-image":"","background-repeat":"repeat","background-position":"center center","background-size":"auto","background-attachment":"scroll","background-type":"","background-media":"","overlay-type":"","overlay-color":"","overlay-opacity":"","overlay-gradient":""}},"footnotes":""},"class_list":["post-3276","page","type-page","status-publish","hentry"],"post_mailing_queue_ids":[],"_links":{"self":[{"href":"https:\/\/agora.xtec.cat\/iesmvm\/wp-json\/wp\/v2\/pages\/3276","targetHints":{"allow":["GET"]}}],"collection":[{"href":"https:\/\/agora.xtec.cat\/iesmvm\/wp-json\/wp\/v2\/pages"}],"about":[{"href":"https:\/\/agora.xtec.cat\/iesmvm\/wp-json\/wp\/v2\/types\/page"}],"author":[{"embeddable":true,"href":"https:\/\/agora.xtec.cat\/iesmvm\/wp-json\/wp\/v2\/users\/59"}],"replies":[{"embeddable":true,"href":"https:\/\/agora.xtec.cat\/iesmvm\/wp-json\/wp\/v2\/comments?post=3276"}],"version-history":[{"count":3,"href":"https:\/\/agora.xtec.cat\/iesmvm\/wp-json\/wp\/v2\/pages\/3276\/revisions"}],"predecessor-version":[{"id":3850,"href":"https:\/\/agora.xtec.cat\/iesmvm\/wp-json\/wp\/v2\/pages\/3276\/revisions\/3850"}],"up":[{"embeddable":true,"href":"https:\/\/agora.xtec.cat\/iesmvm\/wp-json\/wp\/v2\/pages\/3280"}],"wp:attachment":[{"href":"https:\/\/agora.xtec.cat\/iesmvm\/wp-json\/wp\/v2\/media?parent=3276"}],"curies":[{"name":"wp","href":"https:\/\/api.w.org\/{rel}","templated":true}]}}