{"id":3231,"date":"2023-06-16T20:17:34","date_gmt":"2023-06-16T18:17:34","guid":{"rendered":"https:\/\/agora.xtec.cat\/iesmvm\/?page_id=3231"},"modified":"2025-06-25T23:33:09","modified_gmt":"2025-06-25T21:33:09","slug":"matricula","status":"publish","type":"page","link":"https:\/\/agora.xtec.cat\/iesmvm\/secretaria\/matricula\/","title":{"rendered":"Matr\u00edcula"},"content":{"rendered":"<h4><a href=\"https:\/\/agora.xtec.cat\/iesmvm\/wp-content\/uploads\/usu1837\/2023\/06\/matricula-1.png\"><img loading=\"lazy\" decoding=\"async\" class=\"alignnone size-full wp-image-3324\" src=\"https:\/\/agora.xtec.cat\/iesmvm\/wp-content\/uploads\/usu1837\/2023\/06\/matricula-1.png\" alt=\"\" width=\"300\" height=\"168\" \/><\/a><\/h4>\n<h4>Curs 2025-26<\/h4>\n<h4>Matr\u00edcula per a l&#8217;alumnat d&#8217;ESO<\/h4>\n<p><span style=\"font-weight: 400;\">S\u2019ha de formalitzar la matr\u00edcula a la Secretaria de l\u2019Institut<\/span><span style=\"font-weight: 400;\"> entre el dimecres 25 de juny i el dijous 3 de juliol<\/span><span style=\"font-weight: 400;\">.<\/span><\/p>\n<p><span style=\"font-weight: 400;\">Per venir, s\u2019ha de sol\u00b7licitar cita pr\u00e8via al tel\u00e8fon 933819005 trucant de 9:30h a 13:30h o b\u00e9 les tardes de dilluns o dimarts de 15:30h a 17:00h.<\/span><\/p>\n<p><span style=\"font-weight: 400;\">Aqu\u00ed teniu tota la<\/span><strong><a href=\"https:\/\/docs.google.com\/document\/d\/1_Af9WXpsy4nUPbfpeZ4e5OLIGZLiaUFd\/edit?usp=sharing&amp;ouid=112012383059031614792&amp;rtpof=true&amp;sd=true\"> informaci\u00f3 que cal aportar<\/a><\/strong><span style=\"font-weight: 400;\">.<\/span><\/p>\n<p><span style=\"font-weight: 400;\">L\u2019impr\u00e8s de matr\u00edcula per a l\u2019ESO, que tamb\u00e9 el teniu en paper a la Consergeria de l\u2019Institut, el teniu disponible, per omplir digitalment, en <\/span><strong><a href=\"https:\/\/drive.google.com\/file\/d\/1UV9sPI9Gi75NjNADcfEPB0BCDPhKvoE6\/view?usp=sharing\">aquest enlla\u00e7<\/a>.<\/strong><\/p>\n<p>La reuni\u00f3 de fam\u00edlies de 1r d&#8217;ESO per al curs 25-26 la farem dijous 26 a les 18:00 h a les instal\u00b7lacions de l&#8217;Institut.<\/p>\n<h4>Matr\u00edcula per a l&#8217;alumnat de Batxillerat<\/h4>\n<p><span style=\"font-weight: 400;\">S\u2019ha de formalitzar la matr\u00edcula a la Secretaria de l\u2019Institut entre el divendres 20 de juny i el dilluns 30 de juny. Malgrat aix\u00f2, sol\u00b7licitem que intenteu venir entre el divendres 20 i el dilluns 23 de juny (per coincid\u00e8ncies posteriors amb altres processos administratius).<\/span><\/p>\n<p><span style=\"font-weight: 400;\">Per venir, s\u2019ha de sol\u00b7licitar cita pr\u00e8via al tel\u00e8fon 933819005 trucant de 9:30h a 13:30h o b\u00e9 les tardes de dilluns o dimarts de 15:30h a 17:00h.<\/span><\/p>\n<p><span style=\"font-weight: 400;\">Aqu\u00ed teniu tota la<\/span><strong><a href=\"https:\/\/drive.google.com\/file\/d\/1MVcp-YLh76NAdOHlvsdwQPX8P00HAPx-\/view?usp=sharing\"> documentaci\u00f3 que cal aportar<\/a><\/strong><span style=\"font-weight: 400;\"> per a 1r de Batxillerat o si \u00e9s un alumne que entra nou al Centre per cursar 2n de Batxillerat.<\/span><\/p>\n<p><span style=\"font-weight: 400;\">L\u2019impr\u00e8s de matr\u00edcula per a Batxillerat, que tamb\u00e9 el teniu en paper a la Consergeria de l\u2019Institut, el teniu disponible, per omplir digitalment, clicant per a:<\/span><\/p>\n<ul>\n<li style=\"font-weight: 400;\" aria-level=\"1\"><span style=\"font-weight: 400;\">Impr\u00e8s de<\/span><a href=\"https:\/\/drive.google.com\/file\/d\/170kTOJ-9agJ6zDc1_LdduO1rFp5NStpj\/view?usp=sharing\"><span style=\"font-weight: 400;\"> <strong>dades<\/strong> <strong>identificatives generals<\/strong><\/span><\/a><span style=\"font-weight: 400;\"> (per a 1r i per a 2n de Batxillerat).<\/span><\/li>\n<li style=\"font-weight: 400;\" aria-level=\"1\"><span style=\"font-weight: 400;\">Impr\u00e8s de selecci\u00f3 de <\/span><strong><a href=\"https:\/\/drive.google.com\/file\/d\/14eRC7X-mFPLiW7GwFoTIh5kTR-y-XhnG\/view?usp=sharing\">mat\u00e8ries per a 1r de Batxillerat<\/a>.<\/strong><\/li>\n<li aria-level=\"1\">Impr\u00e8s de selecci\u00f3 de <strong><a href=\"https:\/\/drive.google.com\/file\/d\/17wJmGOcdEINxz4jPk3qB21hcWGyUaawS\/view?usp=sharing\">mat\u00e8ries per a 2n de Batxillerat<\/a><\/strong> (i aqu\u00ed en <a href=\"https:\/\/drive.google.com\/file\/d\/1Xb9gw3VfoI1FZT4C-CiXHMUTMyax6GwF\/view?usp=sharing\"><strong>format editable<\/strong><\/a><strong>).<\/strong><\/li>\n<\/ul>\n<h4>Matr\u00edcula per a l&#8217;alumnat de Cicles Formatius d&#8217;inform\u00e0tica<\/h4>\n<p>Consulta tota la informaci\u00f3 a la p\u00e0gina <a href=\"https:\/\/fp.institutmvm.cat\/matricula\/\">web de cicles formatius d&#8217;inform\u00e0tica<\/a> de l&#8217;Institut Manuel V\u00e1zquez Montalb\u00e1n.<\/p>\n<p>&nbsp;<\/p>\n<p>&nbsp;<\/p>\n","protected":false},"excerpt":{"rendered":"<p>Curs 2025-26 Matr\u00edcula per a l&#8217;alumnat d&#8217;ESO S\u2019ha de formalitzar la matr\u00edcula a la Secretaria de l\u2019Institut entre el dimecres 25 de juny i el dijous 3 de juliol. Per venir, s\u2019ha de sol\u00b7licitar cita pr\u00e8via al tel\u00e8fon 933819005 trucant de 9:30h a 13:30h o b\u00e9 les tardes de dilluns o dimarts de 15:30h a [&hellip;]<\/p>\n","protected":false},"author":59,"featured_media":0,"parent":3195,"menu_order":0,"comment_status":"closed","ping_status":"closed","template":"","meta":{"_bbp_topic_count":0,"_bbp_reply_count":0,"_bbp_total_topic_count":0,"_bbp_total_reply_count":0,"_bbp_voice_count":0,"_bbp_anonymous_reply_count":0,"_bbp_topic_count_hidden":0,"_bbp_reply_count_hidden":0,"_bbp_forum_subforum_count":0,"site-sidebar-layout":"default","site-content-layout":"","ast-site-content-layout":"default","site-content-style":"default","site-sidebar-style":"default","ast-global-header-display":"","ast-banner-title-visibility":"","ast-main-header-display":"","ast-hfb-above-header-display":"","ast-hfb-below-header-display":"","ast-hfb-mobile-header-display":"","site-post-title":"","ast-breadcrumbs-content":"","ast-featured-img":"","footer-sml-layout":"","theme-transparent-header-meta":"default","adv-header-id-meta":"","stick-header-meta":"","header-above-stick-meta":"","header-main-stick-meta":"","header-below-stick-meta":"","astra-migrate-meta-layouts":"set","ast-page-background-enabled":"default","ast-page-background-meta":{"desktop":{"background-color":"var(--ast-global-color-4)","background-image":"","background-repeat":"repeat","background-position":"center center","background-size":"auto","background-attachment":"scroll","background-type":"","background-media":"","overlay-type":"","overlay-color":"","overlay-opacity":"","overlay-gradient":""},"tablet":{"background-color":"","background-image":"","background-repeat":"repeat","background-position":"center center","background-size":"auto","background-attachment":"scroll","background-type":"","background-media":"","overlay-type":"","overlay-color":"","overlay-opacity":"","overlay-gradient":""},"mobile":{"background-color":"","background-image":"","background-repeat":"repeat","background-position":"center center","background-size":"auto","background-attachment":"scroll","background-type":"","background-media":"","overlay-type":"","overlay-color":"","overlay-opacity":"","overlay-gradient":""}},"ast-content-background-meta":{"desktop":{"background-color":"var(--ast-global-color-5)","background-image":"","background-repeat":"repeat","background-position":"center center","background-size":"auto","background-attachment":"scroll","background-type":"","background-media":"","overlay-type":"","overlay-color":"","overlay-opacity":"","overlay-gradient":""},"tablet":{"background-color":"var(--ast-global-color-5)","background-image":"","background-repeat":"repeat","background-position":"center center","background-size":"auto","background-attachment":"scroll","background-type":"","background-media":"","overlay-type":"","overlay-color":"","overlay-opacity":"","overlay-gradient":""},"mobile":{"background-color":"var(--ast-global-color-5)","background-image":"","background-repeat":"repeat","background-position":"center center","background-size":"auto","background-attachment":"scroll","background-type":"","background-media":"","overlay-type":"","overlay-color":"","overlay-opacity":"","overlay-gradient":""}},"footnotes":""},"class_list":["post-3231","page","type-page","status-publish","hentry"],"post_mailing_queue_ids":[],"_links":{"self":[{"href":"https:\/\/agora.xtec.cat\/iesmvm\/wp-json\/wp\/v2\/pages\/3231","targetHints":{"allow":["GET"]}}],"collection":[{"href":"https:\/\/agora.xtec.cat\/iesmvm\/wp-json\/wp\/v2\/pages"}],"about":[{"href":"https:\/\/agora.xtec.cat\/iesmvm\/wp-json\/wp\/v2\/types\/page"}],"author":[{"embeddable":true,"href":"https:\/\/agora.xtec.cat\/iesmvm\/wp-json\/wp\/v2\/users\/59"}],"replies":[{"embeddable":true,"href":"https:\/\/agora.xtec.cat\/iesmvm\/wp-json\/wp\/v2\/comments?post=3231"}],"version-history":[{"count":7,"href":"https:\/\/agora.xtec.cat\/iesmvm\/wp-json\/wp\/v2\/pages\/3231\/revisions"}],"predecessor-version":[{"id":4129,"href":"https:\/\/agora.xtec.cat\/iesmvm\/wp-json\/wp\/v2\/pages\/3231\/revisions\/4129"}],"up":[{"embeddable":true,"href":"https:\/\/agora.xtec.cat\/iesmvm\/wp-json\/wp\/v2\/pages\/3195"}],"wp:attachment":[{"href":"https:\/\/agora.xtec.cat\/iesmvm\/wp-json\/wp\/v2\/media?parent=3231"}],"curies":[{"name":"wp","href":"https:\/\/api.w.org\/{rel}","templated":true}]}}