{"id":3195,"date":"2023-03-01T00:17:56","date_gmt":"2023-02-28T23:17:56","guid":{"rendered":"https:\/\/agora.xtec.cat\/iesmvm\/?page_id=3195"},"modified":"2023-06-17T12:51:16","modified_gmt":"2023-06-17T10:51:16","slug":"secretaria","status":"publish","type":"page","link":"https:\/\/agora.xtec.cat\/iesmvm\/secretaria\/","title":{"rendered":"Secretaria"},"content":{"rendered":"<div>\n<div>\n<h4><a href=\"https:\/\/agora.xtec.cat\/iesmvm\/wp-content\/uploads\/usu1837\/2023\/06\/secretaria_obert2.png\"><img loading=\"lazy\" decoding=\"async\" class=\"alignnone size-full wp-image-3293\" src=\"https:\/\/agora.xtec.cat\/iesmvm\/wp-content\/uploads\/usu1837\/2023\/06\/secretaria_obert2.png\" alt=\"\" width=\"300\" height=\"200\" \/><\/a><\/h4>\n<h4><a name=\"TOC-Pagaments\"><\/a> HORARI D&#8217;ATENCI\u00d3 AL P\u00daBLIC<\/h4>\n<\/div>\n<div><\/div>\n<\/div>\n<p>Matins:\u00a0\u00a0\u00a0 Dilluns a divendres de 9:30 a 13:30&#8217;h<\/p>\n<p>Tardes:\u00a0\u00a0\u00a0 Dilluns i dimarts de 15:30 a 17:00&#8217;h<\/p>\n<div>\n<div><\/div>\n<div>\n<p><strong>Horari d&#8217;estiu<\/strong><\/p>\n<p>De Dilluns a Divendres de 9:30 a 13:30 hores<\/p>\n<\/div>\n<div><\/div>\n<div><\/div>\n<div>\n<h4><a name=\"TOC-Pagaments\"><\/a> Pagaments<\/h4>\n<\/div>\n<p>Els pagaments de quotes, sortides i viatges es realitzar\u00e0 mitjan\u00e7ant la plataforma o sistema que s&#8217;hagi determinat en el moment de la matr\u00edcula o a l&#8217;inici del curs escolar.<\/p>\n<div><\/div>\n<div>\n<h4><a name=\"TOC-Certificats\"><\/a> Certificats<\/h4>\n<\/div>\n<p>Els certificats de matr\u00edcula o de qualificacions, del curs escolar vigent trigaran de 3 a 4 dies laborables, un cop s&#8217;hagin sol\u00b7licitat.<\/p>\n<p>Els certificats de nivell de catal\u00e0 i altres, trigaran 15 dies un cop sol\u00b7licitats i s&#8217;hagi lliurat tota la documentaci\u00f3 necess\u00e0ria en cada cas.<\/p>\n<div><\/div>\n<\/div>\n","protected":false},"excerpt":{"rendered":"<p>HORARI D&#8217;ATENCI\u00d3 AL P\u00daBLIC Matins:\u00a0\u00a0\u00a0 Dilluns a divendres de 9:30 a 13:30&#8217;h Tardes:\u00a0\u00a0\u00a0 Dilluns i dimarts de 15:30 a 17:00&#8217;h Horari d&#8217;estiu De Dilluns a Divendres de 9:30 a 13:30 hores Pagaments Els pagaments de quotes, sortides i viatges es realitzar\u00e0 mitjan\u00e7ant la plataforma o sistema que s&#8217;hagi determinat en el moment de la matr\u00edcula [&hellip;]<\/p>\n","protected":false},"author":9,"featured_media":0,"parent":0,"menu_order":0,"comment_status":"closed","ping_status":"closed","template":"page-templates\/side-menu.php","meta":{"_bbp_topic_count":0,"_bbp_reply_count":0,"_bbp_total_topic_count":0,"_bbp_total_reply_count":0,"_bbp_voice_count":0,"_bbp_anonymous_reply_count":0,"_bbp_topic_count_hidden":0,"_bbp_reply_count_hidden":0,"_bbp_forum_subforum_count":0,"site-sidebar-layout":"default","site-content-layout":"","ast-site-content-layout":"","site-content-style":"default","site-sidebar-style":"default","ast-global-header-display":"","ast-banner-title-visibility":"","ast-main-header-display":"","ast-hfb-above-header-display":"","ast-hfb-below-header-display":"","ast-hfb-mobile-header-display":"","site-post-title":"","ast-breadcrumbs-content":"","ast-featured-img":"","footer-sml-layout":"","theme-transparent-header-meta":"","adv-header-id-meta":"","stick-header-meta":"","header-above-stick-meta":"","header-main-stick-meta":"","header-below-stick-meta":"","astra-migrate-meta-layouts":"default","ast-page-background-enabled":"default","ast-page-background-meta":{"desktop":{"background-color":"var(--ast-global-color-4)","background-image":"","background-repeat":"repeat","background-position":"center center","background-size":"auto","background-attachment":"scroll","background-type":"","background-media":"","overlay-type":"","overlay-color":"","overlay-opacity":"","overlay-gradient":""},"tablet":{"background-color":"","background-image":"","background-repeat":"repeat","background-position":"center center","background-size":"auto","background-attachment":"scroll","background-type":"","background-media":"","overlay-type":"","overlay-color":"","overlay-opacity":"","overlay-gradient":""},"mobile":{"background-color":"","background-image":"","background-repeat":"repeat","background-position":"center center","background-size":"auto","background-attachment":"scroll","background-type":"","background-media":"","overlay-type":"","overlay-color":"","overlay-opacity":"","overlay-gradient":""}},"ast-content-background-meta":{"desktop":{"background-color":"var(--ast-global-color-5)","background-image":"","background-repeat":"repeat","background-position":"center center","background-size":"auto","background-attachment":"scroll","background-type":"","background-media":"","overlay-type":"","overlay-color":"","overlay-opacity":"","overlay-gradient":""},"tablet":{"background-color":"var(--ast-global-color-5)","background-image":"","background-repeat":"repeat","background-position":"center center","background-size":"auto","background-attachment":"scroll","background-type":"","background-media":"","overlay-type":"","overlay-color":"","overlay-opacity":"","overlay-gradient":""},"mobile":{"background-color":"var(--ast-global-color-5)","background-image":"","background-repeat":"repeat","background-position":"center center","background-size":"auto","background-attachment":"scroll","background-type":"","background-media":"","overlay-type":"","overlay-color":"","overlay-opacity":"","overlay-gradient":""}},"footnotes":""},"class_list":["post-3195","page","type-page","status-publish","hentry"],"post_mailing_queue_ids":[],"_links":{"self":[{"href":"https:\/\/agora.xtec.cat\/iesmvm\/wp-json\/wp\/v2\/pages\/3195","targetHints":{"allow":["GET"]}}],"collection":[{"href":"https:\/\/agora.xtec.cat\/iesmvm\/wp-json\/wp\/v2\/pages"}],"about":[{"href":"https:\/\/agora.xtec.cat\/iesmvm\/wp-json\/wp\/v2\/types\/page"}],"author":[{"embeddable":true,"href":"https:\/\/agora.xtec.cat\/iesmvm\/wp-json\/wp\/v2\/users\/9"}],"replies":[{"embeddable":true,"href":"https:\/\/agora.xtec.cat\/iesmvm\/wp-json\/wp\/v2\/comments?post=3195"}],"version-history":[{"count":3,"href":"https:\/\/agora.xtec.cat\/iesmvm\/wp-json\/wp\/v2\/pages\/3195\/revisions"}],"predecessor-version":[{"id":3294,"href":"https:\/\/agora.xtec.cat\/iesmvm\/wp-json\/wp\/v2\/pages\/3195\/revisions\/3294"}],"wp:attachment":[{"href":"https:\/\/agora.xtec.cat\/iesmvm\/wp-json\/wp\/v2\/media?parent=3195"}],"curies":[{"name":"wp","href":"https:\/\/api.w.org\/{rel}","templated":true}]}}