{"id":21,"date":"2014-09-17T16:14:14","date_gmt":"2014-09-17T16:14:14","guid":{"rendered":"http:\/\/agora.xtec.cat\/iesmvm\/?page_id=21"},"modified":"2024-02-15T20:07:58","modified_gmt":"2024-02-15T19:07:58","slug":"on-som","status":"publish","type":"page","link":"https:\/\/agora.xtec.cat\/iesmvm\/linstitut\/on-som\/","title":{"rendered":"On som"},"content":{"rendered":"<p style=\"font-variant: small-caps;\"><strong><br \/>\n<\/strong>Institut Manuel V\u00e1zquez Montalb\u00e1n<\/p>\n<p>Adre\u00e7a: Av. Eduard Maristany, 59-61- 08930 Sant Adri\u00e0 de Bes\u00f2s<\/p>\n<p>Codi centre: 08042101<\/p>\n<p>Tel\u00e8fon: 933819005<\/p>\n<p>Mail: iesmvm@xtec.cat<strong><br \/>\n<\/strong><\/p>\n<p><iframe loading=\"lazy\" src=\"https:\/\/www.google.com\/maps\/embed?pb=!1m18!1m12!1m3!1d2991.721818179676!2d2.226467814955117!3d41.42355697926096!2m3!1f0!2f0!3f0!3m2!1i1024!2i768!4f13.1!3m3!1m2!1s0x12a4a355e0fe9851%3A0x28d72ff627b25f0d!2sInstituto+P%C3%BAblico+Manuel+V%C3%A1zquez+Montalb%C3%A1n!5e0!3m2!1sca!2ses!4v1542094697645\" width=\"600\" height=\"450\" frameborder=\"0\"><\/iframe><\/p>\n<p>Com arribar-hi:<\/p>\n<table style=\"width: 49.9791%; height: 508px;\" cellspacing=\"0\">\n<tbody>\n<tr style=\"height: 122px;\">\n<td style=\"width: 57.971%; height: 122px;\"><img loading=\"lazy\" decoding=\"async\" class=\"alignnone wp-image-3539\" src=\"https:\/\/agora.xtec.cat\/iesmvm\/wp-content\/uploads\/usu1837\/2024\/02\/rodalies_de_catalunya-720x340-1.jpg\" alt=\"Logo Rodalies\" width=\"169\" height=\"80\" srcset=\"https:\/\/agora.xtec.cat\/iesmvm\/wp-content\/uploads\/usu1837\/2024\/02\/rodalies_de_catalunya-720x340-1.jpg 720w, https:\/\/agora.xtec.cat\/iesmvm\/wp-content\/uploads\/usu1837\/2024\/02\/rodalies_de_catalunya-720x340-1-300x142.jpg 300w\" sizes=\"auto, (max-width: 169px) 100vw, 169px\" \/><\/td>\n<td style=\"width: 41.6149%; height: 122px;\"><a href=\"http:\/\/www.renfe.com\/viajeros\/cercanias\/barcelona\/\" rel=\"nofollow\">Rodalies<\/a><br \/>\nL\u00ednia\u00a0<a href=\"http:\/\/www20.gencat.cat\/portal\/site\/rodalies\/menuitem.b638815e53e7323fcfd97c10b0c0e1a0\/?vgnextoid=3b965c3674002310VgnVCM2000009b0c1e0aRCRD&amp;vgnextchannel=3b965c3674002310VgnVCM2000009b0c1e0aRCRD&amp;vgnextfmt=default&amp;contentid=9d7ae7e841362310VgnVCM2000009b0c1e0aRCRD&amp;tipologia=Rodalies&amp;linia=r1\" rel=\"nofollow\">R1<\/a><br \/>\nParada Sant Adri\u00e0 del Bes\u00f2s<\/td>\n<\/tr>\n<tr style=\"height: 112px;\">\n<td style=\"width: 57.971%; height: 112px;\"><img loading=\"lazy\" decoding=\"async\" class=\"alignnone wp-image-3544\" src=\"https:\/\/agora.xtec.cat\/iesmvm\/wp-content\/uploads\/usu1837\/2024\/02\/logo-TUSGSAL_ok-1.png_1552769864-1-e1708021642471.png\" alt=\"Logo TUSGSAL\" width=\"258\" height=\"70\" srcset=\"https:\/\/agora.xtec.cat\/iesmvm\/wp-content\/uploads\/usu1837\/2024\/02\/logo-TUSGSAL_ok-1.png_1552769864-1-e1708021642471.png 310w, https:\/\/agora.xtec.cat\/iesmvm\/wp-content\/uploads\/usu1837\/2024\/02\/logo-TUSGSAL_ok-1.png_1552769864-1-e1708021642471-300x81.png 300w\" sizes=\"auto, (max-width: 258px) 100vw, 258px\" \/><\/td>\n<td style=\"width: 41.6149%; height: 112px;\"><a href=\"http:\/\/www.tusgsal.net\/\" rel=\"nofollow\">Tusgsal<\/a><br \/>\nL\u00ednies\u00a0<a href=\"http:\/\/www.ambmobilitat.cat\/Principales\/TiraLinea.aspx?linea=329\" rel=\"nofollow\">B7<\/a>,\u00a0<a href=\"http:\/\/www.ambmobilitat.cat\/Principales\/TiraLinea.aspx?linea=132\" rel=\"nofollow\">B14<\/a>,\u00a0<a href=\"http:\/\/www.ambmobilitat.cat\/Principales\/TiraLinea.aspx?linea=318\" rel=\"nofollow\">B26<\/a>,\u00a0<a href=\"http:\/\/www.ambmobilitat.cat\/Principales\/TiraLinea.aspx?linea=141\" rel=\"nofollow\">B23<\/a><\/td>\n<\/tr>\n<tr style=\"height: 184px;\">\n<td style=\"width: 57.971%; height: 184px;\"><img loading=\"lazy\" decoding=\"async\" class=\"alignnone wp-image-3541\" src=\"https:\/\/agora.xtec.cat\/iesmvm\/wp-content\/uploads\/usu1837\/2024\/02\/tram_740x340-web-e1708022059657.jpg\" alt=\"Logo TRAM\" width=\"288\" height=\"80\" srcset=\"https:\/\/agora.xtec.cat\/iesmvm\/wp-content\/uploads\/usu1837\/2024\/02\/tram_740x340-web-e1708022059657.jpg 598w, https:\/\/agora.xtec.cat\/iesmvm\/wp-content\/uploads\/usu1837\/2024\/02\/tram_740x340-web-e1708022059657-300x83.jpg 300w\" sizes=\"auto, (max-width: 288px) 100vw, 288px\" \/><\/td>\n<td style=\"width: 41.6149%; height: 184px;\"><a href=\"http:\/\/www.trenscat.com\/tram\/trambesos_ct.html\" rel=\"nofollow\">Trambes\u00f2s<\/a><br \/>\nL\u00ednies <a href=\"http:\/\/www.tram.cat\/linies-i-horaris\/linea-t4\/\" rel=\"nofollow\">L4<\/a>,\u00a0<a href=\"http:\/\/www.tram.cat\/linies-i-horaris\/linea-t6\/\" rel=\"nofollow\">L6<\/a><\/td>\n<\/tr>\n<tr style=\"height: 72px;\">\n<td style=\"width: 57.971%; height: 72px;\"><img loading=\"lazy\" decoding=\"async\" class=\"alignnone wp-image-3543\" src=\"https:\/\/agora.xtec.cat\/iesmvm\/wp-content\/uploads\/usu1837\/2024\/02\/tmb-1.png\" alt=\"Logo TMB\" width=\"216\" height=\"100\" srcset=\"https:\/\/agora.xtec.cat\/iesmvm\/wp-content\/uploads\/usu1837\/2024\/02\/tmb-1.png 330w, https:\/\/agora.xtec.cat\/iesmvm\/wp-content\/uploads\/usu1837\/2024\/02\/tmb-1-300x139.png 300w\" sizes=\"auto, (max-width: 216px) 100vw, 216px\" \/><\/td>\n<td style=\"width: 41.6149%; height: 72px;\"><a href=\"https:\/\/www.tmb.cat\/ca\/home\" rel=\"nofollow\">TMB<\/a><br \/>\nL\u00ednia\u00a0<a href=\"http:\/\/www.tmb.cat\/ca\/linia-de-bus\/-\/bus\/143\" rel=\"nofollow\">143<\/a><br \/>\nL\u00ednia <a href=\"https:\/\/www.tmb.cat\/es\/barcelona\/autobuses\/-\/lineabus\/H14\" target=\"_blank\" rel=\"nofollow noopener noreferrer\">H14<\/a><\/td>\n<\/tr>\n<\/tbody>\n<\/table>\n","protected":false},"excerpt":{"rendered":"<p>Institut Manuel V\u00e1zquez Montalb\u00e1n Adre\u00e7a: Av. Eduard Maristany, 59-61- 08930 Sant Adri\u00e0 de Bes\u00f2s Codi centre: 08042101 Tel\u00e8fon: 933819005 Mail: iesmvm@xtec.cat Com arribar-hi: Rodalies L\u00ednia\u00a0R1 Parada Sant Adri\u00e0 del Bes\u00f2s Tusgsal L\u00ednies\u00a0B7,\u00a0B14,\u00a0B26,\u00a0B23 Trambes\u00f2s L\u00ednies L4,\u00a0L6 TMB L\u00ednia\u00a0143 L\u00ednia H14<\/p>\n","protected":false},"author":1,"featured_media":0,"parent":19,"menu_order":10,"comment_status":"closed","ping_status":"closed","template":"page-templates\/side-menu.php","meta":{"_bbp_topic_count":0,"_bbp_reply_count":0,"_bbp_total_topic_count":0,"_bbp_total_reply_count":0,"_bbp_voice_count":0,"_bbp_anonymous_reply_count":0,"_bbp_topic_count_hidden":0,"_bbp_reply_count_hidden":0,"_bbp_forum_subforum_count":0,"site-sidebar-layout":"default","site-content-layout":"","ast-site-content-layout":"","site-content-style":"default","site-sidebar-style":"default","ast-global-header-display":"","ast-banner-title-visibility":"","ast-main-header-display":"","ast-hfb-above-header-display":"","ast-hfb-below-header-display":"","ast-hfb-mobile-header-display":"","site-post-title":"","ast-breadcrumbs-content":"","ast-featured-img":"","footer-sml-layout":"","theme-transparent-header-meta":"","adv-header-id-meta":"","stick-header-meta":"","header-above-stick-meta":"","header-main-stick-meta":"","header-below-stick-meta":"","astra-migrate-meta-layouts":"default","ast-page-background-enabled":"default","ast-page-background-meta":{"desktop":{"background-color":"var(--ast-global-color-4)","background-image":"","background-repeat":"repeat","background-position":"center center","background-size":"auto","background-attachment":"scroll","background-type":"","background-media":"","overlay-type":"","overlay-color":"","overlay-opacity":"","overlay-gradient":""},"tablet":{"background-color":"","background-image":"","background-repeat":"repeat","background-position":"center center","background-size":"auto","background-attachment":"scroll","background-type":"","background-media":"","overlay-type":"","overlay-color":"","overlay-opacity":"","overlay-gradient":""},"mobile":{"background-color":"","background-image":"","background-repeat":"repeat","background-position":"center center","background-size":"auto","background-attachment":"scroll","background-type":"","background-media":"","overlay-type":"","overlay-color":"","overlay-opacity":"","overlay-gradient":""}},"ast-content-background-meta":{"desktop":{"background-color":"var(--ast-global-color-5)","background-image":"","background-repeat":"repeat","background-position":"center center","background-size":"auto","background-attachment":"scroll","background-type":"","background-media":"","overlay-type":"","overlay-color":"","overlay-opacity":"","overlay-gradient":""},"tablet":{"background-color":"var(--ast-global-color-5)","background-image":"","background-repeat":"repeat","background-position":"center center","background-size":"auto","background-attachment":"scroll","background-type":"","background-media":"","overlay-type":"","overlay-color":"","overlay-opacity":"","overlay-gradient":""},"mobile":{"background-color":"var(--ast-global-color-5)","background-image":"","background-repeat":"repeat","background-position":"center center","background-size":"auto","background-attachment":"scroll","background-type":"","background-media":"","overlay-type":"","overlay-color":"","overlay-opacity":"","overlay-gradient":""}},"footnotes":""},"class_list":["post-21","page","type-page","status-publish","hentry"],"post_mailing_queue_ids":[],"_links":{"self":[{"href":"https:\/\/agora.xtec.cat\/iesmvm\/wp-json\/wp\/v2\/pages\/21","targetHints":{"allow":["GET"]}}],"collection":[{"href":"https:\/\/agora.xtec.cat\/iesmvm\/wp-json\/wp\/v2\/pages"}],"about":[{"href":"https:\/\/agora.xtec.cat\/iesmvm\/wp-json\/wp\/v2\/types\/page"}],"author":[{"embeddable":true,"href":"https:\/\/agora.xtec.cat\/iesmvm\/wp-json\/wp\/v2\/users\/1"}],"replies":[{"embeddable":true,"href":"https:\/\/agora.xtec.cat\/iesmvm\/wp-json\/wp\/v2\/comments?post=21"}],"version-history":[{"count":7,"href":"https:\/\/agora.xtec.cat\/iesmvm\/wp-json\/wp\/v2\/pages\/21\/revisions"}],"predecessor-version":[{"id":3547,"href":"https:\/\/agora.xtec.cat\/iesmvm\/wp-json\/wp\/v2\/pages\/21\/revisions\/3547"}],"up":[{"embeddable":true,"href":"https:\/\/agora.xtec.cat\/iesmvm\/wp-json\/wp\/v2\/pages\/19"}],"wp:attachment":[{"href":"https:\/\/agora.xtec.cat\/iesmvm\/wp-json\/wp\/v2\/media?parent=21"}],"curies":[{"name":"wp","href":"https:\/\/api.w.org\/{rel}","templated":true}]}}