{"id":19,"date":"2014-09-17T14:56:56","date_gmt":"2014-09-17T14:56:56","guid":{"rendered":"http:\/\/agora.xtec.cat\/iesmvm\/?page_id=19"},"modified":"2023-06-17T01:46:08","modified_gmt":"2023-06-16T23:46:08","slug":"linstitut","status":"publish","type":"page","link":"https:\/\/agora.xtec.cat\/iesmvm\/linstitut\/","title":{"rendered":"L&#8217;institut"},"content":{"rendered":"<p style=\"color: #444444;\">En Sant Adri\u00e0 de Bes\u00f2s, a la d\u00e9cada dels &#8217;80 es van construir dos edificis importants per a la ciutat, pr\u00e0cticament un al costat de l&#8217;altre. L&#8217;Escola de Prim\u00e0ria Catalunya i en segona fase, l&#8217;Institut d&#8217;Educaci\u00f3 Secund\u00e0ria Sant Adri\u00e0 de Bes\u00f2s, que posteriorment, al <a href=\"https:\/\/dogc.gencat.cat\/ca\/document-del-dogc\/?documentId=335765\">2004<\/a> va rebre la denominaci\u00f3 actual d&#8217;Institut <strong>M<\/strong>anuel <strong>V<\/strong>\u00e1zquez <strong>M<\/strong>ontalb\u00e1n. Tots dos van estar dissenyats pel ja desaparegut arquitecte, Oriol Bohigas.<\/p>\n<p><a href=\"https:\/\/agora.xtec.cat\/iesmvm\/wp-content\/uploads\/usu1837\/2023\/06\/INSMVM_DSC8933.jpg\"><img loading=\"lazy\" decoding=\"async\" class=\"alignnone wp-image-3241 size-medium\" src=\"https:\/\/agora.xtec.cat\/iesmvm\/wp-content\/uploads\/usu1837\/2023\/06\/INSMVM_DSC8933-300x221.jpg\" alt=\"\" width=\"300\" height=\"221\" srcset=\"https:\/\/agora.xtec.cat\/iesmvm\/wp-content\/uploads\/usu1837\/2023\/06\/INSMVM_DSC8933-300x221.jpg 300w, https:\/\/agora.xtec.cat\/iesmvm\/wp-content\/uploads\/usu1837\/2023\/06\/INSMVM_DSC8933-768x566.jpg 768w, https:\/\/agora.xtec.cat\/iesmvm\/wp-content\/uploads\/usu1837\/2023\/06\/INSMVM_DSC8933.jpg 800w\" sizes=\"auto, (max-width: 300px) 100vw, 300px\" \/><\/a><\/p>\n<p style=\"font-variant: small-caps;\">Si vols informaci\u00f3 m\u00e9s detallada pots accedir al <strong><a href=\"http:\/\/www.institutmvm.cat\/\" target=\"_blank\" rel=\"noopener noreferrer\"> Web del centre <\/a><\/strong>o al <strong><a href=\"http:\/\/fp.institutmvm.cat\/\" target=\"_blank\" rel=\"noopener noreferrer\"> Web de Cicles Formatius<\/a><\/strong><\/p>\n","protected":false},"excerpt":{"rendered":"<p>En Sant Adri\u00e0 de Bes\u00f2s, a la d\u00e9cada dels &#8217;80 es van construir dos edificis importants per a la ciutat, pr\u00e0cticament un al costat de l&#8217;altre. L&#8217;Escola de Prim\u00e0ria Catalunya i en segona fase, l&#8217;Institut d&#8217;Educaci\u00f3 Secund\u00e0ria Sant Adri\u00e0 de Bes\u00f2s, que posteriorment, al 2004 va rebre la denominaci\u00f3 actual d&#8217;Institut Manuel V\u00e1zquez Montalb\u00e1n. Tots [&hellip;]<\/p>\n","protected":false},"author":1,"featured_media":0,"parent":0,"menu_order":0,"comment_status":"closed","ping_status":"closed","template":"page-templates\/side-menu.php","meta":{"_bbp_topic_count":0,"_bbp_reply_count":0,"_bbp_total_topic_count":0,"_bbp_total_reply_count":0,"_bbp_voice_count":0,"_bbp_anonymous_reply_count":0,"_bbp_topic_count_hidden":0,"_bbp_reply_count_hidden":0,"_bbp_forum_subforum_count":0,"site-sidebar-layout":"default","site-content-layout":"","ast-site-content-layout":"","site-content-style":"default","site-sidebar-style":"default","ast-global-header-display":"","ast-banner-title-visibility":"","ast-main-header-display":"","ast-hfb-above-header-display":"","ast-hfb-below-header-display":"","ast-hfb-mobile-header-display":"","site-post-title":"","ast-breadcrumbs-content":"","ast-featured-img":"","footer-sml-layout":"","theme-transparent-header-meta":"","adv-header-id-meta":"","stick-header-meta":"","header-above-stick-meta":"","header-main-stick-meta":"","header-below-stick-meta":"","astra-migrate-meta-layouts":"default","ast-page-background-enabled":"default","ast-page-background-meta":{"desktop":{"background-color":"var(--ast-global-color-4)","background-image":"","background-repeat":"repeat","background-position":"center center","background-size":"auto","background-attachment":"scroll","background-type":"","background-media":"","overlay-type":"","overlay-color":"","overlay-opacity":"","overlay-gradient":""},"tablet":{"background-color":"","background-image":"","background-repeat":"repeat","background-position":"center center","background-size":"auto","background-attachment":"scroll","background-type":"","background-media":"","overlay-type":"","overlay-color":"","overlay-opacity":"","overlay-gradient":""},"mobile":{"background-color":"","background-image":"","background-repeat":"repeat","background-position":"center center","background-size":"auto","background-attachment":"scroll","background-type":"","background-media":"","overlay-type":"","overlay-color":"","overlay-opacity":"","overlay-gradient":""}},"ast-content-background-meta":{"desktop":{"background-color":"var(--ast-global-color-5)","background-image":"","background-repeat":"repeat","background-position":"center center","background-size":"auto","background-attachment":"scroll","background-type":"","background-media":"","overlay-type":"","overlay-color":"","overlay-opacity":"","overlay-gradient":""},"tablet":{"background-color":"var(--ast-global-color-5)","background-image":"","background-repeat":"repeat","background-position":"center center","background-size":"auto","background-attachment":"scroll","background-type":"","background-media":"","overlay-type":"","overlay-color":"","overlay-opacity":"","overlay-gradient":""},"mobile":{"background-color":"var(--ast-global-color-5)","background-image":"","background-repeat":"repeat","background-position":"center center","background-size":"auto","background-attachment":"scroll","background-type":"","background-media":"","overlay-type":"","overlay-color":"","overlay-opacity":"","overlay-gradient":""}},"footnotes":""},"class_list":["post-19","page","type-page","status-publish","hentry"],"post_mailing_queue_ids":[],"_links":{"self":[{"href":"https:\/\/agora.xtec.cat\/iesmvm\/wp-json\/wp\/v2\/pages\/19","targetHints":{"allow":["GET"]}}],"collection":[{"href":"https:\/\/agora.xtec.cat\/iesmvm\/wp-json\/wp\/v2\/pages"}],"about":[{"href":"https:\/\/agora.xtec.cat\/iesmvm\/wp-json\/wp\/v2\/types\/page"}],"author":[{"embeddable":true,"href":"https:\/\/agora.xtec.cat\/iesmvm\/wp-json\/wp\/v2\/users\/1"}],"replies":[{"embeddable":true,"href":"https:\/\/agora.xtec.cat\/iesmvm\/wp-json\/wp\/v2\/comments?post=19"}],"version-history":[{"count":4,"href":"https:\/\/agora.xtec.cat\/iesmvm\/wp-json\/wp\/v2\/pages\/19\/revisions"}],"predecessor-version":[{"id":3244,"href":"https:\/\/agora.xtec.cat\/iesmvm\/wp-json\/wp\/v2\/pages\/19\/revisions\/3244"}],"wp:attachment":[{"href":"https:\/\/agora.xtec.cat\/iesmvm\/wp-json\/wp\/v2\/media?parent=19"}],"curies":[{"name":"wp","href":"https:\/\/api.w.org\/{rel}","templated":true}]}}