{"id":996,"date":"2019-03-04T23:13:23","date_gmt":"2019-03-04T22:13:23","guid":{"rendered":"http:\/\/agora.xtec.cat\/iesmonturiol\/?page_id=996"},"modified":"2020-05-14T20:17:31","modified_gmt":"2020-05-14T18:17:31","slug":"sollicitud-i-recollida-de-titols","status":"publish","type":"page","link":"https:\/\/agora.xtec.cat\/iesmonturiol\/secretaria\/documentacio-i-tramits\/sollicitud-i-recollida-de-titols\/","title":{"rendered":"Sol\u00b7licitud i recollida de t\u00edtols"},"content":{"rendered":"<div class=\"entry-content\">\n<h3><span style=\"text-decoration: underline;\"><strong>SOL\u00b7LICITUD<\/strong><\/span><\/h3>\n<p>L\u2019alumne\/a, una vegada hagi finalitzat\u00a0els seus estudis,\u00a0ha de passar per les oficines per omplir i presentar la sol\u00b7licitud.<\/p>\n<p>El cost del t\u00edtol dep\u00e8n dels estudis cursats. A la secretaria es facilitar\u00e0 la sol\u00b7licitud del t\u00edtol i un impr\u00e8s per anar a pagar-ne les taxes. Un cop pagades\u00a0 i presentada la documentaci\u00f3 necess\u00e0ria, s&#8217;obtindr\u00e0 un resguard del t\u00edtol, v\u00e0lid com a tal fins que es rebi\u00a0 el t\u00edtol oficial.<\/p>\n<p><strong>Documentaci\u00f3\u00a0que cal presentar:<\/strong>\u00a0Original i fotoc\u00f2pia del DNI<\/p>\n<h3><span style=\"text-decoration: underline;\"><strong>RECOLLIDA<\/strong><\/span><\/h3>\n<p>Quan el t\u00edtol arribi a l\u2019institut, s&#8217;enviar\u00e0 una carta per informar que ja es pot venir a recollir f\u00edsicament a secretaria. \u00c9s imprescindible presentar el <strong>resguard del t\u00edtol<\/strong> i el <strong>DNI<\/strong>.<\/p>\n<p>En cas que no pugui venir la persona interessada, es pot autoritzar alg\u00fa altre per venir a recollir-lo. En aquest cas, caldr\u00e0 portar l\u2019impr\u00e8s d\u2019autoritzaci\u00f3 signat i l\u2019original i fotoc\u00f2pia del DNI de la persona interessada i d\u2019aquella que vingui a fer el tr\u00e0mit.<\/p>\n<\/div>\n","protected":false},"excerpt":{"rendered":"<p>SOL\u00b7LICITUD<br \/>\nL\u2019alumne\/a, una vegada hagi finalitzat\u00a0els seus estudis,\u00a0ha de passar per les oficines per omplir i presentar la sol\u00b7licitud.<br \/>\nEl cost del t\u00edtol dep\u00e8n dels estudis cursats. A la secretaria es facilitar\u00e0 la sol\u00b7licitud del t\u00edtol i un impr\u00e8s per anar a pagar-ne les taxes. Un cop&hellip;  <a href=\"https:\/\/agora.xtec.cat\/iesmonturiol\/secretaria\/documentacio-i-tramits\/sollicitud-i-recollida-de-titols\/\" title=\"Read Sol\u00b7licitud i recollida de t\u00edtols\">Llegeix m\u00e9s\u00bb<\/a><\/p>\n","protected":false},"author":1,"featured_media":0,"parent":1053,"menu_order":50,"comment_status":"closed","ping_status":"closed","template":"page-templates\/side-menu.php","meta":{"_bbp_topic_count":0,"_bbp_reply_count":0,"_bbp_total_topic_count":0,"_bbp_total_reply_count":0,"_bbp_voice_count":0,"_bbp_anonymous_reply_count":0,"_bbp_topic_count_hidden":0,"_bbp_reply_count_hidden":0,"_bbp_forum_subforum_count":0,"footnotes":""},"class_list":["post-996","page","type-page","status-publish","hentry"],"post_mailing_queue_ids":[],"_links":{"self":[{"href":"https:\/\/agora.xtec.cat\/iesmonturiol\/wp-json\/wp\/v2\/pages\/996","targetHints":{"allow":["GET"]}}],"collection":[{"href":"https:\/\/agora.xtec.cat\/iesmonturiol\/wp-json\/wp\/v2\/pages"}],"about":[{"href":"https:\/\/agora.xtec.cat\/iesmonturiol\/wp-json\/wp\/v2\/types\/page"}],"author":[{"embeddable":true,"href":"https:\/\/agora.xtec.cat\/iesmonturiol\/wp-json\/wp\/v2\/users\/1"}],"replies":[{"embeddable":true,"href":"https:\/\/agora.xtec.cat\/iesmonturiol\/wp-json\/wp\/v2\/comments?post=996"}],"version-history":[{"count":3,"href":"https:\/\/agora.xtec.cat\/iesmonturiol\/wp-json\/wp\/v2\/pages\/996\/revisions"}],"predecessor-version":[{"id":3082,"href":"https:\/\/agora.xtec.cat\/iesmonturiol\/wp-json\/wp\/v2\/pages\/996\/revisions\/3082"}],"up":[{"embeddable":true,"href":"https:\/\/agora.xtec.cat\/iesmonturiol\/wp-json\/wp\/v2\/pages\/1053"}],"wp:attachment":[{"href":"https:\/\/agora.xtec.cat\/iesmonturiol\/wp-json\/wp\/v2\/media?parent=996"}],"curies":[{"name":"wp","href":"https:\/\/api.w.org\/{rel}","templated":true}]}}