{"id":994,"date":"2019-03-04T23:11:36","date_gmt":"2019-03-04T22:11:36","guid":{"rendered":"http:\/\/agora.xtec.cat\/iesmonturiol\/?page_id=994"},"modified":"2020-05-14T20:00:14","modified_gmt":"2020-05-14T18:00:14","slug":"certificats","status":"publish","type":"page","link":"https:\/\/agora.xtec.cat\/iesmonturiol\/secretaria\/documentacio-i-tramits\/certificats\/","title":{"rendered":"Certificats"},"content":{"rendered":"<h3 class=\"entry-title\">Acreditaci\u00f3 nivell de catal\u00e0<\/h3>\n<p><strong>Nivell B (Certificat de nivell intermedi de catal\u00e0)<\/strong><\/p>\n<p>Pot demanar el certificat aquell alumnat que:<\/p>\n<ul>\n<li>Tingui el T\u00edtol de graduaci\u00f3 escolar (EGB), sempre que s\u2019hagi cursat tota l\u2019EGB a Catalunya i s\u2019hagi cursat la mat\u00e8ria de llengua catalana en la totalitat dels estudis esmentats a partir del curs 1978-1979.<\/li>\n<li>Tingui el T\u00edtol de t\u00e8cnic\/a auxiliar (FP1), sempre que s\u2019hagi cursat tota l\u2019EGB i l\u2019FP1 a Catalunya i s\u2019hagi cursat la mat\u00e8ria de llengua catalana en la totalitat dels estudis esmentats a partir del curs 1978-1979.<\/li>\n<\/ul>\n<p><strong>Nivell\u00a0C (Certificat de nivell de sufici\u00e8ncia de catal\u00e0)<\/strong><\/p>\n<p>Pot demanar el certificat aquell alumnat que:<\/p>\n<ul>\n<li>Tingui el T\u00edtol de graduaci\u00f3 en educaci\u00f3 secund\u00e0ria (ESO), sempre que s\u2019hagi cursat a Catalunya almenys tres cursos qualssevol de prim\u00e0ria i tota l\u2019ESO i s\u2019hagi cursat i aprovat la mat\u00e8ria de llengua catalana en la totalitat dels estudis m\u00ednims esmentats. Aquesta equival\u00e8ncia \u00e9s d\u2019aplicaci\u00f3 a partir del curs 2007-2008, sense car\u00e0cter retroactiu.<\/li>\n<li>Tingui el T\u00edtol de graduaci\u00f3 en educaci\u00f3 secund\u00e0ria obtingut a centres i aules de formaci\u00f3 de persones adultes, sempre que s\u2019hagin cursat a Catalunya almenys vuit cursos qualssevol entre la prim\u00e0ria i l\u2019ESO, i que s\u2019hagi cursat i aprovat l\u2019\u00e0rea de Llengua catalana als centres i aules de formaci\u00f3 de persones adultes.<\/li>\n<li>Tingui el T\u00edtol de batxillerat (LOGSE), sempre que s\u2019hagin cursat a Catalunya tres cursos qualssevol de prim\u00e0ria i cinc cursos qualssevol entre l\u2019ESO i el batxillerat i s\u2019hagi cursat la mat\u00e8ria de llengua catalana en la totalitat dels estudis m\u00ednims esmentats.<\/li>\n<li>Tingui el T\u00edtol de batxillerat (BUP), sempre que s\u2019hagi cursat tota l\u2019EGB i el BUP a Catalunya i s\u2019hagi cursat de manera oficial la mat\u00e8ria de llengua catalana en la totalitat dels estudis esmentats a partir del curs 1978-1979.<\/li>\n<li>Tingui el T\u00edtol de t\u00e8cnic\/a especialista (FP2) sempre que s\u2019hagi cursat tota l\u2019EGB, l\u2019FP1 i l\u2019FP2 a Catalunya i s\u2019hagi cursat de manera oficial la mat\u00e8ria de llengua catalana en la totalitat dels estudis esmentats a partir del curs 1978-1979.<\/li>\n<\/ul>\n<p>Per sol\u00b7licitar el certificat haureu de presentar la documentaci\u00f3 acreditativa d\u2019haver cursat l\u2019assignatura de catal\u00e0 a tots els estudis (<strong>llibre d\u2019escolaritat o certificat del centre<\/strong>).<\/p>\n<p><strong>Dels estudis cursats al nostre institut no cal presentar documentaci\u00f3.<\/strong><\/p>\n<h3 class=\"entry-title\">Certificat de notes<\/h3>\n<p>Cal presentar una sol\u00b7licitud a la secretaria del centre.<\/p>\n","protected":false},"excerpt":{"rendered":"<p>Acreditaci\u00f3 nivell de catal\u00e0<br \/>\nNivell B (Certificat de nivell intermedi de catal\u00e0)<br \/>\nPot demanar el certificat aquell alumnat que:<\/p>\n<ul>\n<li>Tingui el T\u00edtol de graduaci\u00f3 escolar (EGB), sempre que s\u2019hagi cursat tota l\u2019EGB a Catalunya i s\u2019hagi cursat la mat\u00e8ria de llengua catalana en la totalitat dels estudis esmentats&hellip;  <a href=\"https:\/\/agora.xtec.cat\/iesmonturiol\/secretaria\/documentacio-i-tramits\/certificats\/\" title=\"Read Certificats\">Llegeix m\u00e9s\u00bb<\/a><br \/>\n","protected":false},"author":1,"featured_media":0,"parent":1053,"menu_order":40,"comment_status":"closed","ping_status":"closed","template":"page-templates\/side-menu.php","meta":{"_bbp_topic_count":0,"_bbp_reply_count":0,"_bbp_total_topic_count":0,"_bbp_total_reply_count":0,"_bbp_voice_count":0,"_bbp_anonymous_reply_count":0,"_bbp_topic_count_hidden":0,"_bbp_reply_count_hidden":0,"_bbp_forum_subforum_count":0,"footnotes":""},"class_list":["post-994","page","type-page","status-publish","hentry"],"post_mailing_queue_ids":[],"_links":{"self":[{"href":"https:\/\/agora.xtec.cat\/iesmonturiol\/wp-json\/wp\/v2\/pages\/994","targetHints":{"allow":["GET"]}}],"collection":[{"href":"https:\/\/agora.xtec.cat\/iesmonturiol\/wp-json\/wp\/v2\/pages"}],"about":[{"href":"https:\/\/agora.xtec.cat\/iesmonturiol\/wp-json\/wp\/v2\/types\/page"}],"author":[{"embeddable":true,"href":"https:\/\/agora.xtec.cat\/iesmonturiol\/wp-json\/wp\/v2\/users\/1"}],"replies":[{"embeddable":true,"href":"https:\/\/agora.xtec.cat\/iesmonturiol\/wp-json\/wp\/v2\/comments?post=994"}],"version-history":[{"count":3,"href":"https:\/\/agora.xtec.cat\/iesmonturiol\/wp-json\/wp\/v2\/pages\/994\/revisions"}],"predecessor-version":[{"id":3080,"href":"https:\/\/agora.xtec.cat\/iesmonturiol\/wp-json\/wp\/v2\/pages\/994\/revisions\/3080"}],"up":[{"embeddable":true,"href":"https:\/\/agora.xtec.cat\/iesmonturiol\/wp-json\/wp\/v2\/pages\/1053"}],"wp:attachment":[{"href":"https:\/\/agora.xtec.cat\/iesmonturiol\/wp-json\/wp\/v2\/media?parent=994"}],"curies":[{"name":"wp","href":"https:\/\/api.w.org\/{rel}","templated":true}]}}